{"id":8024,"date":"2022-05-30T16:14:53","date_gmt":"2022-05-30T14:14:53","guid":{"rendered":"https:\/\/www.v-label.com\/branches\/"},"modified":"2022-12-10T09:36:45","modified_gmt":"2022-12-10T08:36:45","slug":"branches","status":"publish","type":"page","link":"https:\/\/www.v-label.com\/tr\/branches\/","title":{"rendered":"Genel Bilgi"},"content":{"rendered":"\n<p>D\u00fcnya bitkisel bazl\u0131 \u00fcr\u00fcn pazar\u0131 y\u0131llard\u0131r sat\u0131\u015f rekorlar\u0131 k\u0131rmaya devam ediyor. 2019-2025 d\u00f6neminde pazardaki b\u00fcy\u00fcmenin y\u0131ll\u0131k 8.94% oran\u0131nda <strong>art\u0131\u015f ger\u00e7ekle\u015ftirmesi bekleniyor<\/strong>. 2018\u2019de 10.66 milyar Amerikan dolar\u0131n\u0131 ge\u00e7en pazar gelirinin ise 2027\u2019ye kadar <strong>27.98 milyara ula\u015faca\u011f\u0131 tahmin ediliyor<\/strong>.<\/p>\n\n\n\n<p>D\u00fcnyada daha fazla t\u00fcketicinin sa\u011fl\u0131kl\u0131, etik, \u00e7evresel etkisi d\u00fc\u015f\u00fck ve uygun maliyetli \u00fcr\u00fcnleri tercih ediyor olmas\u0131, vegan ve vejetaryen \u00fcr\u00fcnler i\u00e7in olan <strong>talebi artt\u0131r\u0131yor<\/strong>. Art\u0131k daha fazla say\u0131da \u015firket, \u00e7e\u015fitlilik i\u00e7eren, y\u00fcksek kaliteli ve hayvansal madde i\u00e7ermeyen \u00fcr\u00fcnlere talebin artt\u0131\u011f\u0131 pazara hitap edebilmenin getirdi\u011fi avantajlar\u0131n fark\u0131na var\u0131yor.<\/p>\n\n\n\n<p>Daha fazla t\u00fcketici lisanslama s\u00fcre\u00e7lerinde \u015feffafl\u0131k talep ediyor. Vegan ve vejetaryen \u00fcr\u00fcnlerin kolayca ve g\u00fcvenle se\u00e7ilebilmesi, t\u00fcketicilerin \u00f6ncelikli tercih sebebi olabiliyor. G\u00fctesiegel Monitor, V-Label\u2019\u0131 Almanya\u2019da 2020 y\u0131l\u0131nda en \u00e7ok g\u00fcvenilen \u00fc\u00e7 g\u0131da logosundan birisi olarak se\u00e7ti. Ba\u011f\u0131ms\u0131z kurulu\u015flar taraf\u0131ndan verilen logolar ile \u00fcreticilerin kendi tan\u0131mlamalar\u0131 kar\u015f\u0131la\u015ft\u0131r\u0131ld\u0131\u011f\u0131nda, t\u00fcketicilerin ba\u011f\u0131ms\u0131z kurulu\u015flar taraf\u0131ndan verilen logolara daha \u00e7ok g\u00fcvendi\u011fi g\u00f6r\u00fcl\u00fcyor. Sadece Almanya\u2019da t\u00fcketicilerin 60%\u2019\u0131 \u00e7evresel kurulu\u015flar\u0131n verdi\u011fi logolar\u0131n, \u00fcreticilerin kendi tan\u0131mlamalar\u0131na g\u00f6re daha tutarl\u0131 standartlara sahip oldu\u011funu d\u00fc\u015f\u00fcn\u00fcyor.<\/p>\n\n\n\r\n<ul id=\"pagelinks-block_9bc66c9709f6e634c30a2a745abffc19\" class=\"wp-block-pagelinks\">\r\n\t\t\t\t\t\t<li>\r\n\t\t\t\t<article>\r\n\t\t\t\t\t\t\t\t\t\t\t<a href=\"https:\/\/www.v-label.com\/tr\/branches\/cosmetics\/\" class=\"post_thumbnail\">\r\n\t\t\t\t\t\t\t<img decoding=\"async\" width=\"904\" height=\"720\" src=\"https:\/\/www.v-label.com\/wp-content\/uploads\/2022\/12\/cosmetics-1280-904x720.jpg\" class=\"attachment-preview size-preview wp-post-image\" alt=\"\" \/>\t\t\t\t\t\t<\/a>\r\n\t\t\t\t\t\t\t\t\t\t<div class=\"inner\">\r\n\t\t\t\t\t\t<div class=\"inner_top\">\r\n\t\t\t\t\t\t\t<header>\r\n\t\t\t\t\t\t\t\t<h3>\r\n\t\t\t\t\t\t\t\t\t<a href=\"https:\/\/www.v-label.com\/tr\/branches\/cosmetics\/\">Kozmetik &#038; Temizlik \u00fcr\u00fcnleri<\/a>\r\n\t\t\t\t\t\t\t\t<\/h3>\r\n\t\t\t\t\t\t\t\t\t\t\t\t\t\t\t<\/header>\r\n\t\t\t\t\t\t\t\t\t\t\t\t\t\t\t<div class=\"excerpt\">\r\n\t\t\t\t\t\t\t\t\t<p>Kolayl\u0131k, ki\u015fisel sa\u011fl\u0131\u011fa \u00f6zen ve cruelty-free \u00fcr\u00fcnler i\u00e7in artan \u00e7a\u011fr\u0131&#8230; 2018\u2019de yay\u0131nlanan Vegan Kozmetik Pazar\u0131 B\u00fcy\u00fckl\u00fc\u011f\u00fc, Pay\u0131 ve Trendleri Analiz Raporu\u2019na g\u00f6re bu \u00fc\u00e7 fakt\u00f6r, k\u00fcresel vegan kozmetik pazar\u0131n\u0131n 2025\u2019e kadar ula\u015faca\u011f\u0131 $20.8 milyarl\u0131k hacmi ve 6.3%\u2019l\u00fck b\u00fcy\u00fcme oran\u0131n\u0131 a\u00e7\u0131kl\u0131yor. Hayvanlar \u00fczerinde test edilmemi\u015f \u00fcr\u00fcnler i\u00e7in m\u00fcthi\u015f bir talebin oldu\u011fu Avrupa, pazar\u0131n i\u00e7indeki \u00f6nemli bir [&hellip;]<\/p>\r\n\t\t\t\t\t\t\t\t<\/div>\r\n\t\t\t\t\t\t\t\t\t\t\t\t\t<\/div>\r\n\t\t\t\t\t\t<a href=\"https:\/\/www.v-label.com\/tr\/branches\/cosmetics\/\" class=\"read_more\">Read more<\/a>\r\n\t\t\t\t\t<\/div>\r\n\t\t\t\t<\/article>\r\n\t\t\t<\/li>\r\n\t\t\t\t\t<li>\r\n\t\t\t\t<article>\r\n\t\t\t\t\t\t\t\t\t\t\t<a href=\"https:\/\/www.v-label.com\/tr\/branches\/food\/\" class=\"post_thumbnail\">\r\n\t\t\t\t\t\t\t<img decoding=\"async\" width=\"904\" height=\"720\" src=\"https:\/\/www.v-label.com\/wp-content\/uploads\/2022\/12\/v-label-food-sector-904x720.jpg\" class=\"attachment-preview size-preview wp-post-image\" alt=\"\" \/>\t\t\t\t\t\t<\/a>\r\n\t\t\t\t\t\t\t\t\t\t<div class=\"inner\">\r\n\t\t\t\t\t\t<div class=\"inner_top\">\r\n\t\t\t\t\t\t\t<header>\r\n\t\t\t\t\t\t\t\t<h3>\r\n\t\t\t\t\t\t\t\t\t<a href=\"https:\/\/www.v-label.com\/tr\/branches\/food\/\">G\u0131da<\/a>\r\n\t\t\t\t\t\t\t\t<\/h3>\r\n\t\t\t\t\t\t\t\t\t\t\t\t\t\t\t<\/header>\r\n\t\t\t\t\t\t\t\t\t\t\t\t\t\t\t<div class=\"excerpt\">\r\n\t\t\t\t\t\t\t\t\t<p>Euromonitor International\u2019\u0131n yapt\u0131\u011f\u0131 ara\u015ft\u0131rmaya g\u00f6re, Bat\u0131 Avrupa\u2019daki bitkisel bazl\u0131 \u00fcr\u00fcn pazar\u0131n\u0131n, k\u00fcresel pazar gelirinin 38.5%\u2019ini olu\u015fturarak son on y\u0131lda iki kat b\u00fcy\u00fcd\u00fc\u011f\u00fcn\u00fc biliyor muydunuz? K\u00fcresel bitkisel bazl\u0131 g\u0131da pazar\u0131n\u0131n 8,94%\u2019l\u00fck bir b\u00fcy\u00fcme g\u00f6stermesi beklenirken, sadece protein sekt\u00f6r\u00fcn\u00fcn %18\u2019lik bir b\u00fcy\u00fcme g\u00f6stermesi ve pazar\u0131n 2025\u2019e kadar 28 milyar dolar e\u015fi\u011fine ula\u015fmas\u0131 beklenmektedir. Ard\u0131 ard\u0131na ba\u015flayan vegan [&hellip;]<\/p>\r\n\t\t\t\t\t\t\t\t<\/div>\r\n\t\t\t\t\t\t\t\t\t\t\t\t\t<\/div>\r\n\t\t\t\t\t\t<a href=\"https:\/\/www.v-label.com\/tr\/branches\/food\/\" class=\"read_more\">Read more<\/a>\r\n\t\t\t\t\t<\/div>\r\n\t\t\t\t<\/article>\r\n\t\t\t<\/li>\r\n\t\t\t\t\t<li>\r\n\t\t\t\t<article>\r\n\t\t\t\t\t\t\t\t\t\t\t<a href=\"https:\/\/www.v-label.com\/tr\/branches\/gastronomy\/\" class=\"post_thumbnail\">\r\n\t\t\t\t\t\t\t<img decoding=\"async\" width=\"904\" height=\"720\" src=\"https:\/\/www.v-label.com\/wp-content\/uploads\/2022\/12\/gastronomy-1280-904x720.jpg\" class=\"attachment-preview size-preview wp-post-image\" alt=\"\" \/>\t\t\t\t\t\t<\/a>\r\n\t\t\t\t\t\t\t\t\t\t<div class=\"inner\">\r\n\t\t\t\t\t\t<div class=\"inner_top\">\r\n\t\t\t\t\t\t\t<header>\r\n\t\t\t\t\t\t\t\t<h3>\r\n\t\t\t\t\t\t\t\t\t<a href=\"https:\/\/www.v-label.com\/tr\/branches\/gastronomy\/\">Gastronomi<\/a>\r\n\t\t\t\t\t\t\t\t<\/h3>\r\n\t\t\t\t\t\t\t\t\t\t\t\t\t\t\t<\/header>\r\n\t\t\t\t\t\t\t\t\t\t\t\t\t\t\t<div class=\"excerpt\">\r\n\t\t\t\t\t\t\t\t\t<p>Kafelerden l\u00fcks restoranlara, bistrolara ve portatif ma\u011fazalara var\u0131ncaya kadar geni\u015f bir yelpazede, yemek servisi end\u00fcstrisinin hacmi neredeyse g\u0131da perakandecili\u011finin seviyelerine ula\u015fm\u0131\u015ft\u0131r. D\u00fcnya Sa\u011fl\u0131k \u00d6rg\u00fct\u00fc\u2019n\u00fcn Sa\u011fl\u0131k Ara\u015ft\u0131rma Raporu\u2019nun K\u00fcresel Meyve \u00c7e\u015fitlili\u011fi ve Sebze T\u00fcketimi b\u00f6l\u00fcm\u00fcne g\u00f6re ge\u00e7ti\u011fimiz 10 y\u0131l i\u00e7inde, 40 ya\u015f alt\u0131ndaki t\u00fcketiciler sebze t\u00fcketimlerini 52% oran\u0131nda artt\u0131rd\u0131lar. Sadece 2021 y\u0131l\u0131nda 500,000\u2019den fazla ki\u015fi Veganuary&#8217;e [&hellip;]<\/p>\r\n\t\t\t\t\t\t\t\t<\/div>\r\n\t\t\t\t\t\t\t\t\t\t\t\t\t<\/div>\r\n\t\t\t\t\t\t<a href=\"https:\/\/www.v-label.com\/tr\/branches\/gastronomy\/\" class=\"read_more\">Read more<\/a>\r\n\t\t\t\t\t<\/div>\r\n\t\t\t\t<\/article>\r\n\t\t\t<\/li>\r\n\t\t\t\t\t<li>\r\n\t\t\t\t<article>\r\n\t\t\t\t\t\t\t\t\t\t\t<a href=\"https:\/\/www.v-label.com\/tr\/branches\/non-food\/\" class=\"post_thumbnail\">\r\n\t\t\t\t\t\t\t<img decoding=\"async\" width=\"904\" height=\"692\" src=\"https:\/\/www.v-label.com\/wp-content\/uploads\/2022\/12\/v-label-non-food-sectors-904x692.jpg\" class=\"attachment-preview size-preview wp-post-image\" alt=\"\" \/>\t\t\t\t\t\t<\/a>\r\n\t\t\t\t\t\t\t\t\t\t<div class=\"inner\">\r\n\t\t\t\t\t\t<div class=\"inner_top\">\r\n\t\t\t\t\t\t\t<header>\r\n\t\t\t\t\t\t\t\t<h3>\r\n\t\t\t\t\t\t\t\t\t<a href=\"https:\/\/www.v-label.com\/tr\/branches\/non-food\/\">G\u0131da D\u0131\u015f\u0131nda<\/a>\r\n\t\t\t\t\t\t\t\t<\/h3>\r\n\t\t\t\t\t\t\t\t\t\t\t\t\t\t\t<\/header>\r\n\t\t\t\t\t\t\t\t\t\t\t\t\t\t\t<div class=\"excerpt\">\r\n\t\t\t\t\t\t\t\t\t<p>\u00d6n\u00fcm\u00fczdeki y\u0131llar\u0131n y\u00fckselen end\u00fcstrisi vegan ve cruelty-free (hayvan deneyi i\u00e7ermeyen) moda end\u00fcstrisi, hali haz\u0131rda b\u00fcy\u00fck ilgi g\u00f6r\u00fcyor. Satista.com verilerine g\u00f6re k\u00fcresel vegan kad\u0131n giyim pazar\u0131n\u0131n de\u011feri 2019\u2019da 396.3 milyar dolara ula\u015ft\u0131 ve 2027\u2019ye kadar 13.6%\u2019l\u0131k bir oranda b\u00fcy\u00fcme g\u00f6stermesi bekleniyor. Vegan deri pazar\u0131 ise hammadeleri kusursuz hale getiren ve vegan derinin kullan\u0131m \u00f6mr\u00fcn\u00fc artt\u0131ran teknolojik [&hellip;]<\/p>\r\n\t\t\t\t\t\t\t\t<\/div>\r\n\t\t\t\t\t\t\t\t\t\t\t\t\t<\/div>\r\n\t\t\t\t\t\t<a href=\"https:\/\/www.v-label.com\/tr\/branches\/non-food\/\" class=\"read_more\">Read more<\/a>\r\n\t\t\t\t\t<\/div>\r\n\t\t\t\t<\/article>\r\n\t\t\t<\/li>\r\n\t\t\t<\/ul>","protected":false},"excerpt":{"rendered":"<p>D\u00fcnya bitkisel bazl\u0131 \u00fcr\u00fcn pazar\u0131 y\u0131llard\u0131r sat\u0131\u015f rekorlar\u0131 k\u0131rmaya devam ediyor. 2019-2025 d\u00f6neminde pazardaki b\u00fcy\u00fcmenin y\u0131ll\u0131k 8.94% oran\u0131nda art\u0131\u015f ger\u00e7ekle\u015ftirmesi bekleniyor. 2018\u2019de 10.66 milyar Amerikan dolar\u0131n\u0131 ge\u00e7en pazar gelirinin ise 2027\u2019ye kadar 27.98 milyara ula\u015faca\u011f\u0131 tahmin ediliyor. D\u00fcnyada daha fazla t\u00fcketicinin sa\u011fl\u0131kl\u0131, etik, \u00e7evresel etkisi d\u00fc\u015f\u00fck ve uygun maliyetli \u00fcr\u00fcnleri tercih ediyor olmas\u0131, vegan ve [&hellip;]<\/p>\n","protected":false},"author":5,"featured_media":16983,"parent":0,"menu_order":0,"comment_status":"closed","ping_status":"closed","template":"","meta":{"_acf_changed":false,"_editorskit_title_hidden":false,"_editorskit_reading_time":0,"_editorskit_is_block_options_detached":false,"_editorskit_block_options_position":"{}","inline_featured_image":false,"_uag_custom_page_level_css":"","footnotes":""},"categories":[],"tags":[],"class_list":["post-8024","page","type-page","status-publish","has-post-thumbnail","hentry"],"acf":[],"uagb_featured_image_src":{"full":["https:\/\/www.v-label.com\/wp-content\/uploads\/2022\/12\/v-label-general-info-sectors.jpg",1280,716,false],"thumbnail":["https:\/\/www.v-label.com\/wp-content\/uploads\/2022\/12\/v-label-general-info-sectors-500x280.jpg",500,280,true],"medium":["https:\/\/www.v-label.com\/wp-content\/uploads\/2022\/12\/v-label-general-info-sectors-300x168.jpg",300,168,true],"medium_large":["https:\/\/www.v-label.com\/wp-content\/uploads\/2022\/12\/v-label-general-info-sectors-768x430.jpg",768,430,true],"large":["https:\/\/www.v-label.com\/wp-content\/uploads\/2022\/12\/v-label-general-info-sectors-1024x573.jpg",1024,573,true],"1536x1536":["https:\/\/www.v-label.com\/wp-content\/uploads\/2022\/12\/v-label-general-info-sectors.jpg",1280,716,false],"2048x2048":["https:\/\/www.v-label.com\/wp-content\/uploads\/2022\/12\/v-label-general-info-sectors.jpg",1280,716,false],"preview":["https:\/\/www.v-label.com\/wp-content\/uploads\/2022\/12\/v-label-general-info-sectors-904x716.jpg",904,716,true],"header":["https:\/\/www.v-label.com\/wp-content\/uploads\/2022\/12\/v-label-general-info-sectors.jpg",1280,716,false],"gform-image-choice-sm":["https:\/\/www.v-label.com\/wp-content\/uploads\/2022\/12\/v-label-general-info-sectors.jpg",300,168,false],"gform-image-choice-md":["https:\/\/www.v-label.com\/wp-content\/uploads\/2022\/12\/v-label-general-info-sectors.jpg",400,224,false],"gform-image-choice-lg":["https:\/\/www.v-label.com\/wp-content\/uploads\/2022\/12\/v-label-general-info-sectors.jpg",600,336,false]},"uagb_author_info":{"display_name":"Can Aslan","author_link":"https:\/\/www.v-label.com\/tr"},"uagb_comment_info":0,"uagb_excerpt":"D\u00fcnya bitkisel bazl\u0131 \u00fcr\u00fcn pazar\u0131 y\u0131llard\u0131r sat\u0131\u015f rekorlar\u0131 k\u0131rmaya devam ediyor. 2019-2025 d\u00f6neminde pazardaki b\u00fcy\u00fcmenin y\u0131ll\u0131k 8.94% oran\u0131nda art\u0131\u015f ger\u00e7ekle\u015ftirmesi bekleniyor. 2018\u2019de 10.66 milyar Amerikan dolar\u0131n\u0131 ge\u00e7en pazar gelirinin ise 2027\u2019ye kadar 27.98 milyara ula\u015faca\u011f\u0131 tahmin ediliyor. D\u00fcnyada daha fazla t\u00fcketicinin sa\u011fl\u0131kl\u0131, etik, \u00e7evresel etkisi d\u00fc\u015f\u00fck ve uygun maliyetli \u00fcr\u00fcnleri tercih ediyor olmas\u0131, vegan ve&hellip;","_links":{"self":[{"href":"https:\/\/www.v-label.com\/tr\/wp-json\/wp\/v2\/pages\/8024","targetHints":{"allow":["GET"]}}],"collection":[{"href":"https:\/\/www.v-label.com\/tr\/wp-json\/wp\/v2\/pages"}],"about":[{"href":"https:\/\/www.v-label.com\/tr\/wp-json\/wp\/v2\/types\/page"}],"author":[{"embeddable":true,"href":"https:\/\/www.v-label.com\/tr\/wp-json\/wp\/v2\/users\/5"}],"replies":[{"embeddable":true,"href":"https:\/\/www.v-label.com\/tr\/wp-json\/wp\/v2\/comments?post=8024"}],"version-history":[{"count":4,"href":"https:\/\/www.v-label.com\/tr\/wp-json\/wp\/v2\/pages\/8024\/revisions"}],"predecessor-version":[{"id":10486,"href":"https:\/\/www.v-label.com\/tr\/wp-json\/wp\/v2\/pages\/8024\/revisions\/10486"}],"wp:featuredmedia":[{"embeddable":true,"href":"https:\/\/www.v-label.com\/tr\/wp-json\/wp\/v2\/media\/16983"}],"wp:attachment":[{"href":"https:\/\/www.v-label.com\/tr\/wp-json\/wp\/v2\/media?parent=8024"}],"wp:term":[{"taxonomy":"category","embeddable":true,"href":"https:\/\/www.v-label.com\/tr\/wp-json\/wp\/v2\/categories?post=8024"},{"taxonomy":"post_tag","embeddable":true,"href":"https:\/\/www.v-label.com\/tr\/wp-json\/wp\/v2\/tags?post=8024"}],"curies":[{"name":"wp","href":"https:\/\/api.w.org\/{rel}","templated":true}]}}