{"id":8063,"date":"2022-05-30T16:15:29","date_gmt":"2022-05-30T14:15:29","guid":{"rendered":"https:\/\/www.v-label.com\/branches\/cosmetics\/"},"modified":"2022-12-25T10:12:45","modified_gmt":"2022-12-25T09:12:45","slug":"cosmetics","status":"publish","type":"page","link":"https:\/\/www.v-label.com\/tr\/branches\/cosmetics\/","title":{"rendered":"Kozmetik &#038; Temizlik \u00fcr\u00fcnleri"},"content":{"rendered":"\n<p>Kolayl\u0131k, ki\u015fisel sa\u011fl\u0131\u011fa \u00f6zen ve cruelty-free \u00fcr\u00fcnler i\u00e7in artan \u00e7a\u011fr\u0131&#8230; 2018\u2019de yay\u0131nlanan Vegan Kozmetik Pazar\u0131 B\u00fcy\u00fckl\u00fc\u011f\u00fc, Pay\u0131 ve Trendleri Analiz Raporu\u2019na g\u00f6re bu \u00fc\u00e7 fakt\u00f6r, k\u00fcresel vegan kozmetik pazar\u0131n\u0131n 2025\u2019e kadar ula\u015faca\u011f\u0131 $20.8 milyarl\u0131k hacmi ve 6.3%\u2019l\u00fck b\u00fcy\u00fcme oran\u0131n\u0131 a\u00e7\u0131kl\u0131yor.<\/p>\n\n\n\n<p>Hayvanlar \u00fczerinde test edilmemi\u015f \u00fcr\u00fcnler i\u00e7in m\u00fcthi\u015f bir talebin oldu\u011fu Avrupa, pazar\u0131n i\u00e7indeki \u00f6nemli bir pay sahibidir. Art\u0131k daha fazla t\u00fcketici, cilt bak\u0131m\u0131ndan deodorantlara ve \u015fampuanlara kadar al\u0131\u015fveri\u015f yaparken vegan gibi anahtar kelimelerle daha fazla arama yap\u0131yor.<\/p>\n\n\n\n<p>\u0130lgi \u00e7ekici olan \u015fey ise bunun hen\u00fcz bir ba\u015flang\u0131\u00e7 olmas\u0131. ProVeg International\u2019a g\u00f6re teknolojik yeniliklere yap\u0131lan yat\u0131r\u0131mlar sayesinde tat, doku ve t\u00fcketim deneyimlerinin, geli\u015fmekte olan \u00fcr\u00fcn i\u00e7erik ve \u00fcretim s\u00fcre\u00e7leriyle daha da geli\u015fece\u011fi \u00f6ng\u00f6r\u00fcl\u00fcyor. G\u0131da alan\u0131nda en \u00e7ok tan\u0131nan vegan ve vejetaryen logosu olarak V-Label, size daha \u00f6nce g\u00f6r\u00fclmemi\u015f h\u0131zda b\u00fcy\u00fcyen bir pazardan yararlanma f\u0131rsat\u0131 sunuyor.<\/p>\n\n\n\n<p>Sadece vegan ve vejetaryen ki\u015fisel bak\u0131m \u00fcr\u00fcnlerinin de\u011fil, ayn\u0131 zamanda ev temizlik ve bak\u0131m \u00fcr\u00fcnlerinin de ayn\u0131 \u015fekilde y\u00fckselen bir t\u00fcketici ilgisiyle kar\u015f\u0131la\u015ft\u0131\u011f\u0131 net olarak g\u00f6r\u00fcl\u00fcyor. Temizlik \u00fcr\u00fcnlerinizin V-Label ile insanlar\u0131n dikkatini \u00e7ekmesini sa\u011flay\u0131n.<\/p>\n\n\n\n<div class=\"wp-block-buttons is-content-justification-center is-layout-flex wp-container-core-buttons-is-layout-16018d1d wp-block-buttons-is-layout-flex\">\n<div class=\"wp-block-button\"><a class=\"wp-block-button__link wp-element-button\" href=\"https:\/\/www.v-label.com\/tr\/for-business\/get-certified\/\">V-Label sertifikas\u0131 sahibi olun<\/a><\/div>\n<\/div>\n","protected":false},"excerpt":{"rendered":"<p>Kolayl\u0131k, ki\u015fisel sa\u011fl\u0131\u011fa \u00f6zen ve cruelty-free \u00fcr\u00fcnler i\u00e7in artan \u00e7a\u011fr\u0131&#8230; 2018\u2019de yay\u0131nlanan Vegan Kozmetik Pazar\u0131 B\u00fcy\u00fckl\u00fc\u011f\u00fc, Pay\u0131 ve Trendleri Analiz Raporu\u2019na g\u00f6re bu \u00fc\u00e7 fakt\u00f6r, k\u00fcresel vegan kozmetik pazar\u0131n\u0131n 2025\u2019e kadar ula\u015faca\u011f\u0131 $20.8 milyarl\u0131k hacmi ve 6.3%\u2019l\u00fck b\u00fcy\u00fcme oran\u0131n\u0131 a\u00e7\u0131kl\u0131yor. Hayvanlar \u00fczerinde test edilmemi\u015f \u00fcr\u00fcnler i\u00e7in m\u00fcthi\u015f bir talebin oldu\u011fu Avrupa, pazar\u0131n i\u00e7indeki \u00f6nemli bir [&hellip;]<\/p>\n","protected":false},"author":5,"featured_media":17289,"parent":8024,"menu_order":0,"comment_status":"closed","ping_status":"closed","template":"","meta":{"_acf_changed":false,"_editorskit_title_hidden":false,"_editorskit_reading_time":0,"_editorskit_is_block_options_detached":false,"_editorskit_block_options_position":"{}","inline_featured_image":false,"_uag_custom_page_level_css":"","footnotes":""},"categories":[],"tags":[],"class_list":["post-8063","page","type-page","status-publish","has-post-thumbnail","hentry"],"acf":[],"uagb_featured_image_src":{"full":["https:\/\/www.v-label.com\/wp-content\/uploads\/2022\/12\/cosmetics-1280.jpg",1280,868,false],"thumbnail":["https:\/\/www.v-label.com\/wp-content\/uploads\/2022\/12\/cosmetics-1280-500x339.jpg",500,339,true],"medium":["https:\/\/www.v-label.com\/wp-content\/uploads\/2022\/12\/cosmetics-1280-300x203.jpg",300,203,true],"medium_large":["https:\/\/www.v-label.com\/wp-content\/uploads\/2022\/12\/cosmetics-1280-768x521.jpg",768,521,true],"large":["https:\/\/www.v-label.com\/wp-content\/uploads\/2022\/12\/cosmetics-1280-1024x694.jpg",1024,694,true],"1536x1536":["https:\/\/www.v-label.com\/wp-content\/uploads\/2022\/12\/cosmetics-1280.jpg",1280,868,false],"2048x2048":["https:\/\/www.v-label.com\/wp-content\/uploads\/2022\/12\/cosmetics-1280.jpg",1280,868,false],"preview":["https:\/\/www.v-label.com\/wp-content\/uploads\/2022\/12\/cosmetics-1280-904x720.jpg",904,720,true],"header":["https:\/\/www.v-label.com\/wp-content\/uploads\/2022\/12\/cosmetics-1280-1280x720.jpg",1280,720,true],"gform-image-choice-sm":["https:\/\/www.v-label.com\/wp-content\/uploads\/2022\/12\/cosmetics-1280.jpg",300,203,false],"gform-image-choice-md":["https:\/\/www.v-label.com\/wp-content\/uploads\/2022\/12\/cosmetics-1280.jpg",400,271,false],"gform-image-choice-lg":["https:\/\/www.v-label.com\/wp-content\/uploads\/2022\/12\/cosmetics-1280.jpg",600,407,false]},"uagb_author_info":{"display_name":"Can Aslan","author_link":"https:\/\/www.v-label.com\/tr"},"uagb_comment_info":0,"uagb_excerpt":"Kolayl\u0131k, ki\u015fisel sa\u011fl\u0131\u011fa \u00f6zen ve cruelty-free \u00fcr\u00fcnler i\u00e7in artan \u00e7a\u011fr\u0131&#8230; 2018\u2019de yay\u0131nlanan Vegan Kozmetik Pazar\u0131 B\u00fcy\u00fckl\u00fc\u011f\u00fc, Pay\u0131 ve Trendleri Analiz Raporu\u2019na g\u00f6re bu \u00fc\u00e7 fakt\u00f6r, k\u00fcresel vegan kozmetik pazar\u0131n\u0131n 2025\u2019e kadar ula\u015faca\u011f\u0131 $20.8 milyarl\u0131k hacmi ve 6.3%\u2019l\u00fck b\u00fcy\u00fcme oran\u0131n\u0131 a\u00e7\u0131kl\u0131yor. Hayvanlar \u00fczerinde test edilmemi\u015f \u00fcr\u00fcnler i\u00e7in m\u00fcthi\u015f bir talebin oldu\u011fu Avrupa, pazar\u0131n i\u00e7indeki \u00f6nemli bir&hellip;","_links":{"self":[{"href":"https:\/\/www.v-label.com\/tr\/wp-json\/wp\/v2\/pages\/8063","targetHints":{"allow":["GET"]}}],"collection":[{"href":"https:\/\/www.v-label.com\/tr\/wp-json\/wp\/v2\/pages"}],"about":[{"href":"https:\/\/www.v-label.com\/tr\/wp-json\/wp\/v2\/types\/page"}],"author":[{"embeddable":true,"href":"https:\/\/www.v-label.com\/tr\/wp-json\/wp\/v2\/users\/5"}],"replies":[{"embeddable":true,"href":"https:\/\/www.v-label.com\/tr\/wp-json\/wp\/v2\/comments?post=8063"}],"version-history":[{"count":8,"href":"https:\/\/www.v-label.com\/tr\/wp-json\/wp\/v2\/pages\/8063\/revisions"}],"predecessor-version":[{"id":35004,"href":"https:\/\/www.v-label.com\/tr\/wp-json\/wp\/v2\/pages\/8063\/revisions\/35004"}],"up":[{"embeddable":true,"href":"https:\/\/www.v-label.com\/tr\/wp-json\/wp\/v2\/pages\/8024"}],"wp:featuredmedia":[{"embeddable":true,"href":"https:\/\/www.v-label.com\/tr\/wp-json\/wp\/v2\/media\/17289"}],"wp:attachment":[{"href":"https:\/\/www.v-label.com\/tr\/wp-json\/wp\/v2\/media?parent=8063"}],"wp:term":[{"taxonomy":"category","embeddable":true,"href":"https:\/\/www.v-label.com\/tr\/wp-json\/wp\/v2\/categories?post=8063"},{"taxonomy":"post_tag","embeddable":true,"href":"https:\/\/www.v-label.com\/tr\/wp-json\/wp\/v2\/tags?post=8063"}],"curies":[{"name":"wp","href":"https:\/\/api.w.org\/{rel}","templated":true}]}}