{"id":8097,"date":"2022-05-30T16:15:11","date_gmt":"2022-05-30T14:15:11","guid":{"rendered":"https:\/\/www.v-label.com\/branches\/food\/"},"modified":"2022-12-25T09:55:38","modified_gmt":"2022-12-25T08:55:38","slug":"food","status":"publish","type":"page","link":"https:\/\/www.v-label.com\/tr\/branches\/food\/","title":{"rendered":"G\u0131da"},"content":{"rendered":"\n<p>Euromonitor International\u2019\u0131n yapt\u0131\u011f\u0131 ara\u015ft\u0131rmaya g\u00f6re, Bat\u0131 Avrupa\u2019daki bitkisel bazl\u0131 \u00fcr\u00fcn pazar\u0131n\u0131n, k\u00fcresel pazar gelirinin 38.5%\u2019ini olu\u015fturarak son on y\u0131lda iki kat b\u00fcy\u00fcd\u00fc\u011f\u00fcn\u00fc biliyor muydunuz?<\/p>\n\n\n\n<p>K\u00fcresel bitkisel bazl\u0131 g\u0131da pazar\u0131n\u0131n 8,94%\u2019l\u00fck bir b\u00fcy\u00fcme g\u00f6stermesi beklenirken, sadece protein sekt\u00f6r\u00fcn\u00fcn <strong>%18\u2019lik bir b\u00fcy\u00fcme<\/strong> g\u00f6stermesi ve pazar\u0131n 2025\u2019e kadar 28 milyar dolar e\u015fi\u011fine ula\u015fmas\u0131 beklenmektedir. Ard\u0131 ard\u0131na ba\u015flayan vegan giri\u015fimler, istatistikleri do\u011frular durumdad\u0131r. Vegan et, bal\u0131k, peynir, s\u00fct, yo\u011furt, yumurta, tatl\u0131, vitamin ve takviye gibi her biri kendi i\u00e7inde y\u00fckselen ni\u015f \u00fcr\u00fcn \u00fcretimi, h\u0131zla b\u00fcy\u00fcyen giri\u015fimlerde g\u00f6r\u00fclmektedir. Ni\u015f \u00fcr\u00fcnler parekende zincirlerinde yer ald\u0131\u011f\u0131ndan bu yana, tan\u0131nm\u0131\u015f g\u0131da \u00fcreticileri vegan ve vejetaryen \u00fcretim hatlar\u0131n\u0131 tesislerine dahil ettiler.<\/p>\n\n\n\n<p>Ayn\u0131 zamanda daha fazla t\u00fcketici ise lisanslama s\u00fcre\u00e7lerinde \u015feffafl\u0131k talep ediyor. Vegan ve vejetaryen \u00fcr\u00fcnlerin kolayca ve g\u00fcvenle se\u00e7ilebilmesi, t\u00fcketicilerin \u00f6ncelikli tercih sebebi olabiliyor. G\u00fctesiegel Monitor, 2020 y\u0131l\u0131nda V-Label\u2019\u0131 Almanya\u2019da en \u00e7ok g\u00fcvenilen \u00fc\u00e7 g\u0131da logosundan birisi olarak se\u00e7ti. Ba\u011f\u0131ms\u0131z kurulu\u015flar taraf\u0131ndan verilen logolar ile \u00fcreticilerin kendi tan\u0131mlar\u0131 kar\u015f\u0131la\u015ft\u0131r\u0131ld\u0131\u011f\u0131nda t\u00fcketicilerin ba\u011f\u0131ms\u0131z kurulu\u015flar taraf\u0131ndan verilen logolara daha \u00e7ok g\u00fcvendi\u011fi g\u00f6r\u00fcl\u00fcyor. Sadece Almanya\u2019da t\u00fcketicilerin 60%\u2019\u0131 \u00e7evresel kurulu\u015flar\u0131n verdi\u011fi logolar\u0131n, \u00fcreticilerin kendi tan\u0131mlamalar\u0131na g\u00f6re daha tutarl\u0131 standartlara sahip oldu\u011funu d\u00fc\u015f\u00fcn\u00fcyor.<\/p>\n\n\n\n<div class=\"wp-block-buttons is-content-justification-center is-layout-flex wp-container-core-buttons-is-layout-16018d1d wp-block-buttons-is-layout-flex\">\n<div class=\"wp-block-button\"><a class=\"wp-block-button__link wp-element-button\" href=\"https:\/\/www.v-label.com\/tr\/for-business\/get-certified\/\">V-Label sertifikas\u0131 sahibi olun<\/a><\/div>\n<\/div>\n","protected":false},"excerpt":{"rendered":"<p>Euromonitor International\u2019\u0131n yapt\u0131\u011f\u0131 ara\u015ft\u0131rmaya g\u00f6re, Bat\u0131 Avrupa\u2019daki bitkisel bazl\u0131 \u00fcr\u00fcn pazar\u0131n\u0131n, k\u00fcresel pazar gelirinin 38.5%\u2019ini olu\u015fturarak son on y\u0131lda iki kat b\u00fcy\u00fcd\u00fc\u011f\u00fcn\u00fc biliyor muydunuz? K\u00fcresel bitkisel bazl\u0131 g\u0131da pazar\u0131n\u0131n 8,94%\u2019l\u00fck bir b\u00fcy\u00fcme g\u00f6stermesi beklenirken, sadece protein sekt\u00f6r\u00fcn\u00fcn %18\u2019lik bir b\u00fcy\u00fcme g\u00f6stermesi ve pazar\u0131n 2025\u2019e kadar 28 milyar dolar e\u015fi\u011fine ula\u015fmas\u0131 beklenmektedir. Ard\u0131 ard\u0131na ba\u015flayan vegan [&hellip;]<\/p>\n","protected":false},"author":5,"featured_media":17004,"parent":8024,"menu_order":0,"comment_status":"closed","ping_status":"closed","template":"","meta":{"_acf_changed":false,"_editorskit_title_hidden":false,"_editorskit_reading_time":0,"_editorskit_is_block_options_detached":false,"_editorskit_block_options_position":"{}","inline_featured_image":false,"_uag_custom_page_level_css":"","footnotes":""},"categories":[],"tags":[],"class_list":["post-8097","page","type-page","status-publish","has-post-thumbnail","hentry"],"acf":[],"uagb_featured_image_src":{"full":["https:\/\/www.v-label.com\/wp-content\/uploads\/2022\/12\/v-label-food-sector.jpg",1280,857,false],"thumbnail":["https:\/\/www.v-label.com\/wp-content\/uploads\/2022\/12\/v-label-food-sector-500x335.jpg",500,335,true],"medium":["https:\/\/www.v-label.com\/wp-content\/uploads\/2022\/12\/v-label-food-sector-300x201.jpg",300,201,true],"medium_large":["https:\/\/www.v-label.com\/wp-content\/uploads\/2022\/12\/v-label-food-sector-768x514.jpg",768,514,true],"large":["https:\/\/www.v-label.com\/wp-content\/uploads\/2022\/12\/v-label-food-sector-1024x686.jpg",1024,686,true],"1536x1536":["https:\/\/www.v-label.com\/wp-content\/uploads\/2022\/12\/v-label-food-sector.jpg",1280,857,false],"2048x2048":["https:\/\/www.v-label.com\/wp-content\/uploads\/2022\/12\/v-label-food-sector.jpg",1280,857,false],"preview":["https:\/\/www.v-label.com\/wp-content\/uploads\/2022\/12\/v-label-food-sector-904x720.jpg",904,720,true],"header":["https:\/\/www.v-label.com\/wp-content\/uploads\/2022\/12\/v-label-food-sector-1280x720.jpg",1280,720,true],"gform-image-choice-sm":["https:\/\/www.v-label.com\/wp-content\/uploads\/2022\/12\/v-label-food-sector.jpg",300,201,false],"gform-image-choice-md":["https:\/\/www.v-label.com\/wp-content\/uploads\/2022\/12\/v-label-food-sector.jpg",400,268,false],"gform-image-choice-lg":["https:\/\/www.v-label.com\/wp-content\/uploads\/2022\/12\/v-label-food-sector.jpg",600,402,false]},"uagb_author_info":{"display_name":"Can Aslan","author_link":"https:\/\/www.v-label.com\/tr"},"uagb_comment_info":0,"uagb_excerpt":"Euromonitor International\u2019\u0131n yapt\u0131\u011f\u0131 ara\u015ft\u0131rmaya g\u00f6re, Bat\u0131 Avrupa\u2019daki bitkisel bazl\u0131 \u00fcr\u00fcn pazar\u0131n\u0131n, k\u00fcresel pazar gelirinin 38.5%\u2019ini olu\u015fturarak son on y\u0131lda iki kat b\u00fcy\u00fcd\u00fc\u011f\u00fcn\u00fc biliyor muydunuz? K\u00fcresel bitkisel bazl\u0131 g\u0131da pazar\u0131n\u0131n 8,94%\u2019l\u00fck bir b\u00fcy\u00fcme g\u00f6stermesi beklenirken, sadece protein sekt\u00f6r\u00fcn\u00fcn %18\u2019lik bir b\u00fcy\u00fcme g\u00f6stermesi ve pazar\u0131n 2025\u2019e kadar 28 milyar dolar e\u015fi\u011fine ula\u015fmas\u0131 beklenmektedir. Ard\u0131 ard\u0131na ba\u015flayan vegan&hellip;","_links":{"self":[{"href":"https:\/\/www.v-label.com\/tr\/wp-json\/wp\/v2\/pages\/8097","targetHints":{"allow":["GET"]}}],"collection":[{"href":"https:\/\/www.v-label.com\/tr\/wp-json\/wp\/v2\/pages"}],"about":[{"href":"https:\/\/www.v-label.com\/tr\/wp-json\/wp\/v2\/types\/page"}],"author":[{"embeddable":true,"href":"https:\/\/www.v-label.com\/tr\/wp-json\/wp\/v2\/users\/5"}],"replies":[{"embeddable":true,"href":"https:\/\/www.v-label.com\/tr\/wp-json\/wp\/v2\/comments?post=8097"}],"version-history":[{"count":8,"href":"https:\/\/www.v-label.com\/tr\/wp-json\/wp\/v2\/pages\/8097\/revisions"}],"predecessor-version":[{"id":34966,"href":"https:\/\/www.v-label.com\/tr\/wp-json\/wp\/v2\/pages\/8097\/revisions\/34966"}],"up":[{"embeddable":true,"href":"https:\/\/www.v-label.com\/tr\/wp-json\/wp\/v2\/pages\/8024"}],"wp:featuredmedia":[{"embeddable":true,"href":"https:\/\/www.v-label.com\/tr\/wp-json\/wp\/v2\/media\/17004"}],"wp:attachment":[{"href":"https:\/\/www.v-label.com\/tr\/wp-json\/wp\/v2\/media?parent=8097"}],"wp:term":[{"taxonomy":"category","embeddable":true,"href":"https:\/\/www.v-label.com\/tr\/wp-json\/wp\/v2\/categories?post=8097"},{"taxonomy":"post_tag","embeddable":true,"href":"https:\/\/www.v-label.com\/tr\/wp-json\/wp\/v2\/tags?post=8097"}],"curies":[{"name":"wp","href":"https:\/\/api.w.org\/{rel}","templated":true}]}}