{"id":8165,"date":"2022-05-30T16:15:52","date_gmt":"2022-05-30T14:15:52","guid":{"rendered":"https:\/\/www.v-label.com\/branches\/non-food\/"},"modified":"2022-12-25T10:23:42","modified_gmt":"2022-12-25T09:23:42","slug":"non-food","status":"publish","type":"page","link":"https:\/\/www.v-label.com\/tr\/branches\/non-food\/","title":{"rendered":"G\u0131da D\u0131\u015f\u0131nda"},"content":{"rendered":"\n<p>\u00d6n\u00fcm\u00fczdeki y\u0131llar\u0131n y\u00fckselen end\u00fcstrisi vegan ve cruelty-free (hayvan deneyi i\u00e7ermeyen) moda end\u00fcstrisi, hali haz\u0131rda b\u00fcy\u00fck ilgi g\u00f6r\u00fcyor. Satista.com verilerine g\u00f6re k\u00fcresel vegan kad\u0131n giyim pazar\u0131n\u0131n de\u011feri 2019\u2019da 396.3 milyar dolara ula\u015ft\u0131 ve 2027\u2019ye kadar 13.6%\u2019l\u0131k bir oranda b\u00fcy\u00fcme g\u00f6stermesi bekleniyor. Vegan deri pazar\u0131 ise hammadeleri kusursuz hale getiren ve vegan derinin kullan\u0131m \u00f6mr\u00fcn\u00fc artt\u0131ran teknolojik imkanlar sayesinde end\u00fcstrinin itici g\u00fcc\u00fc olmu\u015f durumda. Art\u0131k plastik kullan\u0131larak yap\u0131lan derilerin yerine, ananas, feremente bakteri, \u015farap end\u00fcstrisinden \u00e7\u0131kan yan \u00fcr\u00fcnler ve mantar gibi \u00e7e\u015fitli kaynaklardan elde edilmi\u015f daha s\u00fcrd\u00fcr\u00fclebilir ve do\u011fal tekstil \u00fcr\u00fcnleri g\u00f6r\u00fcyoruz. Y\u00fcn ve ipek yerine geli\u015ftirilmekte olan sel\u00fcl\u00f6z lifinin kullan\u0131ld\u0131\u011f\u0131n\u0131 ve d\u00f6n\u00fc\u015ft\u00fcr\u00fclm\u00fc\u015f farkl\u0131 materyallerden \u00fcretilen vegan spor giyim \u00fcr\u00fcnlerinin gittik\u00e7e pop\u00fclerle\u015fti\u011fini biliyoruz.<\/p>\n\n\n\n<p>K\u0131yafet, \u00e7anta ve ayakkab\u0131 gibi \u00fcr\u00fcnlerin d\u0131\u015f\u0131nda yeni ilgi g\u00f6rmeye ba\u015flayan farkl\u0131 \u00fcr\u00fcnler de bu pazar\u0131n i\u00e7inde yerini almaya ba\u015flad\u0131. Bir\u00e7ok \u00fcretici g\u0131da d\u0131\u015f\u0131 end\u00fcstrilerde olu\u015fan yeni taleplerden ilham al\u0131p vegan ve cruelty-free \u00fcr\u00fcnleri (kitap, tak\u0131 ya da mum gibi) piyasaya s\u00fcrmeye ba\u015flad\u0131. Vegan ve vejetaryen logosuna sahip olmak, \u00fcr\u00fcne de\u011fer katan ve \u00fcr\u00fcn\u00fc di\u011fer \u00fcr\u00fcnlerden farkl\u0131la\u015ft\u0131ran bir etken olarak kabul g\u00f6r\u00fcyor. Bu ayn\u0131 zamanda, t\u00fcketicilerin karma\u015f\u0131kl\u0131k ya\u015famadan g\u00fcvenilir ve s\u00fcrd\u00fcr\u00fclebilir giyim \u00fcr\u00fcnleri bulmas\u0131na da yard\u0131mc\u0131 oluyor.<\/p>\n\n\n\n<div class=\"wp-block-buttons is-content-justification-center is-layout-flex wp-container-core-buttons-is-layout-16018d1d wp-block-buttons-is-layout-flex\">\n<div class=\"wp-block-button\"><a class=\"wp-block-button__link wp-element-button\" href=\"https:\/\/www.v-label.com\/tr\/for-business\/get-certified\/\">V-Label sertifikas\u0131 sahibi olun<\/a><\/div>\n<\/div>\n","protected":false},"excerpt":{"rendered":"<p>\u00d6n\u00fcm\u00fczdeki y\u0131llar\u0131n y\u00fckselen end\u00fcstrisi vegan ve cruelty-free (hayvan deneyi i\u00e7ermeyen) moda end\u00fcstrisi, hali haz\u0131rda b\u00fcy\u00fck ilgi g\u00f6r\u00fcyor. Satista.com verilerine g\u00f6re k\u00fcresel vegan kad\u0131n giyim pazar\u0131n\u0131n de\u011feri 2019\u2019da 396.3 milyar dolara ula\u015ft\u0131 ve 2027\u2019ye kadar 13.6%\u2019l\u0131k bir oranda b\u00fcy\u00fcme g\u00f6stermesi bekleniyor. Vegan deri pazar\u0131 ise hammadeleri kusursuz hale getiren ve vegan derinin kullan\u0131m \u00f6mr\u00fcn\u00fc artt\u0131ran teknolojik [&hellip;]<\/p>\n","protected":false},"author":5,"featured_media":17126,"parent":8024,"menu_order":0,"comment_status":"closed","ping_status":"closed","template":"","meta":{"_acf_changed":false,"_editorskit_title_hidden":false,"_editorskit_reading_time":0,"_editorskit_is_block_options_detached":false,"_editorskit_block_options_position":"{}","inline_featured_image":false,"_uag_custom_page_level_css":"","footnotes":""},"categories":[],"tags":[],"class_list":["post-8165","page","type-page","status-publish","has-post-thumbnail","hentry"],"acf":[],"uagb_featured_image_src":{"full":["https:\/\/www.v-label.com\/wp-content\/uploads\/2022\/12\/v-label-non-food-sectors.jpg",1280,692,false],"thumbnail":["https:\/\/www.v-label.com\/wp-content\/uploads\/2022\/12\/v-label-non-food-sectors-500x270.jpg",500,270,true],"medium":["https:\/\/www.v-label.com\/wp-content\/uploads\/2022\/12\/v-label-non-food-sectors-300x162.jpg",300,162,true],"medium_large":["https:\/\/www.v-label.com\/wp-content\/uploads\/2022\/12\/v-label-non-food-sectors-768x415.jpg",768,415,true],"large":["https:\/\/www.v-label.com\/wp-content\/uploads\/2022\/12\/v-label-non-food-sectors-1024x554.jpg",1024,554,true],"1536x1536":["https:\/\/www.v-label.com\/wp-content\/uploads\/2022\/12\/v-label-non-food-sectors.jpg",1280,692,false],"2048x2048":["https:\/\/www.v-label.com\/wp-content\/uploads\/2022\/12\/v-label-non-food-sectors.jpg",1280,692,false],"preview":["https:\/\/www.v-label.com\/wp-content\/uploads\/2022\/12\/v-label-non-food-sectors-904x692.jpg",904,692,true],"header":["https:\/\/www.v-label.com\/wp-content\/uploads\/2022\/12\/v-label-non-food-sectors.jpg",1280,692,false],"gform-image-choice-sm":["https:\/\/www.v-label.com\/wp-content\/uploads\/2022\/12\/v-label-non-food-sectors.jpg",300,162,false],"gform-image-choice-md":["https:\/\/www.v-label.com\/wp-content\/uploads\/2022\/12\/v-label-non-food-sectors.jpg",400,216,false],"gform-image-choice-lg":["https:\/\/www.v-label.com\/wp-content\/uploads\/2022\/12\/v-label-non-food-sectors.jpg",600,324,false]},"uagb_author_info":{"display_name":"Can Aslan","author_link":"https:\/\/www.v-label.com\/tr"},"uagb_comment_info":0,"uagb_excerpt":"\u00d6n\u00fcm\u00fczdeki y\u0131llar\u0131n y\u00fckselen end\u00fcstrisi vegan ve cruelty-free (hayvan deneyi i\u00e7ermeyen) moda end\u00fcstrisi, hali haz\u0131rda b\u00fcy\u00fck ilgi g\u00f6r\u00fcyor. Satista.com verilerine g\u00f6re k\u00fcresel vegan kad\u0131n giyim pazar\u0131n\u0131n de\u011feri 2019\u2019da 396.3 milyar dolara ula\u015ft\u0131 ve 2027\u2019ye kadar 13.6%\u2019l\u0131k bir oranda b\u00fcy\u00fcme g\u00f6stermesi bekleniyor. Vegan deri pazar\u0131 ise hammadeleri kusursuz hale getiren ve vegan derinin kullan\u0131m \u00f6mr\u00fcn\u00fc artt\u0131ran teknolojik&hellip;","_links":{"self":[{"href":"https:\/\/www.v-label.com\/tr\/wp-json\/wp\/v2\/pages\/8165","targetHints":{"allow":["GET"]}}],"collection":[{"href":"https:\/\/www.v-label.com\/tr\/wp-json\/wp\/v2\/pages"}],"about":[{"href":"https:\/\/www.v-label.com\/tr\/wp-json\/wp\/v2\/types\/page"}],"author":[{"embeddable":true,"href":"https:\/\/www.v-label.com\/tr\/wp-json\/wp\/v2\/users\/5"}],"replies":[{"embeddable":true,"href":"https:\/\/www.v-label.com\/tr\/wp-json\/wp\/v2\/comments?post=8165"}],"version-history":[{"count":5,"href":"https:\/\/www.v-label.com\/tr\/wp-json\/wp\/v2\/pages\/8165\/revisions"}],"predecessor-version":[{"id":35032,"href":"https:\/\/www.v-label.com\/tr\/wp-json\/wp\/v2\/pages\/8165\/revisions\/35032"}],"up":[{"embeddable":true,"href":"https:\/\/www.v-label.com\/tr\/wp-json\/wp\/v2\/pages\/8024"}],"wp:featuredmedia":[{"embeddable":true,"href":"https:\/\/www.v-label.com\/tr\/wp-json\/wp\/v2\/media\/17126"}],"wp:attachment":[{"href":"https:\/\/www.v-label.com\/tr\/wp-json\/wp\/v2\/media?parent=8165"}],"wp:term":[{"taxonomy":"category","embeddable":true,"href":"https:\/\/www.v-label.com\/tr\/wp-json\/wp\/v2\/categories?post=8165"},{"taxonomy":"post_tag","embeddable":true,"href":"https:\/\/www.v-label.com\/tr\/wp-json\/wp\/v2\/tags?post=8165"}],"curies":[{"name":"wp","href":"https:\/\/api.w.org\/{rel}","templated":true}]}}