{"id":8435,"date":"2022-05-30T16:16:01","date_gmt":"2022-05-30T14:16:01","guid":{"rendered":"https:\/\/www.v-label.com\/general-information\/"},"modified":"2022-11-18T12:46:48","modified_gmt":"2022-11-18T11:46:48","slug":"general-information","status":"publish","type":"page","link":"https:\/\/www.v-label.com\/tr\/general-information\/","title":{"rendered":"Genel Bilgi"},"content":{"rendered":"\n<h2 class=\"has-text-align-center wp-block-heading\"><strong>T\u00fcketiciler i\u00e7in bilgiler<\/strong><\/h2>\n\n\n\n<p>Vegan ya da vejetaryen misiniz? Belki de sadece hayvansal g\u0131da t\u00fcketimini azaltmaya \u00e7al\u0131\u015f\u0131yorsunuz ya da bu konuya ilginiz var. Bu sitede bulundu\u011funuza g\u00f6re siz de t\u00fcketim tercihlerinizi adil, s\u00fcrd\u00fcr\u00fclebilir (ve lezzetli!) bir d\u00fcnyadan yana kullanmak istiyorsunuz. Biz de sizin gibi d\u00fc\u015f\u00fcn\u00fcyoruz ve bu \u00fcr\u00fcnleri kolayca fark edilir hale getirerek b\u00f6yle bir gelece\u011fe katk\u0131da bulunuyoruz.<\/p>\n\n\n\n<p>V-Label kapsaml\u0131 analizlerden ge\u00e7en vegan ya da vejetaryen \u00fcr\u00fcnlere verilen uluslarlararas\u0131 bir logodur. Hayat\u0131n\u0131zda daha fazla bitki bazl\u0131 tercihler yapman\u0131za olanak tan\u0131rken, al\u0131\u015fveri\u015flerinizde daha bilin\u00e7li olman\u0131z konusunda da size yard\u0131m eder.<\/p>\n\n\n\n<p>Basit ve anla\u015f\u0131lmas\u0131 kolay nitelikte olan V-Label size zaman kazand\u0131r\u0131r ve karar alma s\u00fcrecinizi kolayla\u015ft\u0131r\u0131r. Siz de bir sonraki al\u0131\u015fveri\u015finizde g\u00f6z al\u0131c\u0131 sar\u0131 logoyu aray\u0131n! Bir bak\u0131\u015fta hangi \u00fcr\u00fcnlerin onayl\u0131 oldu\u011funu ve hangilerini g\u00fcvenle sat\u0131n alabilece\u011finizi \u00f6\u011frenin!<\/p>\n\n\n\n<p>V-Label kapsaml\u0131 analizlerden ge\u00e7en vegan ya da vejetaryen \u00fcr\u00fcnlere verilen uluslarlararas\u0131 bir logodur. Hayat\u0131n\u0131zda daha fazla bitki bazl\u0131 tercihler yapman\u0131za olanak tan\u0131rken, al\u0131\u015fveri\u015flerinizde daha bilin\u00e7li olman\u0131z konusunda da size yard\u0131m eder.<\/p>\n\n\n\n<div class=\"wp-block-buttons is-content-justification-center is-layout-flex wp-container-core-buttons-is-layout-16018d1d wp-block-buttons-is-layout-flex\">\n<div class=\"wp-block-button\"><a class=\"wp-block-button__link wp-element-button\" href=\"https:\/\/www.v-label.com\/tr\/general-information\/certified-products\/\"><strong>Sertifikal\u0131 \u00fcr\u00fcnler<\/strong><\/a><\/div>\n\n\n\n<div class=\"wp-block-button\"><a class=\"wp-block-button__link wp-element-button\" href=\"https:\/\/www.v-label.com\/tr\/report-a-misuse\/\"><strong>K\u00f6t\u00fcye kullan\u0131mlar\u0131 bildirin<\/strong><\/a><\/div>\n<\/div>\n\n\n\n<h3 class=\"has-text-align-center wp-block-heading\"><strong><strong>Neyi savunuyoruz?<\/strong><\/strong><\/h3>\n\n\n\n<p>V-Label logosu ta\u015f\u0131yan bir \u00fcr\u00fcn ald\u0131\u011f\u0131n\u0131zda emin olabilece\u011finiz konular \u015funlard\u0131r:<\/p>\n\n\n\n<ul class=\"wp-block-list\">\n<li>G\u00fcvenilirdir ve do\u011frulanabilirlik f\u0131rsat\u0131 sunar. V-Label logosu ta\u015f\u0131yan bir \u00fcr\u00fcn ya da hizmet ald\u0131\u011f\u0131n\u0131zda uluslararas\u0131 standartlara tam uygunluk sa\u011flayan \u00fcr\u00fcnleri tercih etti\u011finizden emin olabilirsiniz. \u00dcr\u00fcnlerini kendi belirledikleri standartlara g\u00f6re tan\u0131mlayan (vegan\/ vejetaryen) \u00fcreticiler ve \u00fcr\u00fcnleriyle ilgili art\u0131k endi\u015felenmenize gerek kalmaz.1996 y\u0131l\u0131nda \u0130svi\u00e7re\u2019de kurulan V-Label, end\u00fcstride belirleyici konumda olan markalardan biridir.<\/li>\n\n\n\n<li>Vejetaryen olarak lisanslanan \u00fcr\u00fcnlerde ise sadece s\u00fct, kolostrum, gezen tavuk yumurtalar\u0131, bal, balmumu, propolis ya da y\u00fcn ya\u011f\u0131 bile\u015fenlere izin verilir.<\/li>\n\n\n\n<li>T\u00fcm \u00fcretim a\u015famalar\u0131, vegan ya da vejetaryen olmayan maddelerden kaynaklanabilecek eser miktarda bula\u015fma miktar\u0131n\u0131 en aza indirgeyecek \u015fekilde tasarlan\u0131r.<\/li>\n\n\n\n<li>\u00dcr\u00fcn\u00fcn kendisi, bile\u015fenleri ve \u00fcretiminde kullan\u0131lan yard\u0131mc\u0131 maddeleri ve i\u015flem ajanlar\u0131 i\u00e7in hayvan deneyleri yap\u0131lmam\u0131\u015f olmal\u0131d\u0131r.<\/li>\n<\/ul>\n\n\n\n<p>Di\u011ferleriyle ayn\u0131 derecede \u00f6neme sahip olan di\u011fer bir konu ise, lisanslar\u0131m\u0131zdan elde edilen gelirin vegan ve hayvan haklar\u0131 kurulu\u015flar\u0131na ve projelerine gidiyor olu\u015fudur.<\/p>\n\n\n\n<div class=\"wp-block-columns are-vertically-aligned-center is-layout-flex wp-container-core-columns-is-layout-9d6595d7 wp-block-columns-is-layout-flex\">\n<div class=\"wp-block-column is-vertically-aligned-center is-layout-flow wp-block-column-is-layout-flow\">\n<figure class=\"wp-block-image size-full\"><img decoding=\"async\" width=\"720\" height=\"497\" src=\"https:\/\/www.v-label.com\/wp-content\/uploads\/2022\/09\/b2b-info-page-2.webp\" alt=\"\" class=\"wp-image-879\" srcset=\"https:\/\/www.v-label.com\/wp-content\/uploads\/2022\/09\/b2b-info-page-2.webp 720w, https:\/\/www.v-label.com\/wp-content\/uploads\/2022\/09\/b2b-info-page-2-300x207.webp 300w\" sizes=\"(max-width: 720px) 100vw, 720px\" \/><\/figure>\n<\/div>\n\n\n\n<div class=\"wp-block-column is-vertically-aligned-center is-layout-flow wp-block-column-is-layout-flow\">\n<figure class=\"wp-block-image size-full\"><img decoding=\"async\" width=\"720\" height=\"482\" src=\"https:\/\/www.v-label.com\/wp-content\/uploads\/2022\/09\/b2b-info-page-1.webp\" alt=\"\" class=\"wp-image-876\" srcset=\"https:\/\/www.v-label.com\/wp-content\/uploads\/2022\/09\/b2b-info-page-1.webp 720w, https:\/\/www.v-label.com\/wp-content\/uploads\/2022\/09\/b2b-info-page-1-300x201.webp 300w\" sizes=\"(max-width: 720px) 100vw, 720px\" \/><\/figure>\n<\/div>\n\n\n\n<div class=\"wp-block-column is-vertically-aligned-center is-layout-flow wp-block-column-is-layout-flow\">\n<figure class=\"wp-block-image size-full\"><img decoding=\"async\" width=\"720\" height=\"482\" src=\"https:\/\/www.v-label.com\/wp-content\/uploads\/2022\/09\/b2b-info-page-3.webp\" alt=\"\" class=\"wp-image-860\" srcset=\"https:\/\/www.v-label.com\/wp-content\/uploads\/2022\/09\/b2b-info-page-3.webp 720w, https:\/\/www.v-label.com\/wp-content\/uploads\/2022\/09\/b2b-info-page-3-300x201.webp 300w\" sizes=\"(max-width: 720px) 100vw, 720px\" \/><\/figure>\n<\/div>\n<\/div>\n","protected":false},"excerpt":{"rendered":"<p>T\u00fcketiciler i\u00e7in bilgiler Vegan ya da vejetaryen misiniz? Belki de sadece hayvansal g\u0131da t\u00fcketimini azaltmaya \u00e7al\u0131\u015f\u0131yorsunuz ya da bu konuya ilginiz var. Bu sitede bulundu\u011funuza g\u00f6re siz de t\u00fcketim tercihlerinizi adil, s\u00fcrd\u00fcr\u00fclebilir (ve lezzetli!) bir d\u00fcnyadan yana kullanmak istiyorsunuz. Biz de sizin gibi d\u00fc\u015f\u00fcn\u00fcyoruz ve bu \u00fcr\u00fcnleri kolayca fark edilir hale getirerek b\u00f6yle bir gelece\u011fe [&hellip;]<\/p>\n","protected":false},"author":5,"featured_media":17188,"parent":0,"menu_order":0,"comment_status":"closed","ping_status":"closed","template":"","meta":{"_acf_changed":false,"_editorskit_title_hidden":false,"_editorskit_reading_time":0,"_editorskit_is_block_options_detached":false,"_editorskit_block_options_position":"{}","inline_featured_image":false,"_uag_custom_page_level_css":"","footnotes":""},"categories":[],"tags":[],"class_list":["post-8435","page","type-page","status-publish","has-post-thumbnail","hentry"],"acf":[],"uagb_featured_image_src":{"full":["https:\/\/www.v-label.com\/wp-content\/uploads\/2022\/12\/v-label-general-info-consumers.jpg",1280,738,false],"thumbnail":["https:\/\/www.v-label.com\/wp-content\/uploads\/2022\/12\/v-label-general-info-consumers-500x288.jpg",500,288,true],"medium":["https:\/\/www.v-label.com\/wp-content\/uploads\/2022\/12\/v-label-general-info-consumers-300x173.jpg",300,173,true],"medium_large":["https:\/\/www.v-label.com\/wp-content\/uploads\/2022\/12\/v-label-general-info-consumers-768x443.jpg",768,443,true],"large":["https:\/\/www.v-label.com\/wp-content\/uploads\/2022\/12\/v-label-general-info-consumers-1024x590.jpg",1024,590,true],"1536x1536":["https:\/\/www.v-label.com\/wp-content\/uploads\/2022\/12\/v-label-general-info-consumers.jpg",1280,738,false],"2048x2048":["https:\/\/www.v-label.com\/wp-content\/uploads\/2022\/12\/v-label-general-info-consumers.jpg",1280,738,false],"preview":["https:\/\/www.v-label.com\/wp-content\/uploads\/2022\/12\/v-label-general-info-consumers-904x720.jpg",904,720,true],"header":["https:\/\/www.v-label.com\/wp-content\/uploads\/2022\/12\/v-label-general-info-consumers-1280x720.jpg",1280,720,true],"gform-image-choice-sm":["https:\/\/www.v-label.com\/wp-content\/uploads\/2022\/12\/v-label-general-info-consumers.jpg",300,173,false],"gform-image-choice-md":["https:\/\/www.v-label.com\/wp-content\/uploads\/2022\/12\/v-label-general-info-consumers.jpg",400,231,false],"gform-image-choice-lg":["https:\/\/www.v-label.com\/wp-content\/uploads\/2022\/12\/v-label-general-info-consumers.jpg",600,346,false]},"uagb_author_info":{"display_name":"Can Aslan","author_link":"https:\/\/www.v-label.com\/tr"},"uagb_comment_info":0,"uagb_excerpt":"T\u00fcketiciler i\u00e7in bilgiler Vegan ya da vejetaryen misiniz? Belki de sadece hayvansal g\u0131da t\u00fcketimini azaltmaya \u00e7al\u0131\u015f\u0131yorsunuz ya da bu konuya ilginiz var. Bu sitede bulundu\u011funuza g\u00f6re siz de t\u00fcketim tercihlerinizi adil, s\u00fcrd\u00fcr\u00fclebilir (ve lezzetli!) bir d\u00fcnyadan yana kullanmak istiyorsunuz. Biz de sizin gibi d\u00fc\u015f\u00fcn\u00fcyoruz ve bu \u00fcr\u00fcnleri kolayca fark edilir hale getirerek b\u00f6yle bir gelece\u011fe&hellip;","_links":{"self":[{"href":"https:\/\/www.v-label.com\/tr\/wp-json\/wp\/v2\/pages\/8435","targetHints":{"allow":["GET"]}}],"collection":[{"href":"https:\/\/www.v-label.com\/tr\/wp-json\/wp\/v2\/pages"}],"about":[{"href":"https:\/\/www.v-label.com\/tr\/wp-json\/wp\/v2\/types\/page"}],"author":[{"embeddable":true,"href":"https:\/\/www.v-label.com\/tr\/wp-json\/wp\/v2\/users\/5"}],"replies":[{"embeddable":true,"href":"https:\/\/www.v-label.com\/tr\/wp-json\/wp\/v2\/comments?post=8435"}],"version-history":[{"count":4,"href":"https:\/\/www.v-label.com\/tr\/wp-json\/wp\/v2\/pages\/8435\/revisions"}],"predecessor-version":[{"id":9275,"href":"https:\/\/www.v-label.com\/tr\/wp-json\/wp\/v2\/pages\/8435\/revisions\/9275"}],"wp:featuredmedia":[{"embeddable":true,"href":"https:\/\/www.v-label.com\/tr\/wp-json\/wp\/v2\/media\/17188"}],"wp:attachment":[{"href":"https:\/\/www.v-label.com\/tr\/wp-json\/wp\/v2\/media?parent=8435"}],"wp:term":[{"taxonomy":"category","embeddable":true,"href":"https:\/\/www.v-label.com\/tr\/wp-json\/wp\/v2\/categories?post=8435"},{"taxonomy":"post_tag","embeddable":true,"href":"https:\/\/www.v-label.com\/tr\/wp-json\/wp\/v2\/tags?post=8435"}],"curies":[{"name":"wp","href":"https:\/\/api.w.org\/{rel}","templated":true}]}}