{"id":8528,"date":"2022-09-09T10:47:40","date_gmt":"2022-09-09T08:47:40","guid":{"rendered":"https:\/\/www.v-label.com\/general-information\/certified-products\/"},"modified":"2024-07-11T11:09:39","modified_gmt":"2024-07-11T09:09:39","slug":"certified-products","status":"publish","type":"page","link":"https:\/\/www.v-label.com\/tr\/general-information\/certified-products\/","title":{"rendered":"Sertifikal\u0131 \u00dcr\u00fcnler"},"content":{"rendered":"\n<p>G\u0131da end\u00fcstrisinin atmosfere sal\u0131nan sera gazlar\u0131n\u0131n d\u00f6rtte birinden sorumlu olmas\u0131yla daha fazla insan iklim de\u011fi\u015fikli\u011fi konusunda duyarl\u0131 hale geldi. Son \u00e7al\u0131\u015fmalara g\u00f6re karbon sal\u0131mlar\u0131, insanlar\u0131n yedi\u011fi g\u0131dalar\u0131n <strong>yerel \u00fcretim olup olmamas\u0131ndan ziyade, ne yiyor olduklar\u0131yla daha ili\u015fkili<\/strong>.<a href=\"https:\/\/ourworldindata.org\/food-choice-vs-eating-local#licence\" target=\"_blank\" rel=\"noopener\"><sup>1<\/sup><\/a><\/p>\n\n\n\n<p>Vegan olmay\u0131 deneyebilirsiniz ya da 100% vegan olmak zorunda olmadan h\u0131zla artan \u00e7e\u015fitlilikteki bitkisel bazl\u0131 opsiyonlar\u0131 deneyebilirsiniz. Vegan ve vejetaryen g\u0131dalar sa\u011fl\u0131kl\u0131, doyurucu, ula\u015f\u0131labilir, haz\u0131rlamas\u0131 kolay ve i\u015ftah kabart\u0131c\u0131d\u0131r. Etik ve s\u00fcrd\u00fcr\u00fclebilir olman\u0131n yan\u0131 s\u0131ra, \u00f6z kimli\u011fin bir ifadesidir.<\/p>\n\n\n\n<p>V-Label \u015fu an 70,000\u2019den fazla \u00fcr\u00fcnde kullan\u0131lmaktad\u0131r. Bir dahaki al\u0131\u015fveri\u015finiz i\u00e7in size yard\u0131mc\u0131 olabilecek sertifikal\u0131 \u00fcr\u00fcnlerin oldu\u011fu \u015fe\u00e7kiye bir g\u00f6z at\u0131n.<\/p>\n\n\n\n<h3 class=\"wp-block-heading has-text-align-center\">Al\u0131\u015fveri\u015finizi daha anlaml\u0131 k\u0131l\u0131n<\/h3>\n\n\n\n<div class=\"wp-block-group alignwide is-content-justification-center is-nowrap is-layout-flex wp-container-core-group-is-layout-499140ed wp-block-group-is-layout-flex\">\n<figure class=\"wp-block-image size-thumbnail is-resized\"><img decoding=\"async\" width=\"500\" height=\"500\" src=\"https:\/\/www.v-label.com\/wp-content\/uploads\/2022\/07\/logo-vlabel-favicon-500x500.png\" alt=\"\" class=\"wp-image-331\" style=\"width:50px;height:50px\" srcset=\"https:\/\/www.v-label.com\/wp-content\/uploads\/2022\/07\/logo-vlabel-favicon-500x500.png 500w, https:\/\/www.v-label.com\/wp-content\/uploads\/2022\/07\/logo-vlabel-favicon-300x300.png 300w, https:\/\/www.v-label.com\/wp-content\/uploads\/2022\/07\/logo-vlabel-favicon-768x768.png 768w, https:\/\/www.v-label.com\/wp-content\/uploads\/2022\/07\/logo-vlabel-favicon.png 852w\" sizes=\"(max-width: 500px) 100vw, 500px\" \/><\/figure>\n<\/div>\n\n\n\n<div class=\"wp-block-columns is-layout-flex wp-container-core-columns-is-layout-9d6595d7 wp-block-columns-is-layout-flex\">\n<div class=\"wp-block-column is-layout-flow wp-block-column-is-layout-flow\">\n<figure class=\"wp-block-image size-medium\"><img decoding=\"async\" width=\"300\" height=\"200\" src=\"https:\/\/www.v-label.com\/wp-content\/uploads\/2022\/12\/meat-alternatives-1280-300x200.jpg\" alt=\"\" class=\"wp-image-17409\" srcset=\"https:\/\/www.v-label.com\/wp-content\/uploads\/2022\/12\/meat-alternatives-1280-300x200.jpg 300w, https:\/\/www.v-label.com\/wp-content\/uploads\/2022\/12\/meat-alternatives-1280-1024x682.jpg 1024w, https:\/\/www.v-label.com\/wp-content\/uploads\/2022\/12\/meat-alternatives-1280-500x333.jpg 500w, https:\/\/www.v-label.com\/wp-content\/uploads\/2022\/12\/meat-alternatives-1280-768x511.jpg 768w, https:\/\/www.v-label.com\/wp-content\/uploads\/2022\/12\/meat-alternatives-1280.jpg 1280w\" sizes=\"(max-width: 300px) 100vw, 300px\" \/><\/figure>\n\n\n\n<h2 class=\"wp-block-heading\"><a href=\"https:\/\/www.v-label.com\/tr\/general-information\/certified-products\/meat-alternatives\/\" data-type=\"page\" data-id=\"1016\"><strong>Et alternatifleri<\/strong><\/a><\/h2>\n\n\n\n<p>Yenilik\u00e7i \u00fcr\u00fcn i\u00e7erikleri, artan fark\u0131ndal\u0131k ve s\u0131n\u0131rs\u0131z de\u011ferlendirme imkan\u0131. Bu \u00fc\u00e7 etken sadece et alternatiflerinin katlanarak b\u00fcy\u00fcmesine de\u011fil ayn\u0131 zamanda g\u0131da t\u00fcketiminin gelece\u011fine daha b\u00fcy\u00fck ad\u0131mlar at\u0131lmas\u0131n\u0131 da sa\u011fl\u0131yor. Siz de damak tad\u0131n\u0131zdan \u00f6d\u00fcn vermeyece\u011finiz bu harika se\u00e7eneklere g\u00f6z at\u0131n!<\/p>\n<\/div>\n\n\n\n<div class=\"wp-block-column is-layout-flow wp-block-column-is-layout-flow\">\n<figure class=\"wp-block-image size-medium\"><img decoding=\"async\" width=\"300\" height=\"200\" src=\"https:\/\/www.v-label.com\/wp-content\/uploads\/2022\/12\/milk-alternatives-1280-300x200.jpg\" alt=\"\" class=\"wp-image-17892\" srcset=\"https:\/\/www.v-label.com\/wp-content\/uploads\/2022\/12\/milk-alternatives-1280-300x200.jpg 300w, https:\/\/www.v-label.com\/wp-content\/uploads\/2022\/12\/milk-alternatives-1280-1024x682.jpg 1024w, https:\/\/www.v-label.com\/wp-content\/uploads\/2022\/12\/milk-alternatives-1280-500x333.jpg 500w, https:\/\/www.v-label.com\/wp-content\/uploads\/2022\/12\/milk-alternatives-1280-768x512.jpg 768w, https:\/\/www.v-label.com\/wp-content\/uploads\/2022\/12\/milk-alternatives-1280.jpg 1280w\" sizes=\"(max-width: 300px) 100vw, 300px\" \/><\/figure>\n\n\n\n<h2 class=\"wp-block-heading\"><a href=\"https:\/\/www.v-label.com\/tr\/general-information\/certified-products\/dairy-alternatives\/\" data-type=\"page\" data-id=\"1325\">S\u00fct \u00fcr\u00fcnleri alternatifleri<\/a><\/h2>\n\n\n\n<p>Soyadan yulafa, bademden hindistan cevizine, bitkisel s\u00fctlere ge\u00e7i\u015f, bitki bazl\u0131 s\u00fct devriminin sadece bir ba\u015flang\u0131c\u0131. Diledi\u011finizi se\u00e7in: Yunan yo\u011furdundan, ayran\u0131na kadar farkl\u0131 \u00fcr\u00fcn se\u00e7enekleri. Lezzetli ve gezegen dostu dondurmalar, kahvalt\u0131lar\u0131n\u0131z i\u00e7in bitkisel tereya\u011flar, ezmeler ve \u00fczerine de peynir!<\/p>\n<\/div>\n\n\n\n<div class=\"wp-block-column is-layout-flow wp-block-column-is-layout-flow\">\n<figure class=\"wp-block-image size-medium\"><img decoding=\"async\" width=\"300\" height=\"200\" src=\"https:\/\/www.v-label.com\/wp-content\/uploads\/2022\/12\/ready-meals-1280-300x200.jpg\" alt=\"\" class=\"wp-image-17229\" srcset=\"https:\/\/www.v-label.com\/wp-content\/uploads\/2022\/12\/ready-meals-1280-300x200.jpg 300w, https:\/\/www.v-label.com\/wp-content\/uploads\/2022\/12\/ready-meals-1280-1024x682.jpg 1024w, https:\/\/www.v-label.com\/wp-content\/uploads\/2022\/12\/ready-meals-1280-500x333.jpg 500w, https:\/\/www.v-label.com\/wp-content\/uploads\/2022\/12\/ready-meals-1280-768x511.jpg 768w, https:\/\/www.v-label.com\/wp-content\/uploads\/2022\/12\/ready-meals-1280.jpg 1280w\" sizes=\"(max-width: 300px) 100vw, 300px\" \/><\/figure>\n\n\n\n<h2 class=\"wp-block-heading\"><a href=\"https:\/\/www.v-label.com\/tr\/general-information\/certified-products\/ready-made-meals\/\" data-type=\"page\" data-id=\"1327\"><strong>Yemeye haz\u0131r \u00f6\u011f\u00fcnler<\/strong><\/a><\/h2>\n\n\n\n<p>D\u0131\u015far\u0131da \u00f6\u011fle yeme\u011fi mi yiyeceksiniz, art\u0131k bir \u015feylerden vazge\u00e7menize gerek yok. Sa\u011fl\u0131kl\u0131, lezzetli ve bitkisel slogan\u0131yla yola \u00e7\u0131kan \u00fcreticiler, bitkisel bazl\u0131 pizza ve haz\u0131r \u00e7orbalardan, geleneksel etli yemeklere kadar bir\u00e7ok yiyece\u011fi dondurulmu\u015f g\u0131da reyonlar\u0131na eklemeye ba\u015flad\u0131 bile.<\/p>\n<\/div>\n<\/div>\n\n\n\n<div class=\"wp-block-columns is-layout-flex wp-container-core-columns-is-layout-9d6595d7 wp-block-columns-is-layout-flex\">\n<div class=\"wp-block-column is-layout-flow wp-block-column-is-layout-flow\">\n<figure class=\"wp-block-image size-medium\"><img decoding=\"async\" width=\"300\" height=\"200\" src=\"https:\/\/www.v-label.com\/wp-content\/uploads\/2022\/12\/sweets-1280-300x200.jpg\" alt=\"\" class=\"wp-image-17329\" srcset=\"https:\/\/www.v-label.com\/wp-content\/uploads\/2022\/12\/sweets-1280-300x200.jpg 300w, https:\/\/www.v-label.com\/wp-content\/uploads\/2022\/12\/sweets-1280-1024x682.jpg 1024w, https:\/\/www.v-label.com\/wp-content\/uploads\/2022\/12\/sweets-1280-500x333.jpg 500w, https:\/\/www.v-label.com\/wp-content\/uploads\/2022\/12\/sweets-1280-768x512.jpg 768w, https:\/\/www.v-label.com\/wp-content\/uploads\/2022\/12\/sweets-1280.jpg 1280w\" sizes=\"(max-width: 300px) 100vw, 300px\" \/><\/figure>\n\n\n\n<h2 class=\"wp-block-heading\"><a href=\"https:\/\/www.v-label.com\/tr\/general-information\/certified-products\/sweets\/\" data-type=\"page\" data-id=\"1329\"><strong>Tatl\u0131lar<\/strong><\/a><\/h2>\n\n\n\n<p>En sevdi\u011finiz at\u0131\u015ft\u0131rmal\u0131\u011f\u0131n vejetaryen ya da vegan olup olmad\u0131\u011f\u0131n\u0131 kontrol edin ve \u00e7ikolata, bisk\u00fcvi ve cips gibi bitkisel bazl\u0131 \u00fcr\u00fcnlere evinizde yer verin. Durun, dahas\u0131 da var! Vegan pasta, kruvasan ve hatta tad\u0131 birebir ayn\u0131 olan sosisli hamur i\u015fleri gibi unlu mam\u00fcl \u00fcr\u00fcnlerinin giderek artmas\u0131n\u0131 izleyin.<\/p>\n<\/div>\n\n\n\n<div class=\"wp-block-column is-layout-flow wp-block-column-is-layout-flow\">\n<figure class=\"wp-block-image size-medium\"><img decoding=\"async\" width=\"300\" height=\"200\" src=\"https:\/\/www.v-label.com\/wp-content\/uploads\/2022\/12\/beverages-1280-300x200.jpg\" alt=\"\" class=\"wp-image-17309\" srcset=\"https:\/\/www.v-label.com\/wp-content\/uploads\/2022\/12\/beverages-1280-300x200.jpg 300w, https:\/\/www.v-label.com\/wp-content\/uploads\/2022\/12\/beverages-1280-1024x682.jpg 1024w, https:\/\/www.v-label.com\/wp-content\/uploads\/2022\/12\/beverages-1280-500x333.jpg 500w, https:\/\/www.v-label.com\/wp-content\/uploads\/2022\/12\/beverages-1280-768x512.jpg 768w, https:\/\/www.v-label.com\/wp-content\/uploads\/2022\/12\/beverages-1280.jpg 1280w\" sizes=\"(max-width: 300px) 100vw, 300px\" \/><\/figure>\n\n\n\n<h2 class=\"wp-block-heading\"><a href=\"https:\/\/www.v-label.com\/tr\/general-information\/certified-products\/beverages\/\" data-type=\"page\" data-id=\"1331\"><strong>\u0130\u00e7ecekler<\/strong><\/a><\/h2>\n\n\n\n<p>\u0130\u00e7eceklerinizde g\u00f6r\u00fcn\u00fcr olmayan hayvansal maddelere kar\u015f\u0131 dikkat! Hangi meyve sular\u0131n\u0131n vegan olmayan D3 vitamini i\u00e7ermedi\u011fini, hangi \u015faraplar\u0131n hayvan proteinleriyle filtrelenmedi\u011fini ya da i\u015flenmedi\u011fini ve hangi gazl\u0131 i\u00e7eceklerin 100% bitkisel bazl\u0131 oldu\u011funu \u00f6\u011frenin.<\/p>\n<\/div>\n\n\n\n<div class=\"wp-block-column is-layout-flow wp-block-column-is-layout-flow\">\n<figure class=\"wp-block-image size-medium\"><img decoding=\"async\" width=\"300\" height=\"203\" src=\"https:\/\/www.v-label.com\/wp-content\/uploads\/2022\/12\/cosmetics-1280-300x203.jpg\" alt=\"\" class=\"wp-image-17289\" srcset=\"https:\/\/www.v-label.com\/wp-content\/uploads\/2022\/12\/cosmetics-1280-300x203.jpg 300w, https:\/\/www.v-label.com\/wp-content\/uploads\/2022\/12\/cosmetics-1280-1024x694.jpg 1024w, https:\/\/www.v-label.com\/wp-content\/uploads\/2022\/12\/cosmetics-1280-500x339.jpg 500w, https:\/\/www.v-label.com\/wp-content\/uploads\/2022\/12\/cosmetics-1280-768x521.jpg 768w, https:\/\/www.v-label.com\/wp-content\/uploads\/2022\/12\/cosmetics-1280.jpg 1280w\" sizes=\"(max-width: 300px) 100vw, 300px\" \/><\/figure>\n\n\n\n<h2 class=\"wp-block-heading\"><a href=\"https:\/\/www.v-label.com\/tr\/general-information\/certified-products\/cosmetics\/\" data-type=\"page\" data-id=\"1333\"><strong>Kozmetik<\/strong><\/a><\/h2>\n\n\n\n<p>G\u00fczellik rutininiz i\u00e7in sa\u00e7 ve cilt bak\u0131m\u0131 \u00fcr\u00fcnlerinin yer ald\u0131\u011f\u0131 logolu \u00fcr\u00fcn se\u00e7kimize bir g\u00f6z at\u0131n. Nemlendiriciden maskaraya, hayvansal bile\u015fen i\u00e7ermeyen markalar aras\u0131ndan se\u00e7im yap\u0131n.<\/p>\n<\/div>\n<\/div>\n\n\n\n<div class=\"wp-block-columns is-layout-flex wp-container-core-columns-is-layout-9d6595d7 wp-block-columns-is-layout-flex\">\n<div class=\"wp-block-column is-layout-flow wp-block-column-is-layout-flow\">\n<figure class=\"wp-block-image size-full\"><img decoding=\"async\" width=\"1280\" height=\"853\" src=\"https:\/\/www.v-label.com\/wp-content\/uploads\/2022\/12\/fashion-and-textile-1280.jpg\" alt=\"\" class=\"wp-image-17269\" srcset=\"https:\/\/www.v-label.com\/wp-content\/uploads\/2022\/12\/fashion-and-textile-1280.jpg 1280w, https:\/\/www.v-label.com\/wp-content\/uploads\/2022\/12\/fashion-and-textile-1280-300x200.jpg 300w, https:\/\/www.v-label.com\/wp-content\/uploads\/2022\/12\/fashion-and-textile-1280-1024x682.jpg 1024w, https:\/\/www.v-label.com\/wp-content\/uploads\/2022\/12\/fashion-and-textile-1280-500x333.jpg 500w, https:\/\/www.v-label.com\/wp-content\/uploads\/2022\/12\/fashion-and-textile-1280-768x512.jpg 768w\" sizes=\"(max-width: 1280px) 100vw, 1280px\" \/><\/figure>\n\n\n\n<h2 class=\"wp-block-heading\"><a href=\"https:\/\/www.v-label.com\/tr\/general-information\/certified-products\/fashion-textile\/\" data-type=\"page\" data-id=\"1335\"><strong>Moda &amp; tekstil<\/strong><\/a><\/h2>\n\n\n\n<p>Dolab\u0131n\u0131z\u0131n (ve evinizin!) hayvansal \u00fcr\u00fcnler i\u00e7ermedi\u011fine emin olun. Ayakkab\u0131 ve deriden nevresim ve temizlik \u00fcr\u00fcnlerine kadar hangi \u00fcr\u00fcnlerin tepeden t\u0131rna\u011fa vegan oldu\u011funu \u00f6\u011frenerek evinizi hayvansal \u00fcr\u00fcnlerden ar\u0131nd\u0131r\u0131n.<\/p>\n<\/div>\n\n\n\n<div class=\"wp-block-column is-layout-flow wp-block-column-is-layout-flow\">\n<figure class=\"wp-block-image size-full\"><img decoding=\"async\" width=\"1280\" height=\"854\" src=\"https:\/\/www.v-label.com\/wp-content\/uploads\/2022\/12\/non-foods-1280.jpg\" alt=\"\" class=\"wp-image-17914\" srcset=\"https:\/\/www.v-label.com\/wp-content\/uploads\/2022\/12\/non-foods-1280.jpg 1280w, https:\/\/www.v-label.com\/wp-content\/uploads\/2022\/12\/non-foods-1280-300x200.jpg 300w, https:\/\/www.v-label.com\/wp-content\/uploads\/2022\/12\/non-foods-1280-1024x683.jpg 1024w, https:\/\/www.v-label.com\/wp-content\/uploads\/2022\/12\/non-foods-1280-500x334.jpg 500w, https:\/\/www.v-label.com\/wp-content\/uploads\/2022\/12\/non-foods-1280-768x512.jpg 768w\" sizes=\"(max-width: 1280px) 100vw, 1280px\" \/><\/figure>\n\n\n\n<h2 class=\"wp-block-heading\"><a href=\"https:\/\/www.v-label.com\/tr\/general-information\/certified-products\/non-food\/\" data-type=\"page\" data-id=\"1337\"><strong>G\u0131da d\u0131\u015f\u0131<\/strong><\/a><\/h2>\n\n\n\n<p>Vegan ya\u015fam rehberimizle d\u00fcnyan\u0131z\u0131 geni\u015fletin: Okudu\u011funuz kitaplardan, yerel k\u0131rtasiyeye, kuaf\u00f6r, estetisyen ve hatta d\u00f6vmecilere kadar bir\u00e7ok konuda yeni fikirler edinin.<\/p>\n<\/div>\n<\/div>\n","protected":false},"excerpt":{"rendered":"<p>G\u0131da end\u00fcstrisinin atmosfere sal\u0131nan sera gazlar\u0131n\u0131n d\u00f6rtte birinden sorumlu olmas\u0131yla daha fazla insan iklim de\u011fi\u015fikli\u011fi konusunda duyarl\u0131 hale geldi. Son \u00e7al\u0131\u015fmalara g\u00f6re karbon sal\u0131mlar\u0131, insanlar\u0131n yedi\u011fi g\u0131dalar\u0131n yerel \u00fcretim olup olmamas\u0131ndan ziyade, ne yiyor olduklar\u0131yla daha ili\u015fkili.1 Vegan olmay\u0131 deneyebilirsiniz ya da 100% vegan olmak zorunda olmadan h\u0131zla artan \u00e7e\u015fitlilikteki bitkisel bazl\u0131 opsiyonlar\u0131 deneyebilirsiniz. Vegan [&hellip;]<\/p>\n","protected":false},"author":5,"featured_media":17209,"parent":8435,"menu_order":0,"comment_status":"closed","ping_status":"closed","template":"","meta":{"_acf_changed":false,"_editorskit_title_hidden":false,"_editorskit_reading_time":0,"_editorskit_is_block_options_detached":false,"_editorskit_block_options_position":"{}","inline_featured_image":false,"_uag_custom_page_level_css":"","footnotes":""},"categories":[],"tags":[],"class_list":["post-8528","page","type-page","status-publish","has-post-thumbnail","hentry"],"acf":[],"uagb_featured_image_src":{"full":["https:\/\/www.v-label.com\/wp-content\/uploads\/2022\/12\/v-label-cert-products.jpg",2000,1339,false],"thumbnail":["https:\/\/www.v-label.com\/wp-content\/uploads\/2022\/12\/v-label-cert-products-500x335.jpg",500,335,true],"medium":["https:\/\/www.v-label.com\/wp-content\/uploads\/2022\/12\/v-label-cert-products-300x201.jpg",300,201,true],"medium_large":["https:\/\/www.v-label.com\/wp-content\/uploads\/2022\/12\/v-label-cert-products-768x514.jpg",768,514,true],"large":["https:\/\/www.v-label.com\/wp-content\/uploads\/2022\/12\/v-label-cert-products-1024x686.jpg",1024,686,true],"1536x1536":["https:\/\/www.v-label.com\/wp-content\/uploads\/2022\/12\/v-label-cert-products-1536x1028.jpg",1536,1028,true],"2048x2048":["https:\/\/www.v-label.com\/wp-content\/uploads\/2022\/12\/v-label-cert-products.jpg",2000,1339,false],"preview":["https:\/\/www.v-label.com\/wp-content\/uploads\/2022\/12\/v-label-cert-products-904x720.jpg",904,720,true],"header":["https:\/\/www.v-label.com\/wp-content\/uploads\/2022\/12\/v-label-cert-products-2000x720.jpg",2000,720,true],"gform-image-choice-sm":["https:\/\/www.v-label.com\/wp-content\/uploads\/2022\/12\/v-label-cert-products.jpg",300,201,false],"gform-image-choice-md":["https:\/\/www.v-label.com\/wp-content\/uploads\/2022\/12\/v-label-cert-products.jpg",400,268,false],"gform-image-choice-lg":["https:\/\/www.v-label.com\/wp-content\/uploads\/2022\/12\/v-label-cert-products.jpg",600,402,false]},"uagb_author_info":{"display_name":"Can Aslan","author_link":"https:\/\/www.v-label.com\/tr"},"uagb_comment_info":0,"uagb_excerpt":"G\u0131da end\u00fcstrisinin atmosfere sal\u0131nan sera gazlar\u0131n\u0131n d\u00f6rtte birinden sorumlu olmas\u0131yla daha fazla insan iklim de\u011fi\u015fikli\u011fi konusunda duyarl\u0131 hale geldi. Son \u00e7al\u0131\u015fmalara g\u00f6re karbon sal\u0131mlar\u0131, insanlar\u0131n yedi\u011fi g\u0131dalar\u0131n yerel \u00fcretim olup olmamas\u0131ndan ziyade, ne yiyor olduklar\u0131yla daha ili\u015fkili.1 Vegan olmay\u0131 deneyebilirsiniz ya da 100% vegan olmak zorunda olmadan h\u0131zla artan \u00e7e\u015fitlilikteki bitkisel bazl\u0131 opsiyonlar\u0131 deneyebilirsiniz. Vegan&hellip;","_links":{"self":[{"href":"https:\/\/www.v-label.com\/tr\/wp-json\/wp\/v2\/pages\/8528","targetHints":{"allow":["GET"]}}],"collection":[{"href":"https:\/\/www.v-label.com\/tr\/wp-json\/wp\/v2\/pages"}],"about":[{"href":"https:\/\/www.v-label.com\/tr\/wp-json\/wp\/v2\/types\/page"}],"author":[{"embeddable":true,"href":"https:\/\/www.v-label.com\/tr\/wp-json\/wp\/v2\/users\/5"}],"replies":[{"embeddable":true,"href":"https:\/\/www.v-label.com\/tr\/wp-json\/wp\/v2\/comments?post=8528"}],"version-history":[{"count":5,"href":"https:\/\/www.v-label.com\/tr\/wp-json\/wp\/v2\/pages\/8528\/revisions"}],"predecessor-version":[{"id":83966,"href":"https:\/\/www.v-label.com\/tr\/wp-json\/wp\/v2\/pages\/8528\/revisions\/83966"}],"up":[{"embeddable":true,"href":"https:\/\/www.v-label.com\/tr\/wp-json\/wp\/v2\/pages\/8435"}],"wp:featuredmedia":[{"embeddable":true,"href":"https:\/\/www.v-label.com\/tr\/wp-json\/wp\/v2\/media\/17209"}],"wp:attachment":[{"href":"https:\/\/www.v-label.com\/tr\/wp-json\/wp\/v2\/media?parent=8528"}],"wp:term":[{"taxonomy":"category","embeddable":true,"href":"https:\/\/www.v-label.com\/tr\/wp-json\/wp\/v2\/categories?post=8528"},{"taxonomy":"post_tag","embeddable":true,"href":"https:\/\/www.v-label.com\/tr\/wp-json\/wp\/v2\/tags?post=8528"}],"curies":[{"name":"wp","href":"https:\/\/api.w.org\/{rel}","templated":true}]}}