{"id":8633,"date":"2022-05-30T16:16:08","date_gmt":"2022-05-30T14:16:08","guid":{"rendered":"https:\/\/www.v-label.com\/faqs\/"},"modified":"2022-12-10T16:12:10","modified_gmt":"2022-12-10T15:12:10","slug":"faqs","status":"publish","type":"page","link":"https:\/\/www.v-label.com\/tr\/faqs\/","title":{"rendered":"SSS"},"content":{"rendered":"\n<h3 class=\"has-text-align-center wp-block-heading\">V-Label ile ilgili merak edebilece\u011finiz baz\u0131 sorulara cevap bulun.<\/h3>\n\n\n\r\n<section id=\"accordion-block_81f19c7f332541295314ed6d3c4e1f4d\" class=\"wp-block-accordion\">\r\n\t\t\t<button class=\"toggle_open\" id=\"button_toggle\">Expand all<\/button>\r\n\t\t<ul class=\"posts_list_accordion\">\r\n\t\t\t\t\t\t\t<li>\r\n\t\t\t\t\t\t\t\t\t\t\t\t\t\t\t\t\t<h4 id=\"\">V-Label\u2019\u0131n di\u011fer bitkisel i\u00e7erik etiketlerinden fark\u0131 nedir?<i class=\"icon-angle-down\"><\/i><\/h4>\r\n\t\t\t\t\t\t\t\t\t\t\t\t\t\t\t\t<div class=\"accordion_text\"><p>\u00c7o\u011fu marka ve \u00fcretici \u00fcr\u00fcnlerinde kendi bitkisel i\u00e7erik etiketlerini kullan\u0131yor. Bu etiketleri \u00fcretirken vegan ve vejetaryen \u00fcr\u00fcn tan\u0131mlar\u0131n\u0131 da kendilerine g\u00f6re yapm\u0131\u015f oluyorlar bu da sekt\u00f6r genelinde tutars\u0131zl\u0131klara sebep olabiliyor. Belirli i\u00e7erikler ve \u00fcretim s\u00fcre\u00e7leri hakk\u0131ndaki eksik bilgi \u015firketlerin hatal\u0131 bilgilendirme yapmas\u0131na, \u00fcr\u00fcnleri yanl\u0131\u015f etiketlendirmesine sebep olabiliyor. \u015eirketlerin kendi olu\u015fturdu\u011fu vegan veya vejetaryen etiketler ba\u011f\u0131ms\u0131z kurumlar taraf\u0131ndan denetlenmedi\u011fi i\u00e7in m\u00fc\u015fteriler hatal\u0131 etiketlerle yanl\u0131\u015f y\u00f6nlendirilmi\u015f olabiliyorlar. T\u00fcketiciler vegan ve vejetaryen \u00fcr\u00fcnlerin daha net ve g\u00fcvenilir \u015fekilde i\u015faretlenmesi y\u00f6n\u00fcndeki ihtiya\u00e7lar\u0131n\u0131 s\u0131kl\u0131kla dile getirmekte.<\/p>\n<p>G\u00fcn\u00fcm\u00fczde sadece V-Label standart bir etiketleme hizmeti sundu\u011fu i\u00e7in t\u00fcketicilere vegan ve vejetaryen \u00fcr\u00fcnlere y\u00f6nelik net bilgi vermektedir. V-Label vegan ve vejetaryen \u00fcr\u00fcnlerin kalite denetimlerinin sorumlulu\u011funu \u015firketlerin \u00fczerinden almaktad\u0131r.<\/p>\n<p>Ayn\u0131 zamanda V-Label, Avrupa\u2019daki vegan ve vejetaryen etiket kategorisindeki tek ba\u011f\u0131ms\u0131z kurumdur.<\/p>\n<\/div>\r\n\t\t\t\t\t\t\t\t\t<\/li>\r\n\t\t\t\t\t\t\t<li>\r\n\t\t\t\t\t\t\t\t\t\t\t\t\t\t\t\t\t<h4 id=\"\">Neden sadece \u00fcr\u00fcn i\u00e7eriklerini okumak yeterli de\u011fil?<i class=\"icon-angle-down\"><\/i><\/h4>\r\n\t\t\t\t\t\t\t\t\t\t\t\t\t\t\t\t<div class=\"accordion_text\"><p>\u00dcr\u00fcnlerin i\u00e7eriklerini okumak \u00fcr\u00fcn\u00fcn vegan ya da vejetaryen oldu\u011fu y\u00f6n\u00fcnde kesin bilgi verememektedir. Baz\u0131 i\u00e7erikler E numaral\u0131yla tan\u0131mlan\u0131r, bunlar \u00e7o\u011fu t\u00fcketici i\u00e7in belirsiz bilgilerdir. Baz\u0131 i\u00e7erikler ise zorunlu olmad\u0131\u011f\u0131 i\u00e7in listelenmemektedir. Ayn\u0131 zamanda baz\u0131 i\u00e7eriklerin kayna\u011f\u0131 bitkisel mi yoksa hayvansal m\u0131 sadece ismi okunarak anla\u015f\u0131lamayabilir. Sevilen vegan ve vejetaryen \u00fcr\u00fcnlerdeki i\u00e7erik de\u011fi\u015fiklikleri t\u00fcketiciler taraf\u0131ndan g\u00f6zden ka\u00e7\u0131r\u0131labilir. V-Label etiketi alan \u00fcr\u00fcnler t\u00fcm \u00fcretim a\u015famalar\u0131 ve i\u00e7erikleri y\u00f6n\u00fcnden denetlenmektedir. Bu sebeple V-Label etiketi t\u00fcketicilere zaman kazand\u0131ran kolay ve g\u00fcvenilir bir g\u00f6stergedir.<\/p>\n<\/div>\r\n\t\t\t\t\t\t\t\t\t<\/li>\r\n\t\t\t\t\t\t\t<li>\r\n\t\t\t\t\t\t\t\t\t\t\t\t\t\t\t\t\t<h4 id=\"\">V-label etiketi ta\u015f\u0131yan \u00fcr\u00fcnler hangi kritere g\u00f6re vegan veya vejetaryen olarak i\u015faretlenir?<i class=\"icon-angle-down\"><\/i><\/h4>\r\n\t\t\t\t\t\t\t\t\t\t\t\t\t\t\t\t<div class=\"accordion_text\"><p>V-Label vegan ve vejetaryen terimlerini 22 Nisan 2016 tarihli T\u00fcketiciyi Koruma konferans\u0131nda (12th Minister for Consumer Protection Conference) tan\u0131mland\u0131\u011f\u0131 \u015fekilde kullanmaktad\u0131r.<\/p>\n<p><strong>Vegetarian<\/strong><\/p>\n<p>Et i\u00e7ermeyen g\u0131da ve di\u011fer \u00fcr\u00fcnler vejetaryen kabul edilir. Bununla ilgili t\u00fcm \u00fcretim ve i\u015fleme ad\u0131mlar\u0131 da dikkate al\u0131n\u0131r. Canl\u0131 hayvanlar sayesinde elde edilmi\u015f \u00fcr\u00fcn ve g\u0131dalar veya di\u011fer hayvansal \u00fcr\u00fcnler vejetaryen olarak kabul edilir.<\/p>\n<p><strong>Vegan<\/strong><\/p>\n<p>Et i\u00e7ermeyen g\u0131da ve di\u011fer \u00fcr\u00fcnler vegan kabul edilir. Bir \u00fcr\u00fcn\u00fcn ya da g\u0131dan\u0131n vegan kabul edilmesi i\u00e7in, canl\u0131 hayvanlardan \u00fcretilmemi\u015f olmas\u0131 veya hayvansal olmamas\u0131n\u0131 gerekmektedir. Bununla ilgili t\u00fcm \u00fcretim ve i\u015fleme ad\u0131mlar\u0131 da dikkate al\u0131n\u0131r.<\/p>\n<p><strong>V-Label i\u00e7in ek kriterler<\/strong><\/p>\n<p>A\u015fa\u011f\u0131daki durumlarda asla V-Label lisans\u0131 verilmez:<\/p>\n<ul>\n<li>GDO (geneti\u011fi de\u011fi\u015ftirilmi\u015f organizmalar) i\u00e7erdi\u011fi tespit edilmi\u015f \u00fcr\u00fcnler<\/li>\n<li>K\u00fcmes tavuklar\u0131n\u0131n yumurtalar\u0131n\u0131 i\u00e7eren \u00fcr\u00fcnler (zenginle\u015ftirilmi\u015f kafes sistemleri ve k\u00fc\u00e7\u00fck grup yeti\u015ftiricili\u011fi dahil)<\/li>\n<\/ul>\n<p><b>Paketleme<\/b><\/p>\n<p>V-Label, ambalajlar\u0131nda hayvansal \u00fcr\u00fcn kullanan \u00fcr\u00fcnleri hari\u00e7 tutmaz. Ancak, \u015firketlerin g\u00f6n\u00fcll\u00fc olarak hayvansal \u00fcr\u00fcn i\u00e7eren ambalaj kullanmay\u0131 b\u0131rakmalar\u0131 te\u015fvik edilmektedir.<\/p>\n<p><strong>G\u00fcbreleme ve yeti\u015ftirme<\/strong><\/p>\n<p>\u00dcr\u00fcn ve malzemelerin V-Label ile lisanslama s\u00fcreci hasat sonras\u0131n\u0131 kapsar. V-Label etiketini kullanan \u00fcr\u00fcnler i\u00e7in \u00a0hammaddelerin yeti\u015ftirildi\u011fi toprakta kullan\u0131lan g\u00fcbrelerbu kriterlerin d\u0131\u015f\u0131nda tutulur. Ancak, tamamen vegan, organik tar\u0131m ile hammaddelerin yeti\u015ftirilmesi tercih edilmelidir ve \u00a0\u00a0\u015firketlerin g\u00f6n\u00fcll\u00fc olarak hayvansal \u00fcr\u00fcn i\u00e7eren g\u00fcbreleri kullanmay\u0131 b\u0131rakmalar\u0131 te\u015fvik edilmektedir.<\/p>\n<p><strong>Eser miktardaki malzemeler ve g\u0131da bula\u015fanlar\u0131<\/strong><\/p>\n<p>\u015eirketler, \u00fcretim s\u00fcrecinde \u00a0\u00fcr\u00fcne ilave olma ihtimali bulunan hayvansal \u00fcr\u00fcnlere ya da alerjen maddelerin eser miktarda \u00fcr\u00fcnde bulunabilmesine dair bilgiye ambalaj \u00fczerinde yer verip vermeme konusunda tamamen \u00f6zg\u00fcrd\u00fcr. Eser miktarda bulunan malzemelere yer vererek, \u015firketler m\u00fc\u015fterilerin alerjik reaksiyonlara maruz kalmas\u0131 durumunda do\u011facak yasal sonu\u00e7lara kar\u015f\u0131 kendilerini koruma alt\u0131na almaktad\u0131r. S\u0131rf bu bilgiden \u00f6t\u00fcr\u00fc, nihai \u00fcr\u00fcn\u00fcn hayvansal \u00fcr\u00fcn i\u00e7erdi\u011fini s\u00f6ylemek m\u00fcmk\u00fcn de\u011fildir. Ama\u00e7, t\u00fcketicileri \u00fcretim s\u00fcrecinde ortaya \u00e7\u0131kma ihtimali olan minimum bula\u015fma konusunda uyarmakt\u0131r.<\/p>\n<p>Bu bilgilere yer veren \u00fcr\u00fcnler, \u00fcretim s\u0131ras\u0131nda herhangi bir a\u015famada hi\u00e7bir hayvansal maddenin kas\u0131tl\u0131 olarak eklenmemesi ko\u015fuluyla, V-Label&#8217;\u0131 ta\u015f\u0131yabilirler. \u00dcretim, i\u015fleme ve da\u011f\u0131t\u0131m\u0131n t\u00fcm a\u015famalar\u0131, vegan veya vejetaryen olmayan maddelerin istemeyerek de olsa dahil edilmesinin \u00f6n\u00fcne ge\u00e7ecek \u015fekilde \u00a0tasarlanmal\u0131d\u0131r. Vegan veya vejetaryen olmayan maddelerin istenmeyen varl\u0131\u011f\u0131, nihai \u00fcr\u00fcnde %0.1&#8217;den (1g\/kg) daha az olmal\u0131d\u0131r. %0.1 kriteri a\u015f\u0131l\u0131rsa, \u00fcretici \u00fcretim, i\u015fleme ve da\u011f\u0131t\u0131m\u0131n a\u015famalar\u0131n\u0131n t\u00fcm\u00fcn\u00fc iyile\u015ftirmekle y\u00fck\u00fcml\u00fcd\u00fcr. Bu m\u00fcmk\u00fcn de\u011filse, \u00fcretici bunun nedenlerini belirtmelidir. \u00dcreticinin vegan veya vejetaryen olmayan maddelerin bula\u015fmalar\u0131n\u0131 \u00f6nlemek i\u00e7in t\u00fcm d\u00fczenlemeleri yapmas\u0131na ra\u011fmen, %0.1 oran\u0131ndan sapma olmas\u0131 &#8220;vegan&#8221; veya &#8220;vejetaryen&#8221; V-label etiketlerinin kesin olarak verilmeyece\u011fi anlam\u0131na gelmez.<\/p>\n<p><strong>\u00d6rnekler<\/strong><\/p>\n<p>A\u015fa\u011f\u0131daki bile\u015fenlerden herhangi birini i\u00e7eren \u00fcr\u00fcn veya \u00fcr\u00fcnler i\u00e7in asla V-Label lisans\u0131 verilmez:<\/p>\n<ul>\n<li>Kesim \u00fcr\u00fcnleri<\/li>\n<li>Bal\u0131k, Bal\u0131k par\u00e7alar\u0131 veya di\u011fer deniz hayvanlar\u0131ndan elde edilen ya\u011flar<\/li>\n<li>Hayvansal k\u00f6kenli tatland\u0131r\u0131c\u0131lar (s\u00fct bazl\u0131 tatland\u0131r\u0131c\u0131lar hari\u00e7)<\/li>\n<li>Tavuk yumurtas\u0131 d\u0131\u015f\u0131ndaki yumurtalar (\u00f6rne\u011fin havyar)<\/li>\n<li>Rennet kullan\u0131lan s\u00fct \u00fcr\u00fcnleri<\/li>\n<li>Ar\u0131 s\u00fct\u00fc<\/li>\n<li>Hayvansal malzemelerden elde edilmi\u015f renklendiriciler (\u00d6rne\u011fin: Ko\u015fnil)<\/li>\n<li>Kemik k\u00f6m\u00fcr\u00fcnden \u00fcretilen \u015fekerler<\/li>\n<li>Hayvansal katk\u0131 maddeleri<\/li>\n<li>Hayvansal \u00fcr\u00fcn i\u00e7eren berrakla\u015ft\u0131r\u0131c\u0131lar (\u00f6rn. jelatin, isinglass)<\/li>\n<\/ul>\n<p>&#8220;Vegan&#8221; kategorideki V-Label ek olarak \u015funlar\u0131 i\u00e7ermemektedir:<\/p>\n<ul>\n<li>Yumurta<\/li>\n<li>Bal<\/li>\n<li>S\u00fct \u00fcr\u00fcnleri<\/li>\n<li>Hayvansal balmumu<\/li>\n<li>Hayvansal renklendirici<\/li>\n<li>Hayvansal katk\u0131 maddeleri<\/li>\n<li>Hayvansal berrakla\u015ft\u0131r\u0131c\u0131 (\u00d6rne\u011fin: yumurta ak\u0131)<\/li>\n<\/ul>\n<\/div>\r\n\t\t\t\t\t\t\t\t\t<\/li>\r\n\t\t\t\t\t\t\t<li>\r\n\t\t\t\t\t\t\t\t\t\t\t\t\t\t\t\t\t<h4 id=\"\">G\u0131dalar ve \u00fcr\u00fcnler neye g\u00f6re &quot;vegan&quot; ya da &quot;vejetaryen&quot; olarak s\u0131n\u0131fland\u0131r\u0131l\u0131rlar?<i class=\"icon-angle-down\"><\/i><\/h4>\r\n\t\t\t\t\t\t\t\t\t\t\t\t\t\t\t\t<div class=\"accordion_text\"><p>\u00dcr\u00fcnlerini V-label ile lisanslamak isteyen \u015firketler, \u00a0bu \u00fcr\u00fcnlerin tam bile\u015fimini ve i\u015fleme s\u0131ras\u0131nda kullan\u0131lan t\u00fcm katk\u0131 maddelerini lisans verene bildirmelidir. Bu \u00f6z beyan\u0131 takiben V-Label ekibi taraf\u0131ndan yap\u0131lan bir incelemenin ard\u0131ndan, g\u0131da ve \u00fcr\u00fcnler \u00a0\u201cvegan\u201d veya \u201cvejetaryen\u201dolarak s\u0131n\u0131fland\u0131r\u0131labilirler.<\/p>\n<\/div>\r\n\t\t\t\t\t\t\t\t\t<\/li>\r\n\t\t\t\t\t\t\t<li>\r\n\t\t\t\t\t\t\t\t\t\t\t\t\t\t\t\t\t<h4 id=\"\">\u015eirketlerin V-Label \u015fartlar\u0131n\u0131 yerine getirdi\u011finden emin olmak i\u00e7in ne t\u00fcr \u00f6nlemler al\u0131n\u0131r?<i class=\"icon-angle-down\"><\/i><\/h4>\r\n\t\t\t\t\t\t\t\t\t\t\t\t\t\t\t\t<div class=\"accordion_text\"><p>V-Label ekibi, V-Label taraf\u0131ndan vaat edilen g\u00fcvenilirli\u011fin ve faydalar\u0131n korunmas\u0131na y\u00f6nelik olarak kalite g\u00fcvence \u00f6nlemlerini uygulama hakk\u0131n\u0131 kendinde sakl\u0131 tutar.<\/p>\n<p>V-Label etiketini ta\u015f\u0131yan \u00fcr\u00fcn ve g\u0131dalar\u0131n \u00fcretim s\u00fcre\u00e7lerinde meydana gelen herhangi bir tarif de\u011fi\u015fikli\u011fi derhal kalite y\u00f6netiminden sorumlu V-Label ekip \u00fcyelerine bildirilmelidir. \u015eirket ilgili de\u011fi\u015fiklikleri ilan ettikten sonra yeni bir denetim yap\u0131l\u0131r.<\/p>\n<\/div>\r\n\t\t\t\t\t\t\t\t\t<\/li>\r\n\t\t\t\t\t\t\t<li>\r\n\t\t\t\t\t\t\t\t\t\t\t\t\t\t\t\t\t<h4 id=\"\">Bir \u00fcr\u00fcn\u00fcn V-Label&#039;\u0131 ta\u015f\u0131mas\u0131n\u0131n gerekli olmad\u0131\u011f\u0131 zamanlar var m\u0131?<i class=\"icon-angle-down\"><\/i><\/h4>\r\n\t\t\t\t\t\t\t\t\t\t\t\t\t\t\t\t<div class=\"accordion_text\"><p>T\u00fcm g\u0131dalar\u0131n V-Label ta\u015f\u0131mas\u0131 gerekli de\u011fildir: \u00c7aylar, baharatlar ve maden suyu ve i\u015flenmemi\u015f sebzeler gibi \u00e7i\u011f g\u0131dalar her zaman bitki bazl\u0131 olup, \u00f6zel olarak etiketlenme gerektirmez. Bir \u00fcr\u00fcn\u00fcn do\u011fru oldu\u011fu zaten bilinen bir bilgiye yine de yer vermesinde bir sak\u0131nca olmasa da, bu durum tavsiye edilmez.<\/p>\n<\/div>\r\n\t\t\t\t\t\t\t\t\t<\/li>\r\n\t\t\t\t\t\t\t<li>\r\n\t\t\t\t\t\t\t\t\t\t\t\t\t\t\t\t\t<h4 id=\"\">\u015eirketler, \u00fcr\u00fcnlerini V-Label ile lisanslarken ne gibi maliyetler \u00f6demeyi beklemelidir?<i class=\"icon-angle-down\"><\/i><\/h4>\r\n\t\t\t\t\t\t\t\t\t\t\t\t\t\t\t\t<div class=\"accordion_text\"><p>V-Label kullanan \u015firketler y\u0131ll\u0131k bazda bir lisans \u00fccretine ve bir defal\u0131k denetim \u00fccretine tabidir.<\/p>\n<\/div>\r\n\t\t\t\t\t\t\t\t\t<\/li>\r\n\t\t\t\t\t\t\t<li>\r\n\t\t\t\t\t\t\t\t\t\t\t\t\t\t\t\t\t<h4 id=\"\">\u015eirketlerin lisans\u0131 almas\u0131 ne kadar s\u00fcrebilir?<i class=\"icon-angle-down\"><\/i><\/h4>\r\n\t\t\t\t\t\t\t\t\t\t\t\t\t\t\t\t<div class=\"accordion_text\"><p>Lisanslama i\u015flemi be\u015f ad\u0131mdan olu\u015fur. \u015eirket ilk iste\u011fi g\u00f6nderdikten sonra, sunulan \u015firket verileri temelinde bir teklif yap\u0131l\u0131r. Teklif \u015firket taraf\u0131ndan onayland\u0131ktan sonra bir lisans s\u00f6zle\u015fmesi imzalan\u0131r. Bundan sonra, lisans veren t\u00fcm \u00fcr\u00fcn detaylar\u0131n\u0131 kontrol eder. Kapsaml\u0131 bir kontrol sonras\u0131nda ve lisans veren sonu\u00e7tan memnun ise, V-Label lisans\u0131 verilir. Son olarak, \u00fcr\u00fcn ambalaj d\u00fczeni kontrol edilir ve kullan\u0131m onay\u0131 verilir.<\/p>\n<p>Standart bir lisanslama i\u015fleminde, bir \u015firketin V-Label&#8217;\u0131 kullanmaya ba\u015flamas\u0131 2 ila 8 hafta aras\u0131nda zaman alabilir. Ekspres lisanslama i\u015flemleri de m\u00fcmk\u00fcnd\u00fcr. Bunun i\u00e7in, denetimlere \u00f6ncelik verilir ve ilk denetim s\u00fcrecinin on i\u015f g\u00fcn\u00fc i\u00e7inde gerekli kontroller yap\u0131l\u0131r.<\/p>\n<\/div>\r\n\t\t\t\t\t\t\t\t\t<\/li>\r\n\t\t\t\t\t\t\t<li>\r\n\t\t\t\t\t\t\t\t\t\t\t\t\t\t\t\t\t<h4 id=\"\">\u015eirketler i\u00e7in s\u00f6zle\u015fmenin niteli\u011fi nedir?<i class=\"icon-angle-down\"><\/i><\/h4>\r\n\t\t\t\t\t\t\t\t\t\t\t\t\t\t\t\t<div class=\"accordion_text\"><p><strong>Ge\u00e7erlilik s\u00fcresi<\/strong><\/p>\n<p>S\u00f6zle\u015fme genellikle bir y\u0131l ge\u00e7erlidir. Sat\u0131\u015flar %10&#8217;dan fazla yukar\u0131 veya a\u015fa\u011f\u0131 y\u00f6nl\u00fc de\u011fi\u015fim g\u00f6sterirse, y\u0131ll\u0131k lisans \u00fccreti buna g\u00f6re ayarlan\u0131r. S\u00f6zle\u015fmenin ba\u015flang\u0131\u00e7 tarihi s\u00f6zle\u015fmede belirtilmi\u015ftir. Gelecekteki \u00f6nemli bir tarihe de yer verilebilir. (\u00d6rne\u011fin: \u00fcr\u00fcn lansman tarihi) S\u00f6zle\u015fmenin bitmesinden \u00fc\u00e7 ay \u00f6nce yaz\u0131l\u0131 olarak feshedilmezse s\u00f6zle\u015fme otomatik olarak uzat\u0131l\u0131r.<\/p>\n<p><b>Lisans sertifikas\u0131<\/b><\/p>\n<p>Lisanslama i\u015flemi tamamland\u0131ktan sonra, ilgili kategorideki \u00fcr\u00fcn i\u00e7in bir lisans sertifikas\u0131 verilir.<\/p>\n<\/div>\r\n\t\t\t\t\t\t\t\t\t<\/li>\r\n\t\t\t\t\t<\/ul>\r\n\t<\/section>","protected":false},"excerpt":{"rendered":"<p>V-Label ile ilgili merak edebilece\u011finiz baz\u0131 sorulara cevap bulun.<\/p>\n","protected":false},"author":5,"featured_media":17168,"parent":0,"menu_order":0,"comment_status":"closed","ping_status":"closed","template":"","meta":{"_acf_changed":false,"_editorskit_title_hidden":false,"_editorskit_reading_time":0,"_editorskit_is_block_options_detached":false,"_editorskit_block_options_position":"{}","inline_featured_image":false,"_uag_custom_page_level_css":"","footnotes":""},"categories":[],"tags":[],"class_list":["post-8633","page","type-page","status-publish","has-post-thumbnail","hentry"],"acf":[],"uagb_featured_image_src":{"full":["https:\/\/www.v-label.com\/wp-content\/uploads\/2022\/12\/v-label-faqs.jpg",1280,743,false],"thumbnail":["https:\/\/www.v-label.com\/wp-content\/uploads\/2022\/12\/v-label-faqs-500x290.jpg",500,290,true],"medium":["https:\/\/www.v-label.com\/wp-content\/uploads\/2022\/12\/v-label-faqs-300x174.jpg",300,174,true],"medium_large":["https:\/\/www.v-label.com\/wp-content\/uploads\/2022\/12\/v-label-faqs-768x446.jpg",768,446,true],"large":["https:\/\/www.v-label.com\/wp-content\/uploads\/2022\/12\/v-label-faqs-1024x594.jpg",1024,594,true],"1536x1536":["https:\/\/www.v-label.com\/wp-content\/uploads\/2022\/12\/v-label-faqs.jpg",1280,743,false],"2048x2048":["https:\/\/www.v-label.com\/wp-content\/uploads\/2022\/12\/v-label-faqs.jpg",1280,743,false],"preview":["https:\/\/www.v-label.com\/wp-content\/uploads\/2022\/12\/v-label-faqs-904x720.jpg",904,720,true],"header":["https:\/\/www.v-label.com\/wp-content\/uploads\/2022\/12\/v-label-faqs-1280x720.jpg",1280,720,true],"gform-image-choice-sm":["https:\/\/www.v-label.com\/wp-content\/uploads\/2022\/12\/v-label-faqs.jpg",300,174,false],"gform-image-choice-md":["https:\/\/www.v-label.com\/wp-content\/uploads\/2022\/12\/v-label-faqs.jpg",400,232,false],"gform-image-choice-lg":["https:\/\/www.v-label.com\/wp-content\/uploads\/2022\/12\/v-label-faqs.jpg",600,348,false]},"uagb_author_info":{"display_name":"Can Aslan","author_link":"https:\/\/www.v-label.com\/tr"},"uagb_comment_info":0,"uagb_excerpt":"V-Label ile ilgili merak edebilece\u011finiz baz\u0131 sorulara cevap bulun.","_links":{"self":[{"href":"https:\/\/www.v-label.com\/tr\/wp-json\/wp\/v2\/pages\/8633","targetHints":{"allow":["GET"]}}],"collection":[{"href":"https:\/\/www.v-label.com\/tr\/wp-json\/wp\/v2\/pages"}],"about":[{"href":"https:\/\/www.v-label.com\/tr\/wp-json\/wp\/v2\/types\/page"}],"author":[{"embeddable":true,"href":"https:\/\/www.v-label.com\/tr\/wp-json\/wp\/v2\/users\/5"}],"replies":[{"embeddable":true,"href":"https:\/\/www.v-label.com\/tr\/wp-json\/wp\/v2\/comments?post=8633"}],"version-history":[{"count":4,"href":"https:\/\/www.v-label.com\/tr\/wp-json\/wp\/v2\/pages\/8633\/revisions"}],"predecessor-version":[{"id":10548,"href":"https:\/\/www.v-label.com\/tr\/wp-json\/wp\/v2\/pages\/8633\/revisions\/10548"}],"wp:featuredmedia":[{"embeddable":true,"href":"https:\/\/www.v-label.com\/tr\/wp-json\/wp\/v2\/media\/17168"}],"wp:attachment":[{"href":"https:\/\/www.v-label.com\/tr\/wp-json\/wp\/v2\/media?parent=8633"}],"wp:term":[{"taxonomy":"category","embeddable":true,"href":"https:\/\/www.v-label.com\/tr\/wp-json\/wp\/v2\/categories?post=8633"},{"taxonomy":"post_tag","embeddable":true,"href":"https:\/\/www.v-label.com\/tr\/wp-json\/wp\/v2\/tags?post=8633"}],"curies":[{"name":"wp","href":"https:\/\/api.w.org\/{rel}","templated":true}]}}