{"id":73440,"date":"2022-05-25T18:05:39","date_gmt":"2022-05-25T16:05:39","guid":{"rendered":"https:\/\/www.v-label.com\/nhan-hieu-chay-thuan-chay-hang-dau-the-gioi\/"},"modified":"2024-07-11T11:12:24","modified_gmt":"2024-07-11T09:12:24","slug":"nhan-hieu-chay-thuan-chay-hang-dau-the-gioi","status":"publish","type":"page","link":"https:\/\/www.v-label.com\/vi\/","title":{"rendered":"Trang ch\u1ee7"},"content":{"rendered":"\n<div style=\"height:1px\" aria-hidden=\"true\" class=\"wp-block-spacer\"><\/div>\n\n\n\n<h2 class=\"wp-block-heading has-text-align-center has-large-font-size\" style=\"font-style:normal;font-weight:700;text-transform:uppercase\">Nh\u00e3n hi\u1ec7u chay &amp; thu\u1ea7n chay h\u00e0ng \u0111\u1ea7u th\u1ebf gi\u1edbI<\/h2>\n\n\n\n<div class=\"wp-block-media-text alignwide has-media-on-the-right is-stacked-on-mobile is-vertically-aligned-top is-image-fill\"><div class=\"wp-block-media-text__content\">\n<div style=\"height:10px\" aria-hidden=\"true\" class=\"wp-block-spacer\"><\/div>\n\n\n\n<p>Tr\u00ean to\u00e0n c\u1ea7u, V-Label \u0111\u00e3 c\u00f3 h\u01a1n 70.000 s\u1ea3n ph\u1ea9m \u0111\u1ebfn t\u1eeb h\u01a1n 4.800 \u0111\u01a1n v\u1ecb \u0111\u01b0\u1ee3c c\u1ea5p ph\u00e9p \u0111ang l\u01b0u h\u00e0nh tr\u00ean th\u1ecb tr\u01b0\u1eddng.<\/p>\n\n\n\n<p>V-Label l\u00e0 nh\u00e3n hi\u1ec7u \u0111\u00e3 \u0111\u0103ng k\u00fd ghi nh\u00e3n c\u00e1c s\u1ea3n ph\u1ea9m v\u00e0 d\u1ecbch v\u1ee5 thu\u1ea7n chay \u0111\u01b0\u1ee3c th\u00e0nh l\u1eadp t\u1ea1i Th\u1ee5y S\u0129 v\u00e0o n\u0103m 1996. \u0110\u00e2y l\u00e0 nh\u00e3n hi\u1ec7u h\u01b0\u1edbng d\u1eabn mua s\u1eafm \u0111\u00e1ng tin c\u1eady cho ng\u01b0\u1eddi ti\u00eau d\u00f9ng. <\/p>\n\n\n\n<div class=\"wp-block-buttons is-layout-flex wp-block-buttons-is-layout-flex\">\n<div class=\"wp-block-button\"><a class=\"wp-block-button__link has-greendark-background-color has-background wp-element-button\" href=\"https:\/\/www.v-label.com\/get-certified\/\">Nh\u00e3n hi\u1ec7u \u0111\u01b0\u1ee3c ch\u1ee9ng nh\u1eadn<\/a><\/div>\n<\/div>\n<\/div><figure class=\"wp-block-media-text__media\" style=\"background-image:url(https:\/\/www.v-label.com\/wp-content\/uploads\/2022\/12\/v-label-new-home-page-2-1024x732.jpg);background-position:50% 50%\"><img decoding=\"async\" width=\"1024\" height=\"732\" src=\"https:\/\/www.v-label.com\/wp-content\/uploads\/2022\/12\/v-label-new-home-page-2-1024x732.jpg\" alt=\"Tr\u00ean to\u00e0n c\u1ea7u, V-Label \u0111\u00e3 c\u00f3 h\u01a1n 50.000 s\u1ea3n ph\u1ea9m \u0111\u1ebfn t\u1eeb h\u01a1n 4.300 \u0111\u01a1n v\u1ecb \u0111\u01b0\u1ee3c c\u1ea5p ph\u00e9p \u0111ang l\u01b0u h\u00e0nh tr\u00ean th\u1ecb tr\u01b0\u1eddng.\" class=\"wp-image-40341 size-full\" srcset=\"https:\/\/www.v-label.com\/wp-content\/uploads\/2022\/12\/v-label-new-home-page-2-1024x732.jpg 1024w, https:\/\/www.v-label.com\/wp-content\/uploads\/2022\/12\/v-label-new-home-page-2-300x214.jpg 300w, https:\/\/www.v-label.com\/wp-content\/uploads\/2022\/12\/v-label-new-home-page-2-500x357.jpg 500w, https:\/\/www.v-label.com\/wp-content\/uploads\/2022\/12\/v-label-new-home-page-2-768x549.jpg 768w, https:\/\/www.v-label.com\/wp-content\/uploads\/2022\/12\/v-label-new-home-page-2-1536x1098.jpg 1536w, https:\/\/www.v-label.com\/wp-content\/uploads\/2022\/12\/v-label-new-home-page-2.jpg 1920w\" sizes=\"(max-width: 1024px) 100vw, 1024px\" \/><\/figure><\/div>\n\n\n\n<div style=\"height:70px\" aria-hidden=\"true\" class=\"wp-block-spacer\"><\/div>\n\n\n\n<div class=\"wp-block-media-text alignwide is-stacked-on-mobile is-image-fill\"><figure class=\"wp-block-media-text__media\" style=\"background-image:url(https:\/\/www.v-label.com\/wp-content\/uploads\/2022\/09\/home-producers-and-consumers-trust-1024x683.jpeg);background-position:50% 50%\"><img decoding=\"async\" width=\"1024\" height=\"683\" src=\"https:\/\/www.v-label.com\/wp-content\/uploads\/2022\/09\/home-producers-and-consumers-trust-1024x683.jpeg\" alt=\"V\u1edbi h\u01a1n 25 n\u0103m kinh nghi\u1ec7m qu\u1ea3n l\u00fd ch\u1ea5t l\u01b0\u1ee3ng s\u1ea3n ph\u1ea9m, \u0111\u1ed9i ng\u0169 ch\u00fang t\u00f4i g\u1ed3m c\u00f3 c\u00e1c chuy\u00ean gia v\u1ec1 qu\u1ea3n l\u00fd ch\u1ea5t l\u01b0\u1ee3ng, c\u00f4ng ngh\u1ec7 th\u1ef1c ph\u1ea9m, h\u00f3a h\u1ecdc, th\u1ea9m m\u1ef9 v\u00e0 ti\u1ebfp th\u1ecb \u0111i \u0111\u1ea7u trong phong tr\u00e0o to\u00e0n c\u1ea7u. Ch\u00fang t\u00f4i \u0111\u00e3 v\u00e0 s\u1ebd ti\u1ebfp t\u1ee5c h\u1ee3p t\u00e1c v\u1edbi c\u00e1c doanh nghi\u1ec7p, nh\u00e0 b\u00e1n l\u1ebb, ng\u01b0\u1eddi ti\u00eau d\u00f9ng v\u00e0 c\u00e1c nh\u00e0 v\u1eadn \u0111\u1ed9ng \u0111\u1ec3 th\u00fac \u0111\u1ea9y c\u00e1c nh\u00e0 s\u1ea3n xu\u1ea5t quan t\u00e2m h\u01a1n n\u1eefa \u0111\u1ebfn c\u00e1c s\u1ea3n ph\u1ea9m ph\u1ee5c v\u1ee5 cho c\u1ed9ng \u0111\u1ed3ng ng\u01b0\u1eddi \u0103n chay n\u00f3i ri\u00eang v\u00e0 h\u01b0\u1edbng \u0111\u1ebfn m\u1ee5c ti\u00eau ph\u00e1t tri\u1ec3n b\u1ec1n v\u1eefng to\u00e0n c\u1ea7u n\u00f3i chung. \" class=\"wp-image-710 size-full\" srcset=\"https:\/\/www.v-label.com\/wp-content\/uploads\/2022\/09\/home-producers-and-consumers-trust-1024x683.jpeg 1024w, https:\/\/www.v-label.com\/wp-content\/uploads\/2022\/09\/home-producers-and-consumers-trust-300x200.jpeg 300w, https:\/\/www.v-label.com\/wp-content\/uploads\/2022\/09\/home-producers-and-consumers-trust-500x334.jpeg 500w, https:\/\/www.v-label.com\/wp-content\/uploads\/2022\/09\/home-producers-and-consumers-trust-768x512.jpeg 768w, https:\/\/www.v-label.com\/wp-content\/uploads\/2022\/09\/home-producers-and-consumers-trust-1536x1025.jpeg 1536w, https:\/\/www.v-label.com\/wp-content\/uploads\/2022\/09\/home-producers-and-consumers-trust.jpeg 1920w\" sizes=\"(max-width: 1024px) 100vw, 1024px\" \/><\/figure><div class=\"wp-block-media-text__content\">\n<h2 class=\"wp-block-heading has-text-align-left\">Nh\u00e0 s\u1ea3n xu\u1ea5t v\u00e0 ng\u01b0\u1eddi ti\u00eau d\u00f9ng tin t\u01b0\u1edfng V-Label<\/h2>\n\n\n\n<p class=\"has-text-align-left\">V\u1edbi h\u01a1n <strong>25 n\u0103m<\/strong> kinh nghi\u1ec7m qu\u1ea3n l\u00fd ch\u1ea5t l\u01b0\u1ee3ng s\u1ea3n ph\u1ea9m, \u0111\u1ed9i ng\u0169 ch\u00fang t\u00f4i g\u1ed3m c\u00f3 c\u00e1c chuy\u00ean gia v\u1ec1 qu\u1ea3n l\u00fd ch\u1ea5t l\u01b0\u1ee3ng, c\u00f4ng ngh\u1ec7 th\u1ef1c ph\u1ea9m, h\u00f3a h\u1ecdc, th\u1ea9m m\u1ef9 v\u00e0 ti\u1ebfp th\u1ecb \u0111i \u0111\u1ea7u trong phong tr\u00e0o to\u00e0n c\u1ea7u. Ch\u00fang t\u00f4i \u0111\u00e3 v\u00e0 s\u1ebd ti\u1ebfp t\u1ee5c h\u1ee3p t\u00e1c v\u1edbi c\u00e1c doanh nghi\u1ec7p, nh\u00e0 b\u00e1n l\u1ebb, ng\u01b0\u1eddi ti\u00eau d\u00f9ng v\u00e0 c\u00e1c nh\u00e0 v\u1eadn \u0111\u1ed9ng \u0111\u1ec3 th\u00fac \u0111\u1ea9y c\u00e1c nh\u00e0 s\u1ea3n xu\u1ea5t quan t\u00e2m h\u01a1n n\u1eefa \u0111\u1ebfn c\u00e1c s\u1ea3n ph\u1ea9m ph\u1ee5c v\u1ee5 cho c\u1ed9ng \u0111\u1ed3ng ng\u01b0\u1eddi \u0103n chay n\u00f3i ri\u00eang v\u00e0 h\u01b0\u1edbng \u0111\u1ebfn m\u1ee5c ti\u00eau ph\u00e1t tri\u1ec3n b\u1ec1n v\u1eefng to\u00e0n c\u1ea7u n\u00f3i chung. <\/p>\n\n\n\n<div class=\"wp-block-buttons is-content-justification-left is-layout-flex wp-container-core-buttons-is-layout-fdcfc74e wp-block-buttons-is-layout-flex\">\n<div class=\"wp-block-button is-style-default\"><a class=\"wp-block-button__link has-greendark-background-color has-background wp-element-button\" href=\"https:\/\/www.v-label.com\/about-us\/\">T\u00ecm hi\u1ec3u th\u00eam v\u1ec1 V-Label<\/a><\/div>\n<\/div>\n<\/div><\/div>\n\n\n\n<div style=\"height:70px\" aria-hidden=\"true\" class=\"wp-block-spacer\"><\/div>\n\n\n\n<div class=\"wp-block-media-text alignwide has-media-on-the-right is-stacked-on-mobile is-image-fill\"><div class=\"wp-block-media-text__content\">\n<div style=\"height:30px\" aria-hidden=\"true\" class=\"wp-block-spacer\"><\/div>\n\n\n\n<h2 class=\"wp-block-heading has-text-align-left\">C\u1ed9ng \u0111\u1ed3ng to\u00e0n c\u1ea7u, h\u1ed7 tr\u1ee3 \u0111\u1ecba ph\u01b0\u01a1ng<\/h2>\n\n\n\n<p class=\"has-text-align-left\">Ch\u00fang t\u00f4i c\u00f3 c\u00e1c t\u1ed5 ch\u1ee9c \u0111\u1ed1i t\u00e1c \u1edf h\u01a1n <strong>50 qu\u1ed1c<\/strong> gia n\u00f3i h\u01a1n <strong>30 ng\u00f4n ng\u1eef<\/strong>, chi\u1ebfm v\u1ecb tr\u00ed \u0111\u1ed9c <strong>nh\u1ea5t \u0111\u1ec3 h\u1ed7 tr\u1ee3 s\u1ea3n ph\u1ea9m c\u1ee7a b\u1ea1n<\/strong> c\u1ea3 \u1edf \u0111\u1ecba ph\u01b0\u01a1ng v\u00e0 qu\u1ed1c t\u1ebf.<\/p>\n\n\n\n<div class=\"wp-block-buttons is-content-justification-left is-layout-flex wp-container-core-buttons-is-layout-fdcfc74e wp-block-buttons-is-layout-flex\">\n<div class=\"wp-block-button is-style-default\"><a class=\"wp-block-button__link has-greendark-background-color has-background wp-element-button\" href=\"https:\/\/www.v-label.com\/info-for-producers\/benefits\/\">Kh\u00e1m ph\u00e1 th\u00eam l\u1ee3i \u00edch<\/a><\/div>\n<\/div>\n\n\n\n<div style=\"height:30px\" aria-hidden=\"true\" class=\"wp-block-spacer\"><\/div>\n<\/div><figure class=\"wp-block-media-text__media\" style=\"background-image:url(https:\/\/www.v-label.com\/wp-content\/uploads\/2022\/12\/v-label-global-community-local-support.jpg);background-position:50% 50%\"><img decoding=\"async\" width=\"1280\" height=\"837\" src=\"https:\/\/www.v-label.com\/wp-content\/uploads\/2022\/12\/v-label-global-community-local-support.jpg\" alt=\"Ch\u00fang t\u00f4i c\u00f3 c\u00e1c t\u1ed5 ch\u1ee9c \u0111\u1ed1i t\u00e1c \u1edf h\u01a1n 30 qu\u1ed1c gia n\u00f3i h\u01a1n 20 ng\u00f4n ng\u1eef, chi\u1ebfm v\u1ecb tr\u00ed \u0111\u1ed9c nh\u1ea5t \u0111\u1ec3 h\u1ed7 tr\u1ee3 s\u1ea3n ph\u1ea9m c\u1ee7a b\u1ea1n c\u1ea3 \u1edf \u0111\u1ecba ph\u01b0\u01a1ng v\u00e0 qu\u1ed1c t\u1ebf.\" class=\"wp-image-16861 size-full\" srcset=\"https:\/\/www.v-label.com\/wp-content\/uploads\/2022\/12\/v-label-global-community-local-support.jpg 1280w, https:\/\/www.v-label.com\/wp-content\/uploads\/2022\/12\/v-label-global-community-local-support-300x196.jpg 300w, https:\/\/www.v-label.com\/wp-content\/uploads\/2022\/12\/v-label-global-community-local-support-1024x670.jpg 1024w, https:\/\/www.v-label.com\/wp-content\/uploads\/2022\/12\/v-label-global-community-local-support-500x327.jpg 500w, https:\/\/www.v-label.com\/wp-content\/uploads\/2022\/12\/v-label-global-community-local-support-768x502.jpg 768w\" sizes=\"(max-width: 1280px) 100vw, 1280px\" \/><\/figure><\/div>\n\n\n\n<h2 class=\"wp-block-heading has-text-align-center\">S\u1eb5n s\u00e0ng tham gia?<\/h2>\n\n\n\n<p class=\"has-text-align-center\">V\u1eabn c\u00f2n suy ngh\u0129 v\u1ec1 V-Label? <strong>N\u1ebfu b\u1ea1n l\u00e0 nh\u00e0 s\u1ea3n xu\u1ea5t<\/strong>, b\u1ea1n c\u00f3 th\u1ec3 t\u00ecm th\u1ea5y c\u00e1c ti\u00eau ch\u00ed chi ti\u1ebft v\u00e0 quy tr\u00ecnh ch\u1ee9ng <a href=\"\" data-type=\"\" target=\"\" rel=\"noopener\">nh\u1eadn t\u1ea1i \u0111\u00e2y<\/a>.<\/p>\n","protected":false},"excerpt":{"rendered":"<p>Tr\u00ean to\u00e0n c\u1ea7u, V-Label \u0111\u00e3 c\u00f3 h\u01a1n 70.000 s\u1ea3n ph\u1ea9m \u0111\u1ebfn t\u1eeb h\u01a1n 4.800 \u0111\u01a1n v\u1ecb \u0111\u01b0\u1ee3c c\u1ea5p ph\u00e9p \u0111ang l\u01b0u h\u00e0nh tr\u00ean th\u1ecb tr\u01b0\u1eddng. <\/p>\n","protected":false},"author":5,"featured_media":73452,"parent":0,"menu_order":0,"comment_status":"closed","ping_status":"closed","template":"","meta":{"_acf_changed":false,"_editorskit_title_hidden":false,"_editorskit_reading_time":0,"_editorskit_is_block_options_detached":false,"_editorskit_block_options_position":"{}","inline_featured_image":false,"_uag_custom_page_level_css":"","footnotes":""},"categories":[],"tags":[],"class_list":["post-73440","page","type-page","status-publish","has-post-thumbnail","hentry"],"acf":[],"uagb_featured_image_src":{"full":["https:\/\/www.v-label.com\/wp-content\/uploads\/2022\/12\/header-test.jpg",2000,1000,false],"thumbnail":["https:\/\/www.v-label.com\/wp-content\/uploads\/2022\/12\/header-test-500x250.jpg",500,250,true],"medium":["https:\/\/www.v-label.com\/wp-content\/uploads\/2022\/12\/header-test-300x150.jpg",300,150,true],"medium_large":["https:\/\/www.v-label.com\/wp-content\/uploads\/2022\/12\/header-test-768x384.jpg",768,384,true],"large":["https:\/\/www.v-label.com\/wp-content\/uploads\/2022\/12\/header-test-1024x512.jpg",1024,512,true],"1536x1536":["https:\/\/www.v-label.com\/wp-content\/uploads\/2022\/12\/header-test-1536x768.jpg",1536,768,true],"2048x2048":["https:\/\/www.v-label.com\/wp-content\/uploads\/2022\/12\/header-test.jpg",2000,1000,false],"preview":["https:\/\/www.v-label.com\/wp-content\/uploads\/2022\/12\/header-test-904x720.jpg",904,720,true],"header":["https:\/\/www.v-label.com\/wp-content\/uploads\/2022\/12\/header-test-2000x720.jpg",2000,720,true],"gform-image-choice-sm":["https:\/\/www.v-label.com\/wp-content\/uploads\/2022\/12\/header-test.jpg",300,150,false],"gform-image-choice-md":["https:\/\/www.v-label.com\/wp-content\/uploads\/2022\/12\/header-test.jpg",400,200,false],"gform-image-choice-lg":["https:\/\/www.v-label.com\/wp-content\/uploads\/2022\/12\/header-test.jpg",600,300,false]},"uagb_author_info":{"display_name":"Can Aslan","author_link":"https:\/\/www.v-label.com\/vi"},"uagb_comment_info":0,"uagb_excerpt":"Tr\u00ean to\u00e0n c\u1ea7u, V-Label \u0111\u00e3 c\u00f3 h\u01a1n 70.000 s\u1ea3n ph\u1ea9m \u0111\u1ebfn t\u1eeb h\u01a1n 4.800 \u0111\u01a1n v\u1ecb \u0111\u01b0\u1ee3c c\u1ea5p ph\u00e9p \u0111ang l\u01b0u h\u00e0nh tr\u00ean th\u1ecb tr\u01b0\u1eddng.","_links":{"self":[{"href":"https:\/\/www.v-label.com\/vi\/wp-json\/wp\/v2\/pages\/73440","targetHints":{"allow":["GET"]}}],"collection":[{"href":"https:\/\/www.v-label.com\/vi\/wp-json\/wp\/v2\/pages"}],"about":[{"href":"https:\/\/www.v-label.com\/vi\/wp-json\/wp\/v2\/types\/page"}],"author":[{"embeddable":true,"href":"https:\/\/www.v-label.com\/vi\/wp-json\/wp\/v2\/users\/5"}],"replies":[{"embeddable":true,"href":"https:\/\/www.v-label.com\/vi\/wp-json\/wp\/v2\/comments?post=73440"}],"version-history":[{"count":5,"href":"https:\/\/www.v-label.com\/vi\/wp-json\/wp\/v2\/pages\/73440\/revisions"}],"predecessor-version":[{"id":83971,"href":"https:\/\/www.v-label.com\/vi\/wp-json\/wp\/v2\/pages\/73440\/revisions\/83971"}],"wp:featuredmedia":[{"embeddable":true,"href":"https:\/\/www.v-label.com\/vi\/wp-json\/wp\/v2\/media\/73452"}],"wp:attachment":[{"href":"https:\/\/www.v-label.com\/vi\/wp-json\/wp\/v2\/media?parent=73440"}],"wp:term":[{"taxonomy":"category","embeddable":true,"href":"https:\/\/www.v-label.com\/vi\/wp-json\/wp\/v2\/categories?post=73440"},{"taxonomy":"post_tag","embeddable":true,"href":"https:\/\/www.v-label.com\/vi\/wp-json\/wp\/v2\/tags?post=73440"}],"curies":[{"name":"wp","href":"https:\/\/api.w.org\/{rel}","templated":true}]}}