{"id":73462,"date":"2022-05-30T16:18:01","date_gmt":"2022-05-30T14:18:01","guid":{"rendered":"https:\/\/www.v-label.com\/bao-cao-lam-dung\/"},"modified":"2024-04-22T13:06:27","modified_gmt":"2024-04-22T11:06:27","slug":"bao-cao-lam-dung","status":"publish","type":"page","link":"https:\/\/www.v-label.com\/vi\/bao-cao-lam-dung\/","title":{"rendered":"B\u00e1o c\u00e1o l\u1ea1m d\u1ee5ng"},"content":{"rendered":"\n<p>B\u1ea1n nh\u00ecn th\u1ea5y nh\u00e3n hi\u1ec7u V-Label tr\u00ean bao b\u00ec kh\u00f4ng c\u00f3 ngu\u1ed3n g\u1ed1c th\u1ef1c v\u1eadt? Ho\u1eb7c b\u1ea1n \u0111\u00e3 th\u1ea5y m\u1ed9t s\u1ea3n ph\u1ea9m gi\u1ea3 chay b\u1ecb d\u00e1n nh\u00e3n nh\u1ea7m l\u00e0 thu\u1ea7n chay? Ho\u1eb7c c\u00e1c d\u1ea5u hi\u1ec7u b\u1ea5t th\u01b0\u1eddng kh\u00e1c s\u1eed d\u1ee5ng nh\u00e3n hi\u1ec7u V-Label? H\u00e3y cho ch\u00fang t\u00f4i bi\u1ebft ngay l\u1eadp t\u1ee9c.    <\/p>\n\n\n\n<p>Vi\u1ec7c s\u1eed d\u1ee5ng sai c\u00f3 th\u1ec3 x\u1ea3y ra v\u00ec nhi\u1ec1u l\u00fd do, t\u1eeb vi\u1ec7c kh\u00f4ng hi\u1ec3u r\u1eb1ng V-Label l\u00e0 nh\u00e3n hi\u1ec7u \u0111\u00e3 \u0111\u0103ng k\u00fd v\u00e0 do \u0111\u00f3 kh\u00f4ng th\u1ec3 \u0111\u01b0\u1ee3c s\u1eed d\u1ee5ng t\u1ef1 do, cho \u0111\u1ebfn vi\u1ec7c gia c\u00f4ng bao b\u00ec, cho \u0111\u1ebfn c\u00e1c b\u00ean th\u1ee9 ba th\u00eam V-Label m\u00e0 kh\u00f4ng c\u00f3 nghi\u00ean c\u1ee9u th\u00edch h\u1ee3p, \u0111\u1ebfn vi\u1ec7c g\u00e1n nh\u00e3n nh\u1ea7m c\u00e1c s\u1ea3n ph\u1ea9m chay l\u00e0 thu\u1ea7n chay,&#8230; <\/p>\n\n\n\n<p>Ch\u00fang t\u00f4i khuy\u00ean b\u1ea1n n\u00ean b\u00e1o c\u00e1o ngay l\u1eadp t\u1ee9c b\u1eb1ng c\u00e1ch g\u1eedi bi\u1ec3u m\u1eabu n\u00e0y!<\/p>\n\n\n\n<p>Ch\u00fang t\u00f4i cam k\u1ebft x\u00e2y d\u1ef1ng m\u1ed9t th\u1ebf gi\u1edbi n\u01a1i c\u00e1c s\u1ea3n ph\u1ea9m v\u00e0 d\u1ecbch v\u1ee5 thu\u1ea7n chay v\u00e0 chay \u0111\u01b0\u1ee3c ph\u1ed5 bi\u1ebfn r\u1ed9ng r\u00e3i v\u00e0 d\u1ec5 d\u00e0ng nh\u1eadn bi\u1ebft. Tr\u01b0\u1edbc khi ch\u1ee9ng nh\u1eadn nh\u00e3n hi\u1ec7u V-Label cho nh\u00e0 s\u1ea3n xu\u1ea5t v\u00e0 s\u1ea3n ph\u1ea9m c\u1ee7a h\u1ecd, ch\u00fang t\u00f4i g\u1eedi h\u1ecd qua m\u1ed9t lo\u1ea1t quy tr\u00ecnh x\u00e1c minh k\u1ef9 l\u01b0\u1ee1ng v\u1edbi c\u00e1c ti\u00eau ch\u00ed \u0111\u01b0\u1ee3c ti\u00eau chu\u1ea9n h\u00f3a, x\u00e2y d\u1ef1ng ni\u1ec1m tin v\u00e0 t\u00ednh minh b\u1ea1ch gi\u1eefa h\u1ecd v\u00e0 ng\u01b0\u1eddi ti\u00eau d\u00f9ng. Ch\u1ec9 nh\u1eefng ng\u01b0\u1eddi v\u01b0\u1ee3t qua c\u00e1c ti\u00eau ch\u00ed ti\u00eau chu\u1ea9n h\u00f3a c\u1ee7a ch\u00fang t\u00f4i m\u1edbi c\u00f3 th\u1ec3 t\u1ef1 h\u00e0o s\u1eed d\u1ee5ng V-Label tr\u00ean bao b\u00ec ho\u1eb7c trong ho\u1ea1t \u0111\u1ed9ng ti\u1ebfp th\u1ecb c\u1ee7a h\u1ecd. C\u00f4ng b\u1eb1ng l\u00e0 c\u00f4ng b\u1eb1ng! V\u00ec nh\u1eefng l\u00fd do \u0111\u00f3, ch\u00fang t\u00f4i lu\u00f4n \u0111\u1ec1 ph\u00f2ng nh\u1eefng k\u1ebb m\u1ea1o danh c\u00f3 th\u1ec3 x\u1ea3y ra.     <\/p>\n\n\n\n<h3 class=\"wp-block-heading has-text-align-center\">B\u00e1o c\u00e1o thay th\u1ebf<\/h3>\n\n\n\n<p class=\"has-text-align-center\">B\u1ea1n c\u0169ng c\u00f3 th\u1ec3 li\u00ean h\u1ec7 v\u1edbi ch\u00fang t\u00f4i qua m\u1ea1ng x\u00e3 h\u1ed9i.<\/p>\n\n\n\n<ul class=\"wp-block-social-links animated heartBeat delay-5s fast is-style-default is-content-justification-center is-layout-flex wp-container-core-social-links-is-layout-16018d1d wp-block-social-links-is-layout-flex\"><li class=\"wp-social-link wp-social-link-facebook  wp-block-social-link\"><a rel=\"noopener nofollow\" target=\"_blank\" href=\"https:\/\/www.facebook.com\/vlabel.international\/\" class=\"wp-block-social-link-anchor\"><svg width=\"24\" height=\"24\" viewBox=\"0 0 24 24\" version=\"1.1\" xmlns=\"http:\/\/www.w3.org\/2000\/svg\" aria-hidden=\"true\" focusable=\"false\"><path d=\"M12 2C6.5 2 2 6.5 2 12c0 5 3.7 9.1 8.4 9.9v-7H7.9V12h2.5V9.8c0-2.5 1.5-3.9 3.8-3.9 1.1 0 2.2.2 2.2.2v2.5h-1.3c-1.2 0-1.6.8-1.6 1.6V12h2.8l-.4 2.9h-2.3v7C18.3 21.1 22 17 22 12c0-5.5-4.5-10-10-10z\"><\/path><\/svg><span class=\"wp-block-social-link-label screen-reader-text\">Get in touch via V-Label Facebook<\/span><\/a><\/li>\n\n<li class=\"wp-social-link wp-social-link-instagram  wp-block-social-link\"><a rel=\"noopener nofollow\" target=\"_blank\" href=\"https:\/\/www.instagram.com\/vlabel.official\/\" class=\"wp-block-social-link-anchor\"><svg width=\"24\" height=\"24\" viewBox=\"0 0 24 24\" version=\"1.1\" xmlns=\"http:\/\/www.w3.org\/2000\/svg\" aria-hidden=\"true\" focusable=\"false\"><path d=\"M12,4.622c2.403,0,2.688,0.009,3.637,0.052c0.877,0.04,1.354,0.187,1.671,0.31c0.42,0.163,0.72,0.358,1.035,0.673 c0.315,0.315,0.51,0.615,0.673,1.035c0.123,0.317,0.27,0.794,0.31,1.671c0.043,0.949,0.052,1.234,0.052,3.637 s-0.009,2.688-0.052,3.637c-0.04,0.877-0.187,1.354-0.31,1.671c-0.163,0.42-0.358,0.72-0.673,1.035 c-0.315,0.315-0.615,0.51-1.035,0.673c-0.317,0.123-0.794,0.27-1.671,0.31c-0.949,0.043-1.233,0.052-3.637,0.052 s-2.688-0.009-3.637-0.052c-0.877-0.04-1.354-0.187-1.671-0.31c-0.42-0.163-0.72-0.358-1.035-0.673 c-0.315-0.315-0.51-0.615-0.673-1.035c-0.123-0.317-0.27-0.794-0.31-1.671C4.631,14.688,4.622,14.403,4.622,12 s0.009-2.688,0.052-3.637c0.04-0.877,0.187-1.354,0.31-1.671c0.163-0.42,0.358-0.72,0.673-1.035 c0.315-0.315,0.615-0.51,1.035-0.673c0.317-0.123,0.794-0.27,1.671-0.31C9.312,4.631,9.597,4.622,12,4.622 M12,3 C9.556,3,9.249,3.01,8.289,3.054C7.331,3.098,6.677,3.25,6.105,3.472C5.513,3.702,5.011,4.01,4.511,4.511 c-0.5,0.5-0.808,1.002-1.038,1.594C3.25,6.677,3.098,7.331,3.054,8.289C3.01,9.249,3,9.556,3,12c0,2.444,0.01,2.751,0.054,3.711 c0.044,0.958,0.196,1.612,0.418,2.185c0.23,0.592,0.538,1.094,1.038,1.594c0.5,0.5,1.002,0.808,1.594,1.038 c0.572,0.222,1.227,0.375,2.185,0.418C9.249,20.99,9.556,21,12,21s2.751-0.01,3.711-0.054c0.958-0.044,1.612-0.196,2.185-0.418 c0.592-0.23,1.094-0.538,1.594-1.038c0.5-0.5,0.808-1.002,1.038-1.594c0.222-0.572,0.375-1.227,0.418-2.185 C20.99,14.751,21,14.444,21,12s-0.01-2.751-0.054-3.711c-0.044-0.958-0.196-1.612-0.418-2.185c-0.23-0.592-0.538-1.094-1.038-1.594 c-0.5-0.5-1.002-0.808-1.594-1.038c-0.572-0.222-1.227-0.375-2.185-0.418C14.751,3.01,14.444,3,12,3L12,3z M12,7.378 c-2.552,0-4.622,2.069-4.622,4.622S9.448,16.622,12,16.622s4.622-2.069,4.622-4.622S14.552,7.378,12,7.378z M12,15 c-1.657,0-3-1.343-3-3s1.343-3,3-3s3,1.343,3,3S13.657,15,12,15z M16.804,6.116c-0.596,0-1.08,0.484-1.08,1.08 s0.484,1.08,1.08,1.08c0.596,0,1.08-0.484,1.08-1.08S17.401,6.116,16.804,6.116z\"><\/path><\/svg><span class=\"wp-block-social-link-label screen-reader-text\">Get in touch via V-Label Instagram<\/span><\/a><\/li><\/ul>\n\n\n\n<script charset=\"utf-8\" type=\"text\/javascript\" src=\"\/\/js-eu1.hsforms.net\/forms\/embed\/v2.js\"><\/script>\n<script>\n  hbspt.forms.create({\n    region: \"eu1\",\n    portalId: \"9342260\",\n    formId: \"6d9579b9-c415-4f6a-a9ba-a7402b89536b\"\n  });\n<\/script>\n","protected":false},"excerpt":{"rendered":"<p>B\u1ea1n nh\u00ecn th\u1ea5y nh\u00e3n hi\u1ec7u V-Label tr\u00ean bao b\u00ec kh\u00f4ng c\u00f3 ngu\u1ed3n g\u1ed1c th\u1ef1c v\u1eadt? Ho\u1eb7c b\u1ea1n \u0111\u00e3 th\u1ea5y m\u1ed9t s\u1ea3n ph\u1ea9m gi\u1ea3 chay b\u1ecb d\u00e1n nh\u00e3n nh\u1ea7m l\u00e0 thu\u1ea7n chay? Ho\u1eb7c c\u00e1c d\u1ea5u hi\u1ec7u b\u1ea5t th\u01b0\u1eddng kh\u00e1c s\u1eed d\u1ee5ng nh\u00e3n hi\u1ec7u V-Label? H\u00e3y cho ch\u00fang t\u00f4i bi\u1ebft ngay l\u1eadp t\u1ee9c. Vi\u1ec7c s\u1eed d\u1ee5ng sai [&hellip;]<\/p>\n","protected":false},"author":5,"featured_media":73463,"parent":0,"menu_order":0,"comment_status":"closed","ping_status":"closed","template":"","meta":{"_acf_changed":false,"_editorskit_title_hidden":false,"_editorskit_reading_time":0,"_editorskit_is_block_options_detached":false,"_editorskit_block_options_position":"{}","inline_featured_image":false,"_uag_custom_page_level_css":"","footnotes":""},"categories":[],"tags":[],"class_list":["post-73462","page","type-page","status-publish","has-post-thumbnail","hentry"],"acf":[],"uagb_featured_image_src":{"full":["https:\/\/www.v-label.com\/wp-content\/uploads\/2022\/12\/v-label-report-misuse-1.jpg",1280,651,false],"thumbnail":["https:\/\/www.v-label.com\/wp-content\/uploads\/2022\/12\/v-label-report-misuse-1-500x254.jpg",500,254,true],"medium":["https:\/\/www.v-label.com\/wp-content\/uploads\/2022\/12\/v-label-report-misuse-1-300x153.jpg",300,153,true],"medium_large":["https:\/\/www.v-label.com\/wp-content\/uploads\/2022\/12\/v-label-report-misuse-1-768x391.jpg",768,391,true],"large":["https:\/\/www.v-label.com\/wp-content\/uploads\/2022\/12\/v-label-report-misuse-1-1024x521.jpg",1024,521,true],"1536x1536":["https:\/\/www.v-label.com\/wp-content\/uploads\/2022\/12\/v-label-report-misuse-1.jpg",1280,651,false],"2048x2048":["https:\/\/www.v-label.com\/wp-content\/uploads\/2022\/12\/v-label-report-misuse-1.jpg",1280,651,false],"preview":["https:\/\/www.v-label.com\/wp-content\/uploads\/2022\/12\/v-label-report-misuse-1-904x651.jpg",904,651,true],"header":["https:\/\/www.v-label.com\/wp-content\/uploads\/2022\/12\/v-label-report-misuse-1.jpg",1280,651,false],"gform-image-choice-sm":["https:\/\/www.v-label.com\/wp-content\/uploads\/2022\/12\/v-label-report-misuse-1.jpg",300,153,false],"gform-image-choice-md":["https:\/\/www.v-label.com\/wp-content\/uploads\/2022\/12\/v-label-report-misuse-1.jpg",400,203,false],"gform-image-choice-lg":["https:\/\/www.v-label.com\/wp-content\/uploads\/2022\/12\/v-label-report-misuse-1.jpg",600,305,false]},"uagb_author_info":{"display_name":"Can Aslan","author_link":"https:\/\/www.v-label.com\/vi"},"uagb_comment_info":0,"uagb_excerpt":"B\u1ea1n nh\u00ecn th\u1ea5y nh\u00e3n hi\u1ec7u V-Label tr\u00ean bao b\u00ec kh\u00f4ng c\u00f3 ngu\u1ed3n g\u1ed1c th\u1ef1c v\u1eadt? Ho\u1eb7c b\u1ea1n \u0111\u00e3 th\u1ea5y m\u1ed9t s\u1ea3n ph\u1ea9m gi\u1ea3 chay b\u1ecb d\u00e1n nh\u00e3n nh\u1ea7m l\u00e0 thu\u1ea7n chay? Ho\u1eb7c c\u00e1c d\u1ea5u hi\u1ec7u b\u1ea5t th\u01b0\u1eddng kh\u00e1c s\u1eed d\u1ee5ng nh\u00e3n hi\u1ec7u V-Label? H\u00e3y cho ch\u00fang t\u00f4i bi\u1ebft ngay l\u1eadp t\u1ee9c. Vi\u1ec7c s\u1eed d\u1ee5ng sai&hellip;","_links":{"self":[{"href":"https:\/\/www.v-label.com\/vi\/wp-json\/wp\/v2\/pages\/73462","targetHints":{"allow":["GET"]}}],"collection":[{"href":"https:\/\/www.v-label.com\/vi\/wp-json\/wp\/v2\/pages"}],"about":[{"href":"https:\/\/www.v-label.com\/vi\/wp-json\/wp\/v2\/types\/page"}],"author":[{"embeddable":true,"href":"https:\/\/www.v-label.com\/vi\/wp-json\/wp\/v2\/users\/5"}],"replies":[{"embeddable":true,"href":"https:\/\/www.v-label.com\/vi\/wp-json\/wp\/v2\/comments?post=73462"}],"version-history":[{"count":3,"href":"https:\/\/www.v-label.com\/vi\/wp-json\/wp\/v2\/pages\/73462\/revisions"}],"predecessor-version":[{"id":78383,"href":"https:\/\/www.v-label.com\/vi\/wp-json\/wp\/v2\/pages\/73462\/revisions\/78383"}],"wp:featuredmedia":[{"embeddable":true,"href":"https:\/\/www.v-label.com\/vi\/wp-json\/wp\/v2\/media\/73463"}],"wp:attachment":[{"href":"https:\/\/www.v-label.com\/vi\/wp-json\/wp\/v2\/media?parent=73462"}],"wp:term":[{"taxonomy":"category","embeddable":true,"href":"https:\/\/www.v-label.com\/vi\/wp-json\/wp\/v2\/categories?post=73462"},{"taxonomy":"post_tag","embeddable":true,"href":"https:\/\/www.v-label.com\/vi\/wp-json\/wp\/v2\/tags?post=73462"}],"curies":[{"name":"wp","href":"https:\/\/api.w.org\/{rel}","templated":true}]}}