{"id":73465,"date":"2022-05-30T16:56:50","date_gmt":"2022-05-30T14:56:50","guid":{"rendered":"https:\/\/www.v-label.com\/vat-lieu-bao-chi\/"},"modified":"2024-02-13T10:08:53","modified_gmt":"2024-02-13T09:08:53","slug":"vat-lieu-bao-chi","status":"publish","type":"page","link":"https:\/\/www.v-label.com\/vi\/vat-lieu-bao-chi\/","title":{"rendered":"V\u1eadt li\u1ec7u b\u00e1o ch\u00ed"},"content":{"rendered":"\n<h3 class=\"wp-block-heading has-text-align-center\">S\u1eed d\u1ee5ng l\u1ef1a ch\u1ecdn t\u1ea3i xu\u1ed1ng mi\u1ec5n ph\u00ed c\u1ee7a ch\u00fang t\u00f4i v\u1ec1 c\u00e1c h\u00ecnh \u1ea3nh v\u00e0 logo li\u00ean quan \u0111\u1ebfn V-Label cho c\u00e1c ho\u1ea1t \u0111\u1ed9ng truy\u1ec1n th\u00f4ng c\u1ee7a b\u1ea1n.<\/h3>\n\n<h2 class=\"wp-block-heading has-text-align-center\">Phi\u00ean b\u1ea3n nh\u00e3n hi\u1ec7u V-Label<\/h2>\n\n<div class=\"wp-block-columns is-layout-flex wp-container-core-columns-is-layout-9d6595d7 wp-block-columns-is-layout-flex\">\n<div class=\"wp-block-column is-layout-flow wp-block-column-is-layout-flow\">\n<section id=\"download-block_1da6197557d3f7c4236f5ce0a2ea4ebc\" class=\"wp-block-download\">\n\t\t\t<div class=\"inner\">\n\t\t\t\t\t\t<a href=\"https:\/\/www.v-label.com\/wp-content\/uploads\/2022\/12\/v-label-vegan-color-1.png\" class=\"post_thumbnail\" download>\n\t\t\t\t<img decoding=\"async\" src=\"https:\/\/www.v-label.com\/wp-content\/uploads\/2022\/12\/v-label-vegan-color-1-375x500.png\" alt=\"V-Label Vegan\">\n\t\t\t<\/a>\n\t\t\t<h4>V-Label Vegan<\/h4>\n\t\t\t<p class=\"meta\">\n\t\t\t\tPNG, 21.40 KB\t\t\t<\/p>\n\t\t<\/div>\n\t\t<a href=\"https:\/\/www.v-label.com\/wp-content\/uploads\/2022\/12\/v-label-vegan-color-1.png\" download>\n\t\t\t<button class=\"wp-block-button__link\">Download<\/button>\n\t\t<\/a>\n\t<\/section><\/div>\n\n\n\n<div class=\"wp-block-column is-layout-flow wp-block-column-is-layout-flow\">\n<section id=\"download-block_f59c70a095af3da55d3443de67cce16f\" class=\"wp-block-download\">\n\t\t\t<div class=\"inner\">\n\t\t\t\t\t\t<a href=\"https:\/\/www.v-label.com\/wp-content\/uploads\/2022\/12\/v-label-vegan-color.pdf\" class=\"post_thumbnail\" download>\n\t\t\t\t<img decoding=\"async\" src=\"https:\/\/www.v-label.com\/wp-content\/uploads\/2022\/12\/v-label-vegan-color-1-375x500.png\" alt=\"V-Label Vegan\">\n\t\t\t<\/a>\n\t\t\t<h4>V-Label Vegan<\/h4>\n\t\t\t<p class=\"meta\">\n\t\t\t\tPDF, 29.80 KB\t\t\t<\/p>\n\t\t<\/div>\n\t\t<a href=\"https:\/\/www.v-label.com\/wp-content\/uploads\/2022\/12\/v-label-vegan-color.pdf\" download>\n\t\t\t<button class=\"wp-block-button__link\">Download<\/button>\n\t\t<\/a>\n\t<\/section><\/div>\n\n\n\n<div class=\"wp-block-column is-layout-flow wp-block-column-is-layout-flow\">\n<section id=\"download-block_64ace10d88276816b42421e1df6e8b1d\" class=\"wp-block-download\">\n\t\t\t<div class=\"inner\">\n\t\t\t\t\t\t<a href=\"https:\/\/www.v-label.com\/wp-content\/uploads\/2022\/12\/v-label-vegan-color.eps\" class=\"post_thumbnail\" download>\n\t\t\t\t<img decoding=\"async\" src=\"https:\/\/www.v-label.com\/wp-content\/uploads\/2022\/12\/v-label-vegan-color-1-375x500.png\" alt=\"V-Label Vegan\">\n\t\t\t<\/a>\n\t\t\t<h4>V-Label Vegan<\/h4>\n\t\t\t<p class=\"meta\">\n\t\t\t\tEPS, 418.61 KB\t\t\t<\/p>\n\t\t<\/div>\n\t\t<a href=\"https:\/\/www.v-label.com\/wp-content\/uploads\/2022\/12\/v-label-vegan-color.eps\" download>\n\t\t\t<button class=\"wp-block-button__link\">Download<\/button>\n\t\t<\/a>\n\t<\/section><\/div>\n<\/div>\n\n<div class=\"wp-block-columns is-layout-flex wp-container-core-columns-is-layout-9d6595d7 wp-block-columns-is-layout-flex\">\n<div class=\"wp-block-column is-layout-flow wp-block-column-is-layout-flow\">\n<section id=\"download-block_504c6a946ea387d7ad1c31f1be20996d\" class=\"wp-block-download\">\n\t\t\t<div class=\"inner\">\n\t\t\t\t\t\t<a href=\"https:\/\/www.v-label.com\/wp-content\/uploads\/2022\/12\/v-label-vegetarian-color-1.png\" class=\"post_thumbnail\" download>\n\t\t\t\t<img decoding=\"async\" src=\"https:\/\/www.v-label.com\/wp-content\/uploads\/2022\/12\/v-label-vegetarian-color-1-425x500.png\" alt=\"V-Label Vegetarian\">\n\t\t\t<\/a>\n\t\t\t<h4>V-Label Vegetarian<\/h4>\n\t\t\t<p class=\"meta\">\n\t\t\t\tPNG, 25.13 KB\t\t\t<\/p>\n\t\t<\/div>\n\t\t<a href=\"https:\/\/www.v-label.com\/wp-content\/uploads\/2022\/12\/v-label-vegetarian-color-1.png\" download>\n\t\t\t<button class=\"wp-block-button__link\">Download<\/button>\n\t\t<\/a>\n\t<\/section><\/div>\n\n\n\n<div class=\"wp-block-column is-layout-flow wp-block-column-is-layout-flow\">\n<section id=\"download-block_dc1656cb9ade401ea539ea530ec4cf3b\" class=\"wp-block-download\">\n\t\t\t<div class=\"inner\">\n\t\t\t\t\t\t<a href=\"https:\/\/www.v-label.com\/wp-content\/uploads\/2022\/12\/v-label-vegetarian-color.pdf\" class=\"post_thumbnail\" download>\n\t\t\t\t<img decoding=\"async\" src=\"https:\/\/www.v-label.com\/wp-content\/uploads\/2022\/12\/v-label-vegetarian-color-1-425x500.png\" alt=\"V-Label Vegetarian\">\n\t\t\t<\/a>\n\t\t\t<h4>V-Label Vegetarian<\/h4>\n\t\t\t<p class=\"meta\">\n\t\t\t\tPDF, 30.17 KB\t\t\t<\/p>\n\t\t<\/div>\n\t\t<a href=\"https:\/\/www.v-label.com\/wp-content\/uploads\/2022\/12\/v-label-vegetarian-color.pdf\" download>\n\t\t\t<button class=\"wp-block-button__link\">Download<\/button>\n\t\t<\/a>\n\t<\/section><\/div>\n\n\n\n<div class=\"wp-block-column is-layout-flow wp-block-column-is-layout-flow\">\n<section id=\"download-block_7f390f9d4b001538d32e7638edb326d9\" class=\"wp-block-download\">\n\t\t\t<div class=\"inner\">\n\t\t\t\t\t\t<a href=\"https:\/\/www.v-label.com\/wp-content\/uploads\/2022\/12\/v-label-vegetarian-color.eps\" class=\"post_thumbnail\" download>\n\t\t\t\t<img decoding=\"async\" src=\"https:\/\/www.v-label.com\/wp-content\/uploads\/2022\/12\/v-label-vegetarian-color-1-425x500.png\" alt=\"V-Label Vegetarian\">\n\t\t\t<\/a>\n\t\t\t<h4>V-Label Vegetarian<\/h4>\n\t\t\t<p class=\"meta\">\n\t\t\t\tEPS, 420.68 KB\t\t\t<\/p>\n\t\t<\/div>\n\t\t<a href=\"https:\/\/www.v-label.com\/wp-content\/uploads\/2022\/12\/v-label-vegetarian-color.eps\" download>\n\t\t\t<button class=\"wp-block-button__link\">Download<\/button>\n\t\t<\/a>\n\t<\/section><\/div>\n<\/div>\n\n<div class=\"wp-block-columns is-layout-flex wp-container-core-columns-is-layout-9d6595d7 wp-block-columns-is-layout-flex\">\n<div class=\"wp-block-column is-layout-flow wp-block-column-is-layout-flow\">\n<section id=\"download-block_0591791d69938bffe87d12dc45ce89f7\" class=\"wp-block-download\">\n\t\t\t<div class=\"inner\">\n\t\t\t\t\t\t<a href=\"https:\/\/www.v-label.com\/wp-content\/uploads\/2022\/12\/v-label-color-nocategory-2.png\" class=\"post_thumbnail\" download>\n\t\t\t\t<img decoding=\"async\" src=\"https:\/\/www.v-label.com\/wp-content\/uploads\/2022\/12\/v-label-color-nocategory-2-500x500.png\" alt=\"V-Label\">\n\t\t\t<\/a>\n\t\t\t<h4>V-Label<\/h4>\n\t\t\t<p class=\"meta\">\n\t\t\t\tPNG, 17.19 KB\t\t\t<\/p>\n\t\t<\/div>\n\t\t<a href=\"https:\/\/www.v-label.com\/wp-content\/uploads\/2022\/12\/v-label-color-nocategory-2.png\" download>\n\t\t\t<button class=\"wp-block-button__link\">Download<\/button>\n\t\t<\/a>\n\t<\/section><\/div>\n\n\n\n<div class=\"wp-block-column is-layout-flow wp-block-column-is-layout-flow\">\n<section id=\"download-block_eb8b8fbe97f9cb1561a4d506660f84ce\" class=\"wp-block-download\">\n\t\t\t<div class=\"inner\">\n\t\t\t\t\t\t<a href=\"https:\/\/www.v-label.com\/wp-content\/uploads\/2022\/12\/v-label-color-nocategory.pdf\" class=\"post_thumbnail\" download>\n\t\t\t\t<img decoding=\"async\" src=\"https:\/\/www.v-label.com\/wp-content\/uploads\/2022\/12\/v-label-color-nocategory-2-500x500.png\" alt=\"V-Label\">\n\t\t\t<\/a>\n\t\t\t<h4>V-Label<\/h4>\n\t\t\t<p class=\"meta\">\n\t\t\t\tPDF, 29.13 KB\t\t\t<\/p>\n\t\t<\/div>\n\t\t<a href=\"https:\/\/www.v-label.com\/wp-content\/uploads\/2022\/12\/v-label-color-nocategory.pdf\" download>\n\t\t\t<button class=\"wp-block-button__link\">Download<\/button>\n\t\t<\/a>\n\t<\/section><\/div>\n\n\n\n<div class=\"wp-block-column is-layout-flow wp-block-column-is-layout-flow\">\n<section id=\"download-block_df912f314e18bce751ca4d64a701ac6f\" class=\"wp-block-download\">\n\t\t\t<div class=\"inner\">\n\t\t\t\t\t\t<a href=\"https:\/\/www.v-label.com\/wp-content\/uploads\/2022\/12\/v-label-color-nocategory.eps\" class=\"post_thumbnail\" download>\n\t\t\t\t<img decoding=\"async\" src=\"https:\/\/www.v-label.com\/wp-content\/uploads\/2022\/12\/v-label-color-nocategory-2-500x500.png\" alt=\"V-Label\">\n\t\t\t<\/a>\n\t\t\t<h4>V-Label<\/h4>\n\t\t\t<p class=\"meta\">\n\t\t\t\tEPS, 414.70 KB\t\t\t<\/p>\n\t\t<\/div>\n\t\t<a href=\"https:\/\/www.v-label.com\/wp-content\/uploads\/2022\/12\/v-label-color-nocategory.eps\" download>\n\t\t\t<button class=\"wp-block-button__link\">Download<\/button>\n\t\t<\/a>\n\t<\/section><\/div>\n<\/div>\n\n<h2 class=\"wp-block-heading has-text-align-center\">C\u00e1c t\u1ec7p b\u1ed5 sung<\/h2>\n\n<div class=\"wp-block-columns is-layout-flex wp-container-core-columns-is-layout-9d6595d7 wp-block-columns-is-layout-flex\">\n<div class=\"wp-block-column is-layout-flow wp-block-column-is-layout-flow\">\n<section id=\"download-block_68c77144a0305ab9d083ffd57d280231\" class=\"wp-block-download\">\n\t\t\t<div class=\"inner\">\n\t\t\t\t\t\t<a href=\"https:\/\/www.v-label.com\/wp-content\/uploads\/2022\/09\/manual-for-licensees-int-fwcng08-v101-en-new-label.pdf\" class=\"post_thumbnail\" download>\n\t\t\t\t<img decoding=\"async\" src=\"https:\/\/www.v-label.com\/wp-content\/uploads\/2022\/09\/manual-thumbnail-352x500.png\" alt=\"V-Label Manual for Licensees\">\n\t\t\t<\/a>\n\t\t\t<h4>V-Label Manual for Licensees<\/h4>\n\t\t\t<p class=\"meta\">\n\t\t\t\tPDF, 1.35 MB\t\t\t<\/p>\n\t\t<\/div>\n\t\t<a href=\"https:\/\/www.v-label.com\/wp-content\/uploads\/2022\/09\/manual-for-licensees-int-fwcng08-v101-en-new-label.pdf\" download>\n\t\t\t<button class=\"wp-block-button__link\">Download<\/button>\n\t\t<\/a>\n\t<\/section><\/div>\n\n\n\n<div class=\"wp-block-column is-layout-flow wp-block-column-is-layout-flow\">\n<section id=\"download-block_cddf292008a76e6080102e4ea8f5c484\" class=\"wp-block-download\">\n\t\t\t<div class=\"inner\">\n\t\t\t\t\t\t<a href=\"https:\/\/www.v-label.com\/wp-content\/uploads\/2022\/09\/v-label-brochure-en.pdf\" class=\"post_thumbnail\" download>\n\t\t\t\t<img decoding=\"async\" src=\"https:\/\/www.v-label.com\/wp-content\/uploads\/2022\/09\/v-label-brochure-en-237x500.jpg\" alt=\"V-Label Brochure\">\n\t\t\t<\/a>\n\t\t\t<h4>V-Label Brochure<\/h4>\n\t\t\t<p class=\"meta\">\n\t\t\t\tPDF, 827.35 KB\t\t\t<\/p>\n\t\t<\/div>\n\t\t<a href=\"https:\/\/www.v-label.com\/wp-content\/uploads\/2022\/09\/v-label-brochure-en.pdf\" download>\n\t\t\t<button class=\"wp-block-button__link\">Download<\/button>\n\t\t<\/a>\n\t<\/section><\/div>\n\n\n\n<div class=\"wp-block-column is-layout-flow wp-block-column-is-layout-flow\">\n<section id=\"download-block_4a5e11ffb481c102c6a94297a1f61d87\" class=\"wp-block-download\">\n\t\t\t<div class=\"inner\">\n\t\t\t\t\t\t<a href=\"https:\/\/www.v-label.com\/wp-content\/uploads\/2022\/09\/traces-en.pdf\" class=\"post_thumbnail\" download>\n\t\t\t\t<img decoding=\"async\" src=\"https:\/\/www.v-label.com\/wp-content\/uploads\/2022\/09\/traces-thumbnail-356x500.png\" alt=\"Information on Traces\">\n\t\t\t<\/a>\n\t\t\t<h4>Information on Traces<\/h4>\n\t\t\t<p class=\"meta\">\n\t\t\t\tPDF, 538.09 KB\t\t\t<\/p>\n\t\t<\/div>\n\t\t<a href=\"https:\/\/www.v-label.com\/wp-content\/uploads\/2022\/09\/traces-en.pdf\" download>\n\t\t\t<button class=\"wp-block-button__link\">Download<\/button>\n\t\t<\/a>\n\t<\/section><\/div>\n<\/div>\n\n<p class=\"has-small-font-size\"><em><sup>The logo and labels displayed on this page are protected by intellectual property laws, including copyright and trademark laws. If you wish to use our logo and labels for display or any other use in your food\/non-food products, you must obtain the necessary license.<br\/>Any unauthorized use is strictly prohibited without obtaining the appropriate license. Unauthorized use of our logo and labels<\/sup><\/em> <em><sup>may result in legal consequences including but not limited to civil liability, monetary damages, and injunctive relief. We reserve the right to take appropriate legal action against individuals or entities found to be in violation of our intellectual property rights. Please <a href=\"https:\/\/www.v-label.com\/get-in-touch\/\" class=\"ek-link\">contact us here<\/a> to inquire about the appropriate licensing procedures or <a href=\"https:\/\/www.v-label.com\/vi\/duoc-chung-nhan\/\" class=\"ek-link\">get licensed through this link<\/a>.<\/sup><\/em><\/p>\n","protected":false},"excerpt":{"rendered":"<p>S\u1eed d\u1ee5ng l\u1ef1a ch\u1ecdn t\u1ea3i xu\u1ed1ng mi\u1ec5n ph\u00ed c\u1ee7a ch\u00fang t\u00f4i v\u1ec1 c\u00e1c h\u00ecnh \u1ea3nh v\u00e0 logo li\u00ean quan \u0111\u1ebfn V-Label cho c\u00e1c ho\u1ea1t \u0111\u1ed9ng truy\u1ec1n th\u00f4ng c\u1ee7a b\u1ea1n. Phi\u00ean b\u1ea3n nh\u00e3n hi\u1ec7u V-Label C\u00e1c t\u1ec7p b\u1ed5 sung The logo and labels displayed on this page are protected by intellectual property laws, including copyright and [&hellip;]<\/p>\n","protected":false},"author":5,"featured_media":73475,"parent":0,"menu_order":0,"comment_status":"closed","ping_status":"closed","template":"","meta":{"_acf_changed":false,"_editorskit_title_hidden":false,"_editorskit_reading_time":0,"_editorskit_is_block_options_detached":false,"_editorskit_block_options_position":"{}","inline_featured_image":false,"_uag_custom_page_level_css":"","footnotes":""},"categories":[],"tags":[],"class_list":["post-73465","page","type-page","status-publish","has-post-thumbnail","hentry"],"acf":[],"uagb_featured_image_src":{"full":["https:\/\/www.v-label.com\/wp-content\/uploads\/2022\/12\/v-label-press-materials-1.jpg",1280,853,false],"thumbnail":["https:\/\/www.v-label.com\/wp-content\/uploads\/2022\/12\/v-label-press-materials-1-500x333.jpg",500,333,true],"medium":["https:\/\/www.v-label.com\/wp-content\/uploads\/2022\/12\/v-label-press-materials-1-300x200.jpg",300,200,true],"medium_large":["https:\/\/www.v-label.com\/wp-content\/uploads\/2022\/12\/v-label-press-materials-1-768x512.jpg",768,512,true],"large":["https:\/\/www.v-label.com\/wp-content\/uploads\/2022\/12\/v-label-press-materials-1-1024x682.jpg",1024,682,true],"1536x1536":["https:\/\/www.v-label.com\/wp-content\/uploads\/2022\/12\/v-label-press-materials-1.jpg",1280,853,false],"2048x2048":["https:\/\/www.v-label.com\/wp-content\/uploads\/2022\/12\/v-label-press-materials-1.jpg",1280,853,false],"preview":["https:\/\/www.v-label.com\/wp-content\/uploads\/2022\/12\/v-label-press-materials-1-904x720.jpg",904,720,true],"header":["https:\/\/www.v-label.com\/wp-content\/uploads\/2022\/12\/v-label-press-materials-1-1280x720.jpg",1280,720,true],"gform-image-choice-sm":["https:\/\/www.v-label.com\/wp-content\/uploads\/2022\/12\/v-label-press-materials-1.jpg",300,200,false],"gform-image-choice-md":["https:\/\/www.v-label.com\/wp-content\/uploads\/2022\/12\/v-label-press-materials-1.jpg",400,267,false],"gform-image-choice-lg":["https:\/\/www.v-label.com\/wp-content\/uploads\/2022\/12\/v-label-press-materials-1.jpg",600,400,false]},"uagb_author_info":{"display_name":"Can Aslan","author_link":"https:\/\/www.v-label.com\/vi"},"uagb_comment_info":0,"uagb_excerpt":"S\u1eed d\u1ee5ng l\u1ef1a ch\u1ecdn t\u1ea3i xu\u1ed1ng mi\u1ec5n ph\u00ed c\u1ee7a ch\u00fang t\u00f4i v\u1ec1 c\u00e1c h\u00ecnh \u1ea3nh v\u00e0 logo li\u00ean quan \u0111\u1ebfn V-Label cho c\u00e1c ho\u1ea1t \u0111\u1ed9ng truy\u1ec1n th\u00f4ng c\u1ee7a b\u1ea1n. Phi\u00ean b\u1ea3n nh\u00e3n hi\u1ec7u V-Label C\u00e1c t\u1ec7p b\u1ed5 sung The logo and labels displayed on this page are protected by intellectual property laws, including copyright and&hellip;","_links":{"self":[{"href":"https:\/\/www.v-label.com\/vi\/wp-json\/wp\/v2\/pages\/73465","targetHints":{"allow":["GET"]}}],"collection":[{"href":"https:\/\/www.v-label.com\/vi\/wp-json\/wp\/v2\/pages"}],"about":[{"href":"https:\/\/www.v-label.com\/vi\/wp-json\/wp\/v2\/types\/page"}],"author":[{"embeddable":true,"href":"https:\/\/www.v-label.com\/vi\/wp-json\/wp\/v2\/users\/5"}],"replies":[{"embeddable":true,"href":"https:\/\/www.v-label.com\/vi\/wp-json\/wp\/v2\/comments?post=73465"}],"version-history":[{"count":1,"href":"https:\/\/www.v-label.com\/vi\/wp-json\/wp\/v2\/pages\/73465\/revisions"}],"predecessor-version":[{"id":73476,"href":"https:\/\/www.v-label.com\/vi\/wp-json\/wp\/v2\/pages\/73465\/revisions\/73476"}],"wp:featuredmedia":[{"embeddable":true,"href":"https:\/\/www.v-label.com\/vi\/wp-json\/wp\/v2\/media\/73475"}],"wp:attachment":[{"href":"https:\/\/www.v-label.com\/vi\/wp-json\/wp\/v2\/media?parent=73465"}],"wp:term":[{"taxonomy":"category","embeddable":true,"href":"https:\/\/www.v-label.com\/vi\/wp-json\/wp\/v2\/categories?post=73465"},{"taxonomy":"post_tag","embeddable":true,"href":"https:\/\/www.v-label.com\/vi\/wp-json\/wp\/v2\/tags?post=73465"}],"curies":[{"name":"wp","href":"https:\/\/api.w.org\/{rel}","templated":true}]}}