{"id":73477,"date":"2022-05-30T16:17:53","date_gmt":"2022-05-30T14:17:53","guid":{"rendered":"https:\/\/www.v-label.com\/lien-he\/"},"modified":"2024-03-25T12:53:55","modified_gmt":"2024-03-25T11:53:55","slug":"lien-he","status":"publish","type":"page","link":"https:\/\/www.v-label.com\/vi\/lien-he\/","title":{"rendered":"Li\u00ean h\u1ec7"},"content":{"rendered":"\n<p>H\u00e3y li\u00ean h\u1ec7 v\u1edbi V-Label team \u0111\u1ec3 c\u00f3 c\u00e2u tr\u1ea3 l\u1eddi cho c\u00e2u h\u1ecfi c\u1ee5 th\u1ec3 c\u1ee7a b\u1ea1n! N\u1ebfu b\u1ea1n mu\u1ed1n bi\u1ebft th\u00f4ng tin v\u1ec1 V-Label ho\u1eb7c c\u00f3 b\u1ea5t k\u1ef3 c\u00e2u h\u1ecfi n\u00e0o kh\u00e1c, vui l\u00f2ng li\u00ean h\u1ec7 b\u1eb1ng c\u00e1ch \u0111i\u1ec1n th\u00f4ng tin v\u00e0o bi\u1ec3u m\u1eabu n\u00e0y. Th\u1eddi h\u1ea1n x\u1eed l\u00fd tin nh\u1eafn: 24 gi\u1edd l\u00e0m vi\u1ec7c k\u1ec3 t\u1eeb l\u00fac nh\u1eadn \u0111\u01b0\u1ee3c tin nh\u1eafn n\u00e0y. <\/p>\n\n\n<script type=\"text\/javascript\">\n\/* <![CDATA[ *\/\nvar gform;gform||(document.addEventListener(\"gform_main_scripts_loaded\",function(){gform.scriptsLoaded=!0}),document.addEventListener(\"gform\/theme\/scripts_loaded\",function(){gform.themeScriptsLoaded=!0}),window.addEventListener(\"DOMContentLoaded\",function(){gform.domLoaded=!0}),gform={domLoaded:!1,scriptsLoaded:!1,themeScriptsLoaded:!1,isFormEditor:()=>\"function\"==typeof InitializeEditor,callIfLoaded:function(o){return!(!gform.domLoaded||!gform.scriptsLoaded||!gform.themeScriptsLoaded&&!gform.isFormEditor()||(gform.isFormEditor()&&console.warn(\"The use of gform.initializeOnLoaded() is deprecated in the form editor context and will be removed in Gravity Forms 3.1.\"),o(),0))},initializeOnLoaded:function(o){gform.callIfLoaded(o)||(document.addEventListener(\"gform_main_scripts_loaded\",()=>{gform.scriptsLoaded=!0,gform.callIfLoaded(o)}),document.addEventListener(\"gform\/theme\/scripts_loaded\",()=>{gform.themeScriptsLoaded=!0,gform.callIfLoaded(o)}),window.addEventListener(\"DOMContentLoaded\",()=>{gform.domLoaded=!0,gform.callIfLoaded(o)}))},hooks:{action:{},filter:{}},addAction:function(o,r,e,t){gform.addHook(\"action\",o,r,e,t)},addFilter:function(o,r,e,t){gform.addHook(\"filter\",o,r,e,t)},doAction:function(o){gform.doHook(\"action\",o,arguments)},applyFilters:function(o){return gform.doHook(\"filter\",o,arguments)},removeAction:function(o,r){gform.removeHook(\"action\",o,r)},removeFilter:function(o,r,e){gform.removeHook(\"filter\",o,r,e)},addHook:function(o,r,e,t,n){null==gform.hooks[o][r]&&(gform.hooks[o][r]=[]);var d=gform.hooks[o][r];null==n&&(n=r+\"_\"+d.length),gform.hooks[o][r].push({tag:n,callable:e,priority:t=null==t?10:t})},doHook:function(r,o,e){var t;if(e=Array.prototype.slice.call(e,1),null!=gform.hooks[r][o]&&((o=gform.hooks[r][o]).sort(function(o,r){return o.priority-r.priority}),o.forEach(function(o){\"function\"!=typeof(t=o.callable)&&(t=window[t]),\"action\"==r?t.apply(null,e):e[0]=t.apply(null,e)})),\"filter\"==r)return e[0]},removeHook:function(o,r,t,n){var e;null!=gform.hooks[o][r]&&(e=(e=gform.hooks[o][r]).filter(function(o,r,e){return!!(null!=n&&n!=o.tag||null!=t&&t!=o.priority)}),gform.hooks[o][r]=e)}});\n\/* ]]> *\/\n<\/script>\n\n                <div class='gf_browser_gecko gform_wrapper gravity-theme gform-theme--no-framework' data-form-theme='gravity-theme' data-form-index='0' id='gform_wrapper_97' >\n                        <div class='gform_heading'>\n\t\t\t\t\t\t\t<p class='gform_required_legend'>&quot;<span class=\"gfield_required gfield_required_asterisk\">*<\/span>&quot; indicates required fields<\/p>\n                        <\/div><form method='post' enctype='multipart\/form-data' target='gform_ajax_frame_97' id='gform_97'  action='\/vi\/wp-json\/wp\/v2\/pages\/73477' data-formid='97' novalidate> \r\n <input type='hidden' class='gforms-pum' value='{\"closepopup\":false,\"closedelay\":0,\"openpopup\":false,\"openpopup_id\":0}' \/>\n                        <div class='gform-body gform_body'><div id='gform_fields_97' class='gform_fields top_label form_sublabel_below description_below validation_below'><div id=\"field_97_11\" class=\"gfield gfield--type-honeypot gform_validation_container field_sublabel_below gfield--has-description field_description_below field_validation_below gfield_visibility_visible\"  ><label class='gfield_label gform-field-label' for='input_97_11'>URL<\/label><div class='ginput_container'><input name='input_11' id='input_97_11' type='text' value='' autocomplete='new-password'\/><\/div><div class='gfield_description' id='gfield_description_97_11'>This field is for validation purposes and should be left unchanged.<\/div><\/div><div id=\"field_97_10\" class=\"gfield gfield--type-post_custom_field gfield--input-type-text gfield--width-full field_sublabel_below gfield--no-description field_description_below field_validation_below gfield_visibility_hidden\"  ><div class=\"admin-hidden-markup\"><i class=\"gform-icon gform-icon--hidden\" aria-hidden=\"true\" title=\"This field is hidden when viewing the form\"><\/i><span>This field is hidden when viewing the form<\/span><\/div><label class='gfield_label gform-field-label' for='input_97_10'>GF form type<\/label><div class='ginput_container ginput_container_text'><input name='input_10' id='input_97_10' type='text' value='contact' class='large'      aria-invalid=\"false\"   \/><\/div><\/div><div id=\"field_97_4\" class=\"gfield gfield--type-select gfield--input-type-select gfield--width-half half_width field_sublabel_below gfield--no-description field_description_below field_validation_below gfield_visibility_visible\"  ><label class='gfield_label gform-field-label' for='input_97_4'>Ch\u1ee9c v\u1ee5<\/label><div class='ginput_container ginput_container_select'><select name='input_4' id='input_97_4' class='large gfield_select'     aria-invalid=\"false\" ><option value='' ><\/option><option value='\u00d4ng' >\u00d4ng<\/option><option value='B\u00e0' >B\u00e0<\/option><option value='Kh\u00e1c' >Kh\u00e1c<\/option><\/select><\/div><\/div><div id=\"field_97_5\" class=\"gfield gfield--type-text gfield--input-type-text gfield--width-half half_width gfield_contains_required field_sublabel_below gfield--no-description field_description_below field_validation_below gfield_visibility_visible\"  ><label class='gfield_label gform-field-label' for='input_97_5'>T\u00ean (T\u00ean \u0111\u1ea7y \u0111\u1ee7)<span class=\"gfield_required\"><span class=\"gfield_required gfield_required_asterisk\">*<\/span><\/span><\/label><div class='ginput_container ginput_container_text'><input name='input_5' id='input_97_5' type='text' value='' class='large'     aria-required=\"true\" aria-invalid=\"false\"   \/><\/div><\/div><div id=\"field_97_6\" class=\"gfield gfield--type-text gfield--input-type-text gfield--width-half half_width field_sublabel_below gfield--no-description field_description_below field_validation_below gfield_visibility_visible\"  ><label class='gfield_label gform-field-label' for='input_97_6'>C\u00f4ng ty c\u1ee7a b\u1ea1n<\/label><div class='ginput_container ginput_container_text'><input name='input_6' id='input_97_6' type='text' value='' class='large'      aria-invalid=\"false\"   \/><\/div><\/div><div id=\"field_97_2\" class=\"gfield gfield--type-email gfield--input-type-email gfield--width-half half_width gfield_contains_required field_sublabel_below gfield--no-description field_description_below field_validation_below gfield_visibility_visible\"  ><label class='gfield_label gform-field-label' for='input_97_2'>Email<span class=\"gfield_required\"><span class=\"gfield_required gfield_required_asterisk\">*<\/span><\/span><\/label><div class='ginput_container ginput_container_email'>\n                            <input name='input_2' id='input_97_2' type='email' value='' class='large'    aria-required=\"true\" aria-invalid=\"false\"  \/>\n                        <\/div><\/div><div id=\"field_97_8\" class=\"gfield gfield--type-select gfield--input-type-select gfield_contains_required field_sublabel_below gfield--no-description field_description_below field_validation_below gfield_visibility_visible\"  ><label class='gfield_label gform-field-label' for='input_97_8'>Qu\u1ed1c gia c\u1ee7a b\u1ea1n<span class=\"gfield_required\"><span class=\"gfield_required gfield_required_asterisk\">*<\/span><\/span><\/label><div class='ginput_container ginput_container_select'><select name='input_8' id='input_97_8' class='medium gfield_select'    aria-required=\"true\" aria-invalid=\"false\" ><option value='Choose your country' >Choose your country<\/option><option value='Argentina' >Argentina<\/option><option value='Austria' >Austria<\/option><option value='Bahrain' >Bahrain<\/option><option value='Belgium' >Belgium<\/option><option value='Bosnia' >Bosnia and Herzegovina<\/option><option value='Brazil' >Brazil<\/option><option value='Bulgaria' >Bulgaria<\/option><option value='Chile' >Chile<\/option><option value='Colombia' >Colombia<\/option><option value='Costa Rica' >Costa Rica<\/option><option value='Croatia' >Croatia<\/option><option value='Cyprus' >Cyprus<\/option><option value='Czechia' >Czech Republic<\/option><option value='Denmark' >Denmark<\/option><option value='Ecuador' >Ecuador<\/option><option value='Egypt' >Egypt<\/option><option value='Estonia' >Estonia<\/option><option value='Finland' >Finland<\/option><option value='France' >France<\/option><option value='Germany' >Germany<\/option><option value='Greece' >Greece<\/option><option value='Hungary' >Hungary<\/option><option value='Italy' >Italy<\/option><option value='Jordan' >Jordan<\/option><option value='Kosovo' >Kosovo<\/option><option value='Kuwait' >Kuwait<\/option><option value='Latvia' >Latvia<\/option><option value='Lebanon' >Lebanon<\/option><option value='Lithuania' >Lithuania<\/option><option value='Malaysia' >Malaysia<\/option><option value='Mexico' >Mexico<\/option><option value='Netherlands' >Netherlands<\/option><option value='Macedonia' >North Macedonia<\/option><option value='Norway' >Norway<\/option><option value='Peru' >Peru<\/option><option value='Poland' >Poland<\/option><option value='Portugal' >Portugal<\/option><option value='Qatar' >Qatar<\/option><option value='Romania' >Romania<\/option><option value='Russia' >Russia<\/option><option value='Saudi Arabia' >Saudi Arabia<\/option><option value='Serbia' >Serbia<\/option><option value='Slovakia' >Slovakia<\/option><option value='Slovenia' >Slovenia<\/option><option value='South Africa' >South Africa<\/option><option value='Spain' >Spain<\/option><option value='Sweden' >Sweden<\/option><option value='Switzerland' >Switzerland<\/option><option value='Turkey' >Turkey<\/option><option value='Ukraine' >Ukraine<\/option><option value='Vietnam' selected='selected'>Vietnam<\/option><option value='Other' >Other<\/option><\/select><\/div><\/div><div id=\"field_97_1\" class=\"gfield gfield--type-textarea gfield--input-type-textarea gfield_contains_required field_sublabel_below gfield--no-description field_description_below field_validation_below gfield_visibility_visible\"  ><label class='gfield_label gform-field-label' for='input_97_1'>Tin nh\u1eafn c\u1ee7a b\u1ea1n<span class=\"gfield_required\"><span class=\"gfield_required gfield_required_asterisk\">*<\/span><\/span><\/label><div class='ginput_container ginput_container_textarea'><textarea name='input_1' id='input_97_1' class='textarea large'     aria-required=\"true\" aria-invalid=\"false\"   rows='10' cols='50'><\/textarea><\/div><\/div><fieldset id=\"field_97_9\" class=\"gfield gfield--type-consent gfield--type-choice gfield--input-type-consent gfield--width-full gfield_contains_required field_sublabel_below gfield--has-description field_description_below field_validation_below gfield_visibility_visible\"  ><legend class='gfield_label gform-field-label gfield_label_before_complex' >Ch\u00ednh s\u00e1ch b\u1ea3o m\u1eadt<span class=\"gfield_required\"><span class=\"gfield_required gfield_required_asterisk\">*<\/span><\/span><\/legend><div class='ginput_container ginput_container_consent'><input name='input_9.1' id='input_97_9_1' type='checkbox' value='1'  aria-describedby=\"gfield_consent_description_97_9\" aria-required=\"true\" aria-invalid=\"false\"   \/> <label class=\"gform-field-label gform-field-label--type-inline gfield_consent_label\" for='input_97_9_1' >T\u00f4i \u0111\u00e3 \u0111\u1ecdc v\u00e0 \u0111\u1ed3ng \u00fd v\u1edbi <a href=\"https:\/\/www.v-label.com\/privacy-policy\">ch\u00ednh s\u00e1ch b\u1ea3o m\u1eadt<\/a> c\u1ee7a trang web.<\/label><input type='hidden' name='input_9.2' value='T\u00f4i \u0111\u00e3 \u0111\u1ecdc v\u00e0 \u0111\u1ed3ng \u00fd v\u1edbi &lt;a href=&quot;https:\/\/www.v-label.com\/privacy-policy&quot;&gt;ch\u00ednh s\u00e1ch b\u1ea3o m\u1eadt&lt;\/a&gt; c\u1ee7a trang web.' class='gform_hidden' \/><input type='hidden' name='input_9.3' value='13' class='gform_hidden' \/><\/div><div class='gfield_description gfield_consent_description' id='gfield_consent_description_97_9' tabindex='0'>B\u1eb1ng c\u00e1ch nh\u1ea5p v\u00e0o n\u00fat \u201cG\u1eedi tin nh\u1eafn\u201d, b\u1ea1n \u0111\u1ed3ng \u00fd \u0111\u1ec3 th\u00f4ng tin c\u00e1 nh\u00e2n c\u1ee7a b\u1ea1n \u0111\u01b0\u1ee3c ch\u00fang t\u00f4i thu th\u1eadp v\u00e0 x\u1eed l\u00fd v\u00e0 n\u1ebfu y\u00eau c\u1ea7u c\u1ee7a b\u1ea1n li\u00ean quan \u0111\u1ebfn c\u00e1c d\u1ecbch v\u1ee5 c\u1ea5p ph\u00e9p c\u1ee7a ch\u00fang t\u00f4i th\u00ec th\u00f4ng tin \u0111\u00f3 c\u0169ng s\u1ebd \u0111\u01b0\u1ee3c x\u1eed l\u00fd b\u1edfi <a href=\"https:\/\/www.v-label.com\/about-us\">c\u00e1c \u0111\u1ed1i t\u00e1c c\u1ea5p ph\u00e9p \u0111\u1ecba ph\u01b0\u01a1ng<\/a> c\u00f3 li\u00ean quan, \u0111i\u1ec1u n\u00e0y c\u1ea7n thi\u1ebft \u0111\u1ec3 cung c\u1ea5p \u0111\u1ebfn b\u1ea1n d\u1ecbch v\u1ee5 c\u1ee7a ch\u00fang t\u00f4i. <\/div><\/fieldset><\/div><\/div>\n        <div class='gform-footer gform_footer top_label'> <input type='submit' id='gform_submit_button_97' class='gform_button button' onclick='gform.submission.handleButtonClick(this);' data-submission-type='submit' value='G\u1eedi tin nh\u1eafn'  \/> <input type='hidden' name='gform_ajax' value='form_id=97&amp;title=&amp;description=&amp;tabindex=0&amp;theme=gravity-theme&amp;styles={&quot;inputPrimaryColor&quot;:&quot;#204ce5&quot;}&amp;hash=0e70701dfb8313766d141704f5bb6ed5' \/>\n            <input type='hidden' class='gform_hidden' name='gform_submission_method' data-js='gform_submission_method_97' value='iframe' \/>\n            <input type='hidden' class='gform_hidden' name='gform_theme' data-js='gform_theme_97' id='gform_theme_97' value='gravity-theme' \/>\n            <input type='hidden' class='gform_hidden' name='gform_style_settings' data-js='gform_style_settings_97' id='gform_style_settings_97' value='{&quot;inputPrimaryColor&quot;:&quot;#204ce5&quot;}' \/>\n            <input type='hidden' class='gform_hidden' name='is_submit_97' value='1' \/>\n            <input type='hidden' class='gform_hidden' name='gform_submit' value='97' \/>\n            \n            <input type='hidden' class='gform_hidden' name='gform_currency' data-currency='EUR' value='rfnJHAol1PM\/40fESFj7ko1nCwplh30YiTwAtx8tsApgvAgXWOzCvDM7ejMKHvaMEZxx8f+7HiYhFJXTdhXY1FBtGxbXND9cn\/eIO\/1Jr6Z4\/Ow=' \/>\n            <input type='hidden' class='gform_hidden' name='gform_unique_id' value='' \/>\n            <input type='hidden' class='gform_hidden' name='state_97' value='WyJ7XCI5LjFcIjpcImY3ODJjMDM3MmI5M2MxZmQzYzcwMTI1YzgxN2U5OTY0XCIsXCI5LjJcIjpcIjk3MDJmMzAwZjczYzQzMjYyMWZiNGIyNjBlOTk2OGY3XCIsXCI5LjNcIjpcIjQ2N2M3NDRjYmViMzVjNDI0NWEzMzFlMmNiZDRkYzdkXCJ9IiwiNzU5NzJhMTE1YzVkNWNiNmU0NDAxYjcwYWY0M2IzY2EiXQ==' \/>\n            <input type='hidden' autocomplete='off' class='gform_hidden' name='gform_target_page_number_97' id='gform_target_page_number_97' value='0' \/>\n            <input type='hidden' autocomplete='off' class='gform_hidden' name='gform_source_page_number_97' id='gform_source_page_number_97' value='1' \/>\n            <input type='hidden' name='gform_field_values' value='' \/>\n            \n        <\/div>\n                        <\/form>\n                        <\/div>\n\t\t                <iframe style='display:none;width:0px;height:0px;' src='about:blank' name='gform_ajax_frame_97' id='gform_ajax_frame_97' title='This iframe contains the logic required to handle Ajax powered Gravity Forms.'><\/iframe>\n\t\t                <script type=\"text\/javascript\">\n\/* <![CDATA[ *\/\n gform.initializeOnLoaded( function() {gformInitSpinner( 97, 'https:\/\/www.v-label.com\/wp-content\/plugins\/gravityforms\/images\/spinner.svg', true );jQuery('#gform_ajax_frame_97').on('load',function(){var contents = jQuery(this).contents().find('*').html();var is_postback = contents.indexOf('GF_AJAX_POSTBACK') >= 0;if(!is_postback){return;}var form_content = jQuery(this).contents().find('#gform_wrapper_97');var is_confirmation = jQuery(this).contents().find('#gform_confirmation_wrapper_97').length > 0;var is_redirect = contents.indexOf('gformRedirect(){') >= 0;var is_form = form_content.length > 0 && ! is_redirect && ! is_confirmation;var mt = parseInt(jQuery('html').css('margin-top'), 10) + parseInt(jQuery('body').css('margin-top'), 10) + 100;if(is_form){jQuery('#gform_wrapper_97').html(form_content.html());if(form_content.hasClass('gform_validation_error')){jQuery('#gform_wrapper_97').addClass('gform_validation_error');} else {jQuery('#gform_wrapper_97').removeClass('gform_validation_error');}setTimeout( function() { \/* delay the scroll by 50 milliseconds to fix a bug in chrome *\/  }, 50 );if(window['gformInitDatepicker']) {gformInitDatepicker();}if(window['gformInitPriceFields']) {gformInitPriceFields();}var current_page = jQuery('#gform_source_page_number_97').val();gformInitSpinner( 97, 'https:\/\/www.v-label.com\/wp-content\/plugins\/gravityforms\/images\/spinner.svg', true );jQuery(document).trigger('gform_page_loaded', [97, current_page]);window['gf_submitting_97'] = false;}else if(!is_redirect){var confirmation_content = jQuery(this).contents().find('.GF_AJAX_POSTBACK').html();if(!confirmation_content){confirmation_content = contents;}jQuery('#gform_wrapper_97').replaceWith(confirmation_content);jQuery(document).trigger('gform_confirmation_loaded', [97]);window['gf_submitting_97'] = false;wp.a11y.speak(jQuery('#gform_confirmation_message_97').text());}else{jQuery('#gform_97').append(contents);if(window['gformRedirect']) {gformRedirect();}}jQuery(document).trigger(\"gform_pre_post_render\", [{ formId: \"97\", currentPage: \"current_page\", abort: function() { this.preventDefault(); } }]);        if (event && event.defaultPrevented) {                return;        }        const gformWrapperDiv = document.getElementById( \"gform_wrapper_97\" );        if ( gformWrapperDiv ) {            const visibilitySpan = document.createElement( \"span\" );            visibilitySpan.id = \"gform_visibility_test_97\";            gformWrapperDiv.insertAdjacentElement( \"afterend\", visibilitySpan );        }        const visibilityTestDiv = document.getElementById( \"gform_visibility_test_97\" );        let postRenderFired = false;        function triggerPostRender() {            if ( postRenderFired ) {                return;            }            postRenderFired = true;            gform.core.triggerPostRenderEvents( 97, current_page );            if ( visibilityTestDiv ) {                visibilityTestDiv.parentNode.removeChild( visibilityTestDiv );            }        }        function debounce( func, wait, immediate ) {            var timeout;            return function() {                var context = this, args = arguments;                var later = function() {                    timeout = null;                    if ( !immediate ) func.apply( context, args );                };                var callNow = immediate && !timeout;                clearTimeout( timeout );                timeout = setTimeout( later, wait );                if ( callNow ) func.apply( context, args );            };        }        const debouncedTriggerPostRender = debounce( function() {            triggerPostRender();        }, 200 );        if ( visibilityTestDiv && visibilityTestDiv.offsetParent === null ) {            const observer = new MutationObserver( ( mutations ) => {                mutations.forEach( ( mutation ) => {                    if ( mutation.type === 'attributes' && visibilityTestDiv.offsetParent !== null ) {                        debouncedTriggerPostRender();                        observer.disconnect();                    }                });            });            observer.observe( document.body, {                attributes: true,                childList: false,                subtree: true,                attributeFilter: [ 'style', 'class' ],            });        } else {            triggerPostRender();        }    } );} ); \n\/* ]]> *\/\n<\/script>\n","protected":false},"excerpt":{"rendered":"<p>H\u00e3y li\u00ean h\u1ec7 v\u1edbi V-Label team \u0111\u1ec3 c\u00f3 c\u00e2u tr\u1ea3 l\u1eddi cho c\u00e2u h\u1ecfi c\u1ee5 th\u1ec3 c\u1ee7a b\u1ea1n! N\u1ebfu b\u1ea1n mu\u1ed1n bi\u1ebft th\u00f4ng tin v\u1ec1 V-Label ho\u1eb7c c\u00f3 b\u1ea5t k\u1ef3 c\u00e2u h\u1ecfi n\u00e0o kh\u00e1c, vui l\u00f2ng li\u00ean h\u1ec7 b\u1eb1ng c\u00e1ch \u0111i\u1ec1n th\u00f4ng tin v\u00e0o bi\u1ec3u m\u1eabu n\u00e0y. Th\u1eddi h\u1ea1n x\u1eed l\u00fd tin nh\u1eafn: 24 gi\u1edd [&hellip;]<\/p>\n","protected":false},"author":5,"featured_media":73480,"parent":0,"menu_order":0,"comment_status":"closed","ping_status":"closed","template":"","meta":{"_acf_changed":false,"_editorskit_title_hidden":false,"_editorskit_reading_time":0,"_editorskit_is_block_options_detached":false,"_editorskit_block_options_position":"{}","inline_featured_image":false,"_uag_custom_page_level_css":"","footnotes":""},"categories":[],"tags":[],"class_list":["post-73477","page","type-page","status-publish","has-post-thumbnail","hentry"],"acf":[],"uagb_featured_image_src":{"full":["https:\/\/www.v-label.com\/wp-content\/uploads\/2022\/12\/v-label-get-in-touch.jpg",1280,854,false],"thumbnail":["https:\/\/www.v-label.com\/wp-content\/uploads\/2022\/12\/v-label-get-in-touch-500x334.jpg",500,334,true],"medium":["https:\/\/www.v-label.com\/wp-content\/uploads\/2022\/12\/v-label-get-in-touch-300x200.jpg",300,200,true],"medium_large":["https:\/\/www.v-label.com\/wp-content\/uploads\/2022\/12\/v-label-get-in-touch-768x512.jpg",768,512,true],"large":["https:\/\/www.v-label.com\/wp-content\/uploads\/2022\/12\/v-label-get-in-touch-1024x683.jpg",1024,683,true],"1536x1536":["https:\/\/www.v-label.com\/wp-content\/uploads\/2022\/12\/v-label-get-in-touch.jpg",1280,854,false],"2048x2048":["https:\/\/www.v-label.com\/wp-content\/uploads\/2022\/12\/v-label-get-in-touch.jpg",1280,854,false],"preview":["https:\/\/www.v-label.com\/wp-content\/uploads\/2022\/12\/v-label-get-in-touch-904x720.jpg",904,720,true],"header":["https:\/\/www.v-label.com\/wp-content\/uploads\/2022\/12\/v-label-get-in-touch-1280x720.jpg",1280,720,true],"gform-image-choice-sm":["https:\/\/www.v-label.com\/wp-content\/uploads\/2022\/12\/v-label-get-in-touch.jpg",300,200,false],"gform-image-choice-md":["https:\/\/www.v-label.com\/wp-content\/uploads\/2022\/12\/v-label-get-in-touch.jpg",400,267,false],"gform-image-choice-lg":["https:\/\/www.v-label.com\/wp-content\/uploads\/2022\/12\/v-label-get-in-touch.jpg",600,400,false]},"uagb_author_info":{"display_name":"Can Aslan","author_link":"https:\/\/www.v-label.com\/vi"},"uagb_comment_info":0,"uagb_excerpt":"H\u00e3y li\u00ean h\u1ec7 v\u1edbi V-Label team \u0111\u1ec3 c\u00f3 c\u00e2u tr\u1ea3 l\u1eddi cho c\u00e2u h\u1ecfi c\u1ee5 th\u1ec3 c\u1ee7a b\u1ea1n! N\u1ebfu b\u1ea1n mu\u1ed1n bi\u1ebft th\u00f4ng tin v\u1ec1 V-Label ho\u1eb7c c\u00f3 b\u1ea5t k\u1ef3 c\u00e2u h\u1ecfi n\u00e0o kh\u00e1c, vui l\u00f2ng li\u00ean h\u1ec7 b\u1eb1ng c\u00e1ch \u0111i\u1ec1n th\u00f4ng tin v\u00e0o bi\u1ec3u m\u1eabu n\u00e0y. Th\u1eddi h\u1ea1n x\u1eed l\u00fd tin nh\u1eafn: 24 gi\u1edd&hellip;","_links":{"self":[{"href":"https:\/\/www.v-label.com\/vi\/wp-json\/wp\/v2\/pages\/73477","targetHints":{"allow":["GET"]}}],"collection":[{"href":"https:\/\/www.v-label.com\/vi\/wp-json\/wp\/v2\/pages"}],"about":[{"href":"https:\/\/www.v-label.com\/vi\/wp-json\/wp\/v2\/types\/page"}],"author":[{"embeddable":true,"href":"https:\/\/www.v-label.com\/vi\/wp-json\/wp\/v2\/users\/5"}],"replies":[{"embeddable":true,"href":"https:\/\/www.v-label.com\/vi\/wp-json\/wp\/v2\/comments?post=73477"}],"version-history":[{"count":2,"href":"https:\/\/www.v-label.com\/vi\/wp-json\/wp\/v2\/pages\/73477\/revisions"}],"predecessor-version":[{"id":77463,"href":"https:\/\/www.v-label.com\/vi\/wp-json\/wp\/v2\/pages\/73477\/revisions\/77463"}],"wp:featuredmedia":[{"embeddable":true,"href":"https:\/\/www.v-label.com\/vi\/wp-json\/wp\/v2\/media\/73480"}],"wp:attachment":[{"href":"https:\/\/www.v-label.com\/vi\/wp-json\/wp\/v2\/media?parent=73477"}],"wp:term":[{"taxonomy":"category","embeddable":true,"href":"https:\/\/www.v-label.com\/vi\/wp-json\/wp\/v2\/categories?post=73477"},{"taxonomy":"post_tag","embeddable":true,"href":"https:\/\/www.v-label.com\/vi\/wp-json\/wp\/v2\/tags?post=73477"}],"curies":[{"name":"wp","href":"https:\/\/api.w.org\/{rel}","templated":true}]}}