{"id":75797,"date":"2022-05-30T16:14:53","date_gmt":"2022-05-30T14:14:53","guid":{"rendered":"https:\/\/www.v-label.com\/branches-2\/"},"modified":"2025-11-20T09:58:17","modified_gmt":"2025-11-20T08:58:17","slug":"branches","status":"publish","type":"page","link":"https:\/\/www.v-label.com\/vi\/branches\/","title":{"rendered":"Th\u00f4ng tin chung"},"content":{"rendered":"\n<p>Th\u1ecb tr\u01b0\u1eddng nguy\u00ean li\u1ec7u c\u00f3 ngu\u1ed3n g\u1ed1c th\u1ef1c v\u1eadt to\u00e0n c\u1ea7u \u0111\u00e3 \u0111\u1ea1t doanh thu k\u1ef7 l\u1ee5c trong nhi\u1ec1u n\u0103m v\u00e0 <a href=\"https:\/\/univdatos.com\/report\/global-plant-based-foods-market-insights-insights-and-forecast-2019-2025\" target=\"_blank\" aria-label=\" (opens in a new tab)\" rel=\"noreferrer noopener\" class=\"ek-link\">d\u1ef1 ki\u1ebfn s\u1ebd t\u0103ng tr\u01b0\u1edfng 8,94%<\/a> h\u00e0ng n\u0103m trong giai \u0111o\u1ea1n 2019-2025. Trong khi n\u0103m 2018, n\u00f3 \u0111\u01b0\u1ee3c \u0111\u1ecbnh gi\u00e1 10,66 t\u1ef7 USD doanh thu, <a href=\"https:\/\/www.absolutemarketsinsights.com\/reports\/Global-Vegan-Food-Market-2019-2027-532\" target=\"_blank\" rel=\"noopener\">d\u1ef1 \u0111o\u00e1n s\u1ebd \u0111\u1ea1t 27,98 t\u1ef7 USD v\u00e0o n\u0103m 2027<\/a>. <\/p>\n\n<p>Tr\u00ean to\u00e0n c\u1ea7u, ng\u01b0\u1eddi ti\u00eau d\u00f9ng ng\u00e0y c\u00e0ng t\u00ecm ki\u1ebfm c\u00e1c s\u1ea3n ph\u1ea9m t\u1ed1t cho s\u1ee9c kh\u1ecfe, c\u00f3 \u0111\u1ea1o \u0111\u1ee9c v\u00e0 ti\u1ebft ki\u1ec7m chi ph\u00ed, \u00edt t\u00e1c \u0111\u1ed9ng \u0111\u1ebfn m\u00f4i tr\u01b0\u1eddng, \u0111i\u1ec1u n\u00e0y \u0111ang th\u00fac \u0111\u1ea9y nhu c\u1ea7u v\u1ec1 c\u00e1c s\u1ea3n ph\u1ea9m thay th\u1ebf thu\u1ea7n chay v\u00e0 chay<a href=\"https:\/\/www.researchandmarkets.com\/reports\/5141758\/plant-based-meat-market-global-outlook-and\" target=\"_blank\" rel=\"noopener\">.<\/a> Ng\u00e0y c\u00e0ng c\u00f3 nhi\u1ec1u c\u00f4ng ty nh\u1eadn ra l\u1ee3i \u00edch c\u1ee7a vi\u1ec7c \u0111\u00e1p \u1ee9ng nhu c\u1ea7u ng\u00e0y c\u00e0ng t\u0103ng c\u1ee7a th\u1ecb tr\u01b0\u1eddng \u0111\u1ed1i v\u1edbi nhi\u1ec1u s\u1ea3n ph\u1ea9m \u0111a d\u1ea1ng, ch\u1ea5t l\u01b0\u1ee3ng cao, kh\u00f4ng c\u00f3 \u0111\u1ed9ng v\u1eadt. <\/p>\n\n<p>Ng\u01b0\u1eddi ti\u00eau d\u00f9ng c\u0169ng ng\u00e0y c\u00e0ng k\u00eau g\u1ecdi s\u1ef1 minh b\u1ea1ch trong vi\u1ec7c ghi nh\u00e3n. H\u1ecd mu\u1ed1n c\u00f3 th\u1ec3 nh\u1eadn bi\u1ebft c\u00e1c s\u1ea3n ph\u1ea9m thu\u1ea7n chay v\u00e0 chay m\u1ed9t c\u00e1ch nhanh ch\u00f3ng v\u00e0 t\u1ef1 tin. G\u00fctesiegel Monitor \u0111\u00e3 x\u1ebfp h\u1ea1ng V-Label l\u00e0 m\u1ed9t trong ba nh\u00e3n th\u1ef1c ph\u1ea9m \u0111\u00e1ng tin c\u1eady nh\u1ea5t \u1edf \u0110\u1ee9c v\u00e0o n\u0103m 2020. Vi\u1ec7c ghi nh\u00e3n c\u1ee7a c\u00e1c t\u1ed5 ch\u1ee9c \u0111\u1ed9c l\u1eadp mang l\u1ea1i cho ng\u01b0\u1eddi ti\u00eau d\u00f9ng s\u1ef1 tin c\u1eady cao h\u01a1n so v\u1edbi nh\u00e3n do nh\u00e0 s\u1ea3n xu\u1ea5t s\u1ea3n xu\u1ea5t \u2013 ch\u1ec9 ri\u00eang \u1edf \u0110\u1ee9c, 60% tin r\u1eb1ng t\u1ed5 ch\u1ee9c m\u00f4i tr\u01b0\u1eddng th\u1ef1c hi\u1ec7n c\u00e1c cu\u1ed9c ki\u1ec3m tra nh\u1ea5t qu\u00e1n h\u01a1n h\u01a1n nh\u00e3n hi\u1ec7u ri\u00eang.   <\/p>\n\r\n<ul id=\"pagelinks-block_4262578497adf17cf1f047ff6e59ec25\" class=\"wp-block-pagelinks alignwide\">\r\n\t\t\t\t\t\t<li>\r\n\t\t\t\t<article>\r\n\t\t\t\t\t\t\t\t\t\t\t<a href=\"https:\/\/www.v-label.com\/vi\/branches\/thuc-pham\/\" class=\"post_thumbnail\">\r\n\t\t\t\t\t\t\t<img decoding=\"async\" width=\"904\" height=\"720\" src=\"https:\/\/www.v-label.com\/wp-content\/uploads\/2022\/12\/v-label-food-sector-904x720.jpg\" class=\"attachment-preview size-preview wp-post-image\" alt=\"\" \/>\t\t\t\t\t\t<\/a>\r\n\t\t\t\t\t\t\t\t\t\t<div class=\"inner\">\r\n\t\t\t\t\t\t<div class=\"inner_top\">\r\n\t\t\t\t\t\t\t<header>\r\n\t\t\t\t\t\t\t\t<h3>\r\n\t\t\t\t\t\t\t\t\t<a href=\"https:\/\/www.v-label.com\/vi\/branches\/thuc-pham\/\">Th\u1ef1c ph\u1ea9m<\/a>\r\n\t\t\t\t\t\t\t\t<\/h3>\r\n\t\t\t\t\t\t\t\t\t\t\t\t\t\t\t<\/header>\r\n\t\t\t\t\t\t\t\t\t\t\t\t\t\t\t<div class=\"excerpt\">\r\n\t\t\t\t\t\t\t\t\t<p>B\u1ea1n c\u00f3 bi\u1ebft r\u1eb1ng theo Euromonitor International, th\u1ecb tr\u01b0\u1eddng th\u1ef1c v\u1eadt \u1edf T\u00e2y \u00c2u \u0111\u00e3 t\u0103ng g\u1ea5p \u0111\u00f4i quy m\u00f4 ch\u1ec9 trong th\u1eadp k\u1ef7 qua, chi\u1ebfm 38,5% t\u1ed5ng doanh thu to\u00e0n c\u1ea7u? Trong khi th\u1ecb tr\u01b0\u1eddng th\u1ef1c ph\u1ea9m d\u1ef1a tr\u00ean th\u1ef1c v\u1eadt to\u00e0n c\u1ea7u d\u1ef1 ki\u1ebfn \u200b\u200bs\u1ebd t\u0103ng tr\u01b0\u1edfng v\u1edbi t\u1ed1c \u0111\u1ed9 8,94% th\u00ec t\u00ednh [&hellip;]<\/p>\r\n\t\t\t\t\t\t\t\t<\/div>\r\n\t\t\t\t\t\t\t\t\t\t\t\t\t<\/div>\r\n\t\t\t\t\t\t<a href=\"https:\/\/www.v-label.com\/vi\/branches\/thuc-pham\/\" class=\"read_more\">Read more<\/a>\r\n\t\t\t\t\t<\/div>\r\n\t\t\t\t<\/article>\r\n\t\t\t<\/li>\r\n\t\t\t\t\t<li>\r\n\t\t\t\t<article>\r\n\t\t\t\t\t\t\t\t\t\t\t<a href=\"https:\/\/www.v-label.com\/vi\/branches\/my-pham\/\" class=\"post_thumbnail\">\r\n\t\t\t\t\t\t\t<img decoding=\"async\" width=\"904\" height=\"720\" src=\"https:\/\/www.v-label.com\/wp-content\/uploads\/2022\/12\/cosmetics-1280-904x720.jpg\" class=\"attachment-preview size-preview wp-post-image\" alt=\"\" \/>\t\t\t\t\t\t<\/a>\r\n\t\t\t\t\t\t\t\t\t\t<div class=\"inner\">\r\n\t\t\t\t\t\t<div class=\"inner_top\">\r\n\t\t\t\t\t\t\t<header>\r\n\t\t\t\t\t\t\t\t<h3>\r\n\t\t\t\t\t\t\t\t\t<a href=\"https:\/\/www.v-label.com\/vi\/branches\/my-pham\/\">M\u1ef9 ph\u1ea9m &amp; V\u1ec7 sinh c\u00e1 nh\u00e2n<\/a>\r\n\t\t\t\t\t\t\t\t<\/h3>\r\n\t\t\t\t\t\t\t\t\t\t\t\t\t\t\t<\/header>\r\n\t\t\t\t\t\t\t\t\t\t\t\t\t\t\t<div class=\"excerpt\">\r\n\t\t\t\t\t\t\t\t\t<p>S\u1ef1 ti\u1ec7n l\u1ee3i, c\u00f3 tr\u00e1ch nhi\u1ec7m v\u1edbi s\u1ee9c kh\u1ecfe c\u1ee7a ch\u00ednh m\u00ecnh v\u00e0 l\u1eddi k\u00eau g\u1ecdi l\u1edbn h\u01a1n v\u1ec1 s\u1eed d\u1ee5ng c\u00e1c s\u1ea3n ph\u1ea9m l\u00e0m \u0111\u1eb9p nh\u00e2n \u0111\u1ea1o. \u0110\u00f3 l\u00e0 ba l\u00fd do ch\u00ednh khi\u1ebfn quy m\u00f4 th\u1ecb tr\u01b0\u1eddng m\u1ef9 ph\u1ea9m thu\u1ea7n chay to\u00e0n c\u1ea7u \u0111\u01b0\u1ee3c d\u1ef1 \u0111o\u00e1n s\u1ebd \u0111\u1ea1t 20,8 t\u1ef7 USD v\u00e0o n\u0103m [&hellip;]<\/p>\r\n\t\t\t\t\t\t\t\t<\/div>\r\n\t\t\t\t\t\t\t\t\t\t\t\t\t<\/div>\r\n\t\t\t\t\t\t<a href=\"https:\/\/www.v-label.com\/vi\/branches\/my-pham\/\" class=\"read_more\">Read more<\/a>\r\n\t\t\t\t\t<\/div>\r\n\t\t\t\t<\/article>\r\n\t\t\t<\/li>\r\n\t\t\t\t\t<li>\r\n\t\t\t\t<article>\r\n\t\t\t\t\t\t\t\t\t\t\t<a href=\"https:\/\/www.v-label.com\/vi\/branches\/phi-thuc-pham\/\" class=\"post_thumbnail\">\r\n\t\t\t\t\t\t\t<img decoding=\"async\" width=\"904\" height=\"692\" src=\"https:\/\/www.v-label.com\/wp-content\/uploads\/2022\/12\/v-label-non-food-sectors-904x692.jpg\" class=\"attachment-preview size-preview wp-post-image\" alt=\"\" \/>\t\t\t\t\t\t<\/a>\r\n\t\t\t\t\t\t\t\t\t\t<div class=\"inner\">\r\n\t\t\t\t\t\t<div class=\"inner_top\">\r\n\t\t\t\t\t\t\t<header>\r\n\t\t\t\t\t\t\t\t<h3>\r\n\t\t\t\t\t\t\t\t\t<a href=\"https:\/\/www.v-label.com\/vi\/branches\/phi-thuc-pham\/\">Phi th\u1ef1c ph\u1ea9m<\/a>\r\n\t\t\t\t\t\t\t\t<\/h3>\r\n\t\t\t\t\t\t\t\t\t\t\t\t\t\t\t<\/header>\r\n\t\t\t\t\t\t\t\t\t\t\t\t\t\t\t<div class=\"excerpt\">\r\n\t\t\t\t\t\t\t\t\t<p>M\u1ed9t ng\u00e0nh c\u00f4ng nghi\u1ec7p \u0111ang b\u00f9ng n\u1ed5 trong nhi\u1ec1u n\u0103m t\u1edbi, th\u1eddi trang thu\u1ea7n chay v\u00e0 th\u1eddi trang nh\u00e2n \u0111\u1ea1o \u0111\u00e3 \u0111\u01b0\u1ee3c coi l\u00e0 s\u00e0nh \u0111i\u1ec7u v\u00e0 sang tr\u1ecdng. Theo Statista.com, th\u1ecb tr\u01b0\u1eddng th\u1eddi trang d\u00e0nh cho ph\u1ee5 n\u1eef thu\u1ea7n chay to\u00e0n c\u1ea7u \u0111\u01b0\u1ee3c \u0111\u1ecbnh gi\u00e1 396,3 t\u1ef7 USD v\u00e0o n\u0103m 2019 v\u00e0 d\u1ef1 ki\u1ebfn [&hellip;]<\/p>\r\n\t\t\t\t\t\t\t\t<\/div>\r\n\t\t\t\t\t\t\t\t\t\t\t\t\t<\/div>\r\n\t\t\t\t\t\t<a href=\"https:\/\/www.v-label.com\/vi\/branches\/phi-thuc-pham\/\" class=\"read_more\">Read more<\/a>\r\n\t\t\t\t\t<\/div>\r\n\t\t\t\t<\/article>\r\n\t\t\t<\/li>\r\n\t\t\t\t\t<li>\r\n\t\t\t\t<article>\r\n\t\t\t\t\t\t\t\t\t\t\t<a href=\"https:\/\/www.v-label.com\/vi\/branches\/am-thuc\/\" class=\"post_thumbnail\">\r\n\t\t\t\t\t\t\t<img decoding=\"async\" width=\"904\" height=\"720\" src=\"https:\/\/www.v-label.com\/wp-content\/uploads\/2022\/12\/gastronomy-1280-904x720.jpg\" class=\"attachment-preview size-preview wp-post-image\" alt=\"\" \/>\t\t\t\t\t\t<\/a>\r\n\t\t\t\t\t\t\t\t\t\t<div class=\"inner\">\r\n\t\t\t\t\t\t<div class=\"inner_top\">\r\n\t\t\t\t\t\t\t<header>\r\n\t\t\t\t\t\t\t\t<h3>\r\n\t\t\t\t\t\t\t\t\t<a href=\"https:\/\/www.v-label.com\/vi\/branches\/am-thuc\/\">\u1ea8m th\u1ef1c<\/a>\r\n\t\t\t\t\t\t\t\t<\/h3>\r\n\t\t\t\t\t\t\t\t\t\t\t\t\t\t\t<\/header>\r\n\t\t\t\t\t\t\t\t\t\t\t\t\t\t\t<div class=\"excerpt\">\r\n\t\t\t\t\t\t\t\t\t<p>T\u1eeb qu\u00e1n c\u00e0 ph\u00ea \u0111\u1ebfn nh\u00e0 h\u00e0ng cao c\u1ea5p, qu\u00e1n r\u01b0\u1ee3u nh\u1ecf v\u00e0 c\u1eeda h\u00e0ng b\u1eadt l\u00ean, ng\u00e0nh d\u1ecbch v\u1ee5 \u0103n u\u1ed1ng c\u00f3 quy m\u00f4 g\u1ea7n nh\u01b0 ngang b\u1eb1ng v\u1edbi ng\u00e0nh b\u00e1n l\u1ebb th\u1ef1c ph\u1ea9m. Trong th\u1eadp k\u1ef7 qua, ng\u01b0\u1eddi ti\u00eau d\u00f9ng d\u01b0\u1edbi 40 tu\u1ed5i \u0111\u00e3 t\u0103ng l\u01b0\u1ee3ng rau t\u01b0\u01a1i ti\u00eau th\u1ee5 l\u00ean 52%, theo [&hellip;]<\/p>\r\n\t\t\t\t\t\t\t\t<\/div>\r\n\t\t\t\t\t\t\t\t\t\t\t\t\t<\/div>\r\n\t\t\t\t\t\t<a href=\"https:\/\/www.v-label.com\/vi\/branches\/am-thuc\/\" class=\"read_more\">Read more<\/a>\r\n\t\t\t\t\t<\/div>\r\n\t\t\t\t<\/article>\r\n\t\t\t<\/li>\r\n\t\t\t<\/ul>","protected":false},"excerpt":{"rendered":"<p>Th\u1ecb tr\u01b0\u1eddng nguy\u00ean li\u1ec7u c\u00f3 ngu\u1ed3n g\u1ed1c th\u1ef1c v\u1eadt to\u00e0n c\u1ea7u \u0111\u00e3 \u0111\u1ea1t doanh thu k\u1ef7 l\u1ee5c trong nhi\u1ec1u n\u0103m v\u00e0 d\u1ef1 ki\u1ebfn s\u1ebd t\u0103ng tr\u01b0\u1edfng 8,94% h\u00e0ng n\u0103m trong giai \u0111o\u1ea1n 2019-2025. Trong khi n\u0103m 2018, n\u00f3 \u0111\u01b0\u1ee3c \u0111\u1ecbnh gi\u00e1 10,66 t\u1ef7 USD doanh thu, d\u1ef1 \u0111o\u00e1n s\u1ebd \u0111\u1ea1t 27,98 t\u1ef7 USD v\u00e0o n\u0103m [&hellip;]<\/p>\n","protected":false},"author":5,"featured_media":75800,"parent":0,"menu_order":0,"comment_status":"closed","ping_status":"closed","template":"","meta":{"_acf_changed":false,"_editorskit_title_hidden":false,"_editorskit_reading_time":0,"_editorskit_is_block_options_detached":false,"_editorskit_block_options_position":"{}","inline_featured_image":false,"_uag_custom_page_level_css":"","footnotes":""},"categories":[],"tags":[],"class_list":["post-75797","page","type-page","status-publish","has-post-thumbnail","hentry"],"acf":[],"uagb_featured_image_src":{"full":["https:\/\/www.v-label.com\/wp-content\/uploads\/2022\/12\/v-label-general-info-sectors.jpg",1280,716,false],"thumbnail":["https:\/\/www.v-label.com\/wp-content\/uploads\/2022\/12\/v-label-general-info-sectors-500x280.jpg",500,280,true],"medium":["https:\/\/www.v-label.com\/wp-content\/uploads\/2022\/12\/v-label-general-info-sectors-300x168.jpg",300,168,true],"medium_large":["https:\/\/www.v-label.com\/wp-content\/uploads\/2022\/12\/v-label-general-info-sectors-768x430.jpg",768,430,true],"large":["https:\/\/www.v-label.com\/wp-content\/uploads\/2022\/12\/v-label-general-info-sectors-1024x573.jpg",1024,573,true],"1536x1536":["https:\/\/www.v-label.com\/wp-content\/uploads\/2022\/12\/v-label-general-info-sectors.jpg",1280,716,false],"2048x2048":["https:\/\/www.v-label.com\/wp-content\/uploads\/2022\/12\/v-label-general-info-sectors.jpg",1280,716,false],"preview":["https:\/\/www.v-label.com\/wp-content\/uploads\/2022\/12\/v-label-general-info-sectors-904x716.jpg",904,716,true],"header":["https:\/\/www.v-label.com\/wp-content\/uploads\/2022\/12\/v-label-general-info-sectors.jpg",1280,716,false],"gform-image-choice-sm":["https:\/\/www.v-label.com\/wp-content\/uploads\/2022\/12\/v-label-general-info-sectors.jpg",300,168,false],"gform-image-choice-md":["https:\/\/www.v-label.com\/wp-content\/uploads\/2022\/12\/v-label-general-info-sectors.jpg",400,224,false],"gform-image-choice-lg":["https:\/\/www.v-label.com\/wp-content\/uploads\/2022\/12\/v-label-general-info-sectors.jpg",600,336,false]},"uagb_author_info":{"display_name":"Can Aslan","author_link":"https:\/\/www.v-label.com\/vi"},"uagb_comment_info":0,"uagb_excerpt":"Th\u1ecb tr\u01b0\u1eddng nguy\u00ean li\u1ec7u c\u00f3 ngu\u1ed3n g\u1ed1c th\u1ef1c v\u1eadt to\u00e0n c\u1ea7u \u0111\u00e3 \u0111\u1ea1t doanh thu k\u1ef7 l\u1ee5c trong nhi\u1ec1u n\u0103m v\u00e0 d\u1ef1 ki\u1ebfn s\u1ebd t\u0103ng tr\u01b0\u1edfng 8,94% h\u00e0ng n\u0103m trong giai \u0111o\u1ea1n 2019-2025. Trong khi n\u0103m 2018, n\u00f3 \u0111\u01b0\u1ee3c \u0111\u1ecbnh gi\u00e1 10,66 t\u1ef7 USD doanh thu, d\u1ef1 \u0111o\u00e1n s\u1ebd \u0111\u1ea1t 27,98 t\u1ef7 USD v\u00e0o n\u0103m&hellip;","_links":{"self":[{"href":"https:\/\/www.v-label.com\/vi\/wp-json\/wp\/v2\/pages\/75797","targetHints":{"allow":["GET"]}}],"collection":[{"href":"https:\/\/www.v-label.com\/vi\/wp-json\/wp\/v2\/pages"}],"about":[{"href":"https:\/\/www.v-label.com\/vi\/wp-json\/wp\/v2\/types\/page"}],"author":[{"embeddable":true,"href":"https:\/\/www.v-label.com\/vi\/wp-json\/wp\/v2\/users\/5"}],"replies":[{"embeddable":true,"href":"https:\/\/www.v-label.com\/vi\/wp-json\/wp\/v2\/comments?post=75797"}],"version-history":[{"count":3,"href":"https:\/\/www.v-label.com\/vi\/wp-json\/wp\/v2\/pages\/75797\/revisions"}],"predecessor-version":[{"id":75803,"href":"https:\/\/www.v-label.com\/vi\/wp-json\/wp\/v2\/pages\/75797\/revisions\/75803"}],"wp:featuredmedia":[{"embeddable":true,"href":"https:\/\/www.v-label.com\/vi\/wp-json\/wp\/v2\/media\/75800"}],"wp:attachment":[{"href":"https:\/\/www.v-label.com\/vi\/wp-json\/wp\/v2\/media?parent=75797"}],"wp:term":[{"taxonomy":"category","embeddable":true,"href":"https:\/\/www.v-label.com\/vi\/wp-json\/wp\/v2\/categories?post=75797"},{"taxonomy":"post_tag","embeddable":true,"href":"https:\/\/www.v-label.com\/vi\/wp-json\/wp\/v2\/tags?post=75797"}],"curies":[{"name":"wp","href":"https:\/\/api.w.org\/{rel}","templated":true}]}}