{"id":75804,"date":"2022-05-30T16:16:01","date_gmt":"2022-05-30T14:16:01","guid":{"rendered":"https:\/\/www.v-label.com\/general-information-2\/"},"modified":"2024-06-21T17:58:49","modified_gmt":"2024-06-21T15:58:49","slug":"thong-tin-chung","status":"publish","type":"page","link":"https:\/\/www.v-label.com\/vi\/thong-tin-chung\/","title":{"rendered":"Th\u00f4ng tin chung"},"content":{"rendered":"\n<h2 class=\"has-text-align-center wp-block-heading\">Th\u00f4ng tin d\u00e0nh cho ng\u01b0\u1eddi ti\u00eau d\u00f9ng<\/h2>\n\n<p>B\u1ea1n l\u00e0 ng\u01b0\u1eddi \u0103n thu\u1ea7n chay, b\u00e1n chay, gi\u1ea3m l\u01b0\u1ee3ng th\u1ee9c \u0103n \u0111\u1ed9ng v\u1eadt \u0103n v\u00e0o hay ch\u1ec9 t\u00f2 m\u00f2? V\u00ec b\u1ea1n \u0111ang truy c\u1eadp trang web n\u00e0y n\u00ean r\u1ea5t c\u00f3 th\u1ec3 b\u1ea1n mu\u1ed1n c\u00f3 m\u1ed9t th\u1ebf gi\u1edbi c\u00f4ng b\u1eb1ng, b\u1ec1n v\u1eefng (v\u00e0 ngon l\u00e0nh!). Ch\u00fang t\u00f4i lu\u00f4n s\u00e1t c\u00e1nh c\u00f9ng b\u1ea1n v\u00e0 c\u00e1ch \u0111\u00f3ng g\u00f3p c\u1ee7a ch\u00fang t\u00f4i cho t\u01b0\u01a1ng lai \u0111\u00f3 l\u00e0 l\u00e0m cho c\u00e1c s\u1ea3n ph\u1ea9m thu\u1ea7n chay v\u00e0 chay \u0111\u01b0\u1ee3c ph\u1ed5 bi\u1ebfn r\u1ed9ng r\u00e3i v\u00e0 d\u1ec5 d\u00e0ng nh\u1eadn bi\u1ebft.  <\/p>\n\n<p><strong>V-Label, m\u1ed9t con d\u1ea5u \u0111\u01b0\u1ee3c qu\u1ed1c t\u1ebf c\u00f4ng nh\u1eadn<\/strong> d\u00e0nh cho c\u00e1c s\u1ea3n ph\u1ea9m chay ho\u1eb7c thu\u1ea7n chay v\u00e0 \u0111\u00e3 v\u01b0\u1ee3t qua qu\u00e1 tr\u00ecnh ki\u1ec3m tra k\u1ef9 l\u01b0\u1ee1ng, l\u00e0 \u0111\u1ed3ng minh c\u1ee7a b\u1ea1n trong vi\u1ec7c bi\u1ebfn cu\u1ed9c s\u1ed1ng c\u1ee7a b\u1ea1n tr\u1edf n\u00ean d\u1ef1a tr\u00ean th\u1ef1c v\u1eadt h\u01a1n, m\u1ed7i l\u1ea7n mua h\u00e0ng c\u00f3 hi\u1ec3u bi\u1ebft. <\/p>\n\n<p><strong>L\u00e0 h\u01b0\u1edbng d\u1eabn \u0111\u01a1n gi\u1ea3n v\u00e0 d\u1ec5 hi\u1ec3u h\u00e0ng ng\u00e0y<\/strong>, V-Label gi\u00fap b\u1ea1n ti\u1ebft ki\u1ec7m th\u1eddi gian v\u00e0 kh\u00f4ng ph\u1ea3i m\u1ec7t m\u1ecfi khi \u0111\u01b0a ra quy\u1ebft \u0111\u1ecbnh. H\u00e3y t\u00ecm bi\u1ec3u t\u01b0\u1ee3ng m\u00e0u v\u00e0ng b\u1eaft m\u1eaft v\u00e0o l\u1ea7n mua s\u1eafm ti\u1ebfp theo: ngay t\u1eeb c\u00e1i nh\u00ecn \u0111\u1ea7u ti\u00ean, b\u1ea1n s\u1ebd bi\u1ebft s\u1ea3n ph\u1ea9m n\u00e0o \u0111\u01b0\u1ee3c ph\u00ea duy\u1ec7t v\u00e0 do \u0111\u00f3 an to\u00e0n khi mua! <\/p>\n\n<p><strong>\u0110\u00e1ng tin c\u1eady v\u00e0 \u0111\u00e1ng tin c\u1eady.<\/strong> Khi b\u1ea1n mua m\u1ed9t s\u1ea3n ph\u1ea9m ho\u1eb7c d\u1ecbch v\u1ee5 \u0111\u01b0\u1ee3c \u0111\u00f3ng d\u1ea5u b\u1edfi V-Label, b\u1ea1n c\u00f3 th\u1ec3 d\u1ef1a v\u00e0o c\u00e1c ti\u00eau ch\u00ed ti\u00eau chu\u1ea9n h\u00f3a d\u00e0nh cho s\u1ea3n ph\u1ea9m thu\u1ea7n chay v\u00e0 chay \u0111\u01b0\u1ee3c \u00e1p d\u1ee5ng m\u1ed9t c\u00e1ch c\u00f4ng b\u1eb1ng v\u00e0 mang t\u00ednh qu\u1ed1c t\u1ebf. Kh\u00f4ng c\u1ea7n ph\u1ea3i lo l\u1eafng v\u1ec1 vi\u1ec7c c\u00e1c c\u00f4ng ty d\u00e1n nh\u00e3n sai cho s\u1ea3n ph\u1ea9m d\u1ef1a tr\u00ean ti\u00eau ch\u00ed ng\u1eabu nhi\u00ean c\u1ee7a ri\u00eang h\u1ecd. V-Label, \u0111\u01b0\u1ee3c th\u00e0nh l\u1eadp n\u0103m 1996 t\u1ea1i Th\u1ee5y S\u0129, l\u00e0 m\u1ed9t trong nh\u1eefng c\u00f4ng ty \u0111\u1ecbnh h\u00ecnh ng\u00e0nh.    <\/p>\n\n<div class=\"wp-block-buttons is-content-justification-center is-layout-flex wp-container-core-buttons-is-layout-16018d1d wp-block-buttons-is-layout-flex\">\n<div class=\"wp-block-button\"><a class=\"wp-block-button__link wp-element-button\" href=\"https:\/\/www.v-label.com\/general-information\/certified-products\/\">S\u1ea3n ph\u1ea9m \u0111\u01b0\u1ee3c ch\u1ee9ng nh\u1eadn<\/a><\/div>\n\n\n\n<div class=\"wp-block-button\"><a class=\"wp-block-button__link wp-element-button\" href=\"https:\/\/www.v-label.com\/report-a-misuse\/\">B\u00e1o c\u00e1o vi\u1ec7c s\u1eed d\u1ee5ng sai<\/a><\/div>\n<\/div>\n\n<h3 class=\"has-text-align-center wp-block-heading\"><strong>Ch\u00fang ta \u0111ang \u0111\u1ee9ng l\u00ean v\u00ec \u0111i\u1ec1u g\u00ec?<\/strong><\/h3>\n\n<p>Khi b\u1ea1n mua s\u1ea3n ph\u1ea9m ho\u1eb7c d\u1ecbch v\u1ee5 do V-Label cung c\u1ea5p, b\u1ea1n c\u00f3 th\u1ec3 ch\u1eafc ch\u1eafn r\u1eb1ng:<\/p>\n\n<ul class=\"wp-block-list\">\n<li><strong>Kh\u00f4ng c\u00f3 giai \u0111o\u1ea1n s\u1ea3n xu\u1ea5t n\u00e0o s\u1eed d\u1ee5ng nguy\u00ean li\u1ec7u c\u00f3 ngu\u1ed3n g\u1ed1c \u0111\u1ed9ng v\u1eadt \u0111\u01b0\u1ee3c d\u00e1n nh\u00e3n thu\u1ea7n chay<\/strong><strong>.<\/strong> Ngo\u00e0i ra c\u00e1c ch\u1ea5t ph\u1ee5 gia v\u00e0 h\u01b0\u01a1ng li\u1ec7u c\u0169ng \u0111\u00e3 \u0111\u01b0\u1ee3c xem x\u00e9t. <strong> <\/strong>Vi\u1ec7c ki\u1ec3m tra kh\u00f4ng d\u1eebng l\u1ea1i \u1edf danh s\u00e1ch th\u00e0nh ph\u1ea7n m\u00e0 c\u00f2n bao g\u1ed3m c\u1ea3 nh\u1eefng ch\u1ea5t kh\u00f4ng c\u1ea7n ch\u1ec9 \u0111\u1ecbnh, ch\u1eb3ng h\u1ea1n nh\u01b0 m\u00f4i tr\u01b0\u1eddng nu\u00f4i c\u1ea5y c\u00f4ng ngh\u1ec7 sinh h\u1ecdc v\u00e0 ch\u1ea5t h\u1ed7 tr\u1ee3 ch\u1ebf bi\u1ebfn. V\u00ec v\u1eady, b\u1ea1n c\u00f3 th\u1ec3 ch\u1eafc ch\u1eafn r\u1eb1ng n\u01b0\u1edbc t\u00e1o ho\u1eb7c r\u01b0\u1ee3u vang kh\u00f4ng \u0111\u01b0\u1ee3c l\u00e0m trong b\u1eb1ng gelatine, \u0111\u01b0\u1eddng kh\u00f4ng \u0111\u01b0\u1ee3c x\u1eed l\u00fd b\u1eb1ng b\u1ed9t x\u01b0\u01a1ng v\u00e0 b\u00e1nh m\u00ec kh\u00f4ng \u0111\u01b0\u1ee3c x\u1eed l\u00fd b\u1eb1ng cysteine l\u00e0m t\u1eeb l\u00f4ng l\u1ee3n. <\/li>\n\n\n\n<li>Ch\u1ec9 s\u1eefa, s\u1eefa non, tr\u1ee9ng nu\u00f4i kh\u00f4ng l\u1ed3ng, m\u1eadt ong, s\u00e1p ong, keo ong ho\u1eb7c m\u1ee1 len v\u00e0 c\u00e1c s\u1ea3n ph\u1ea9m c\u1ee7a ch\u00fang m\u1edbi \u0111\u01b0\u1ee3c ph\u00e9p \u0111\u01b0a v\u00e0o s\u1ea3n xu\u1ea5t n\u1ebfu \u0111\u01b0\u1ee3c d\u00e1n nh\u00e3n <strong>chay<\/strong>. <\/li>\n\n\n\n<li>T\u1ea5t c\u1ea3 c\u00e1c giai \u0111o\u1ea1n s\u1ea3n xu\u1ea5t c\u1ea7n ph\u1ea3i \u0111\u01b0\u1ee3c thi\u1ebft k\u1ebf sao cho gi\u1ea3m thi\u1ec3u <strong>d\u1ea5u v\u1ebft ngo\u00e0i \u00fd mu\u1ed1n<\/strong> c\u1ee7a c\u00e1c ch\u1ea5t kh\u00f4ng thu\u1ea7n chay ho\u1eb7c kh\u00f4ng chay trong s\u1ea3n ph\u1ea9m cu\u1ed1i c\u00f9ng. <\/li>\n\n\n\n<li><strong>Vi\u1ec7c th\u1eed nghi\u1ec7m d\u01b0\u1edbi b\u1ea5t k\u1ef3 h\u00ecnh th\u1ee9c n\u00e0o tr\u00ean \u0111\u1ed9ng v\u1eadt<\/strong> kh\u00f4ng \u0111\u01b0\u1ee3c ho\u1eb7c \u0111\u00e3 \u0111\u01b0\u1ee3c th\u1ef1c hi\u1ec7n \u0111\u1ed1i v\u1edbi s\u1ea3n ph\u1ea9m cu\u1ed1i c\u00f9ng c\u0169ng nh\u01b0 \u0111\u1ed1i v\u1edbi t\u1eebng th\u00e0nh ph\u1ea7n, ch\u1ea5t ph\u1ee5 tr\u1ee3 v\u00e0 c\u00e1c ch\u1ea5t kh\u00e1c \u0111\u01b0\u1ee3c s\u1eed d\u1ee5ng \u0111\u1ec3 ch\u1ebf bi\u1ebfn n\u1ebfu \u0111\u01b0\u1ee3c ph\u00e1t tri\u1ec3n cho s\u1ea3n ph\u1ea9m cu\u1ed1i c\u00f9ng.<\/li>\n<\/ul>\n\n<p>Cu\u1ed1i c\u00f9ng nh\u01b0ng kh\u00f4ng k\u00e9m ph\u1ea7n quan tr\u1ecdng, t<strong>hu nh\u1eadp t\u1eeb ph\u00ed gi\u1ea5y ph\u00e9p<\/strong> ch\u1ee7 y\u1ebfu \u0111\u01b0\u1ee3c s\u1eed d\u1ee5ng \u0111\u1ec3 t\u00e0i tr\u1ee3 cho <strong>c\u00e1c d\u1ef1 \u00e1n v\u00e0 t\u1ed5 ch\u1ee9c phi ch\u00ednh ph\u1ee7<\/strong> v\u1ec1 quy\u1ec1n \u0111\u1ed9ng v\u1eadt v\u00e0 thu\u1ea7n chay kh\u00e1c nhau.<\/p>\n\n<div class=\"wp-block-columns are-vertically-aligned-center is-layout-flex wp-container-core-columns-is-layout-9d6595d7 wp-block-columns-is-layout-flex\">\n<div class=\"wp-block-column is-vertically-aligned-center is-layout-flow wp-block-column-is-layout-flow\">\n<figure class=\"wp-block-image size-full\"><img decoding=\"async\" width=\"720\" height=\"497\" src=\"https:\/\/www.v-label.com\/wp-content\/uploads\/2022\/09\/b2b-info-page-2.webp\" alt=\"\" class=\"wp-image-879\" srcset=\"https:\/\/www.v-label.com\/wp-content\/uploads\/2022\/09\/b2b-info-page-2.webp 720w, https:\/\/www.v-label.com\/wp-content\/uploads\/2022\/09\/b2b-info-page-2-300x207.webp 300w\" sizes=\"(max-width: 720px) 100vw, 720px\" \/><\/figure><\/div>\n\n\n\n<div class=\"wp-block-column is-vertically-aligned-center is-layout-flow wp-block-column-is-layout-flow\">\n<figure class=\"wp-block-image size-full\"><img decoding=\"async\" width=\"720\" height=\"482\" src=\"https:\/\/www.v-label.com\/wp-content\/uploads\/2022\/09\/b2b-info-page-1.webp\" alt=\"\" class=\"wp-image-876\" srcset=\"https:\/\/www.v-label.com\/wp-content\/uploads\/2022\/09\/b2b-info-page-1.webp 720w, https:\/\/www.v-label.com\/wp-content\/uploads\/2022\/09\/b2b-info-page-1-300x201.webp 300w\" sizes=\"(max-width: 720px) 100vw, 720px\" \/><\/figure><\/div>\n\n\n\n<div class=\"wp-block-column is-vertically-aligned-center is-layout-flow wp-block-column-is-layout-flow\">\n<figure class=\"wp-block-image size-full\"><img decoding=\"async\" width=\"720\" height=\"482\" src=\"https:\/\/www.v-label.com\/wp-content\/uploads\/2022\/09\/b2b-info-page-3.webp\" alt=\"\" class=\"wp-image-860\" srcset=\"https:\/\/www.v-label.com\/wp-content\/uploads\/2022\/09\/b2b-info-page-3.webp 720w, https:\/\/www.v-label.com\/wp-content\/uploads\/2022\/09\/b2b-info-page-3-300x201.webp 300w\" sizes=\"(max-width: 720px) 100vw, 720px\" \/><\/figure><\/div>\n<\/div>\n","protected":false},"excerpt":{"rendered":"<p>Th\u00f4ng tin d\u00e0nh cho ng\u01b0\u1eddi ti\u00eau d\u00f9ng B\u1ea1n l\u00e0 ng\u01b0\u1eddi \u0103n thu\u1ea7n chay, b\u00e1n chay, gi\u1ea3m l\u01b0\u1ee3ng th\u1ee9c \u0103n \u0111\u1ed9ng v\u1eadt \u0103n v\u00e0o hay ch\u1ec9 t\u00f2 m\u00f2? V\u00ec b\u1ea1n \u0111ang truy c\u1eadp trang web n\u00e0y n\u00ean r\u1ea5t c\u00f3 th\u1ec3 b\u1ea1n mu\u1ed1n c\u00f3 m\u1ed9t th\u1ebf gi\u1edbi c\u00f4ng b\u1eb1ng, b\u1ec1n v\u1eefng (v\u00e0 ngon l\u00e0nh!). Ch\u00fang t\u00f4i lu\u00f4n [&hellip;]<\/p>\n","protected":false},"author":5,"featured_media":75805,"parent":0,"menu_order":0,"comment_status":"closed","ping_status":"closed","template":"","meta":{"_acf_changed":false,"_editorskit_title_hidden":false,"_editorskit_reading_time":0,"_editorskit_is_block_options_detached":false,"_editorskit_block_options_position":"{}","inline_featured_image":false,"_uag_custom_page_level_css":"","footnotes":""},"categories":[],"tags":[],"class_list":["post-75804","page","type-page","status-publish","has-post-thumbnail","hentry"],"acf":[],"uagb_featured_image_src":{"full":["https:\/\/www.v-label.com\/wp-content\/uploads\/2022\/12\/v-label-general-info-consumers.jpg",1280,738,false],"thumbnail":["https:\/\/www.v-label.com\/wp-content\/uploads\/2022\/12\/v-label-general-info-consumers-500x288.jpg",500,288,true],"medium":["https:\/\/www.v-label.com\/wp-content\/uploads\/2022\/12\/v-label-general-info-consumers-300x173.jpg",300,173,true],"medium_large":["https:\/\/www.v-label.com\/wp-content\/uploads\/2022\/12\/v-label-general-info-consumers-768x443.jpg",768,443,true],"large":["https:\/\/www.v-label.com\/wp-content\/uploads\/2022\/12\/v-label-general-info-consumers-1024x590.jpg",1024,590,true],"1536x1536":["https:\/\/www.v-label.com\/wp-content\/uploads\/2022\/12\/v-label-general-info-consumers.jpg",1280,738,false],"2048x2048":["https:\/\/www.v-label.com\/wp-content\/uploads\/2022\/12\/v-label-general-info-consumers.jpg",1280,738,false],"preview":["https:\/\/www.v-label.com\/wp-content\/uploads\/2022\/12\/v-label-general-info-consumers-904x720.jpg",904,720,true],"header":["https:\/\/www.v-label.com\/wp-content\/uploads\/2022\/12\/v-label-general-info-consumers-1280x720.jpg",1280,720,true],"gform-image-choice-sm":["https:\/\/www.v-label.com\/wp-content\/uploads\/2022\/12\/v-label-general-info-consumers.jpg",300,173,false],"gform-image-choice-md":["https:\/\/www.v-label.com\/wp-content\/uploads\/2022\/12\/v-label-general-info-consumers.jpg",400,231,false],"gform-image-choice-lg":["https:\/\/www.v-label.com\/wp-content\/uploads\/2022\/12\/v-label-general-info-consumers.jpg",600,346,false]},"uagb_author_info":{"display_name":"Can Aslan","author_link":"https:\/\/www.v-label.com\/vi"},"uagb_comment_info":0,"uagb_excerpt":"Th\u00f4ng tin d\u00e0nh cho ng\u01b0\u1eddi ti\u00eau d\u00f9ng B\u1ea1n l\u00e0 ng\u01b0\u1eddi \u0103n thu\u1ea7n chay, b\u00e1n chay, gi\u1ea3m l\u01b0\u1ee3ng th\u1ee9c \u0103n \u0111\u1ed9ng v\u1eadt \u0103n v\u00e0o hay ch\u1ec9 t\u00f2 m\u00f2? V\u00ec b\u1ea1n \u0111ang truy c\u1eadp trang web n\u00e0y n\u00ean r\u1ea5t c\u00f3 th\u1ec3 b\u1ea1n mu\u1ed1n c\u00f3 m\u1ed9t th\u1ebf gi\u1edbi c\u00f4ng b\u1eb1ng, b\u1ec1n v\u1eefng (v\u00e0 ngon l\u00e0nh!). Ch\u00fang t\u00f4i lu\u00f4n&hellip;","_links":{"self":[{"href":"https:\/\/www.v-label.com\/vi\/wp-json\/wp\/v2\/pages\/75804","targetHints":{"allow":["GET"]}}],"collection":[{"href":"https:\/\/www.v-label.com\/vi\/wp-json\/wp\/v2\/pages"}],"about":[{"href":"https:\/\/www.v-label.com\/vi\/wp-json\/wp\/v2\/types\/page"}],"author":[{"embeddable":true,"href":"https:\/\/www.v-label.com\/vi\/wp-json\/wp\/v2\/users\/5"}],"replies":[{"embeddable":true,"href":"https:\/\/www.v-label.com\/vi\/wp-json\/wp\/v2\/comments?post=75804"}],"version-history":[{"count":3,"href":"https:\/\/www.v-label.com\/vi\/wp-json\/wp\/v2\/pages\/75804\/revisions"}],"predecessor-version":[{"id":75808,"href":"https:\/\/www.v-label.com\/vi\/wp-json\/wp\/v2\/pages\/75804\/revisions\/75808"}],"wp:featuredmedia":[{"embeddable":true,"href":"https:\/\/www.v-label.com\/vi\/wp-json\/wp\/v2\/media\/75805"}],"wp:attachment":[{"href":"https:\/\/www.v-label.com\/vi\/wp-json\/wp\/v2\/media?parent=75804"}],"wp:term":[{"taxonomy":"category","embeddable":true,"href":"https:\/\/www.v-label.com\/vi\/wp-json\/wp\/v2\/categories?post=75804"},{"taxonomy":"post_tag","embeddable":true,"href":"https:\/\/www.v-label.com\/vi\/wp-json\/wp\/v2\/tags?post=75804"}],"curies":[{"name":"wp","href":"https:\/\/api.w.org\/{rel}","templated":true}]}}