{"id":75809,"date":"2022-05-30T16:16:08","date_gmt":"2022-05-30T14:16:08","guid":{"rendered":"https:\/\/www.v-label.com\/faqs-2\/"},"modified":"2025-11-20T09:58:22","modified_gmt":"2025-11-20T08:58:22","slug":"faqs","status":"publish","type":"page","link":"https:\/\/www.v-label.com\/vi\/faqs\/","title":{"rendered":"FAQ"},"content":{"rendered":"\n<h3 class=\"wp-block-heading has-text-align-center\">T\u00ecm c\u00e2u tr\u1ea3 l\u1eddi cho m\u1ed9t s\u1ed1 c\u00e2u h\u1ecfi m\u00e0 b\u1ea1n c\u00f3 th\u1ec3 th\u1eafc m\u1eafc v\u1ec1 V-Label.<\/h3>\n\r\n<section id=\"accordion-block_4c01efccfae909317a5d4cc395799c81\" class=\"wp-block-accordion\">\r\n\t\t\t<button class=\"toggle_open\" id=\"button_toggle\">Expand all<\/button>\r\n\t\t<ul class=\"posts_list_accordion\">\r\n\t\t\t\t\t\t\t<li>\r\n\t\t\t\t\t\t\t\t\t\t\t\t\t\t\t\t\t<h4 id=\"\">V-Label mang l\u1ea1i l\u1ee3i \u00edch g\u00ec so v\u1edbi c\u00e1c nh\u00e3n th\u1ef1c v\u1eadt kh\u00e1c?<i class=\"icon-angle-down\"><\/i><\/h4>\r\n\t\t\t\t\t\t\t\t\t\t\t\t\t\t\t\t<div class=\"accordion_text\"><p>Nhi\u1ec1u c\u00f4ng ty v\u00e0 nh\u00e0 s\u1ea3n xu\u1ea5t s\u1eed d\u1ee5ng nh\u00e3n chay ri\u00eang cho s\u1ea3n ph\u1ea9m c\u1ee7a h\u1ecd. Tuy nhi\u00ean, khi t\u1ea1o ra c\u00e1c nh\u00e3n n\u00e0y, h\u1ecd x\u00e1c \u0111\u1ecbnh ti\u00eau ch\u00ed ri\u00eang cho c\u00e1c s\u1ea3n ph\u1ea9m thu\u1ea7n chay v\u00e0 chay, d\u1eabn \u0111\u1ebfn s\u1ef1 kh\u00f4ng nh\u1ea5t qu\u00e1n v\u1edbi c\u00e1c c\u00f4ng ty v\u00e0 nh\u00e0 s\u1ea3n xu\u1ea5t kh\u00e1c. Vi\u1ec7c c\u00e1c c\u00f4ng ty thi\u1ebfu ki\u1ebfn th\u1ee9c n\u1ec1n t\u1ea3ng v\u1ec1 c\u00e1c th\u00e0nh ph\u1ea7n kh\u00e1c nhau v\u00e0 c\u00e1c ti\u00eau ch\u00ed s\u1ea3n xu\u1ea5t quan tr\u1ecdng c\u00f3 th\u1ec3 d\u1eabn \u0111\u1ebfn vi\u1ec7c ghi nh\u00e3n kh\u00f4ng ch\u00ednh x\u00e1c. Nh\u1eefng nh\u00e3n t\u1ef1 l\u00e0m n\u00e0y kh\u00f4ng ch\u1ecbu s\u1ef1 ki\u1ec3m tra c\u1ee7a c\u00e1c c\u01a1 quan \u0111\u1ed9c l\u1eadp, \u0111i\u1ec1u \u0111\u00f3 c\u00f3 ngh\u0129a l\u00e0 vi\u1ec7c ghi nh\u00e3n sai \u0111\u00f4i khi c\u00f3 th\u1ec3 kh\u00f4ng \u0111\u01b0\u1ee3c ng\u01b0\u1eddi ti\u00eau d\u00f9ng ch\u00fa \u00fd. Ng\u01b0\u1eddi ti\u00eau d\u00f9ng ng\u00e0y c\u00e0ng k\u00eau g\u1ecdi s\u1ef1 minh b\u1ea1ch \u0111\u1ec3 h\u1ecd c\u00f3 th\u1ec3 x\u00e1c \u0111\u1ecbnh c\u00e1c s\u1ea3n ph\u1ea9m thu\u1ea7n chay v\u00e0 chay m\u1ed9t c\u00e1ch nhanh ch\u00f3ng v\u00e0 t\u1ef1 tin. Hi\u1ec7n t\u1ea1i, ch\u1ec9 c\u00f3 V-Label m\u1edbi c\u00f3 th\u1ec3 mang l\u1ea1i s\u1ef1 r\u00f5 r\u00e0ng n\u00e0y nh\u1edd c\u00e1c ti\u00eau ch\u00ed \u0111\u01b0\u1ee3c ti\u00eau chu\u1ea9n h\u00f3a trong vi\u1ec7c ghi nh\u00e3n c\u00e1c s\u1ea3n ph\u1ea9m thu\u1ea7n chay v\u00e0 chay. Nh\u00e3n V c\u00f3 ngh\u0129a l\u00e0 c\u00e1c c\u00f4ng ty c\u00f3 th\u1ec3 thu\u00ea ngo\u00e0i ch\u1ecbu tr\u00e1ch nhi\u1ec7m ki\u1ec3m tra \u0111\u1ea3m b\u1ea3o ch\u1ea5t l\u01b0\u1ee3ng c\u00e1c s\u1ea3n ph\u1ea9m thu\u1ea7n chay v\u00e0 chay c\u1ee7a h\u1ecd. Ngo\u00e0i ra, V-Label l\u00e0 nh\u00e3n hi\u1ec7u \u0111\u1ed9c l\u1eadp duy nh\u1ea5t c\u1ee7a Ch\u00e2u \u00c2u trong danh m\u1ee5c \u201cthu\u1ea7n chay\u201d v\u00e0 \u201c\u0103n chay\u201d.    <\/p>\n<\/div>\r\n\t\t\t\t\t\t\t\t\t<\/li>\r\n\t\t\t\t\t\t\t<li>\r\n\t\t\t\t\t\t\t\t\t\t\t\t\t\t\t\t\t<h4 id=\"\">T\u1ea1i sao ch\u1ec9 \u0111\u1ecdc danh s\u00e1ch c\u00e1c th\u00e0nh ph\u1ea7n l\u00e0 kh\u00f4ng \u0111\u1ee7?<i class=\"icon-angle-down\"><\/i><\/h4>\r\n\t\t\t\t\t\t\t\t\t\t\t\t\t\t\t\t<div class=\"accordion_text\"><p>Ch\u1ec9 c\u1ea7n \u0111\u1ecdc danh s\u00e1ch c\u00e1c th\u00e0nh ph\u1ea7n s\u1ebd cung c\u1ea5p r\u1ea5t \u00edt s\u1ef1 \u0111\u1ea3m b\u1ea3o v\u1ec1 vi\u1ec7c s\u1ea3n ph\u1ea9m \u0111\u00f3 c\u00f3 ph\u1ea3i l\u00e0 s\u1ea3n ph\u1ea9m chay hay thu\u1ea7n chay hay kh\u00f4ng. M\u1ed9t s\u1ed1 th\u00e0nh ph\u1ea7n \u0111\u01b0\u1ee3c ghi l\u00e0 s\u1ed1 E xa l\u1ea1 v\u1edbi nhi\u1ec1u ng\u01b0\u1eddi ti\u00eau d\u00f9ng, trong khi m\u1ed9t s\u1ed1 th\u00e0nh ph\u1ea7n kh\u00e1c l\u1ea1i kh\u00f4ng \u0111\u01b0\u1ee3c li\u1ec7t k\u00ea v\u00ec kh\u00f4ng c\u1ea7n ph\u1ea3i khai b\u00e1o. Ngo\u00e0i ra, kh\u00f4ng ph\u1ea3i l\u00fac n\u00e0o c\u0169ng r\u00f5 r\u00e0ng li\u1ec7u m\u1ed9t s\u1ed1 th\u00e0nh ph\u1ea7n nh\u1ea5t \u0111\u1ecbnh c\u00f3 ngu\u1ed3n g\u1ed1c th\u1ef1c v\u1eadt hay \u0111\u1ed9ng v\u1eadt &#8211; v\u00ed d\u1ee5, th\u00f4ng th\u01b0\u1eddng c\u00e1c ch\u1ea5t ph\u1ee5 gia s\u1ea3n xu\u1ea5t, nhi\u1ec1u trong s\u1ed1 \u0111\u00f3 c\u00f3 ngu\u1ed3n g\u1ed1c \u0111\u1ed9ng v\u1eadt, kh\u00f4ng \u0111\u01b0\u1ee3c \u0111\u01b0a v\u00e0o danh s\u00e1ch c\u00e1c th\u00e0nh ph\u1ea7n. Nh\u1eefng thay \u0111\u1ed5i trong c\u00f4ng th\u1ee9c n\u1ea5u \u0103n c\u00f3 th\u1ec3 c\u00f3 ngh\u0129a l\u00e0 m\u1ed9t s\u1ea3n ph\u1ea9m thu\u1ea7n chay ho\u1eb7c chay \u0111\u01b0\u1ee3c y\u00eau th\u00edch \u0111\u1ed9t nhi\u00ean ch\u1ee9a c\u00e1c s\u1ea3n ph\u1ea9m \u0111\u1ed9ng v\u1eadt m\u00e0 ng\u01b0\u1eddi ti\u00eau d\u00f9ng kh\u00f4ng h\u1ec1 hay bi\u1ebft. Kh\u00f4ng ch\u1ec9 c\u00e1c s\u1ea3n ph\u1ea9m \u0111\u01b0\u1ee3c c\u1ea5p ph\u00e9p v\u1edbi Nh\u00e3n V \u0111\u01b0\u1ee3c ki\u1ec3m tra v\u1ec1 th\u00e0nh ph\u1ea7n m\u00e0 m\u1ed7i b\u01b0\u1edbc s\u1ea3n xu\u1ea5t ri\u00eang l\u1ebb li\u00ean quan \u0111\u1ebfn vi\u1ec7c ph\u00e1t tri\u1ec3n s\u1ea3n ph\u1ea9m c\u0169ng \u0111\u01b0\u1ee3c xem x\u00e9t k\u1ef9 l\u01b0\u1ee1ng. Do \u0111\u00f3, V-Label l\u00e0 m\u1ed9t ch\u1ec9 b\u00e1o nhanh ch\u00f3ng v\u00e0 \u0111\u00e1ng tin c\u1eady gi\u00fap ng\u01b0\u1eddi ti\u00eau d\u00f9ng kh\u00f4ng ph\u1ea3i b\u1eadn t\u00e2m khi xem x\u00e9t danh s\u00e1ch c\u00e1c th\u00e0nh ph\u1ea7n.     <\/p>\n<\/div>\r\n\t\t\t\t\t\t\t\t\t<\/li>\r\n\t\t\t\t\t\t\t<li>\r\n\t\t\t\t\t\t\t\t\t\t\t\t\t\t\t\t\t<h4 id=\"\">C\u00e1c s\u1ea3n ph\u1ea9m mang nh\u00e3n V-Label \u0111\u01b0\u1ee3c \u0111\u00e1nh d\u1ea5u l\u00e0 thu\u1ea7n chay ho\u1eb7c \u0103n chay theo ti\u00eau ch\u00ed n\u00e0o?<i class=\"icon-angle-down\"><\/i><\/h4>\r\n\t\t\t\t\t\t\t\t\t\t\t\t\t\t\t\t<div class=\"accordion_text\"><p>\u0110\u1ecbnh ngh\u0129a c\u1ee7a c\u00e1c thu\u1eadt ng\u1eef \u201cthu\u1ea7n chay\u201d v\u00e0 \u201c\u0103n chay\u201d m\u00e0 V-Label s\u1eed d\u1ee5ng l\u00e0m c\u01a1 s\u1edf, tu\u00e2n th\u1ee7 \u0111\u1ecbnh ngh\u0129a \u0111\u01b0\u1ee3c \u0111\u1ec1 xu\u1ea5t \u0111\u01b0\u1ee3c n\u00eau r\u00f5 trong H\u1ed9i ngh\u1ecb B\u1ed9 tr\u01b0\u1edfng B\u1ea3o v\u1ec7 Ng\u01b0\u1eddi ti\u00eau d\u00f9ng l\u1ea7n th\u1ee9 12 \u0111\u01b0\u1ee3c t\u1ed5 ch\u1ee9c v\u00e0o ng\u00e0y 22 th\u00e1ng 4 n\u0103m 2016.<\/p>\n<p><strong>Thu\u1ea7n chay<\/strong><\/p>\n<p>Th\u1ef1c ph\u1ea9m v\u00e0 c\u00e1c s\u1ea3n ph\u1ea9m kh\u00e1c kh\u00f4ng ch\u1ee9a th\u00e0nh ph\u1ea7n c\u00f3 ngu\u1ed3n g\u1ed1c t\u1eeb \u0111\u1ed9ng v\u1eadt ho\u1eb7c c\u00e1c b\u1ed9 ph\u1eadn c\u1ee7a \u0111\u1ed9ng v\u1eadt \u0111\u01b0\u1ee3c coi l\u00e0 thu\u1ea7n chay. \u0110i\u1ec1u n\u00e0y c\u00f3 t\u00ednh \u0111\u1ebfn t\u1ea5t c\u1ea3 c\u00e1c b\u01b0\u1edbc s\u1ea3n xu\u1ea5t v\u00e0 ch\u1ebf bi\u1ebfn. Th\u1ef1c ph\u1ea9m v\u00e0 c\u00e1c s\u1ea3n ph\u1ea9m kh\u00e1c \u0111\u01b0\u1ee3c t\u1ea1o ra kh\u00f4ng nh\u1edd s\u1ef1 tr\u1ee3 gi\u00fap c\u1ee7a \u0111\u1ed9ng v\u1eadt s\u1ed1ng v\u00e0 c\u00e1c s\u1ea3n ph\u1ea9m c\u00f3 ngu\u1ed3n g\u1ed1c t\u1eeb \u0111\u1ed9ng v\u1eadt \u0111\u01b0\u1ee3c coi l\u00e0 s\u1ea3n ph\u1ea9m thu\u1ea7n chay.  <\/p>\n<p><strong>Chay<\/strong><\/p>\n<p>Th\u1ef1c ph\u1ea9m v\u00e0 c\u00e1c s\u1ea3n ph\u1ea9m kh\u00e1c kh\u00f4ng ch\u1ee9a \u0111\u1ed9ng v\u1eadt ho\u1eb7c c\u00e1c b\u1ed9 ph\u1eadn c\u1ee7a \u0111\u1ed9ng v\u1eadt \u0111\u01b0\u1ee3c coi l\u00e0 chay. \u0110i\u1ec1u n\u00e0y t\u00ednh \u0111\u1ebfn t\u1ea5t c\u1ea3 c\u00e1c b\u01b0\u1edbc s\u1ea3n xu\u1ea5t v\u00e0 ch\u1ebf bi\u1ebfn ngo\u1ea1i tr\u1eeb vi\u1ec7c tr\u1ed3ng tr\u1ecdt ho\u1eb7c thu ho\u1ea1ch.  <\/p>\n<p><strong>Ti\u00eau ch\u00ed b\u1ed5 sung c\u1ee7a V-Label<\/strong><\/p>\n<p>Nh\u00e3n V-Label kh\u00f4ng bao gi\u1edd \u0111\u01b0\u1ee3c c\u1ea5p ph\u00e9p trong c\u00e1c tr\u01b0\u1eddng h\u1ee3p sau:<\/p>\n<ul>\n<li>S\u1ea3n ph\u1ea9m \u0111\u01b0\u1ee3c tuy\u00ean b\u1ed1 l\u00e0 c\u00f3 ch\u1ee9a GMO (sinh v\u1eadt bi\u1ebfn \u0111\u1ed5i gen)<\/li>\n<li>C\u00e1c s\u1ea3n ph\u1ea9m c\u00f3 ch\u1ee9a tr\u1ee9ng t\u1eeb g\u00e0 m\u00e1i nu\u00f4i trong l\u1ed3ng (bao g\u1ed3m c\u1ea3 t\u1eeb h\u1ec7 th\u1ed1ng l\u1ed3ng \u0111\u01b0\u1ee3c c\u1ea3i ti\u1ebfn v\u00e0 nu\u00f4i theo nh\u00f3m nh\u1ecf)<\/li>\n<\/ul>\n<p><strong>Bao b\u00ec<\/strong><\/p>\n<p>V-Label kh\u00f4ng lo\u1ea1i tr\u1eeb c\u00e1c s\u1ea3n ph\u1ea9m c\u00f3 bao b\u00ec ch\u1ee9a c\u00e1c s\u1ea3n ph\u1ea9m c\u00f3 ngu\u1ed3n g\u1ed1c t\u1eeb \u0111\u1ed9ng v\u1eadt. Tuy nhi\u00ean, c\u00e1c c\u00f4ng ty \u0111\u01b0\u1ee3c khuy\u1ebfn kh\u00edch t\u1ef1 nguy\u1ec7n tr\u00e1nh s\u1eed d\u1ee5ng bao b\u00ec ch\u1ee9a c\u00e1c s\u1ea3n ph\u1ea9m c\u00f3 ngu\u1ed3n g\u1ed1c t\u1eeb \u0111\u1ed9ng v\u1eadt. <\/p>\n<p><strong>B\u00f3n ph\u00e2n v\u00e0 tr\u1ed3ng tr\u1ecdt<\/strong><\/p>\n<p>Qu\u00e1 tr\u00ecnh c\u1ea5p ph\u00e9p V-Label cho s\u1ea3n ph\u1ea9m v\u00e0 nguy\u00ean li\u1ec7u bao g\u1ed3m giai \u0111o\u1ea1n t\u1eeb khi thu ho\u1ea1ch. Ph\u00e2n b\u00f3n \u0111\u01b0\u1ee3c s\u1eed d\u1ee5ng tr\u00ean \u0111\u1ea5t tr\u1ed3ng nguy\u00ean li\u1ec7u th\u00f4 cho c\u00e1c s\u1ea3n ph\u1ea9m c\u00f3 nh\u00e3n V-Label kh\u00f4ng ph\u1ea3i l\u00e0 ti\u00eau ch\u00ed li\u00ean quan. Tuy nhi\u00ean, nguy\u00ean li\u1ec7u th\u00f4 \u0111\u01b0\u1ee3c tr\u1ed3ng t\u1eeb n\u00f4ng nghi\u1ec7p thu\u1ea7n chay, h\u1eefu c\u01a1 n\u00ean \u0111\u01b0\u1ee3c \u01b0u ti\u00ean h\u01a1n v\u00e0 c\u00e1c c\u00f4ng ty \u0111\u01b0\u1ee3c khuy\u1ebfn kh\u00edch t\u1ef1 nguy\u1ec7n tr\u00e1nh s\u1eed d\u1ee5ng ph\u00e2n b\u00f3n c\u00f3 ch\u1ee9a c\u00e1c ch\u1ea5t c\u00f3 ngu\u1ed3n g\u1ed1c \u0111\u1ed9ng v\u1eadt.  <\/p>\n<p><strong>Theo d\u00f5i th\u00e0nh ph\u1ea7n v\u00e0 ch\u1ea5t g\u00e2y \u00f4 nhi\u1ec5m<\/strong><\/p>\n<p>C\u00e1c c\u00f4ng ty tr\u00ean c\u01a1 s\u1edf t\u1ef1 nguy\u1ec7n quy\u1ebft \u0111\u1ecbnh c\u00f3 hay kh\u00f4ng ghi tr\u00ean bao b\u00ec s\u1ef1 hi\u1ec7n di\u1ec7n c\u1ee7a d\u1ea5u v\u1ebft \u00f4 nhi\u1ec5m v\u1edbi c\u00e1c ch\u1ea5t g\u00e2y d\u1ecb \u1ee9ng ho\u1eb7c s\u1ea3n ph\u1ea9m \u0111\u1ed9ng v\u1eadt c\u00f3 kh\u1ea3 n\u0103ng x\u1ea3y ra trong qu\u00e1 tr\u00ecnh s\u1ea3n xu\u1ea5t. B\u1eb1ng c\u00e1ch ch\u1ec9 ra s\u1ef1 hi\u1ec7n di\u1ec7n ti\u1ec1m t\u00e0ng c\u1ee7a c\u00e1c th\u00e0nh ph\u1ea7n vi l\u01b0\u1ee3ng, c\u00e1c c\u00f4ng ty t\u1ef1 b\u1ea3o v\u1ec7 m\u00ecnh tr\u01b0\u1edbc m\u1ecdi h\u1eadu qu\u1ea3 ph\u00e1p l\u00fd trong tr\u01b0\u1eddng h\u1ee3p kh\u00e1ch h\u00e0ng g\u1eb7p ph\u1ea3i ph\u1ea3n \u1ee9ng d\u1ecb \u1ee9ng. Tuy nhi\u00ean, ch\u1ec9 v\u00ec th\u00f4ng tin n\u00e0y \u0111\u01b0\u1ee3c cung c\u1ea5p kh\u00f4ng nh\u1ea5t thi\u1ebft c\u00f3 ngh\u0129a l\u00e0 s\u1ea3n ph\u1ea9m cu\u1ed1i c\u00f9ng th\u1ef1c s\u1ef1 ch\u1ee9a c\u00e1c s\u1ea3n ph\u1ea9m \u0111\u1ed9ng v\u1eadt; th\u00f4ng tin ch\u1ec9 c\u1ea3nh b\u00e1o ng\u01b0\u1eddi ti\u00eau d\u00f9ng v\u1ec1 kh\u1ea3 n\u0103ng \u00f4 nhi\u1ec5m t\u1ed1i thi\u1ec3u ph\u00e1t sinh trong qu\u00e1 tr\u00ecnh s\u1ea3n xu\u1ea5t.  <\/p>\n<p>C\u00e1c s\u1ea3n ph\u1ea9m mang th\u00f4ng tin n\u00e0y \u0111\u00e1p \u1ee9ng c\u00e1c ti\u00eau ch\u00ed c\u1ee7a V-Label v\u1edbi \u0111i\u1ec1u ki\u1ec7n l\u00e0 kh\u00f4ng c\u00f3 th\u00e0nh ph\u1ea7n \u0111\u1ed9ng v\u1eadt n\u00e0o \u0111\u01b0\u1ee3c c\u1ed1 \u00fd th\u00eam v\u00e0o b\u1ea5t k\u1ef3 th\u1eddi \u0111i\u1ec3m n\u00e0o trong qu\u00e1 tr\u00ecnh s\u1ea3n xu\u1ea5t. Qu\u00e1 tr\u00ecnh s\u1ea3n xu\u1ea5t ph\u1ea3i \u0111\u01b0\u1ee3c thi\u1ebft k\u1ebf \u0111\u1ec3 lo\u1ea1i tr\u1eeb m\u1ecdi kh\u1ea3 n\u0103ng \u00f4 nhi\u1ec5m v\u1edbi c\u00e1c th\u00e0nh ph\u1ea7n \u0111\u1ed9ng v\u1eadt. Theo ti\u00eau ch\u00ed c\u1ee7a V-Label, t\u1ed5ng m\u1ee9c \u00f4 nhi\u1ec5m v\u1edbi t\u1ea5t c\u1ea3 c\u00e1c th\u00e0nh ph\u1ea7n \u0111\u1ed9ng v\u1eadt c\u00f3 th\u1ec3 ki\u1ec3m ch\u1ee9ng \u0111\u01b0\u1ee3c trong s\u1ea3n ph\u1ea9m cu\u1ed1i c\u00f9ng kh\u00f4ng \u0111\u01b0\u1ee3c v\u01b0\u1ee3t qu\u00e1 0,1% (1 g\/kg). C\u00e1c quy t\u1eafc kh\u00e1c d\u1ef1a tr\u00ean \u201cgi\u1edbi h\u1ea1n ph\u00e1t hi\u1ec7n kh\u1ea3 thi v\u1ec1 m\u1eb7t k\u1ef9 thu\u1eadt\u201d c\u00f3 th\u1ec3 \u00e1p d\u1ee5ng cho m\u1ed9t s\u1ed1 nh\u00f3m s\u1ea3n ph\u1ea9m nh\u1ea5t \u0111\u1ecbnh.   <\/p>\n<p><strong>V\u00ed d\u1ee5<\/strong><\/p>\n<p>Nh\u00e3n hi\u1ec7u V-Label kh\u00f4ng bao gi\u1edd \u0111\u01b0\u1ee3c c\u1ea5p ph\u00e9p cho c\u00e1c s\u1ea3n ph\u1ea9m sau ho\u1eb7c s\u1ea3n ph\u1ea9m c\u00f3 ch\u1ee9a b\u1ea5t k\u1ef3 th\u00e0nh ph\u1ea7n n\u00e0o sau \u0111\u00e2y:<\/p>\n<ul>\n<li>S\u1ea3n ph\u1ea9m gi\u1ebft m\u1ed5<\/li>\n<li>Ch\u1ea5t b\u00e9o t\u1eeb c\u00e1, c\u00e1c b\u1ed9 ph\u1eadn c\u1ee7a c\u00e1 ho\u1eb7c \u0111\u1ed9ng v\u1eadt bi\u1ec3n kh\u00e1c<\/li>\n<li>H\u01b0\u01a1ng li\u1ec7u c\u00f3 ngu\u1ed3n g\u1ed1c \u0111\u1ed9ng v\u1eadt (tr\u1eeb h\u01b0\u01a1ng li\u1ec7u t\u1eeb s\u1eefa)<\/li>\n<li>Tr\u1ee9ng kh\u00f4ng ph\u1ea3i tr\u1ee9ng gia c\u1ea7m (v\u00ed d\u1ee5 tr\u1ee9ng c\u00e1 mu\u1ed1i)<\/li>\n<li>C\u00e1c s\u1ea3n ph\u1ea9m s\u1eefa c\u00f3 s\u1eed d\u1ee5ng rennet \u0111\u1ed9ng v\u1eadt<\/li>\n<li>S\u1eefa ong ch\u00faa<\/li>\n<li>Ch\u1ea5t t\u1ea1o m\u00e0u l\u00e0m t\u1eeb nguy\u00ean li\u1ec7u c\u00f3 ngu\u1ed3n g\u1ed1c \u0111\u1ed9ng v\u1eadt (v\u00ed d\u1ee5: cochineal)<\/li>\n<li>\u0110\u01b0\u1eddng ch\u1ebf bi\u1ebfn t\u1eeb than x\u01b0\u01a1ng \u0111\u1ed9ng v\u1eadt<\/li>\n<li>C\u00e1c ch\u1ea5t mang ho\u1eb7c ch\u1ea5t ph\u1ee5 gia c\u00f3 ngu\u1ed3n g\u1ed1c t\u1eeb \u0111\u1ed9ng v\u1eadt<\/li>\n<li>L\u00e0m s\u1ea1ch b\u1eb1ng c\u00e1c ch\u1ea5t c\u00f3 ngu\u1ed3n g\u1ed1c t\u1eeb \u0111\u1ed9ng v\u1eadt (v\u00ed d\u1ee5: gelatine, isinglass)<\/li>\n<\/ul>\n<p>V-Label trong danh m\u1ee5c \u201cthu\u1ea7n chay\u201d ch\u1ec9 \u0111\u01b0\u1ee3c c\u1ea5p ph\u00e9p cho c\u00e1c s\u1ea3n ph\u1ea9m kh\u00f4ng c\u00f3 s\u1ea3n ph\u1ea9m \u0111\u1ed9ng v\u1eadt nh\u01b0:<\/p>\n<ul>\n<li>Tr\u1ee9ng<\/li>\n<li>M\u1eadt ong<\/li>\n<li>C\u00e1c s\u1ea3n ph\u1ea9m s\u1eefa h\u1ea1t<\/li>\n<li>S\u00e1p \u0111\u1ed9ng v\u1eadt<\/li>\n<li>Ch\u1ea5t t\u1ea1o m\u00e0u t\u1eeb s\u1ea3n ph\u1ea9m \u0111\u1ed9ng v\u1eadt<\/li>\n<li>C\u00e1c ch\u1ea5t mang ho\u1eb7c ch\u1ea5t ph\u1ee5 gia c\u00f3 ngu\u1ed3n g\u1ed1c t\u1eeb \u0111\u1ed9ng v\u1eadt<\/li>\n<li>L\u00e0m r\u00f5 b\u1eb1ng c\u00e1c ch\u1ea5t c\u00f3 ngu\u1ed3n g\u1ed1c \u0111\u1ed9ng v\u1eadt (v\u00ed d\u1ee5: l\u00f2ng tr\u1eafng tr\u1ee9ng)<\/li>\n<\/ul>\n<\/div>\r\n\t\t\t\t\t\t\t\t\t<\/li>\r\n\t\t\t\t\t\t\t<li>\r\n\t\t\t\t\t\t\t\t\t\t\t\t\t\t\t\t\t<h4 id=\"\">D\u1ef1a tr\u00ean c\u01a1 s\u1edf n\u00e0o m\u00e0 th\u1ef1c ph\u1ea9m v\u00e0 c\u00e1c s\u1ea3n ph\u1ea9m kh\u00e1c \u0111\u01b0\u1ee3c ph\u00e2n lo\u1ea1i l\u00e0 \u201cthu\u1ea7n chay\u201d ho\u1eb7c \u201cchay\u201d?<i class=\"icon-angle-down\"><\/i><\/h4>\r\n\t\t\t\t\t\t\t\t\t\t\t\t\t\t\t\t<div class=\"accordion_text\"><p>C\u00e1c c\u00f4ng ty mu\u1ed1n c\u1ea5p ph\u00e9p cho s\u1ea3n ph\u1ea9m mang nh\u00e3n V-Label ph\u1ea3i khai b\u00e1o cho ng\u01b0\u1eddi c\u1ea5p ph\u00e9p th\u00e0nh ph\u1ea7n \u0111\u1ea7y \u0111\u1ee7 c\u1ee7a c\u00e1c s\u1ea3n ph\u1ea9m n\u00e0y v\u00e0 t\u1ea5t c\u1ea3 c\u00e1c ch\u1ea5t ph\u1ee5 gia \u0111\u01b0\u1ee3c s\u1eed d\u1ee5ng trong qu\u00e1 tr\u00ecnh ch\u1ebf bi\u1ebfn. Tr\u00ean c\u01a1 s\u1edf l\u1eddi t\u1ef1 tuy\u00ean b\u1ed1 n\u00e0y v\u00e0 sau cu\u1ed9c ki\u1ec3m tra c\u1ee7a nh\u00f3m V-Label, th\u1ef1c ph\u1ea9m v\u00e0 c\u00e1c s\u1ea3n ph\u1ea9m kh\u00e1c c\u00f3 th\u1ec3 \u0111\u01b0\u1ee3c ph\u00e2n lo\u1ea1i l\u00e0 \u201cthu\u1ea7n chay\u201d ho\u1eb7c \u201cchay\u201d. <\/p>\n<\/div>\r\n\t\t\t\t\t\t\t\t\t<\/li>\r\n\t\t\t\t\t\t\t<li>\r\n\t\t\t\t\t\t\t\t\t\t\t\t\t\t\t\t\t<h4 id=\"\">Nh\u1eefng b\u01b0\u1edbc n\u00e0o \u0111\u01b0\u1ee3c th\u1ef1c hi\u1ec7n \u0111\u1ec3 \u0111\u1ea3m b\u1ea3o r\u1eb1ng c\u00e1c c\u00f4ng ty \u0111\u00e1p \u1ee9ng c\u00e1c y\u00eau c\u1ea7u c\u1ee7a V-Label?<i class=\"icon-angle-down\"><\/i><\/h4>\r\n\t\t\t\t\t\t\t\t\t\t\t\t\t\t\t\t<div class=\"accordion_text\"><p>\u0110\u1ed9i ng\u0169 V-Label c\u00f3 quy\u1ec1n th\u1ef1c hi\u1ec7n c\u00e1c bi\u1ec7n ph\u00e1p \u0111\u1ea3m b\u1ea3o ch\u1ea5t l\u01b0\u1ee3ng nh\u1eb1m b\u1ea3o v\u1ec7 uy t\u00edn v\u00e0 l\u1ee3i \u00edch m\u00e0 V-Label \u0111\u00e3 h\u1ee9a h\u1eb9n.<\/p>\n<p>B\u1ea5t k\u1ef3 thay \u0111\u1ed5i c\u00f4ng th\u1ee9c ho\u1eb7c thay \u0111\u1ed5i n\u00e0o \u0111\u1ed1i v\u1edbi c\u00e1c quy tr\u00ecnh li\u00ean quan \u0111\u1ebfn s\u1ea3n xu\u1ea5t th\u1ef1c ph\u1ea9m v\u00e0 c\u00e1c s\u1ea3n ph\u1ea9m kh\u00e1c mang V-Label ph\u1ea3i \u0111\u01b0\u1ee3c b\u00e1o c\u00e1o ngay l\u1eadp t\u1ee9c v\u00e0 kh\u00f4ng \u0111\u01b0\u1ee3c nh\u1eafc nh\u1edf cho c\u00e1c th\u00e0nh vi\u00ean nh\u00f3m V-Label ch\u1ecbu tr\u00e1ch nhi\u1ec7m qu\u1ea3n l\u00fd ch\u1ea5t l\u01b0\u1ee3ng. Sau khi c\u00f4ng ty \u0111\u00e3 tuy\u00ean b\u1ed1 nh\u1eefng thay \u0111\u1ed5i li\u00ean quan, m\u1ed9t cu\u1ed9c ki\u1ec3m tra m\u1edbi s\u1ebd \u0111\u01b0\u1ee3c ti\u1ebfn h\u00e0nh. <\/p>\n<\/div>\r\n\t\t\t\t\t\t\t\t\t<\/li>\r\n\t\t\t\t\t\t\t<li>\r\n\t\t\t\t\t\t\t\t\t\t\t\t\t\t\t\t\t<h4 id=\"\">C\u00f3 khi n\u00e0o vi\u1ec7c m\u1ed9t s\u1ea3n ph\u1ea9m mang nh\u00e3n V-Label l\u00e0 v\u00f4 ngh\u0129a kh\u00f4ng?<i class=\"icon-angle-down\"><\/i><\/h4>\r\n\t\t\t\t\t\t\t\t\t\t\t\t\t\t\t\t<div class=\"accordion_text\"><p>S\u1ebd kh\u00f4ng c\u00f3 \u00fd ngh\u0129a g\u00ec khi t\u1ea5t c\u1ea3 c\u00e1c lo\u1ea1i th\u1ef1c ph\u1ea9m \u0111\u1ec1u mang nh\u00e3n V-Label: C\u00e1c s\u1ea3n ph\u1ea9m \u0111\u01a1n ch\u1ea5t nh\u01b0 tr\u00e0, gia v\u1ecb, n\u01b0\u1edbc kho\u00e1ng v\u00e0 th\u1ef1c ph\u1ea9m th\u00f4 nh\u01b0 rau ch\u01b0a qua ch\u1ebf bi\u1ebfn lu\u00f4n c\u00f3 ngu\u1ed3n g\u1ed1c t\u1eeb th\u1ef1c v\u1eadt v\u00e0 kh\u00f4ng c\u1ea7n ph\u1ea3i \u0111\u01b0\u1ee3c d\u00e1n nh\u00e3n \u0111\u1eb7c bi\u1ec7t nh\u01b0 v\u1eady. M\u1eb7c d\u00f9 v\u1ec1 nguy\u00ean t\u1eafc kh\u00f4ng c\u00f3 g\u00ec sai khi qu\u1ea3ng c\u00e1o m\u1ed9t s\u1ea3n ph\u1ea9m b\u1eb1ng c\u00e1ch n\u00eau r\u00f5 nh\u1eefng g\u00ec r\u00f5 r\u00e0ng l\u00e0 \u0111\u00fang, nh\u01b0ng \u0111i\u1ec1u \u0111\u00f3 \u0111\u01b0\u1ee3c coi l\u00e0 kh\u00f4ng n\u00ean l\u00e0m. <\/p>\n<\/div>\r\n\t\t\t\t\t\t\t\t\t<\/li>\r\n\t\t\t\t\t\t\t<li>\r\n\t\t\t\t\t\t\t\t\t\t\t\t\t\t\t\t\t<h4 id=\"\">C\u00e1c c\u00f4ng ty c\u00f3 th\u1ec3 ph\u1ea3i tr\u1ea3 nh\u1eefng chi ph\u00ed g\u00ec khi c\u1ea5p ph\u00e9p cho s\u1ea3n ph\u1ea9m c\u1ee7a m\u00ecnh v\u1edbi nh\u00e3n hi\u1ec7u V-Label?<i class=\"icon-angle-down\"><\/i><\/h4>\r\n\t\t\t\t\t\t\t\t\t\t\t\t\t\t\t\t<div class=\"accordion_text\"><p>Vi\u1ec7c s\u1eed d\u1ee5ng nh\u00e3n hi\u1ec7u V-Label ph\u1ea3i ch\u1ecbu ph\u00ed c\u1ea5p ph\u00e9p h\u00e0ng n\u0103m v\u00e0 ph\u00ed ki\u1ec3m tra m\u1ed9t l\u1ea7n.<\/p>\n<\/div>\r\n\t\t\t\t\t\t\t\t\t<\/li>\r\n\t\t\t\t\t\t\t<li>\r\n\t\t\t\t\t\t\t\t\t\t\t\t\t\t\t\t\t<h4 id=\"\">M\u1ea5t bao l\u00e2u \u0111\u1ec3 m\u1ed9t c\u00f4ng ty \u0111\u01b0\u1ee3c c\u1ea5p gi\u1ea5y ph\u00e9p?<i class=\"icon-angle-down\"><\/i><\/h4>\r\n\t\t\t\t\t\t\t\t\t\t\t\t\t\t\t\t<div class=\"accordion_text\"><p>Qu\u00e1 tr\u00ecnh c\u1ea5p ph\u00e9p bao g\u1ed3m n\u0103m b\u01b0\u1edbc. Khi m\u1ed9t c\u00f4ng ty \u0111\u00e3 g\u1eedi y\u00eau c\u1ea7u ban \u0111\u1ea7u, m\u1ed9t \u0111\u1ec1 ngh\u1ecb s\u1ebd \u0111\u01b0\u1ee3c th\u1ef1c hi\u1ec7n tr\u00ean c\u01a1 s\u1edf d\u1eef li\u1ec7u c\u00f4ng ty \u0111\u00e3 g\u1eedi. Khi l\u1eddi \u0111\u1ec1 ngh\u1ecb \u0111\u00e3 \u0111\u01b0\u1ee3c c\u00f4ng ty x\u00e1c nh\u1eadn, h\u1ee3p \u0111\u1ed3ng c\u1ea5p ph\u00e9p s\u1ebd \u0111\u01b0\u1ee3c k\u00fd k\u1ebft. Sau \u0111\u00f3, ng\u01b0\u1eddi c\u1ea5p ph\u00e9p s\u1ebd ki\u1ec3m tra t\u1ea5t c\u1ea3 c\u00e1c chi ti\u1ebft s\u1ea3n ph\u1ea9m. Sau khi ki\u1ec3m tra k\u1ef9 l\u01b0\u1ee1ng v\u00e0 n\u1ebfu ng\u01b0\u1eddi c\u1ea5p ph\u00e9p h\u00e0i l\u00f2ng v\u1edbi k\u1ebft qu\u1ea3, gi\u1ea5y ph\u00e9p V-Label s\u1ebd \u0111\u01b0\u1ee3c c\u1ea5p. Cu\u1ed1i c\u00f9ng, b\u1ed1 c\u1ee5c bao b\u00ec s\u1ea3n ph\u1ea9m \u0111\u01b0\u1ee3c ki\u1ec3m tra v\u00e0 ph\u00ea duy\u1ec7t \u0111\u1ec3 s\u1eed d\u1ee5ng. Trong quy tr\u00ecnh c\u1ea5p ph\u00e9p ti\u00eau chu\u1ea9n, c\u00f3 th\u1ec3 m\u1ea5t t\u1eeb \u200b\u200b2 \u0111\u1ebfn 8 tu\u1ea7n cho \u0111\u1ebfn khi c\u00f4ng ty cu\u1ed1i c\u00f9ng nh\u1eadn \u0111\u01b0\u1ee3c gi\u1ea5y ph\u00e9p s\u1eed d\u1ee5ng V-Label.      <\/p>\n<\/div>\r\n\t\t\t\t\t\t\t\t\t<\/li>\r\n\t\t\t\t\t\t\t<li>\r\n\t\t\t\t\t\t\t\t\t\t\t\t\t\t\t\t\t<h4 id=\"\">B\u1ea3n ch\u1ea5t c\u1ee7a h\u1ee3p \u0111\u1ed3ng \u0111\u1ed1i v\u1edbi c\u00e1c c\u00f4ng ty l\u00e0 g\u00ec?<i class=\"icon-angle-down\"><\/i><\/h4>\r\n\t\t\t\t\t\t\t\t\t\t\t\t\t\t\t\t<div class=\"accordion_text\"><p><strong>Th\u1eddi h\u1ea1n hi\u1ec7u l\u1ef1c<\/strong><\/p>\n<p>M\u1ed1i quan h\u1ec7 h\u1ee3p \u0111\u1ed3ng th\u01b0\u1eddng k\u00e9o d\u00e0i m\u1ed9t n\u0103m. N\u1ebfu doanh s\u1ed1 b\u00e1n h\u00e0ng dao \u0111\u1ed9ng t\u0103ng ho\u1eb7c gi\u1ea3m h\u01a1n 10%, ph\u00ed c\u1ea5p ph\u00e9p h\u00e0ng n\u0103m s\u1ebd \u0111\u01b0\u1ee3c \u0111i\u1ec1u ch\u1ec9nh t\u01b0\u01a1ng \u1ee9ng. Th\u1eddi \u0111i\u1ec3m b\u1eaft \u0111\u1ea7u h\u1ee3p \u0111\u1ed3ng \u0111\u01b0\u1ee3c quy \u0111\u1ecbnh trong h\u1ee3p \u0111\u1ed3ng. M\u1ed9t ng\u00e0y mu\u1ed9n h\u01a1n c\u00f3 th\u1ec3 \u0111\u01b0\u1ee3c ch\u1ec9 \u0111\u1ecbnh \u0111\u1ec3 t\u00ednh \u0111\u1ebfn, ch\u1eb3ng h\u1ea1n nh\u01b0 c\u00e1c \u0111\u1ee3t ra m\u1eaft s\u1ea3n ph\u1ea9m trong t\u01b0\u01a1ng lai. H\u1ee3p \u0111\u1ed3ng s\u1ebd t\u1ef1 \u0111\u1ed9ng \u0111\u01b0\u1ee3c gia h\u1ea1n n\u1ebfu kh\u00f4ng ch\u1ea5m d\u1ee9t b\u1eb1ng v\u0103n b\u1ea3n ba th\u00e1ng tr\u01b0\u1edbc khi h\u1ebft h\u1ea1n.    <\/p>\n<p><strong>Gi\u1ea5y ch\u1ee9ng nh\u1eadn gi\u1ea5y ph\u00e9p<\/strong><\/p>\n<p>Sau khi qu\u00e1 tr\u00ecnh c\u1ea5p ph\u00e9p ho\u00e0n t\u1ea5t, gi\u1ea5y ch\u1ee9ng nh\u1eadn c\u1ea5p ph\u00e9p s\u1ebd \u0111\u01b0\u1ee3c c\u1ea5p cho s\u1ea3n ph\u1ea9m thu\u1ed9c danh m\u1ee5c li\u00ean quan.<\/p>\n<\/div>\r\n\t\t\t\t\t\t\t\t\t<\/li>\r\n\t\t\t\t\t<\/ul>\r\n\t<\/section>","protected":false},"excerpt":{"rendered":"<p>T\u00ecm c\u00e2u tr\u1ea3 l\u1eddi cho m\u1ed9t s\u1ed1 c\u00e2u h\u1ecfi m\u00e0 b\u1ea1n c\u00f3 th\u1ec3 th\u1eafc m\u1eafc v\u1ec1 V-Label.<\/p>\n","protected":false},"author":5,"featured_media":75810,"parent":0,"menu_order":0,"comment_status":"closed","ping_status":"closed","template":"","meta":{"_acf_changed":false,"_editorskit_title_hidden":false,"_editorskit_reading_time":0,"_editorskit_is_block_options_detached":false,"_editorskit_block_options_position":"{}","inline_featured_image":false,"_uag_custom_page_level_css":"","footnotes":""},"categories":[],"tags":[],"class_list":["post-75809","page","type-page","status-publish","has-post-thumbnail","hentry"],"acf":[],"uagb_featured_image_src":{"full":["https:\/\/www.v-label.com\/wp-content\/uploads\/2022\/12\/v-label-faqs.jpg",1280,743,false],"thumbnail":["https:\/\/www.v-label.com\/wp-content\/uploads\/2022\/12\/v-label-faqs-500x290.jpg",500,290,true],"medium":["https:\/\/www.v-label.com\/wp-content\/uploads\/2022\/12\/v-label-faqs-300x174.jpg",300,174,true],"medium_large":["https:\/\/www.v-label.com\/wp-content\/uploads\/2022\/12\/v-label-faqs-768x446.jpg",768,446,true],"large":["https:\/\/www.v-label.com\/wp-content\/uploads\/2022\/12\/v-label-faqs-1024x594.jpg",1024,594,true],"1536x1536":["https:\/\/www.v-label.com\/wp-content\/uploads\/2022\/12\/v-label-faqs.jpg",1280,743,false],"2048x2048":["https:\/\/www.v-label.com\/wp-content\/uploads\/2022\/12\/v-label-faqs.jpg",1280,743,false],"preview":["https:\/\/www.v-label.com\/wp-content\/uploads\/2022\/12\/v-label-faqs-904x720.jpg",904,720,true],"header":["https:\/\/www.v-label.com\/wp-content\/uploads\/2022\/12\/v-label-faqs-1280x720.jpg",1280,720,true],"gform-image-choice-sm":["https:\/\/www.v-label.com\/wp-content\/uploads\/2022\/12\/v-label-faqs.jpg",300,174,false],"gform-image-choice-md":["https:\/\/www.v-label.com\/wp-content\/uploads\/2022\/12\/v-label-faqs.jpg",400,232,false],"gform-image-choice-lg":["https:\/\/www.v-label.com\/wp-content\/uploads\/2022\/12\/v-label-faqs.jpg",600,348,false]},"uagb_author_info":{"display_name":"Can Aslan","author_link":"https:\/\/www.v-label.com\/vi"},"uagb_comment_info":0,"uagb_excerpt":"T\u00ecm c\u00e2u tr\u1ea3 l\u1eddi cho m\u1ed9t s\u1ed1 c\u00e2u h\u1ecfi m\u00e0 b\u1ea1n c\u00f3 th\u1ec3 th\u1eafc m\u1eafc v\u1ec1 V-Label.","_links":{"self":[{"href":"https:\/\/www.v-label.com\/vi\/wp-json\/wp\/v2\/pages\/75809","targetHints":{"allow":["GET"]}}],"collection":[{"href":"https:\/\/www.v-label.com\/vi\/wp-json\/wp\/v2\/pages"}],"about":[{"href":"https:\/\/www.v-label.com\/vi\/wp-json\/wp\/v2\/types\/page"}],"author":[{"embeddable":true,"href":"https:\/\/www.v-label.com\/vi\/wp-json\/wp\/v2\/users\/5"}],"replies":[{"embeddable":true,"href":"https:\/\/www.v-label.com\/vi\/wp-json\/wp\/v2\/comments?post=75809"}],"version-history":[{"count":4,"href":"https:\/\/www.v-label.com\/vi\/wp-json\/wp\/v2\/pages\/75809\/revisions"}],"predecessor-version":[{"id":97958,"href":"https:\/\/www.v-label.com\/vi\/wp-json\/wp\/v2\/pages\/75809\/revisions\/97958"}],"wp:featuredmedia":[{"embeddable":true,"href":"https:\/\/www.v-label.com\/vi\/wp-json\/wp\/v2\/media\/75810"}],"wp:attachment":[{"href":"https:\/\/www.v-label.com\/vi\/wp-json\/wp\/v2\/media?parent=75809"}],"wp:term":[{"taxonomy":"category","embeddable":true,"href":"https:\/\/www.v-label.com\/vi\/wp-json\/wp\/v2\/categories?post=75809"},{"taxonomy":"post_tag","embeddable":true,"href":"https:\/\/www.v-label.com\/vi\/wp-json\/wp\/v2\/tags?post=75809"}],"curies":[{"name":"wp","href":"https:\/\/api.w.org\/{rel}","templated":true}]}}