{"id":75814,"date":"2022-05-30T16:16:14","date_gmt":"2022-05-30T14:16:14","guid":{"rendered":"https:\/\/www.v-label.com\/info-for-producers-2\/"},"modified":"2024-07-11T11:12:41","modified_gmt":"2024-07-11T09:12:41","slug":"info-for-producers","status":"publish","type":"page","link":"https:\/\/www.v-label.com\/vi\/info-for-producers\/","title":{"rendered":"Th\u00f4ng tin d\u00e0nh cho nh\u00e0 s\u1ea3n xu\u1ea5t"},"content":{"rendered":"\n<p>Tr\u00ean kh\u1eafp th\u1ebf gi\u1edbi, ch\u00fang t\u00f4i c\u00f3 h\u01a1n <strong>70.000 s\u1ea3n<\/strong> ph\u1ea9m t\u1eeb h\u01a1n <strong>4.800 \u0111\u01a1n<\/strong> v\u1ecb \u0111\u01b0\u1ee3c c\u1ea5p ph\u00e9p hi\u1ec7n mang nh\u00e3n <strong>V-Label<\/strong>, m\u1ed9t con d\u1ea5u ch\u1ea5t l\u01b0\u1ee3ng \u0111\u01b0\u1ee3c c\u1ea5p cho c\u00e1c h\u00e0ng h\u00f3a v\u00e0 d\u1ecbch v\u1ee5 thu\u1ea7n chay v\u00e0 chay. Nh\u00e3n hi\u1ec7u \u0111\u01b0\u1ee3c qu\u1ed1c t\u1ebf c\u00f4ng nh\u1eadn n\u00e0y \u0111ang h\u01b0\u1edbng d\u1eabn kh\u00e1ch h\u00e0ng tr\u00ean to\u00e0n c\u1ea7u <strong>x\u00e1c \u0111\u1ecbnh<\/strong> <strong>nhanh<\/strong> c\u00e1c l\u1ef1a ch\u1ecdn c\u00f3 ngu\u1ed3n g\u1ed1c t\u1eeb th\u1ef1c v\u1eadt.<\/p>\n\n\n\n<h3 class=\"wp-block-heading has-text-align-center has-greenlightultra-background-color has-background\">N\u1ebfu b\u1ea1n l\u00e0 nh\u00e0 s\u1ea3n xu\u1ea5t, \u0111\u00e2y l\u00e0 l\u00fd do t\u1ea1i sao b\u1ea1n c\u00f3 th\u1ec3 mu\u1ed1n xem x\u00e9t vi\u1ec7c \u0111\u01b0\u1ee3c ch\u1ee9ng nh\u1eadn V-Label:<\/h3>\n\n\n\n<p><mark style=\"background-color:rgba(0, 0, 0, 0)\" class=\"has-inline-color has-greendark-color\"><strong>Gi\u00e0nh \u0111\u01b0\u1ee3c th\u1ecb tr\u01b0\u1eddng m\u1edbi.<\/strong><\/mark> V\u1edbi m\u1ed9t n\u1eeda d\u00e2n s\u1ed1 t\u1ef1 coi m\u00ecnh l\u00e0 nh\u1eefng ng\u01b0\u1eddi theo ch\u1ee7 ngh\u0129a linh ho\u1ea1t \u1edf c\u00e1c qu\u1ed1c gia nh\u01b0 \u0110\u1ee9c, T\u00e2y Ban Nha ho\u1eb7c Ba Lan, c\u00f3 m\u1ed9t l\u01b0\u1ee3ng kh\u00e1ch h\u00e0ng \u0111a d\u1ea1ng, t\u0103ng tr\u01b0\u1edfng nhanh ch\u00f3ng \u0111ang t\u00ecm ki\u1ebfm c\u00e1c s\u1ea3n ph\u1ea9m thu\u1ea7n chay v\u00e0 chay v\u00ec c\u00e1c l\u00fd do t\u1eeb s\u1ee9c kh\u1ecfe \u0111\u1ebfn \u0111\u1ea1o \u0111\u1ee9c<strong>.<\/strong><\/p>\n\n\n\n<p><strong><mark style=\"background-color:rgba(0, 0, 0, 0)\" class=\"has-inline-color has-greendark-color\">T\u0103ng kh\u1ea3 n\u0103ng hi\u1ec3n th\u1ecb c\u1ee7a b\u1ea1n.<\/mark><\/strong> \u0110\u01b0a s\u1ea3n ph\u1ea9m c\u1ee7a b\u1ea1n \u0111\u1ebfn tr\u01b0\u1edbc m\u1eaft m\u1ecdi ng\u01b0\u1eddi v\u00e0 gi\u00fap h\u1ecd l\u1ef1a ch\u1ecdn mua s\u1eafm d\u1ec5 d\u00e0ng h\u01a1n nh\u1edd nh\u00e3n hi\u1ec7u c\u00f3 \u0111\u1ed9 tin c\u1eady cao v\u00e0 \u0111\u01b0\u1ee3c c\u00f4ng nh\u1eadn r\u1ed9ng r\u00e3i<strong>.<\/strong><\/p>\n\n\n\n<p><strong><mark style=\"background-color:rgba(0, 0, 0, 0)\" class=\"has-inline-color has-greendark-color\">N\u00e2ng cao \u0111\u01b0\u1ee3c s\u1ef1 tin t\u01b0\u1edfng.<\/mark><\/strong> B\u1ea1n kh\u00f4ng c\u1ea7n qu\u1ea3ng b\u00e1 nhi\u1ec1u, V-Label n\u00f3i \u0111i\u1ec1u \u0111\u00f3 cho b\u1ea1n. Danh ti\u1ebfng v\u00e0 s\u1ef1 c\u00f4ng nh\u1eadn c\u1ee7a nh\u00e3n hi\u1ec7u l\u00e0 m\u1ed9t con d\u1ea5u chuy\u00ean nghi\u1ec7p, \u0111\u1ed9c l\u1eadp v\u1ec1 ch\u1ea5t l\u01b0\u1ee3ng v\u00e0 l\u00e0 ng\u01b0\u1eddi t\u1ea1o ra xu h\u01b0\u1edbng trong <strong>ng\u00e0nh<\/strong>. <\/p>\n\n\n\n<div class=\"wp-block-buttons alignwide is-content-justification-center is-layout-flex wp-container-core-buttons-is-layout-16018d1d wp-block-buttons-is-layout-flex\">\n<div class=\"wp-block-button\"><a class=\"wp-block-button__link wp-element-button\" href=\"https:\/\/www.v-label.com\/vi\/duoc-chung-nhan\/\" rel=\"noopener\">\u0110\u01b0\u1ee3c ch\u1ee9ng nh\u1eadn<\/a><\/div>\n\n\n\n<div class=\"wp-block-button\"><a class=\"wp-block-button__link wp-element-button\" href=\"https:\/\/www.v-label.com\/vi\/info-for-producers\/loi-ich\/\">Kh\u00e1m ph\u00e1 th\u00eam l\u1ee3i \u00edch<\/a><\/div>\n<\/div>\n\n\n\n<div class=\"wp-block-columns are-vertically-aligned-center is-layout-flex wp-container-core-columns-is-layout-9d6595d7 wp-block-columns-is-layout-flex\">\n<div class=\"wp-block-column is-vertically-aligned-center is-layout-flow wp-block-column-is-layout-flow\">\n<figure class=\"wp-block-image size-full\"><img decoding=\"async\" width=\"1000\" height=\"667\" src=\"https:\/\/www.v-label.com\/wp-content\/uploads\/2022\/12\/adobestock-465730438-preview.jpeg\" alt=\"\" class=\"wp-image-17436\" srcset=\"https:\/\/www.v-label.com\/wp-content\/uploads\/2022\/12\/adobestock-465730438-preview.jpeg 1000w, https:\/\/www.v-label.com\/wp-content\/uploads\/2022\/12\/adobestock-465730438-preview-300x200.jpeg 300w, https:\/\/www.v-label.com\/wp-content\/uploads\/2022\/12\/adobestock-465730438-preview-500x334.jpeg 500w, https:\/\/www.v-label.com\/wp-content\/uploads\/2022\/12\/adobestock-465730438-preview-768x512.jpeg 768w\" sizes=\"(max-width: 1000px) 100vw, 1000px\" \/><\/figure>\n<\/div>\n\n\n\n<div class=\"wp-block-column is-vertically-aligned-center is-layout-flow wp-block-column-is-layout-flow\">\n<figure class=\"wp-block-image size-full\"><img decoding=\"async\" width=\"1116\" height=\"745\" src=\"https:\/\/www.v-label.com\/wp-content\/uploads\/2022\/12\/v-label-step-2.jpg\" alt=\"\" class=\"wp-image-17456\" srcset=\"https:\/\/www.v-label.com\/wp-content\/uploads\/2022\/12\/v-label-step-2.jpg 1116w, https:\/\/www.v-label.com\/wp-content\/uploads\/2022\/12\/v-label-step-2-300x200.jpg 300w, https:\/\/www.v-label.com\/wp-content\/uploads\/2022\/12\/v-label-step-2-1024x684.jpg 1024w, https:\/\/www.v-label.com\/wp-content\/uploads\/2022\/12\/v-label-step-2-500x334.jpg 500w, https:\/\/www.v-label.com\/wp-content\/uploads\/2022\/12\/v-label-step-2-768x513.jpg 768w\" sizes=\"(max-width: 1116px) 100vw, 1116px\" \/><\/figure>\n<\/div>\n\n\n\n<div class=\"wp-block-column is-vertically-aligned-center is-layout-flow wp-block-column-is-layout-flow\">\n<figure class=\"wp-block-image size-full\"><img decoding=\"async\" width=\"1000\" height=\"667\" src=\"https:\/\/www.v-label.com\/wp-content\/uploads\/2022\/12\/adobestock-498930860-preview.jpeg\" alt=\"\" class=\"wp-image-17476\" srcset=\"https:\/\/www.v-label.com\/wp-content\/uploads\/2022\/12\/adobestock-498930860-preview.jpeg 1000w, https:\/\/www.v-label.com\/wp-content\/uploads\/2022\/12\/adobestock-498930860-preview-300x200.jpeg 300w, https:\/\/www.v-label.com\/wp-content\/uploads\/2022\/12\/adobestock-498930860-preview-500x334.jpeg 500w, https:\/\/www.v-label.com\/wp-content\/uploads\/2022\/12\/adobestock-498930860-preview-768x512.jpeg 768w\" sizes=\"(max-width: 1000px) 100vw, 1000px\" \/><\/figure>\n<\/div>\n<\/div>\n\n\n\n<h3 class=\"wp-block-heading\">\u0110\u01b0\u1ee3c ch\u1ee9ng nh\u1eadn<\/h3>\n\n\n\n<p><strong>B\u1ea1n \u0111\u00e3 s\u1eb5n s\u00e0ng t\u0103ng kh\u1ea3 n\u0103ng hi\u1ec3n th\u1ecb c\u00e1c s\u1ea3n ph\u1ea9m thu\u1ea7n chay v\u00e0 chay c\u1ee7a m\u00ecnh ch\u01b0a?<\/strong> V\u1edbi V-Label, kh\u00e1ch h\u00e0ng s\u1ebd c\u00f3 th\u1ec3 nhanh ch\u00f3ng x\u00e1c \u0111\u1ecbnh s\u1ea3n ph\u1ea9m c\u1ee7a b\u1ea1n l\u00e0 thu\u1ea7n chay hay chay &#8211; do \u0111\u00f3 mua ch\u00fang m\u00e0 kh\u00f4ng do d\u1ef1 hay nghi ng\u1edd v\u1ec1 ch\u1ea5t l\u01b0\u1ee3ng thu\u1ea7n chay ho\u1eb7c chay c\u1ee7a ch\u00fang.<strong><\/strong> <\/p>\n\n\n\n<p>T\u1eeb quan \u0111i\u1ec3m kinh doanh, vi\u1ec7c h\u1ee3p t\u00e1c v\u1edbi m\u1ed9t c\u00f4ng ty d\u1eabn \u0111\u1ea7u ng\u00e0nh nh\u01b0 V-Label s\u1ebd n\u00e2ng cao \u0111\u1ed9 tin c\u1eady v\u00e0 t\u00ednh minh b\u1ea1ch c\u1ee7a b\u1ea1n trong vi\u1ec7c ghi nh\u00e3n cho ng\u01b0\u1eddi \u0103n chay v\u00e0 thu\u1ea7n chay. \u0110\u1ed1i v\u1edbi kh\u00e1ch h\u00e0ng c\u1ee7a b\u1ea1n, V-Label l\u00e0 m\u1ed9t h\u01b0\u1edbng d\u1eabn \u0111\u01a1n gi\u1ea3n v\u00e0 \u0111\u00e1ng tin c\u1eady \u0111\u1ec3 gi\u00fap h\u1ecd \u0111\u01b0a ra quy\u1ebft \u0111\u1ecbnh mua h\u00e0ng \u0111\u00fang \u0111\u1eafn, b\u1ec1n v\u1eefng v\u00e0 nh\u1ea5t qu\u00e1n. <\/p>\n\n\n\n<div class=\"wp-block-buttons is-content-justification-center is-layout-flex wp-container-core-buttons-is-layout-16018d1d wp-block-buttons-is-layout-flex\">\n<div class=\"wp-block-button\"><a class=\"wp-block-button__link wp-element-button\" href=\"https:\/\/www.v-label.com\/vi\/duoc-chung-nhan\/\" rel=\"noopener\">Nh\u1eadn ch\u1ee9ng nh\u1eadn V-Label<\/a><\/div>\n<\/div>\n\n\n\n<h3 class=\"wp-block-heading\">Ti\u00eau ch\u00ed v\u00e0 c\u00e2u h\u1ecfi th\u01b0\u1eddng g\u1eb7p<\/h3>\n\n\n\n<p>T\u00ecm c\u00e2u tr\u1ea3 l\u1eddi cho m\u1ed9t s\u1ed1 c\u00e2u h\u1ecfi m\u00e0 b\u1ea1n c\u00f3 th\u1ec3 th\u1eafc m\u1eafc v\u1ec1 V-Label.<\/p>\n\n\n\n<div class=\"wp-block-buttons is-content-justification-center is-layout-flex wp-container-core-buttons-is-layout-16018d1d wp-block-buttons-is-layout-flex\">\n<div class=\"wp-block-button\"><a class=\"wp-block-button__link wp-element-button\" href=\"https:\/\/www.v-label.com\/faqs\/\">Kh\u00e1m ph\u00e1 c\u00e1c c\u00e2u h\u1ecfi th\u01b0\u1eddng g\u1eb7p<\/a><\/div>\n<\/div>\n","protected":false},"excerpt":{"rendered":"<p>Tr\u00ean kh\u1eafp th\u1ebf gi\u1edbi, ch\u00fang t\u00f4i c\u00f3 h\u01a1n 70.000 s\u1ea3n ph\u1ea9m t\u1eeb h\u01a1n 4.800 \u0111\u01a1n v\u1ecb \u0111\u01b0\u1ee3c c\u1ea5p ph\u00e9p hi\u1ec7n mang nh\u00e3n V-Label, m\u1ed9t con d\u1ea5u ch\u1ea5t l\u01b0\u1ee3ng \u0111\u01b0\u1ee3c c\u1ea5p cho c\u00e1c h\u00e0ng h\u00f3a v\u00e0 d\u1ecbch v\u1ee5 thu\u1ea7n chay v\u00e0 chay. Nh\u00e3n hi\u1ec7u \u0111\u01b0\u1ee3c qu\u1ed1c t\u1ebf c\u00f4ng nh\u1eadn n\u00e0y \u0111ang h\u01b0\u1edbng d\u1eabn kh\u00e1ch h\u00e0ng tr\u00ean [&hellip;]<\/p>\n","protected":false},"author":5,"featured_media":75821,"parent":0,"menu_order":0,"comment_status":"closed","ping_status":"closed","template":"","meta":{"_acf_changed":false,"_editorskit_title_hidden":false,"_editorskit_reading_time":0,"_editorskit_is_block_options_detached":false,"_editorskit_block_options_position":"{}","inline_featured_image":false,"_uag_custom_page_level_css":"","footnotes":""},"categories":[],"tags":[],"class_list":["post-75814","page","type-page","status-publish","has-post-thumbnail","hentry"],"acf":[],"uagb_featured_image_src":{"full":["https:\/\/www.v-label.com\/wp-content\/uploads\/2022\/12\/v-label-info-for-producers.jpg",1280,870,false],"thumbnail":["https:\/\/www.v-label.com\/wp-content\/uploads\/2022\/12\/v-label-info-for-producers-500x340.jpg",500,340,true],"medium":["https:\/\/www.v-label.com\/wp-content\/uploads\/2022\/12\/v-label-info-for-producers-300x204.jpg",300,204,true],"medium_large":["https:\/\/www.v-label.com\/wp-content\/uploads\/2022\/12\/v-label-info-for-producers-768x522.jpg",768,522,true],"large":["https:\/\/www.v-label.com\/wp-content\/uploads\/2022\/12\/v-label-info-for-producers-1024x696.jpg",1024,696,true],"1536x1536":["https:\/\/www.v-label.com\/wp-content\/uploads\/2022\/12\/v-label-info-for-producers.jpg",1280,870,false],"2048x2048":["https:\/\/www.v-label.com\/wp-content\/uploads\/2022\/12\/v-label-info-for-producers.jpg",1280,870,false],"preview":["https:\/\/www.v-label.com\/wp-content\/uploads\/2022\/12\/v-label-info-for-producers-904x720.jpg",904,720,true],"header":["https:\/\/www.v-label.com\/wp-content\/uploads\/2022\/12\/v-label-info-for-producers-1280x720.jpg",1280,720,true],"gform-image-choice-sm":["https:\/\/www.v-label.com\/wp-content\/uploads\/2022\/12\/v-label-info-for-producers.jpg",300,204,false],"gform-image-choice-md":["https:\/\/www.v-label.com\/wp-content\/uploads\/2022\/12\/v-label-info-for-producers.jpg",400,272,false],"gform-image-choice-lg":["https:\/\/www.v-label.com\/wp-content\/uploads\/2022\/12\/v-label-info-for-producers.jpg",600,408,false]},"uagb_author_info":{"display_name":"Can Aslan","author_link":"https:\/\/www.v-label.com\/vi"},"uagb_comment_info":0,"uagb_excerpt":"Tr\u00ean kh\u1eafp th\u1ebf gi\u1edbi, ch\u00fang t\u00f4i c\u00f3 h\u01a1n 70.000 s\u1ea3n ph\u1ea9m t\u1eeb h\u01a1n 4.800 \u0111\u01a1n v\u1ecb \u0111\u01b0\u1ee3c c\u1ea5p ph\u00e9p hi\u1ec7n mang nh\u00e3n V-Label, m\u1ed9t con d\u1ea5u ch\u1ea5t l\u01b0\u1ee3ng \u0111\u01b0\u1ee3c c\u1ea5p cho c\u00e1c h\u00e0ng h\u00f3a v\u00e0 d\u1ecbch v\u1ee5 thu\u1ea7n chay v\u00e0 chay. Nh\u00e3n hi\u1ec7u \u0111\u01b0\u1ee3c qu\u1ed1c t\u1ebf c\u00f4ng nh\u1eadn n\u00e0y \u0111ang h\u01b0\u1edbng d\u1eabn kh\u00e1ch h\u00e0ng tr\u00ean&hellip;","_links":{"self":[{"href":"https:\/\/www.v-label.com\/vi\/wp-json\/wp\/v2\/pages\/75814","targetHints":{"allow":["GET"]}}],"collection":[{"href":"https:\/\/www.v-label.com\/vi\/wp-json\/wp\/v2\/pages"}],"about":[{"href":"https:\/\/www.v-label.com\/vi\/wp-json\/wp\/v2\/types\/page"}],"author":[{"embeddable":true,"href":"https:\/\/www.v-label.com\/vi\/wp-json\/wp\/v2\/users\/5"}],"replies":[{"embeddable":true,"href":"https:\/\/www.v-label.com\/vi\/wp-json\/wp\/v2\/comments?post=75814"}],"version-history":[{"count":5,"href":"https:\/\/www.v-label.com\/vi\/wp-json\/wp\/v2\/pages\/75814\/revisions"}],"predecessor-version":[{"id":83972,"href":"https:\/\/www.v-label.com\/vi\/wp-json\/wp\/v2\/pages\/75814\/revisions\/83972"}],"wp:featuredmedia":[{"embeddable":true,"href":"https:\/\/www.v-label.com\/vi\/wp-json\/wp\/v2\/media\/75821"}],"wp:attachment":[{"href":"https:\/\/www.v-label.com\/vi\/wp-json\/wp\/v2\/media?parent=75814"}],"wp:term":[{"taxonomy":"category","embeddable":true,"href":"https:\/\/www.v-label.com\/vi\/wp-json\/wp\/v2\/categories?post=75814"},{"taxonomy":"post_tag","embeddable":true,"href":"https:\/\/www.v-label.com\/vi\/wp-json\/wp\/v2\/tags?post=75814"}],"curies":[{"name":"wp","href":"https:\/\/api.w.org\/{rel}","templated":true}]}}