{"id":75826,"date":"2022-05-30T16:17:14","date_gmt":"2022-05-30T14:17:14","guid":{"rendered":"https:\/\/www.v-label.com\/resources-2\/"},"modified":"2025-11-20T09:58:24","modified_gmt":"2025-11-20T08:58:24","slug":"resources","status":"publish","type":"page","link":"https:\/\/www.v-label.com\/vi\/resources\/","title":{"rendered":"T\u00e0i nguy\u00ean"},"content":{"rendered":"\n<h2 class=\"wp-block-heading has-text-align-center\">T\u00e0i nguy\u00ean mi\u1ec5n ph\u00ed v\u1ec1 doanh nghi\u1ec7p v\u00e0 ng\u01b0\u1eddi ti\u00eau d\u00f9ng<\/h2>\n\n<h3 class=\"wp-block-heading has-text-align-center\">V-Label Bites, nghi\u00ean c\u1ee9u ng\u01b0\u1eddi ti\u00eau d\u00f9ng, b\u00e0i vi\u1ebft B2B, v\u00e0 nhi\u1ec1u h\u01a1n n\u1eefa \u0111\u1ec3 gi\u00fap b\u1ea1n ph\u00e1t tri\u1ec3n.<\/h3>\n\n<div class=\"wp-block-media-text is-stacked-on-mobile is-image-fill\"><figure class=\"wp-block-media-text__media\" style=\"background-image:url(https:\/\/www.v-label.com\/wp-content\/uploads\/2022\/09\/case-study-1-1-1024x768.jpg);background-position:50% 50%\"><img decoding=\"async\" width=\"1024\" height=\"768\" src=\"https:\/\/www.v-label.com\/wp-content\/uploads\/2022\/09\/case-study-1-1-1024x768.jpg\" alt=\"\" class=\"wp-image-1843 size-large\" srcset=\"https:\/\/www.v-label.com\/wp-content\/uploads\/2022\/09\/case-study-1-1-1024x768.jpg 1024w, https:\/\/www.v-label.com\/wp-content\/uploads\/2022\/09\/case-study-1-1-300x225.jpg 300w, https:\/\/www.v-label.com\/wp-content\/uploads\/2022\/09\/case-study-1-1-768x576.jpg 768w, https:\/\/www.v-label.com\/wp-content\/uploads\/2022\/09\/case-study-1-1-1536x1152.jpg 1536w, https:\/\/www.v-label.com\/wp-content\/uploads\/2022\/09\/case-study-1-1.jpg 2000w\" sizes=\"(max-width: 1024px) 100vw, 1024px\" \/><\/figure><div class=\"wp-block-media-text__content\">\n<h3 class=\"wp-block-heading\"><strong>Ng\u01b0\u1eddi ti\u00eau d\u00f9ng c\u00f3 \u00fd th\u1ee9c mua s\u1eafm nh\u01b0 th\u1ebf n\u00e0o sau n\u0103m 2020?<\/strong><\/h3>\n\n\n\n<p>V\u1edbi s\u1ed1 l\u01b0\u1ee3ng ng\u01b0\u1eddi \u0103n chay, \u0103n chay v\u00e0 theo ch\u1ee7 ngh\u0129a linh ho\u1ea1t ng\u00e0y c\u00e0ng t\u0103ng, th\u1ecb tr\u01b0\u1eddng th\u1ef1c ph\u1ea9m th\u1ef1c v\u1eadt \u0111ang b\u00f9ng n\u1ed5 tr\u00ean to\u00e0n c\u1ea7u. H\u00e3y s\u1eb5n s\u00e0ng l\u00e0m h\u00e0i l\u00f2ng nh\u1eefng kh\u00e1ch h\u00e0ng c\u00f3 \u00fd th\u1ee9c c\u1ee7a b\u1ea1n, t\u00ecm hi\u1ec3u nh\u1eefng g\u00ec h\u1ecd \u0111ang t\u00ecm ki\u1ebfm v\u00e0 \u0111i\u1ec1u g\u00ec th\u00fac \u0111\u1ea9y h\u1ecd \u0111\u01b0a ra quy\u1ebft \u0111\u1ecbnh trong qu\u00e1 tr\u00ecnh mua h\u00e0ng. <\/p>\n\n\n\n<div class=\"wp-block-buttons is-layout-flex wp-block-buttons-is-layout-flex\">\n<div class=\"wp-block-button\"><a class=\"wp-block-button__link wp-element-button\" href=\"https:\/\/www.v-label.com\/vi\/case-studies\/\">T\u00ecm hi\u1ec3u th\u00eam<\/a><\/div>\n<\/div>\n<\/div><\/div>\n\n<div style=\"height:20px\" aria-hidden=\"true\" class=\"wp-block-spacer\"><\/div>\n\n<div class=\"wp-block-media-text has-media-on-the-right is-stacked-on-mobile is-image-fill\"><div class=\"wp-block-media-text__content\">\n<h3 class=\"wp-block-heading\"><strong><strong>S\u00e1ch tr\u1eafng V-Label<\/strong><\/strong><\/h3>\n\n\n\n<p>\u0110\u01b0a ra quy\u1ebft \u0111\u1ecbnh s\u00e1ng su\u1ed1t l\u00e0 ch\u00eca kh\u00f3a \u0111\u1ec3 th\u00e0nh c\u00f4ng trong th\u1ecb tr\u01b0\u1eddng th\u1ef1c v\u1eadt \u0111ang ph\u00e1t tri\u1ec3n. \u0110i s\u00e2u v\u00e0o c\u00e1c xu h\u01b0\u1edbng m\u1edbi nh\u1ea5t v\u00e0 t\u00ecm hi\u1ec3u chi ti\u1ebft v\u1ec1 c\u00e1c danh m\u1ee5c s\u1ea3n ph\u1ea9m c\u00f3 ngu\u1ed3n g\u1ed1c th\u1ef1c v\u1eadt kh\u00e1c nhau \u0111\u1ec3 t\u1ea1o ra chi\u1ebfn l\u01b0\u1ee3c chi\u1ebfn th\u1eafng. <\/p>\n\n\n\n<div class=\"wp-block-buttons is-layout-flex wp-block-buttons-is-layout-flex\">\n<div class=\"wp-block-button\"><a class=\"wp-block-button__link wp-element-button\" href=\"https:\/\/www.v-label.com\/vi\/white-papers\/\">T\u1ea3i xu\u1ed1ng S\u00e1ch tr\u1eafng c\u1ee7a ch\u00fang t\u00f4i<\/a><\/div>\n<\/div>\n<\/div><figure class=\"wp-block-media-text__media\" style=\"background-image:url(https:\/\/www.v-label.com\/wp-content\/uploads\/2022\/09\/white-papers-all-1-1024x717.png);background-position:50% 50%\"><img decoding=\"async\" width=\"1024\" height=\"717\" src=\"https:\/\/www.v-label.com\/wp-content\/uploads\/2022\/09\/white-papers-all-1-1024x717.png\" alt=\"\" class=\"wp-image-1861 size-large\" srcset=\"https:\/\/www.v-label.com\/wp-content\/uploads\/2022\/09\/white-papers-all-1-1024x717.png 1024w, https:\/\/www.v-label.com\/wp-content\/uploads\/2022\/09\/white-papers-all-1-300x210.png 300w, https:\/\/www.v-label.com\/wp-content\/uploads\/2022\/09\/white-papers-all-1-768x538.png 768w, https:\/\/www.v-label.com\/wp-content\/uploads\/2022\/09\/white-papers-all-1-1536x1075.png 1536w, https:\/\/www.v-label.com\/wp-content\/uploads\/2022\/09\/white-papers-all-1.png 2000w\" sizes=\"(max-width: 1024px) 100vw, 1024px\" \/><\/figure><\/div>\n\n<div style=\"height:20px\" aria-hidden=\"true\" class=\"wp-block-spacer\"><\/div>\n\n<div class=\"wp-block-media-text is-stacked-on-mobile is-image-fill\"><figure class=\"wp-block-media-text__media\" style=\"background-image:url(https:\/\/www.v-label.com\/wp-content\/uploads\/2022\/09\/v-label-bites-1024x640.jpeg);background-position:50% 50%\"><img decoding=\"async\" width=\"1024\" height=\"640\" src=\"https:\/\/www.v-label.com\/wp-content\/uploads\/2022\/09\/v-label-bites-1024x640.jpeg\" alt=\"\" class=\"wp-image-1868 size-large\" srcset=\"https:\/\/www.v-label.com\/wp-content\/uploads\/2022\/09\/v-label-bites-1024x640.jpeg 1024w, https:\/\/www.v-label.com\/wp-content\/uploads\/2022\/09\/v-label-bites-300x188.jpeg 300w, https:\/\/www.v-label.com\/wp-content\/uploads\/2022\/09\/v-label-bites-768x480.jpeg 768w, https:\/\/www.v-label.com\/wp-content\/uploads\/2022\/09\/v-label-bites-1536x960.jpeg 1536w, https:\/\/www.v-label.com\/wp-content\/uploads\/2022\/09\/v-label-bites.jpeg 2048w\" sizes=\"(max-width: 1024px) 100vw, 1024px\" \/><\/figure><div class=\"wp-block-media-text__content\">\n<h3 class=\"wp-block-heading\"><strong><strong><strong>D\u1ea5u \u1ea5n V-Label<\/strong><\/strong><\/strong><\/h3>\n\n\n\n<p>\u0110i tr\u01b0\u1edbc th\u1ecb tr\u01b0\u1eddng v\u00e0 t\u00ecm hi\u1ec3u xem kh\u00e1ch h\u00e0ng c\u1ee7a b\u1ea1n s\u1ebd mu\u1ed1n g\u00ec v\u00e0o ng\u00e0y mai. T\u00ecm hi\u1ec3u v\u1ec1 c\u00e1c xu h\u01b0\u1edbng s\u1ebd \u0111\u1ecbnh h\u00ecnh t\u01b0\u01a1ng lai c\u1ee7a ng\u00e0nh c\u00f4ng nghi\u1ec7p th\u1ef1c ph\u1ea9m v\u1edbi nh\u1eefng th\u00f4ng tin ng\u1eafn g\u1ecdn d\u1ec5 \u0111\u1ecdc c\u1ee7a ch\u00fang t\u00f4i. <\/p>\n\n\n\n<div class=\"wp-block-buttons is-layout-flex wp-block-buttons-is-layout-flex\">\n<div class=\"wp-block-button\"><a class=\"wp-block-button__link wp-element-button\" href=\"https:\/\/www.v-label.com\/vi\/resources\/v-label-bites\/\">Nh\u1eadn \u0111\u01b0\u1ee3c nhi\u1ec1u v\u1ebft c\u1eafn h\u01a1n<\/a><\/div>\n<\/div>\n<\/div><\/div>\n\n<div style=\"height:20px\" aria-hidden=\"true\" class=\"wp-block-spacer\"><\/div>\n\n<div class=\"wp-block-media-text has-media-on-the-right is-stacked-on-mobile is-image-fill\"><div class=\"wp-block-media-text__content\">\n<h3 class=\"wp-block-heading\"><strong><strong><strong>Blog B2B V-Label<\/strong><\/strong><\/strong><\/h3>\n\n\n\n<p>\u0110\u1eebng b\u1ecf l\u1ee1 m\u1ed9t \u0111i\u1ec1u! Lu\u00f4n c\u1eadp nh\u1eadt blog c\u1ee7a ch\u00fang t\u00f4i: t\u00ecm hi\u1ec3u nh\u1eefng g\u00ec m\u1edbi trong th\u1ecb tr\u01b0\u1eddng thu\u1ea7n chay v\u00e0 chay, \u0111\u1ed3ng th\u1eddi t\u00ecm hi\u1ec3u c\u00e1c ch\u01b0\u01a1ng tr\u00ecnh v\u00e0 s\u00e1ng ki\u1ebfn m\u1edbi nh\u1ea5t c\u1ee7a ch\u00fang t\u00f4i nh\u01b0 chu\u1ed7i h\u1ed9i th\u1ea3o tr\u1ef1c tuy\u1ebfn n\u1ed5i ti\u1ebfng c\u1ee7a ch\u00fang t\u00f4i ho\u1eb7c Gi\u1ea3i th\u01b0\u1edfng V-Label Qu\u1ed1c t\u1ebf. <\/p>\n\n\n\n<div class=\"wp-block-buttons is-layout-flex wp-block-buttons-is-layout-flex\">\n<div class=\"wp-block-button\"><a class=\"wp-block-button__link wp-element-button\" href=\"https:\/\/www.v-label.com\/consumer-insights\/\">\u0110\u1ecdc blog c\u1ee7a ch\u00fang t\u00f4i<\/a><\/div>\n<\/div>\n<\/div><figure class=\"wp-block-media-text__media\" style=\"background-image:url(https:\/\/www.v-label.com\/wp-content\/uploads\/2022\/09\/b2b-blogs-1024x682.jpeg);background-position:50% 50%\"><img decoding=\"async\" width=\"1024\" height=\"682\" src=\"https:\/\/www.v-label.com\/wp-content\/uploads\/2022\/09\/b2b-blogs-1024x682.jpeg\" alt=\"\" class=\"wp-image-1865 size-large\" srcset=\"https:\/\/www.v-label.com\/wp-content\/uploads\/2022\/09\/b2b-blogs-1024x682.jpeg 1024w, https:\/\/www.v-label.com\/wp-content\/uploads\/2022\/09\/b2b-blogs-300x200.jpeg 300w, https:\/\/www.v-label.com\/wp-content\/uploads\/2022\/09\/b2b-blogs-768x512.jpeg 768w, https:\/\/www.v-label.com\/wp-content\/uploads\/2022\/09\/b2b-blogs-1536x1024.jpeg 1536w, https:\/\/www.v-label.com\/wp-content\/uploads\/2022\/09\/b2b-blogs.jpeg 2000w\" sizes=\"(max-width: 1024px) 100vw, 1024px\" \/><\/figure><\/div>\n","protected":false},"excerpt":{"rendered":"<p>T\u00e0i nguy\u00ean mi\u1ec5n ph\u00ed v\u1ec1 doanh nghi\u1ec7p v\u00e0 ng\u01b0\u1eddi ti\u00eau d\u00f9ng V-Label Bites, nghi\u00ean c\u1ee9u ng\u01b0\u1eddi ti\u00eau d\u00f9ng, b\u00e0i vi\u1ebft B2B, v\u00e0 nhi\u1ec1u h\u01a1n n\u1eefa \u0111\u1ec3 gi\u00fap b\u1ea1n ph\u00e1t tri\u1ec3n.<\/p>\n","protected":false},"author":5,"featured_media":75832,"parent":0,"menu_order":0,"comment_status":"closed","ping_status":"closed","template":"","meta":{"_acf_changed":false,"_editorskit_title_hidden":false,"_editorskit_reading_time":0,"_editorskit_is_block_options_detached":false,"_editorskit_block_options_position":"{}","inline_featured_image":false,"_uag_custom_page_level_css":"","footnotes":""},"categories":[],"tags":[],"class_list":["post-75826","page","type-page","status-publish","has-post-thumbnail","hentry"],"acf":[],"uagb_featured_image_src":{"full":["https:\/\/www.v-label.com\/wp-content\/uploads\/2022\/12\/v-label-resources.jpg",1280,853,false],"thumbnail":["https:\/\/www.v-label.com\/wp-content\/uploads\/2022\/12\/v-label-resources-500x333.jpg",500,333,true],"medium":["https:\/\/www.v-label.com\/wp-content\/uploads\/2022\/12\/v-label-resources-300x200.jpg",300,200,true],"medium_large":["https:\/\/www.v-label.com\/wp-content\/uploads\/2022\/12\/v-label-resources-768x512.jpg",768,512,true],"large":["https:\/\/www.v-label.com\/wp-content\/uploads\/2022\/12\/v-label-resources-1024x682.jpg",1024,682,true],"1536x1536":["https:\/\/www.v-label.com\/wp-content\/uploads\/2022\/12\/v-label-resources.jpg",1280,853,false],"2048x2048":["https:\/\/www.v-label.com\/wp-content\/uploads\/2022\/12\/v-label-resources.jpg",1280,853,false],"preview":["https:\/\/www.v-label.com\/wp-content\/uploads\/2022\/12\/v-label-resources-904x720.jpg",904,720,true],"header":["https:\/\/www.v-label.com\/wp-content\/uploads\/2022\/12\/v-label-resources-1280x720.jpg",1280,720,true],"gform-image-choice-sm":["https:\/\/www.v-label.com\/wp-content\/uploads\/2022\/12\/v-label-resources.jpg",300,200,false],"gform-image-choice-md":["https:\/\/www.v-label.com\/wp-content\/uploads\/2022\/12\/v-label-resources.jpg",400,267,false],"gform-image-choice-lg":["https:\/\/www.v-label.com\/wp-content\/uploads\/2022\/12\/v-label-resources.jpg",600,400,false]},"uagb_author_info":{"display_name":"Can Aslan","author_link":"https:\/\/www.v-label.com\/vi"},"uagb_comment_info":0,"uagb_excerpt":"T\u00e0i nguy\u00ean mi\u1ec5n ph\u00ed v\u1ec1 doanh nghi\u1ec7p v\u00e0 ng\u01b0\u1eddi ti\u00eau d\u00f9ng V-Label Bites, nghi\u00ean c\u1ee9u ng\u01b0\u1eddi ti\u00eau d\u00f9ng, b\u00e0i vi\u1ebft B2B, v\u00e0 nhi\u1ec1u h\u01a1n n\u1eefa \u0111\u1ec3 gi\u00fap b\u1ea1n ph\u00e1t tri\u1ec3n.","_links":{"self":[{"href":"https:\/\/www.v-label.com\/vi\/wp-json\/wp\/v2\/pages\/75826","targetHints":{"allow":["GET"]}}],"collection":[{"href":"https:\/\/www.v-label.com\/vi\/wp-json\/wp\/v2\/pages"}],"about":[{"href":"https:\/\/www.v-label.com\/vi\/wp-json\/wp\/v2\/types\/page"}],"author":[{"embeddable":true,"href":"https:\/\/www.v-label.com\/vi\/wp-json\/wp\/v2\/users\/5"}],"replies":[{"embeddable":true,"href":"https:\/\/www.v-label.com\/vi\/wp-json\/wp\/v2\/comments?post=75826"}],"version-history":[{"count":4,"href":"https:\/\/www.v-label.com\/vi\/wp-json\/wp\/v2\/pages\/75826\/revisions"}],"predecessor-version":[{"id":86206,"href":"https:\/\/www.v-label.com\/vi\/wp-json\/wp\/v2\/pages\/75826\/revisions\/86206"}],"wp:featuredmedia":[{"embeddable":true,"href":"https:\/\/www.v-label.com\/vi\/wp-json\/wp\/v2\/media\/75832"}],"wp:attachment":[{"href":"https:\/\/www.v-label.com\/vi\/wp-json\/wp\/v2\/media?parent=75826"}],"wp:term":[{"taxonomy":"category","embeddable":true,"href":"https:\/\/www.v-label.com\/vi\/wp-json\/wp\/v2\/categories?post=75826"},{"taxonomy":"post_tag","embeddable":true,"href":"https:\/\/www.v-label.com\/vi\/wp-json\/wp\/v2\/tags?post=75826"}],"curies":[{"name":"wp","href":"https:\/\/api.w.org\/{rel}","templated":true}]}}