{"id":75859,"date":"2022-05-30T16:16:29","date_gmt":"2022-05-30T14:16:29","guid":{"rendered":"https:\/\/www.v-label.com\/info-for-producers\/loi-ich\/"},"modified":"2024-07-11T11:13:18","modified_gmt":"2024-07-11T09:13:18","slug":"loi-ich","status":"publish","type":"page","link":"https:\/\/www.v-label.com\/vi\/info-for-producers\/loi-ich\/","title":{"rendered":"L\u1ee3i \u00edch"},"content":{"rendered":"\n<p>Ng\u01b0\u1eddi ti\u00eau d\u00f9ng tr\u00ean to\u00e0n th\u1ebf gi\u1edbi ng\u00e0y c\u00e0ng l\u1ef1a ch\u1ecdn c\u00e1c s\u1ea3n ph\u1ea9m c\u00f3 ngu\u1ed3n g\u1ed1c th\u1ef1c v\u1eadt v\u00ec c\u00e1c l\u00fd do t\u1eeb s\u1ee9c kh\u1ecfe \u0111\u1ebfn s\u1ef1 ti\u1ec7n l\u1ee3i, \u0111\u1ea1o \u0111\u1ee9c, ni\u1ec1m \u0111am m\u00ea ho\u1eb7c \u0111\u01a1n gi\u1ea3n l\u00e0 v\u00ec con h\u1ecd th\u00edch n\u00f3. V\u1edbi vi\u1ec7c ch\u1ee7 ngh\u0129a thu\u1ea7n chay ng\u00e0y c\u00e0ng tr\u1edf n\u00ean ph\u1ed5 bi\u1ebfn, c\u00e1c ch\u00ednh ph\u1ee7 v\u00e0 t\u1ed5 ch\u1ee9c \u0111ang ch\u00fa \u00fd \u0111\u1ebfn. Th\u1ef1c t\u1ebf c\u00e1c m\u1ee5c ti\u00eau cam k\u1ebft c\u1ee7a ch\u00ednh ph\u1ee7 v\u1ec1 tho\u1ea3 thu\u1eadn kh\u00ed h\u1eadu Paris s\u1ebd r\u1ea5t kh\u00f3 \u0111\u1ea1t \u0111\u01b0\u1ee3c khi m\u00e0 ch\u00fang ta g\u1ea7n nh\u01b0 kh\u00f4ng c\u1eaft gi\u1ea3m ti\u00eau th\u1ee5 \u0111\u1ed9ng v\u1eadt. T\u1ea5t c\u1ea3 \u0111i\u1ec1u n\u00e0y th\u00fac \u0111\u1ea9y m\u1ed9t h\u1ec7 sinh th\u00e1i quan tr\u1ecdng \u0111\u1ec3 c\u00e1c nh\u00e0 s\u1ea3n xu\u1ea5t \u0111\u01b0a ra c\u00e1c gi\u1ea3i ph\u00e1p thay th\u1ebf s\u00e1ng t\u1ea1o v\u00e0 b\u1ec1n v\u1eefng. H\u00e3y n\u1eafm gi\u1eef v\u1eefng ch\u1eafc th\u1ecb tr\u01b0\u1eddng \u0111ang ph\u00e1t tri\u1ec3n kh\u00f4ng ng\u1eebng n\u00e0y ngay h\u00f4m nay v\u00e0 trong nh\u1eefng n\u0103m t\u1edbi v\u1edbi V-Label.    <\/p>\n\n\n\n<div class=\"wp-block-media-text is-stacked-on-mobile is-vertically-aligned-center is-image-fill\"><figure class=\"wp-block-media-text__media\" style=\"background-image:url(https:\/\/www.v-label.com\/wp-content\/uploads\/2022\/12\/v-label-consumers-favorite.jpg);background-position:62% 53%\"><img decoding=\"async\" src=\"https:\/\/www.v-label.com\/wp-content\/uploads\/2022\/12\/v-label-consumers-favorite.jpg\" alt=\"\" class=\"wp-image-39649 size-full\"\/><\/figure><div class=\"wp-block-media-text__content\">\n<h3 class=\"wp-block-heading\">Ng\u01b0\u1eddi ti\u00eau d\u00f9ng y\u00eau th\u00edch<\/h3>\n\n\n\n<p>T\u1ea1i \u0110\u1ee9c, theo G\u00fctesiegel Monitor 2020, V-Label l\u00e0 nh\u00e3n hi\u1ec7u ch\u1ea5t l\u01b0\u1ee3ng th\u1ef1c ph\u1ea9m n\u1ed5i ti\u1ebfng th\u1ee9 8 v\u00e0 \u0111\u00e1ng tin c\u1eady th\u1ee9 3. \u1ede Li\u00ean minh Ch\u00e2u \u00c2u, <a href=\"https:\/\/www.v-label.com\/about-us\/the-history-of-v-label\/\" data-type=\"page\" data-id=\"2676\">V-Label hi\u1ec7n l\u00e0 nh\u00e3n hi\u1ec7u n\u1ed5i ti\u1ebfng nh\u1ea5t cho c\u00e1c s\u1ea3n ph\u1ea9m chay v\u00e0 thu\u1ea7n chay<\/a>. V-Label \u0111\u00e3 ch\u1ee9ng nh\u1eadn h\u01a1n 70.000 s\u1ea3n ph\u1ea9m tr\u00ean to\u00e0n th\u1ebf gi\u1edbi v\u00e0 nh\u1eadn \u0111\u01b0\u1ee3c s\u1ef1 \u1ee7ng h\u1ed9 r\u1ed9ng r\u00e3i trong c\u1ed9ng \u0111\u1ed3ng ng\u01b0\u1eddi \u0103n chay v\u00e0 thu\u1ea7n chay. <a href=\"https:\/\/www.v-label.com\/vi\/faqs\/\" data-type=\"page\" data-id=\"34\">Th\u00f4ng qua vi\u1ec7c ph\u00e2n lo\u1ea1i d\u1ec5 hi\u1ec3u c\u00e1c s\u1ea3n ph\u1ea9m l\u00e0 thu\u1ea7n chay ho\u1eb7c chay<\/a>, V-Label l\u00e0 c\u00e1ch nhanh ch\u00f3ng v\u00e0 \u0111\u00e1ng tin c\u1eady \u0111\u1ec3 cho m\u1ecdi ng\u01b0\u1eddi bi\u1ebft ch\u00ednh x\u00e1c nh\u1eefng g\u00ec h\u1ecd \u0111ang mua.<\/p>\n<\/div><\/div>\n\n\n\n<div style=\"height:30px\" aria-hidden=\"true\" class=\"wp-block-spacer\"><\/div>\n\n\n\n<div class=\"wp-block-media-text is-stacked-on-mobile is-vertically-aligned-center is-image-fill\"><figure class=\"wp-block-media-text__media\" style=\"background-image:url(https:\/\/www.v-label.com\/wp-content\/uploads\/2022\/12\/v-label-global-recognition.jpg);background-position:50% 50%\"><img decoding=\"async\" width=\"1280\" height=\"959\" src=\"https:\/\/www.v-label.com\/wp-content\/uploads\/2022\/12\/v-label-global-recognition.jpg\" alt=\"\" class=\"wp-image-17595 size-full\" srcset=\"https:\/\/www.v-label.com\/wp-content\/uploads\/2022\/12\/v-label-global-recognition.jpg 1280w, https:\/\/www.v-label.com\/wp-content\/uploads\/2022\/12\/v-label-global-recognition-300x225.jpg 300w, https:\/\/www.v-label.com\/wp-content\/uploads\/2022\/12\/v-label-global-recognition-1024x767.jpg 1024w, https:\/\/www.v-label.com\/wp-content\/uploads\/2022\/12\/v-label-global-recognition-500x375.jpg 500w, https:\/\/www.v-label.com\/wp-content\/uploads\/2022\/12\/v-label-global-recognition-768x575.jpg 768w\" sizes=\"(max-width: 1280px) 100vw, 1280px\" \/><\/figure><div class=\"wp-block-media-text__content\">\n<h3 class=\"wp-block-heading\">\u0110\u01b0\u1ee3c c\u00f4ng nh\u1eadn to\u00e0n c\u1ea7u<\/h3>\n\n\n\n<p>\u0110\u01b0\u1ee3c th\u00e0nh l\u1eadp c\u00e1ch \u0111\u00e2y 25 n\u0103m t\u1ea1i Th\u1ee5y S\u0129, V-Label \u0111\u00e3 gi\u00e0nh \u0111\u01b0\u1ee3c v\u1ecb tr\u00ed d\u1eabn \u0111\u1ea7u trong vi\u1ec7c kh\u1eb3ng \u0111\u1ecbnh ch\u1ea5t l\u01b0\u1ee3ng c\u1ee7a c\u00e1c s\u1ea3n ph\u1ea9m, d\u1ecbch v\u1ee5 thu\u1ea7n chay v\u00e0 chay. V\u1edbi V-Label, b\u1ea1n c\u00f3 m\u1ed9t ch\u1ee9ng nh\u1eadn duy nh\u1ea5t, \u0111\u01b0\u1ee3c c\u00f4ng nh\u1eadn cao tr\u00ean kh\u1eafp c\u00e1c th\u1ecb tr\u01b0\u1eddng. T\u1eeb Berlin \u0111\u1ebfn Buenos Aires, con m\u1eaft c\u1ee7a m\u1ed9t ng\u01b0\u1eddi ti\u00eau d\u00f9ng th\u00f4ng th\u00e1i kh\u00f3 c\u00f3 th\u1ec3 b\u1ecf l\u1ee1 m\u00e0u v\u00e0ng n\u1ed5i l\u00ean gi\u1eefa c\u00e1c m\u00e0u xanh l\u00e1 c\u00e2y v\u00e0 m\u00e0u \u0111\u1ea5t th\u01b0\u1eddng \u0111\u01b0\u1ee3c s\u1eed d\u1ee5ng trong bao b\u00ec b\u1ec1n v\u1eefng.  <\/p>\n<\/div><\/div>\n\n\n\n<div style=\"height:30px\" aria-hidden=\"true\" class=\"wp-block-spacer\"><\/div>\n\n\n\n<div class=\"wp-block-media-text is-stacked-on-mobile is-vertically-aligned-center is-image-fill\"><figure class=\"wp-block-media-text__media\" style=\"background-image:url(https:\/\/www.v-label.com\/wp-content\/uploads\/2022\/12\/v-label-business-partnerships.jpg);background-position:50% 50%\"><img decoding=\"async\" width=\"1280\" height=\"853\" src=\"https:\/\/www.v-label.com\/wp-content\/uploads\/2022\/12\/v-label-business-partnerships.jpg\" alt=\"\" class=\"wp-image-17615 size-full\" srcset=\"https:\/\/www.v-label.com\/wp-content\/uploads\/2022\/12\/v-label-business-partnerships.jpg 1280w, https:\/\/www.v-label.com\/wp-content\/uploads\/2022\/12\/v-label-business-partnerships-300x200.jpg 300w, https:\/\/www.v-label.com\/wp-content\/uploads\/2022\/12\/v-label-business-partnerships-1024x682.jpg 1024w, https:\/\/www.v-label.com\/wp-content\/uploads\/2022\/12\/v-label-business-partnerships-500x333.jpg 500w, https:\/\/www.v-label.com\/wp-content\/uploads\/2022\/12\/v-label-business-partnerships-768x512.jpg 768w\" sizes=\"(max-width: 1280px) 100vw, 1280px\" \/><\/figure><div class=\"wp-block-media-text__content\">\n<h3 class=\"wp-block-heading\">H\u1ee3p t\u00e1c kinh doanh<\/h3>\n\n\n\n<p>L\u00e0 ch\u1ee9ng nh\u1eadn duy nh\u1ea5t tr\u00ean to\u00e0n th\u1ebf gi\u1edbi c\u00f3 \u0111\u1ea1i di\u1ec7n \u0111\u1ecba ph\u01b0\u01a1ng t\u1ea1i h\u01a1n 50 qu\u1ed1c gia (v\u00e0 d\u1ecbch v\u1ee5 kh\u00e1ch h\u00e0ng h\u01a1n 30 ng\u00f4n ng\u1eef), V-Label m\u1eddi b\u1ea1n tham gia v\u00e0o m\u1ed9t h\u00e0nh tr\u00ecnh v\u01b0\u1ee3t xa vi\u1ec7c \u0111\u01b0\u1ee3c ch\u1ee9ng nh\u1eadn. \u0110i\u1ec1u \u0111\u00f3 s\u1ebd c\u00f3 \u00fd ngh\u0129a g\u00ec \u0111\u1ed1i v\u1edbi c\u00f4ng ty c\u1ee7a b\u1ea1n n\u1ebfu b\u1ea1n c\u00f3 c\u00e1c c\u00f4ng c\u1ee5 x\u00e2y d\u1ef1ng doanh nghi\u1ec7p nh\u01b0 hi\u1ec3u bi\u1ebft v\u1ec1 th\u1ecb tr\u01b0\u1eddng, ph\u00e2n t\u00edch \u0111\u1ecbnh t\u00ednh, t\u01b0 v\u1ea5n th\u00e0nh ph\u1ea7n, \u0111\u1ed1i t\u00e1c qu\u1ea3ng c\u00e1o v\u00e0 h\u01b0\u1edbng d\u1eabn kh\u00e1c? B\u1ea1n \u0111ang tung ra m\u1ed9t s\u1ea3n ph\u1ea9m m\u1edbi ho\u1eb7c l\u1ea7n \u0111\u1ea7u ti\u00ean tham gia v\u00e0o th\u1ecb tr\u01b0\u1eddng thu\u1ea7n chay? Ch\u00fang t\u00f4i r\u1ea5t vui \u0111\u01b0\u1ee3c gi\u1edbi thi\u1ec7u b\u1ea1n v\u1edbi c\u00e1c chuy\u00ean gia (chuy\u00ean gia v\u1ec1 c\u00f4ng ngh\u1ec7 th\u1ef1c ph\u1ea9m, lu\u1eadt th\u1ef1c ph\u1ea9m, qu\u1ea3n l\u00fd ch\u1ea5t l\u01b0\u1ee3ng, th\u1ea9m m\u1ef9, ti\u1ebfp th\u1ecb, c\u00f4ng ngh\u1ec7 sinh h\u1ecdc, dinh d\u01b0\u1ee1ng, nghi\u00ean c\u1ee9u th\u1ecb tr\u01b0\u1eddng v\u00e0 ng\u01b0\u1eddi ti\u00eau d\u00f9ng, v.v.) v\u00e0 c\u00e1c m\u1ed1i li\u00ean h\u1ec7 trong ng\u00e0nh v\u00e0 c\u1ed9ng \u0111\u1ed3ng thu\u1ea7n chay.<\/p>\n<\/div><\/div>\n\n\n\n<div style=\"height:30px\" aria-hidden=\"true\" class=\"wp-block-spacer\"><\/div>\n\n\n\n<div class=\"wp-block-media-text is-stacked-on-mobile is-vertically-aligned-center is-image-fill\"><figure class=\"wp-block-media-text__media\" style=\"background-image:url(https:\/\/www.v-label.com\/wp-content\/uploads\/2022\/12\/v-label-inclusive-approach.jpg);background-position:12% 52%\"><img decoding=\"async\" width=\"1280\" height=\"854\" src=\"https:\/\/www.v-label.com\/wp-content\/uploads\/2022\/12\/v-label-inclusive-approach.jpg\" alt=\"\" class=\"wp-image-17635 size-full\" srcset=\"https:\/\/www.v-label.com\/wp-content\/uploads\/2022\/12\/v-label-inclusive-approach.jpg 1280w, https:\/\/www.v-label.com\/wp-content\/uploads\/2022\/12\/v-label-inclusive-approach-300x200.jpg 300w, https:\/\/www.v-label.com\/wp-content\/uploads\/2022\/12\/v-label-inclusive-approach-1024x683.jpg 1024w, https:\/\/www.v-label.com\/wp-content\/uploads\/2022\/12\/v-label-inclusive-approach-500x334.jpg 500w, https:\/\/www.v-label.com\/wp-content\/uploads\/2022\/12\/v-label-inclusive-approach-768x512.jpg 768w\" sizes=\"(max-width: 1280px) 100vw, 1280px\" \/><\/figure><div class=\"wp-block-media-text__content\">\n<h3 class=\"wp-block-heading\">C\u00e1ch ti\u1ebfp c\u1eadn to\u00e0n di\u1ec7n<\/h3>\n\n\n\n<p>Cung c\u1ea5p cho nh\u00e0 s\u1ea3n xu\u1ea5t ch\u1ee9ng nh\u1eadn c\u1ea3 thu\u1ea7n chay v\u00e0 chay d\u1ef1a tr\u00ean ki\u1ec3m tra k\u1ef9 l\u01b0\u1ee1ng v\u00e0 qu\u1ea3n l\u00fd ch\u1ea5t l\u01b0\u1ee3ng, V-Label d\u00e0nh cho m\u1ecdi lo\u1ea1i h\u00ecnh kinh doanh, t\u1eeb c\u00f4ng ty kh\u1edfi nghi\u1ec7p thu\u1ea7n chay \u0111\u1ebfn c\u00e1c c\u00f4ng ty qu\u1ed1c t\u1ebf nh\u01b0 Unilever, Nestl\u00e9 ho\u1eb7c Danone. C\u00f9ng v\u1edbi tr\u00ed tu\u1ec7 kinh doanh, \u0111\u00e2y l\u00e0 m\u1ed9t l\u1ef1a ch\u1ecdn kh\u1ea3 thi cho c\u00e1c c\u00f4ng ty kh\u00f4ng ch\u1ee7 y\u1ebfu \u0111\u1ecbnh h\u01b0\u1edbng v\u00e0o ph\u00e2n kh\u00fac d\u1ef1a tr\u00ean th\u1ef1c v\u1eadt nh\u01b0ng mu\u1ed1n ph\u1ee5c v\u1ee5 d\u00e2n s\u1ed1 linh ho\u1ea1t \u0111ang gia t\u0103ng. Ngo\u00e0i th\u1ef1c ph\u1ea9m, ch\u00fang t\u00f4i c\u00f2n c\u00f3 m\u1eb7t trong c\u00e1c ng\u00e0nh nh\u01b0 th\u1eddi trang, m\u1ef9 ph\u1ea9m, \u1ea9m th\u1ef1c, ch\u1ea5t t\u1ea9y r\u1eeda, v.v.  <\/p>\n<\/div><\/div>\n","protected":false},"excerpt":{"rendered":"<p>Ng\u01b0\u1eddi ti\u00eau d\u00f9ng tr\u00ean to\u00e0n th\u1ebf gi\u1edbi ng\u00e0y c\u00e0ng l\u1ef1a ch\u1ecdn c\u00e1c s\u1ea3n ph\u1ea9m c\u00f3 ngu\u1ed3n g\u1ed1c th\u1ef1c v\u1eadt v\u00ec c\u00e1c l\u00fd do t\u1eeb s\u1ee9c kh\u1ecfe \u0111\u1ebfn s\u1ef1 ti\u1ec7n l\u1ee3i, \u0111\u1ea1o \u0111\u1ee9c, ni\u1ec1m \u0111am m\u00ea ho\u1eb7c \u0111\u01a1n gi\u1ea3n l\u00e0 v\u00ec con h\u1ecd th\u00edch n\u00f3. V\u1edbi vi\u1ec7c ch\u1ee7 ngh\u0129a thu\u1ea7n chay ng\u00e0y c\u00e0ng tr\u1edf n\u00ean ph\u1ed5 [&hellip;]<\/p>\n","protected":false},"author":5,"featured_media":75860,"parent":75814,"menu_order":0,"comment_status":"closed","ping_status":"closed","template":"","meta":{"_acf_changed":false,"_editorskit_title_hidden":false,"_editorskit_reading_time":0,"_editorskit_is_block_options_detached":false,"_editorskit_block_options_position":"{}","inline_featured_image":false,"_uag_custom_page_level_css":"","footnotes":""},"categories":[],"tags":[],"class_list":["post-75859","page","type-page","status-publish","has-post-thumbnail","hentry"],"acf":[],"uagb_featured_image_src":{"full":["https:\/\/www.v-label.com\/wp-content\/uploads\/2022\/12\/v-label-benefits.jpg",1280,878,false],"thumbnail":["https:\/\/www.v-label.com\/wp-content\/uploads\/2022\/12\/v-label-benefits-500x343.jpg",500,343,true],"medium":["https:\/\/www.v-label.com\/wp-content\/uploads\/2022\/12\/v-label-benefits-300x206.jpg",300,206,true],"medium_large":["https:\/\/www.v-label.com\/wp-content\/uploads\/2022\/12\/v-label-benefits-768x527.jpg",768,527,true],"large":["https:\/\/www.v-label.com\/wp-content\/uploads\/2022\/12\/v-label-benefits-1024x702.jpg",1024,702,true],"1536x1536":["https:\/\/www.v-label.com\/wp-content\/uploads\/2022\/12\/v-label-benefits.jpg",1280,878,false],"2048x2048":["https:\/\/www.v-label.com\/wp-content\/uploads\/2022\/12\/v-label-benefits.jpg",1280,878,false],"preview":["https:\/\/www.v-label.com\/wp-content\/uploads\/2022\/12\/v-label-benefits-904x720.jpg",904,720,true],"header":["https:\/\/www.v-label.com\/wp-content\/uploads\/2022\/12\/v-label-benefits-1280x720.jpg",1280,720,true],"gform-image-choice-sm":["https:\/\/www.v-label.com\/wp-content\/uploads\/2022\/12\/v-label-benefits.jpg",300,206,false],"gform-image-choice-md":["https:\/\/www.v-label.com\/wp-content\/uploads\/2022\/12\/v-label-benefits.jpg",400,274,false],"gform-image-choice-lg":["https:\/\/www.v-label.com\/wp-content\/uploads\/2022\/12\/v-label-benefits.jpg",600,412,false]},"uagb_author_info":{"display_name":"Can Aslan","author_link":"https:\/\/www.v-label.com\/vi"},"uagb_comment_info":0,"uagb_excerpt":"Ng\u01b0\u1eddi ti\u00eau d\u00f9ng tr\u00ean to\u00e0n th\u1ebf gi\u1edbi ng\u00e0y c\u00e0ng l\u1ef1a ch\u1ecdn c\u00e1c s\u1ea3n ph\u1ea9m c\u00f3 ngu\u1ed3n g\u1ed1c th\u1ef1c v\u1eadt v\u00ec c\u00e1c l\u00fd do t\u1eeb s\u1ee9c kh\u1ecfe \u0111\u1ebfn s\u1ef1 ti\u1ec7n l\u1ee3i, \u0111\u1ea1o \u0111\u1ee9c, ni\u1ec1m \u0111am m\u00ea ho\u1eb7c \u0111\u01a1n gi\u1ea3n l\u00e0 v\u00ec con h\u1ecd th\u00edch n\u00f3. V\u1edbi vi\u1ec7c ch\u1ee7 ngh\u0129a thu\u1ea7n chay ng\u00e0y c\u00e0ng tr\u1edf n\u00ean ph\u1ed5&hellip;","_links":{"self":[{"href":"https:\/\/www.v-label.com\/vi\/wp-json\/wp\/v2\/pages\/75859","targetHints":{"allow":["GET"]}}],"collection":[{"href":"https:\/\/www.v-label.com\/vi\/wp-json\/wp\/v2\/pages"}],"about":[{"href":"https:\/\/www.v-label.com\/vi\/wp-json\/wp\/v2\/types\/page"}],"author":[{"embeddable":true,"href":"https:\/\/www.v-label.com\/vi\/wp-json\/wp\/v2\/users\/5"}],"replies":[{"embeddable":true,"href":"https:\/\/www.v-label.com\/vi\/wp-json\/wp\/v2\/comments?post=75859"}],"version-history":[{"count":2,"href":"https:\/\/www.v-label.com\/vi\/wp-json\/wp\/v2\/pages\/75859\/revisions"}],"predecessor-version":[{"id":83974,"href":"https:\/\/www.v-label.com\/vi\/wp-json\/wp\/v2\/pages\/75859\/revisions\/83974"}],"up":[{"embeddable":true,"href":"https:\/\/www.v-label.com\/vi\/wp-json\/wp\/v2\/pages\/75814"}],"wp:featuredmedia":[{"embeddable":true,"href":"https:\/\/www.v-label.com\/vi\/wp-json\/wp\/v2\/media\/75860"}],"wp:attachment":[{"href":"https:\/\/www.v-label.com\/vi\/wp-json\/wp\/v2\/media?parent=75859"}],"wp:term":[{"taxonomy":"category","embeddable":true,"href":"https:\/\/www.v-label.com\/vi\/wp-json\/wp\/v2\/categories?post=75859"},{"taxonomy":"post_tag","embeddable":true,"href":"https:\/\/www.v-label.com\/vi\/wp-json\/wp\/v2\/tags?post=75859"}],"curies":[{"name":"wp","href":"https:\/\/api.w.org\/{rel}","templated":true}]}}