{"id":75876,"date":"2022-05-30T16:15:29","date_gmt":"2022-05-30T14:15:29","guid":{"rendered":"https:\/\/www.v-label.com\/branches\/my-pham\/"},"modified":"2025-11-20T10:20:07","modified_gmt":"2025-11-20T09:20:07","slug":"my-pham","status":"publish","type":"page","link":"https:\/\/www.v-label.com\/vi\/branches\/my-pham\/","title":{"rendered":"M\u1ef9 ph\u1ea9m &amp; V\u1ec7 sinh c\u00e1 nh\u00e2n"},"content":{"rendered":"\n<p>S\u1ef1 ti\u1ec7n l\u1ee3i, c\u00f3 tr\u00e1ch nhi\u1ec7m v\u1edbi s\u1ee9c kh\u1ecfe c\u1ee7a ch\u00ednh m\u00ecnh v\u00e0 l\u1eddi k\u00eau g\u1ecdi l\u1edbn h\u01a1n v\u1ec1 s\u1eed d\u1ee5ng c\u00e1c s\u1ea3n ph\u1ea9m l\u00e0m \u0111\u1eb9p nh\u00e2n \u0111\u1ea1o. \u0110\u00f3 l\u00e0 ba l\u00fd do ch\u00ednh khi\u1ebfn quy m\u00f4 th\u1ecb tr\u01b0\u1eddng m\u1ef9 ph\u1ea9m thu\u1ea7n chay to\u00e0n c\u1ea7u \u0111\u01b0\u1ee3c d\u1ef1 \u0111o\u00e1n s\u1ebd \u0111\u1ea1t 20,8 t\u1ef7 USD v\u00e0o n\u0103m 2025, t\u0103ng tr\u01b0\u1edfng v\u1edbi t\u1ed1c \u0111\u1ed9 6,3%, theo B\u00e1o c\u00e1o ph\u00e2n t\u00edch quy m\u00f4, th\u1ecb ph\u1ea7n v\u00e0 xu h\u01b0\u1edbng th\u1ecb tr\u01b0\u1eddng m\u1ef9 ph\u1ea9m thu\u1ea7n chay t\u1eeb n\u0103m 2018.  <\/p>\n\n<p>Ch\u00e2u \u00c2u chi\u1ebfm th\u1ecb ph\u1ea7n l\u1edbn tr\u00ean th\u1ecb tr\u01b0\u1eddng, ch\u1ee9ng ki\u1ebfn nhu c\u1ea7u t\u0103ng v\u1ecdt \u0111\u1ed1i v\u1edbi c\u00e1c s\u1ea3n ph\u1ea9m ch\u01b0a \u0111\u01b0\u1ee3c th\u1eed nghi\u1ec7m tr\u00ean \u0111\u1ed9ng v\u1eadt. T\u1eeb s\u1ea3n ph\u1ea9m ch\u0103m s\u00f3c da \u0111\u1ebfn s\u1ea3n ph\u1ea9m kh\u1eed m\u00f9i cho \u0111\u1ebfn d\u1ea7u g\u1ed9i, ng\u00e0y c\u00e0ng c\u00f3 nhi\u1ec1u ph\u00e2n kh\u00fac ng\u01b0\u1eddi ti\u00eau d\u00f9ng t\u00ecm ki\u1ebfm nh\u1eefng t\u1eeb kh\u00f3a nh\u01b0 thu\u1ea7n chay khi mua h\u00e0ng. <\/p>\n\n<p>V\u1edbi vi\u1ec7c m\u1ef9 ph\u1ea9m thu\u1ea7n chay v\u1eabn c\u00f2n l\u00e0 m\u1ed9t \u0111i\u1ec1u m\u1edbi l\u1ea1, ng\u01b0\u1eddi ti\u00eau d\u00f9ng r\u1ea5t d\u1ec5 ti\u1ebfp thu nh\u00e3n m\u00e1c v\u00e0 c\u00e1c d\u1ea5u hi\u1ec7u kh\u00e1c ch\u1ee9ng minh s\u1ef1 l\u1ef1a ch\u1ecdn c\u1ee7a h\u1ecd l\u00e0 thu\u1ea7n chay hay \u0103n chay. Theo The Vegan Society, 19% ng\u01b0\u1eddi d\u00e2n ki\u1ec3m tra xem \u0111\u1ed3 v\u1ec7 sinh c\u00e1 nh\u00e2n c\u1ee7a h\u1ecd c\u00f3 \u0111\u01b0\u1ee3c th\u1eed nghi\u1ec7m tr\u00ean \u0111\u1ed9ng v\u1eadt hay kh\u00f4ng? H\u00e3y l\u00e0m cho t\u00ednh n\u0103ng n\u00e0y c\u1ee7a s\u1ea3n ph\u1ea9m c\u1ee7a b\u1ea1n hi\u1ec3n th\u1ecb v\u1edbi V-Label v\u00e0 tr\u1edf th\u00e0nh m\u1ee5c ti\u00eau t\u1ef1 nhi\u00ean c\u1ee7a h\u1ecd!   <\/p>\n\n<p>R\u00f5 r\u00e0ng, kh\u00f4ng ch\u1ec9 ch\u0103m s\u00f3c c\u00e1 nh\u00e2n \u0111ang ch\u1ee9ng ki\u1ebfn \u200b\u200bs\u1ef1 gia t\u0103ng c\u1ee7a c\u00e1c l\u1ef1a ch\u1ecdn thay th\u1ebf thu\u1ea7n chay v\u00e0 \u0103n chay &#8211; m\u00e0 c\u1ea3 h\u1ed9 gia \u0111\u00ecnh n\u1eefa! L\u00e0m cho s\u1ea3n ph\u1ea9m c\u1ee7a b\u1ea1n tr\u1edf n\u00ean n\u1ed5i b\u1eadt v\u1edbi nh\u00e3n hi\u1ec7u V-Label b\u1eaft m\u1eaft. <\/p>\n\n<div class=\"wp-block-buttons is-content-justification-center is-layout-flex wp-container-core-buttons-is-layout-16018d1d wp-block-buttons-is-layout-flex\">\n<div class=\"wp-block-button\"><a class=\"wp-block-button__link wp-element-button\" href=\"https:\/\/www.v-label.com\/vi\/dang-ky-ngay\/\">Nh\u1eadn ch\u1ee9ng nh\u1eadn V-Label<\/a><\/div>\n<\/div>\n","protected":false},"excerpt":{"rendered":"<p>S\u1ef1 ti\u1ec7n l\u1ee3i, c\u00f3 tr\u00e1ch nhi\u1ec7m v\u1edbi s\u1ee9c kh\u1ecfe c\u1ee7a ch\u00ednh m\u00ecnh v\u00e0 l\u1eddi k\u00eau g\u1ecdi l\u1edbn h\u01a1n v\u1ec1 s\u1eed d\u1ee5ng c\u00e1c s\u1ea3n ph\u1ea9m l\u00e0m \u0111\u1eb9p nh\u00e2n \u0111\u1ea1o. \u0110\u00f3 l\u00e0 ba l\u00fd do ch\u00ednh khi\u1ebfn quy m\u00f4 th\u1ecb tr\u01b0\u1eddng m\u1ef9 ph\u1ea9m thu\u1ea7n chay to\u00e0n c\u1ea7u \u0111\u01b0\u1ee3c d\u1ef1 \u0111o\u00e1n s\u1ebd \u0111\u1ea1t 20,8 t\u1ef7 USD v\u00e0o n\u0103m [&hellip;]<\/p>\n","protected":false},"author":5,"featured_media":75852,"parent":75797,"menu_order":0,"comment_status":"closed","ping_status":"closed","template":"","meta":{"_acf_changed":false,"_editorskit_title_hidden":false,"_editorskit_reading_time":0,"_editorskit_is_block_options_detached":false,"_editorskit_block_options_position":"{}","inline_featured_image":false,"_uag_custom_page_level_css":"","footnotes":""},"categories":[],"tags":[],"class_list":["post-75876","page","type-page","status-publish","has-post-thumbnail","hentry"],"acf":[],"uagb_featured_image_src":{"full":["https:\/\/www.v-label.com\/wp-content\/uploads\/2022\/12\/cosmetics-1280.jpg",1280,868,false],"thumbnail":["https:\/\/www.v-label.com\/wp-content\/uploads\/2022\/12\/cosmetics-1280-500x339.jpg",500,339,true],"medium":["https:\/\/www.v-label.com\/wp-content\/uploads\/2022\/12\/cosmetics-1280-300x203.jpg",300,203,true],"medium_large":["https:\/\/www.v-label.com\/wp-content\/uploads\/2022\/12\/cosmetics-1280-768x521.jpg",768,521,true],"large":["https:\/\/www.v-label.com\/wp-content\/uploads\/2022\/12\/cosmetics-1280-1024x694.jpg",1024,694,true],"1536x1536":["https:\/\/www.v-label.com\/wp-content\/uploads\/2022\/12\/cosmetics-1280.jpg",1280,868,false],"2048x2048":["https:\/\/www.v-label.com\/wp-content\/uploads\/2022\/12\/cosmetics-1280.jpg",1280,868,false],"preview":["https:\/\/www.v-label.com\/wp-content\/uploads\/2022\/12\/cosmetics-1280-904x720.jpg",904,720,true],"header":["https:\/\/www.v-label.com\/wp-content\/uploads\/2022\/12\/cosmetics-1280-1280x720.jpg",1280,720,true],"gform-image-choice-sm":["https:\/\/www.v-label.com\/wp-content\/uploads\/2022\/12\/cosmetics-1280.jpg",300,203,false],"gform-image-choice-md":["https:\/\/www.v-label.com\/wp-content\/uploads\/2022\/12\/cosmetics-1280.jpg",400,271,false],"gform-image-choice-lg":["https:\/\/www.v-label.com\/wp-content\/uploads\/2022\/12\/cosmetics-1280.jpg",600,407,false]},"uagb_author_info":{"display_name":"Can Aslan","author_link":"https:\/\/www.v-label.com\/vi"},"uagb_comment_info":0,"uagb_excerpt":"S\u1ef1 ti\u1ec7n l\u1ee3i, c\u00f3 tr\u00e1ch nhi\u1ec7m v\u1edbi s\u1ee9c kh\u1ecfe c\u1ee7a ch\u00ednh m\u00ecnh v\u00e0 l\u1eddi k\u00eau g\u1ecdi l\u1edbn h\u01a1n v\u1ec1 s\u1eed d\u1ee5ng c\u00e1c s\u1ea3n ph\u1ea9m l\u00e0m \u0111\u1eb9p nh\u00e2n \u0111\u1ea1o. \u0110\u00f3 l\u00e0 ba l\u00fd do ch\u00ednh khi\u1ebfn quy m\u00f4 th\u1ecb tr\u01b0\u1eddng m\u1ef9 ph\u1ea9m thu\u1ea7n chay to\u00e0n c\u1ea7u \u0111\u01b0\u1ee3c d\u1ef1 \u0111o\u00e1n s\u1ebd \u0111\u1ea1t 20,8 t\u1ef7 USD v\u00e0o n\u0103m&hellip;","_links":{"self":[{"href":"https:\/\/www.v-label.com\/vi\/wp-json\/wp\/v2\/pages\/75876","targetHints":{"allow":["GET"]}}],"collection":[{"href":"https:\/\/www.v-label.com\/vi\/wp-json\/wp\/v2\/pages"}],"about":[{"href":"https:\/\/www.v-label.com\/vi\/wp-json\/wp\/v2\/types\/page"}],"author":[{"embeddable":true,"href":"https:\/\/www.v-label.com\/vi\/wp-json\/wp\/v2\/users\/5"}],"replies":[{"embeddable":true,"href":"https:\/\/www.v-label.com\/vi\/wp-json\/wp\/v2\/comments?post=75876"}],"version-history":[{"count":2,"href":"https:\/\/www.v-label.com\/vi\/wp-json\/wp\/v2\/pages\/75876\/revisions"}],"predecessor-version":[{"id":86273,"href":"https:\/\/www.v-label.com\/vi\/wp-json\/wp\/v2\/pages\/75876\/revisions\/86273"}],"up":[{"embeddable":true,"href":"https:\/\/www.v-label.com\/vi\/wp-json\/wp\/v2\/pages\/75797"}],"wp:featuredmedia":[{"embeddable":true,"href":"https:\/\/www.v-label.com\/vi\/wp-json\/wp\/v2\/media\/75852"}],"wp:attachment":[{"href":"https:\/\/www.v-label.com\/vi\/wp-json\/wp\/v2\/media?parent=75876"}],"wp:term":[{"taxonomy":"category","embeddable":true,"href":"https:\/\/www.v-label.com\/vi\/wp-json\/wp\/v2\/categories?post=75876"},{"taxonomy":"post_tag","embeddable":true,"href":"https:\/\/www.v-label.com\/vi\/wp-json\/wp\/v2\/tags?post=75876"}],"curies":[{"name":"wp","href":"https:\/\/api.w.org\/{rel}","templated":true}]}}