{"id":75881,"date":"2022-05-30T16:15:52","date_gmt":"2022-05-30T14:15:52","guid":{"rendered":"https:\/\/www.v-label.com\/branches\/phi-thuc-pham\/"},"modified":"2025-11-20T10:20:10","modified_gmt":"2025-11-20T09:20:10","slug":"phi-thuc-pham","status":"publish","type":"page","link":"https:\/\/www.v-label.com\/vi\/branches\/phi-thuc-pham\/","title":{"rendered":"Phi th\u1ef1c ph\u1ea9m"},"content":{"rendered":"\n<p>M\u1ed9t ng\u00e0nh c\u00f4ng nghi\u1ec7p \u0111ang b\u00f9ng n\u1ed5 trong nhi\u1ec1u n\u0103m t\u1edbi, th\u1eddi trang thu\u1ea7n chay v\u00e0 th\u1eddi trang nh\u00e2n \u0111\u1ea1o \u0111\u00e3 \u0111\u01b0\u1ee3c coi l\u00e0 s\u00e0nh \u0111i\u1ec7u v\u00e0 sang tr\u1ecdng. Theo Statista.com, th\u1ecb tr\u01b0\u1eddng th\u1eddi trang d\u00e0nh cho ph\u1ee5 n\u1eef thu\u1ea7n chay to\u00e0n c\u1ea7u \u0111\u01b0\u1ee3c \u0111\u1ecbnh gi\u00e1 396,3 t\u1ef7 USD v\u00e0o n\u0103m 2019 v\u00e0 d\u1ef1 ki\u1ebfn s\u1ebd t\u0103ng tr\u01b0\u1edfng v\u1edbi t\u1ed1c \u0111\u1ed9 13,6% v\u00e0o n\u0103m 2027. Th\u1ecb tr\u01b0\u1eddng da thu\u1ea7n chay l\u00e0 \u0111\u1ed9ng l\u1ef1c c\u1ee7a ng\u00e0nh, ch\u1ee7 y\u1ebfu l\u00e0 do nh\u1eefng ti\u1ebfn b\u1ed9 c\u00f4ng ngh\u1ec7 gi\u00fap ho\u00e0n thi\u1ec7n v\u1eadt li\u1ec7u m\u1edbi v\u00e0 t\u0103ng tu\u1ed5i th\u1ecd c\u1ee7a da thu\u1ea7n chay. Thay v\u00ec da l\u00e0m t\u1eeb nh\u1ef1a, ch\u00fang ta ng\u00e0y c\u00e0ng nh\u00ecn th\u1ea5y c\u00e1c lo\u1ea1i v\u1ea3i t\u1ef1 nhi\u00ean, b\u1ec1n v\u1eefng h\u01a1n t\u1eeb c\u00e1c ngu\u1ed3n \u0111a d\u1ea1ng nh\u01b0 l\u00e1 d\u1ee9a, men l\u00ean men, ph\u1ee5 ph\u1ea9m c\u1ee7a ng\u00e0nh c\u00f4ng nghi\u1ec7p r\u01b0\u1ee3u vang v\u00e0 n\u1ea5m. C\u00e1c l\u1ef1a ch\u1ecdn thay th\u1ebf cho len v\u00e0 l\u1ee5a, l\u00e0m t\u1eeb s\u1ee3i xenlulo, c\u0169ng \u0111ang \u0111\u01b0\u1ee3c ph\u00e1t tri\u1ec3n, c\u0169ng nh\u01b0 nhi\u1ec1u ch\u1ea5t li\u1ec7u t\u00e1i ch\u1ebf kh\u00e1c nhau \u0111ang \u0111\u01b0\u1ee3c n\u00e2ng c\u1ea5p th\u00e0nh trang ph\u1ee5c n\u0103ng \u0111\u1ed9ng thu\u1ea7n chay ng\u00e0y c\u00e0ng ph\u1ed5 bi\u1ebfn.     <\/p>\n\n<p>Cu\u1ed1i c\u00f9ng nh\u01b0ng kh\u00f4ng k\u00e9m ph\u1ea7n quan tr\u1ecdng, \u0111\u00f3 kh\u00f4ng ch\u1ec9 l\u00e0 qu\u1ea7n \u00e1o, t\u00fai x\u00e1ch v\u00e0 gi\u00e0y d\u00e9p. C\u00e1c ng\u00e0nh c\u00f4ng nghi\u1ec7p phi th\u1ef1c ph\u1ea9m kh\u00e1c c\u0169ng \u0111\u01b0\u1ee3c th\u1eed th\u00e1ch v\u00e0 \u0111\u01b0\u1ee3c truy\u1ec1n c\u1ea3m h\u1ee9ng \u0111\u1ec3 t\u1ea1o ra c\u00e1c s\u1ea3n ph\u1ea9m thu\u1ea7n chay, kh\u00f4ng \u0111\u1ed9c h\u1ea1i (s\u00e1ch, \u0111\u1ed3 trang s\u1ee9c ho\u1eb7c n\u1ebfn). \u0110\u01b0\u1ee3c d\u00e1n nh\u00e3n l\u00e0 thu\u1ea7n chay v\u00e0 \u0103n chay \u0111\u01b0\u1ee3c coi l\u00e0 m\u1ed9t \u0111i\u1ec3m b\u00e1n h\u00e0ng b\u1ed5 sung v\u00e0 l\u00e0 \u0111i\u1ec3m kh\u00e1c bi\u1ec7t. N\u00f3 c\u0169ng gi\u00fap ng\u01b0\u1eddi ti\u00eau d\u00f9ng gi\u1ea3m b\u1edbt ti\u1ebfng \u1ed3n v\u00e0 t\u00ecm th\u1ea5y qu\u1ea7n \u00e1o an to\u00e0n, b\u1ec1n v\u1eefng tr\u00ean c\u00e1c trang th\u01b0\u01a1ng m\u1ea1i \u0111i\u1ec7n t\u1eed ho\u1eb7c trong c\u00e1c c\u1eeda h\u00e0ng b\u00e1n l\u1ebb.   <\/p>\n\n<div class=\"wp-block-buttons is-content-justification-center is-layout-flex wp-container-core-buttons-is-layout-16018d1d wp-block-buttons-is-layout-flex\">\n<div class=\"wp-block-button\"><a class=\"wp-block-button__link wp-element-button\" href=\"https:\/\/www.v-label.com\/vi\/dang-ky-ngay\/\">Nh\u1eadn ch\u1ee9ng nh\u1eadn V-Label<\/a><\/div>\n<\/div>\n","protected":false},"excerpt":{"rendered":"<p>M\u1ed9t ng\u00e0nh c\u00f4ng nghi\u1ec7p \u0111ang b\u00f9ng n\u1ed5 trong nhi\u1ec1u n\u0103m t\u1edbi, th\u1eddi trang thu\u1ea7n chay v\u00e0 th\u1eddi trang nh\u00e2n \u0111\u1ea1o \u0111\u00e3 \u0111\u01b0\u1ee3c coi l\u00e0 s\u00e0nh \u0111i\u1ec7u v\u00e0 sang tr\u1ecdng. Theo Statista.com, th\u1ecb tr\u01b0\u1eddng th\u1eddi trang d\u00e0nh cho ph\u1ee5 n\u1eef thu\u1ea7n chay to\u00e0n c\u1ea7u \u0111\u01b0\u1ee3c \u0111\u1ecbnh gi\u00e1 396,3 t\u1ef7 USD v\u00e0o n\u0103m 2019 v\u00e0 d\u1ef1 ki\u1ebfn [&hellip;]<\/p>\n","protected":false},"author":5,"featured_media":75883,"parent":75797,"menu_order":0,"comment_status":"closed","ping_status":"closed","template":"","meta":{"_acf_changed":false,"_editorskit_title_hidden":false,"_editorskit_reading_time":0,"_editorskit_is_block_options_detached":false,"_editorskit_block_options_position":"{}","inline_featured_image":false,"_uag_custom_page_level_css":"","footnotes":""},"categories":[],"tags":[],"class_list":["post-75881","page","type-page","status-publish","has-post-thumbnail","hentry"],"acf":[],"uagb_featured_image_src":{"full":["https:\/\/www.v-label.com\/wp-content\/uploads\/2022\/12\/v-label-non-food-sectors.jpg",1280,692,false],"thumbnail":["https:\/\/www.v-label.com\/wp-content\/uploads\/2022\/12\/v-label-non-food-sectors-500x270.jpg",500,270,true],"medium":["https:\/\/www.v-label.com\/wp-content\/uploads\/2022\/12\/v-label-non-food-sectors-300x162.jpg",300,162,true],"medium_large":["https:\/\/www.v-label.com\/wp-content\/uploads\/2022\/12\/v-label-non-food-sectors-768x415.jpg",768,415,true],"large":["https:\/\/www.v-label.com\/wp-content\/uploads\/2022\/12\/v-label-non-food-sectors-1024x554.jpg",1024,554,true],"1536x1536":["https:\/\/www.v-label.com\/wp-content\/uploads\/2022\/12\/v-label-non-food-sectors.jpg",1280,692,false],"2048x2048":["https:\/\/www.v-label.com\/wp-content\/uploads\/2022\/12\/v-label-non-food-sectors.jpg",1280,692,false],"preview":["https:\/\/www.v-label.com\/wp-content\/uploads\/2022\/12\/v-label-non-food-sectors-904x692.jpg",904,692,true],"header":["https:\/\/www.v-label.com\/wp-content\/uploads\/2022\/12\/v-label-non-food-sectors.jpg",1280,692,false],"gform-image-choice-sm":["https:\/\/www.v-label.com\/wp-content\/uploads\/2022\/12\/v-label-non-food-sectors.jpg",300,162,false],"gform-image-choice-md":["https:\/\/www.v-label.com\/wp-content\/uploads\/2022\/12\/v-label-non-food-sectors.jpg",400,216,false],"gform-image-choice-lg":["https:\/\/www.v-label.com\/wp-content\/uploads\/2022\/12\/v-label-non-food-sectors.jpg",600,324,false]},"uagb_author_info":{"display_name":"Can Aslan","author_link":"https:\/\/www.v-label.com\/vi"},"uagb_comment_info":0,"uagb_excerpt":"M\u1ed9t ng\u00e0nh c\u00f4ng nghi\u1ec7p \u0111ang b\u00f9ng n\u1ed5 trong nhi\u1ec1u n\u0103m t\u1edbi, th\u1eddi trang thu\u1ea7n chay v\u00e0 th\u1eddi trang nh\u00e2n \u0111\u1ea1o \u0111\u00e3 \u0111\u01b0\u1ee3c coi l\u00e0 s\u00e0nh \u0111i\u1ec7u v\u00e0 sang tr\u1ecdng. Theo Statista.com, th\u1ecb tr\u01b0\u1eddng th\u1eddi trang d\u00e0nh cho ph\u1ee5 n\u1eef thu\u1ea7n chay to\u00e0n c\u1ea7u \u0111\u01b0\u1ee3c \u0111\u1ecbnh gi\u00e1 396,3 t\u1ef7 USD v\u00e0o n\u0103m 2019 v\u00e0 d\u1ef1 ki\u1ebfn&hellip;","_links":{"self":[{"href":"https:\/\/www.v-label.com\/vi\/wp-json\/wp\/v2\/pages\/75881","targetHints":{"allow":["GET"]}}],"collection":[{"href":"https:\/\/www.v-label.com\/vi\/wp-json\/wp\/v2\/pages"}],"about":[{"href":"https:\/\/www.v-label.com\/vi\/wp-json\/wp\/v2\/types\/page"}],"author":[{"embeddable":true,"href":"https:\/\/www.v-label.com\/vi\/wp-json\/wp\/v2\/users\/5"}],"replies":[{"embeddable":true,"href":"https:\/\/www.v-label.com\/vi\/wp-json\/wp\/v2\/comments?post=75881"}],"version-history":[{"count":2,"href":"https:\/\/www.v-label.com\/vi\/wp-json\/wp\/v2\/pages\/75881\/revisions"}],"predecessor-version":[{"id":86275,"href":"https:\/\/www.v-label.com\/vi\/wp-json\/wp\/v2\/pages\/75881\/revisions\/86275"}],"up":[{"embeddable":true,"href":"https:\/\/www.v-label.com\/vi\/wp-json\/wp\/v2\/pages\/75797"}],"wp:featuredmedia":[{"embeddable":true,"href":"https:\/\/www.v-label.com\/vi\/wp-json\/wp\/v2\/media\/75883"}],"wp:attachment":[{"href":"https:\/\/www.v-label.com\/vi\/wp-json\/wp\/v2\/media?parent=75881"}],"wp:term":[{"taxonomy":"category","embeddable":true,"href":"https:\/\/www.v-label.com\/vi\/wp-json\/wp\/v2\/categories?post=75881"},{"taxonomy":"post_tag","embeddable":true,"href":"https:\/\/www.v-label.com\/vi\/wp-json\/wp\/v2\/tags?post=75881"}],"curies":[{"name":"wp","href":"https:\/\/api.w.org\/{rel}","templated":true}]}}