{"id":75885,"date":"2022-05-30T16:15:42","date_gmt":"2022-05-30T14:15:42","guid":{"rendered":"https:\/\/www.v-label.com\/branches\/am-thuc\/"},"modified":"2025-11-20T10:20:08","modified_gmt":"2025-11-20T09:20:08","slug":"am-thuc","status":"publish","type":"page","link":"https:\/\/www.v-label.com\/vi\/branches\/am-thuc\/","title":{"rendered":"\u1ea8m th\u1ef1c"},"content":{"rendered":"\n<p>T\u1eeb qu\u00e1n c\u00e0 ph\u00ea \u0111\u1ebfn nh\u00e0 h\u00e0ng cao c\u1ea5p, qu\u00e1n r\u01b0\u1ee3u nh\u1ecf v\u00e0 c\u1eeda h\u00e0ng b\u1eadt l\u00ean, ng\u00e0nh d\u1ecbch v\u1ee5 \u0103n u\u1ed1ng c\u00f3 quy m\u00f4 g\u1ea7n nh\u01b0 ngang b\u1eb1ng v\u1edbi ng\u00e0nh b\u00e1n l\u1ebb th\u1ef1c ph\u1ea9m. Trong th\u1eadp k\u1ef7 qua, ng\u01b0\u1eddi ti\u00eau d\u00f9ng d\u01b0\u1edbi 40 tu\u1ed5i \u0111\u00e3 t\u0103ng l\u01b0\u1ee3ng rau t\u01b0\u01a1i ti\u00eau th\u1ee5 l\u00ean 52%, theo S\u1ef1 bi\u1ebfn \u0111\u1ed5i to\u00e0n c\u1ea7u v\u1ec1 ti\u00eau th\u1ee5 rau qu\u1ea3, m\u1ed9t nghi\u00ean c\u1ee9u \u0111\u01b0\u1ee3c vi\u1ebft b\u1eb1ng d\u1eef li\u1ec7u t\u1eeb Kh\u1ea3o s\u00e1t s\u1ee9c kh\u1ecfe th\u1ebf gi\u1edbi c\u1ee7a WHO. Ch\u1ec9 ri\u00eang n\u0103m 2021, h\u01a1n <a href=\"\">500.000 ng\u01b0\u1eddi<\/a> \u0111\u00e3 tham gia ch\u1ebf \u0111\u1ed9 \u0103n thu\u1ea7n chay v\u00e0 pizza s\u00fap l\u01a1, b\u00e1nh m\u00ec k\u1eb9p th\u1ecbt chay ho\u1eb7c th\u1ecbt vi\u00ean kh\u00f4ng th\u1ecbt hi\u1ec7n \u0111\u01b0\u1ee3c coi l\u00e0 m\u00f3n \u0103n ch\u1ee7 y\u1ebfu.   Ngo\u00e0i ra, theo The Vegan Society, ng\u00e0nh kh\u00e1ch s\u1ea1n, m\u1ed9t ng\u00e0nh to\u00e0n c\u1ea7u tr\u1ecb gi\u00e1 h\u00e0ng ngh\u00ecn t\u1ef7 \u0111\u00f4 la, \u0111\u00e3 ch\u1ee9ng ki\u1ebfn m\u1ee9c t\u0103ng 123% v\u1ec1 vai tr\u00f2 c\u00f4ng vi\u1ec7c d\u00e0nh ri\u00eang cho ng\u01b0\u1eddi \u0103n chay ch\u1ec9 trong 12 th\u00e1ng qua, cho th\u1ea5y ng\u00e0y c\u00e0ng nhi\u1ec1u doanh nghi\u1ec7p truy\u1ec1n th\u1ed1ng \u0111ang t\u00ecm ki\u1ebfm c\u00e1c b\u1ed9 k\u1ef9 n\u0103ng chuy\u00ean m\u00f4n ngo\u00e0i vi\u1ec7c thay \u0111\u1ed5i c\u00e1c t\u00f9y ch\u1ecdn menu c\u1ee7a h\u1ecd.<\/p>\n\n<p>Nh\u01b0ng m\u1ecdi ng\u01b0\u1eddi kh\u00f4ng ch\u1ec9 \u0103n thu\u1ea7n chay &#8211; h\u1ecd c\u00f2n \u0111i du l\u1ecbch thu\u1ea7n chay. H\u01a1n 500 c\u01a1 s\u1edf l\u01b0u tr\u00fa tr\u00ean to\u00e0n th\u1ebf gi\u1edbi \u0111\u00e1p \u1ee9ng c\u00e1c y\u00eau c\u1ea7u \u0111\u1ec3 tr\u1edf th\u00e0nh  <a href=\"https:\/\/www.veggie-hotels.com\/1-1-Home.html\" target=\"_blank\" rel=\"noopener\">\u201ckh\u00e1ch s\u1ea1n thu\u1ea7n chay\u201d.<\/a> M\u1ed9t kh\u00e1ch s\u1ea1n c\u00f3 \u0111\u1ea1o \u0111\u1ee9c kh\u00f4ng ch\u1ec9 l\u00e0 m\u1ed9t kh\u00e1ch s\u1ea1n bao tr\u1ecdn g\u00f3i d\u1ef1a tr\u00ean th\u1ef1c v\u1eadt: c\u00e1c kh\u00e1ch s\u1ea1n, nh\u00e0 ngh\u1ec9 ho\u1eb7c t\u00e0u du l\u1ecbch \u0111ang thi\u1ebft k\u1ebf nh\u1eefng tr\u1ea3i nghi\u1ec7m thu\u1ea7n chay t\u1eeb th\u1ea3m \u0111\u1ebfn m\u00e1i nh\u00e0, v\u1edbi \u0111\u1ed3 n\u1ed9i th\u1ea5t kh\u00f4ng c\u00f3 da, ch\u1ec9 \u0111\u01b0\u1ee3c l\u00e0m s\u1ea1ch b\u1eb1ng c\u00e1c s\u1ea3n ph\u1ea9m ch\u01b0a th\u1eed nghi\u1ec7m tr\u00ean \u0111\u1ed9ng v\u1eadt.<\/p>\n\n<div class=\"wp-block-buttons is-content-justification-center is-layout-flex wp-container-core-buttons-is-layout-16018d1d wp-block-buttons-is-layout-flex\">\n<div class=\"wp-block-button\"><a class=\"wp-block-button__link wp-element-button\" href=\"https:\/\/www.v-label.com\/vi\/dang-ky-ngay\/\">Nh\u1eadn ch\u1ee9ng nh\u1eadn V-Label<\/a><\/div>\n<\/div>\n","protected":false},"excerpt":{"rendered":"<p>T\u1eeb qu\u00e1n c\u00e0 ph\u00ea \u0111\u1ebfn nh\u00e0 h\u00e0ng cao c\u1ea5p, qu\u00e1n r\u01b0\u1ee3u nh\u1ecf v\u00e0 c\u1eeda h\u00e0ng b\u1eadt l\u00ean, ng\u00e0nh d\u1ecbch v\u1ee5 \u0103n u\u1ed1ng c\u00f3 quy m\u00f4 g\u1ea7n nh\u01b0 ngang b\u1eb1ng v\u1edbi ng\u00e0nh b\u00e1n l\u1ebb th\u1ef1c ph\u1ea9m. Trong th\u1eadp k\u1ef7 qua, ng\u01b0\u1eddi ti\u00eau d\u00f9ng d\u01b0\u1edbi 40 tu\u1ed5i \u0111\u00e3 t\u0103ng l\u01b0\u1ee3ng rau t\u01b0\u01a1i ti\u00eau th\u1ee5 l\u00ean 52%, theo [&hellip;]<\/p>\n","protected":false},"author":5,"featured_media":75887,"parent":75797,"menu_order":0,"comment_status":"closed","ping_status":"closed","template":"","meta":{"_acf_changed":false,"_editorskit_title_hidden":false,"_editorskit_reading_time":0,"_editorskit_is_block_options_detached":false,"_editorskit_block_options_position":"{}","inline_featured_image":false,"_uag_custom_page_level_css":"","footnotes":""},"categories":[],"tags":[],"class_list":["post-75885","page","type-page","status-publish","has-post-thumbnail","hentry"],"acf":[],"uagb_featured_image_src":{"full":["https:\/\/www.v-label.com\/wp-content\/uploads\/2022\/12\/gastronomy-1280.jpg",1280,854,false],"thumbnail":["https:\/\/www.v-label.com\/wp-content\/uploads\/2022\/12\/gastronomy-1280-500x334.jpg",500,334,true],"medium":["https:\/\/www.v-label.com\/wp-content\/uploads\/2022\/12\/gastronomy-1280-300x200.jpg",300,200,true],"medium_large":["https:\/\/www.v-label.com\/wp-content\/uploads\/2022\/12\/gastronomy-1280-768x512.jpg",768,512,true],"large":["https:\/\/www.v-label.com\/wp-content\/uploads\/2022\/12\/gastronomy-1280-1024x683.jpg",1024,683,true],"1536x1536":["https:\/\/www.v-label.com\/wp-content\/uploads\/2022\/12\/gastronomy-1280.jpg",1280,854,false],"2048x2048":["https:\/\/www.v-label.com\/wp-content\/uploads\/2022\/12\/gastronomy-1280.jpg",1280,854,false],"preview":["https:\/\/www.v-label.com\/wp-content\/uploads\/2022\/12\/gastronomy-1280-904x720.jpg",904,720,true],"header":["https:\/\/www.v-label.com\/wp-content\/uploads\/2022\/12\/gastronomy-1280-1280x720.jpg",1280,720,true],"gform-image-choice-sm":["https:\/\/www.v-label.com\/wp-content\/uploads\/2022\/12\/gastronomy-1280.jpg",300,200,false],"gform-image-choice-md":["https:\/\/www.v-label.com\/wp-content\/uploads\/2022\/12\/gastronomy-1280.jpg",400,267,false],"gform-image-choice-lg":["https:\/\/www.v-label.com\/wp-content\/uploads\/2022\/12\/gastronomy-1280.jpg",600,400,false]},"uagb_author_info":{"display_name":"Can Aslan","author_link":"https:\/\/www.v-label.com\/vi"},"uagb_comment_info":0,"uagb_excerpt":"T\u1eeb qu\u00e1n c\u00e0 ph\u00ea \u0111\u1ebfn nh\u00e0 h\u00e0ng cao c\u1ea5p, qu\u00e1n r\u01b0\u1ee3u nh\u1ecf v\u00e0 c\u1eeda h\u00e0ng b\u1eadt l\u00ean, ng\u00e0nh d\u1ecbch v\u1ee5 \u0103n u\u1ed1ng c\u00f3 quy m\u00f4 g\u1ea7n nh\u01b0 ngang b\u1eb1ng v\u1edbi ng\u00e0nh b\u00e1n l\u1ebb th\u1ef1c ph\u1ea9m. Trong th\u1eadp k\u1ef7 qua, ng\u01b0\u1eddi ti\u00eau d\u00f9ng d\u01b0\u1edbi 40 tu\u1ed5i \u0111\u00e3 t\u0103ng l\u01b0\u1ee3ng rau t\u01b0\u01a1i ti\u00eau th\u1ee5 l\u00ean 52%, theo&hellip;","_links":{"self":[{"href":"https:\/\/www.v-label.com\/vi\/wp-json\/wp\/v2\/pages\/75885","targetHints":{"allow":["GET"]}}],"collection":[{"href":"https:\/\/www.v-label.com\/vi\/wp-json\/wp\/v2\/pages"}],"about":[{"href":"https:\/\/www.v-label.com\/vi\/wp-json\/wp\/v2\/types\/page"}],"author":[{"embeddable":true,"href":"https:\/\/www.v-label.com\/vi\/wp-json\/wp\/v2\/users\/5"}],"replies":[{"embeddable":true,"href":"https:\/\/www.v-label.com\/vi\/wp-json\/wp\/v2\/comments?post=75885"}],"version-history":[{"count":2,"href":"https:\/\/www.v-label.com\/vi\/wp-json\/wp\/v2\/pages\/75885\/revisions"}],"predecessor-version":[{"id":86274,"href":"https:\/\/www.v-label.com\/vi\/wp-json\/wp\/v2\/pages\/75885\/revisions\/86274"}],"up":[{"embeddable":true,"href":"https:\/\/www.v-label.com\/vi\/wp-json\/wp\/v2\/pages\/75797"}],"wp:featuredmedia":[{"embeddable":true,"href":"https:\/\/www.v-label.com\/vi\/wp-json\/wp\/v2\/media\/75887"}],"wp:attachment":[{"href":"https:\/\/www.v-label.com\/vi\/wp-json\/wp\/v2\/media?parent=75885"}],"wp:term":[{"taxonomy":"category","embeddable":true,"href":"https:\/\/www.v-label.com\/vi\/wp-json\/wp\/v2\/categories?post=75885"},{"taxonomy":"post_tag","embeddable":true,"href":"https:\/\/www.v-label.com\/vi\/wp-json\/wp\/v2\/tags?post=75885"}],"curies":[{"name":"wp","href":"https:\/\/api.w.org\/{rel}","templated":true}]}}