{"id":75946,"date":"2022-09-18T19:26:22","date_gmt":"2022-09-18T17:26:22","guid":{"rendered":"https:\/\/www.v-label.com\/ve-chung-toi\/lich-su-cua-v-label\/"},"modified":"2026-01-27T18:18:10","modified_gmt":"2026-01-27T17:18:10","slug":"lich-su-cua-v-label","status":"publish","type":"page","link":"https:\/\/www.v-label.com\/vi\/ve-chung-toi\/lich-su-cua-v-label\/","title":{"rendered":"L\u1ecbch s\u1eed c\u1ee7a V-Label"},"content":{"rendered":"\n<h3 class=\"wp-block-heading has-text-align-left\">Ng\u00e0y nay, V-Label d\u00e0nh cho c\u00e1c s\u1ea3n ph\u1ea9m v\u00e0 d\u1ecbch v\u1ee5 chay v\u00e0 thu\u1ea7n chay l\u00e0 nh\u00e3n hi\u1ec7u n\u1ed5i ti\u1ebfng nh\u1ea5t trong l\u0129nh v\u1ef1c b\u1ea3o h\u1ed9. Vi\u1ec7c n\u00e0y x\u1ea3y ra nh\u01b0 th\u1ebf n\u00e0o? <\/h3>\n\n<div class=\"wp-block-uagb-content-timeline uagb-timeline__outer-wrap uagb-block-b96a1dfc-b6e3-49eb-9e14-5b3cf37c2af1 uagb-timeline__content-wrap uagb-timeline__center-block  uagb-timeline__arrow-center uagb-timeline\">\n<article class=\"wp-block-uagb-content-timeline-child uagb-timeline__field uagb-timeline-child-9294f32e-7128-4208-aadc-7baf4180977e uagb-timeline__right\"><div class=\"uagb-timeline__marker out-view-uagb-timeline__icon\"><svg xmlns=\"https:\/\/www.w3.org\/2000\/svg\" viewbox=\"0 0 512 512\"><path d=\"M512 165.4c0 127.9-70.05 235.3-175.3 270.1c-20.04 7.938-41.83 12.46-64.69 12.46c-64.9 0-125.2-36.51-155.7-94.47c-54.13 49.93-68.71 107-68.96 108.1C44.72 472.6 34.87 480 24.02 480c-1.844 0-3.727-.2187-5.602-.6562c-12.89-3.098-20.84-16.08-17.75-28.96c9.598-39.5 90.47-226.4 335.3-226.4C344.8 224 352 216.8 352 208S344.8 192 336 192C228.6 192 151 226.6 96.29 267.6c.1934-10.82 1.242-21.84 3.535-33.05c13.47-65.81 66.04-119 131.4-134.2c28.33-6.562 55.68-6.013 80.93-.0054c56 13.32 118.2-7.412 149.3-61.24c5.664-9.828 20.02-9.516 24.66 .8282C502.7 76.76 512 121.9 512 165.4z\"><\/path><\/svg><\/div><div class=\"uagb-timeline__day-new uagb-timeline__day-right uagb-timeline__events-inner-new\"><div class=\"uagb-timeline__events-inner--content\"><div class=\"uagb-timeline__date-hide uagb-timeline__inner-date-new\">1976<\/div><p class=\"uagb-timeline__heading\"><\/p><p class=\"uagb-timeline-desc-content\">\u201cV\u201d ra \u0111\u1eddi. K\u1ec3 t\u1eeb \u0111\u00f3, \u201cV\u201d \u0111\u00e3 \u0111\u01b0\u1ee3c AVI, Hi\u1ec7p h\u1ed9i \u0102n chay \u00dd, s\u1eed d\u1ee5ng t\u1ea1i \u00dd. <\/p><div class=\"uagb-timeline__arrow\"><\/div><\/div><\/div><div class=\"uagb-timeline__date-new\">1976<\/div><\/article>\n\n\n\n<article class=\"wp-block-uagb-content-timeline-child uagb-timeline__field uagb-timeline-child-b6d30a2a-a11b-4a68-a847-019d6cb4f61d uagb-timeline__left\"><div class=\"uagb-timeline__marker out-view-uagb-timeline__icon\"><svg xmlns=\"https:\/\/www.w3.org\/2000\/svg\" viewbox=\"0 0 512 512\"><path d=\"M512 165.4c0 127.9-70.05 235.3-175.3 270.1c-20.04 7.938-41.83 12.46-64.69 12.46c-64.9 0-125.2-36.51-155.7-94.47c-54.13 49.93-68.71 107-68.96 108.1C44.72 472.6 34.87 480 24.02 480c-1.844 0-3.727-.2187-5.602-.6562c-12.89-3.098-20.84-16.08-17.75-28.96c9.598-39.5 90.47-226.4 335.3-226.4C344.8 224 352 216.8 352 208S344.8 192 336 192C228.6 192 151 226.6 96.29 267.6c.1934-10.82 1.242-21.84 3.535-33.05c13.47-65.81 66.04-119 131.4-134.2c28.33-6.562 55.68-6.013 80.93-.0054c56 13.32 118.2-7.412 149.3-61.24c5.664-9.828 20.02-9.516 24.66 .8282C502.7 76.76 512 121.9 512 165.4z\"><\/path><\/svg><\/div><div class=\"uagb-timeline__day-new uagb-timeline__day-left uagb-timeline__events-inner-new\"><div class=\"uagb-timeline__events-inner--content\"><div class=\"uagb-timeline__date-hide uagb-timeline__inner-date-new\">1985<\/div><p class=\"uagb-timeline__heading\"><\/p><p class=\"uagb-timeline-desc-content\">V-Label (\u0111\u01b0\u1ee3c g\u1ecdi l\u00e0 \u201cchi\u1ebfc l\u00e1\u201d) \u0111\u00e3 \u0111\u01b0\u1ee3c qu\u1ea3ng b\u00e1 nh\u01b0 m\u1ed9t bi\u1ec3u t\u01b0\u1ee3ng th\u1ec3 ch\u1ebf qu\u1ed1c t\u1ebf cho c\u00e1c x\u00e3 h\u1ed9i \u0103n chay v\u00e0 thu\u1ea7n chay t\u1ea1i \u0110\u1ea1i h\u1ed9i \u0102n chay Ch\u00e2u \u00c2u \u0111\u1ea7u ti\u00ean, \u0111\u01b0\u1ee3c t\u1ed5 ch\u1ee9c t\u1ea1i \u00dd, v\u00e0 k\u1ec3 t\u1eeb \u0111\u00f3 \u0111\u01b0\u1ee3c s\u1eed d\u1ee5ng trong Logo c\u1ee7a EVU.<\/p><div class=\"uagb-timeline__arrow\"><\/div><\/div><\/div><div class=\"uagb-timeline__date-new\">1985<\/div><\/article>\n\n\n\n<article class=\"wp-block-uagb-content-timeline-child uagb-timeline__field uagb-timeline-child-67c132a4-ccc7-446a-ab98-8fec8a704a30 uagb-timeline__right\"><div class=\"uagb-timeline__marker out-view-uagb-timeline__icon\"><svg xmlns=\"https:\/\/www.w3.org\/2000\/svg\" viewbox=\"0 0 512 512\"><path d=\"M512 165.4c0 127.9-70.05 235.3-175.3 270.1c-20.04 7.938-41.83 12.46-64.69 12.46c-64.9 0-125.2-36.51-155.7-94.47c-54.13 49.93-68.71 107-68.96 108.1C44.72 472.6 34.87 480 24.02 480c-1.844 0-3.727-.2187-5.602-.6562c-12.89-3.098-20.84-16.08-17.75-28.96c9.598-39.5 90.47-226.4 335.3-226.4C344.8 224 352 216.8 352 208S344.8 192 336 192C228.6 192 151 226.6 96.29 267.6c.1934-10.82 1.242-21.84 3.535-33.05c13.47-65.81 66.04-119 131.4-134.2c28.33-6.562 55.68-6.013 80.93-.0054c56 13.32 118.2-7.412 149.3-61.24c5.664-9.828 20.02-9.516 24.66 .8282C502.7 76.76 512 121.9 512 165.4z\"><\/path><\/svg><\/div><div class=\"uagb-timeline__day-new uagb-timeline__day-right uagb-timeline__events-inner-new\"><div class=\"uagb-timeline__events-inner--content\"><div class=\"uagb-timeline__date-hide uagb-timeline__inner-date-new\">1996<\/div><p class=\"uagb-timeline__heading\"><\/p><p class=\"uagb-timeline-desc-content\">V-Label ng\u00e0y nay c\u00f3 ngu\u1ed3n g\u1ed1c t\u1eeb ch\u1eef V (l\u00e1) v\u00e0 l\u1ea7n \u0111\u1ea7u ti\u00ean \u0111\u01b0\u1ee3c s\u1eed d\u1ee5ng \u1edf Th\u1ee5y S\u0129 \u0111\u1ec3 ch\u1ee9ng nh\u1eadn c\u00e1c s\u1ea3n ph\u1ea9m v\u00e0 d\u1ecbch v\u1ee5 c\u1ee7a Swissveg.<\/p><div class=\"uagb-timeline__arrow\"><\/div><\/div><\/div><div class=\"uagb-timeline__date-new\">1996<\/div><\/article>\n\n\n\n<article class=\"wp-block-uagb-content-timeline-child uagb-timeline__field uagb-timeline-child-80b2bf35-1676-4f1d-a011-a5a17a65a33a uagb-timeline__left\"><div class=\"uagb-timeline__marker out-view-uagb-timeline__icon\"><svg xmlns=\"https:\/\/www.w3.org\/2000\/svg\" viewbox=\"0 0 512 512\"><path d=\"M512 165.4c0 127.9-70.05 235.3-175.3 270.1c-20.04 7.938-41.83 12.46-64.69 12.46c-64.9 0-125.2-36.51-155.7-94.47c-54.13 49.93-68.71 107-68.96 108.1C44.72 472.6 34.87 480 24.02 480c-1.844 0-3.727-.2187-5.602-.6562c-12.89-3.098-20.84-16.08-17.75-28.96c9.598-39.5 90.47-226.4 335.3-226.4C344.8 224 352 216.8 352 208S344.8 192 336 192C228.6 192 151 226.6 96.29 267.6c.1934-10.82 1.242-21.84 3.535-33.05c13.47-65.81 66.04-119 131.4-134.2c28.33-6.562 55.68-6.013 80.93-.0054c56 13.32 118.2-7.412 149.3-61.24c5.664-9.828 20.02-9.516 24.66 .8282C502.7 76.76 512 121.9 512 165.4z\"><\/path><\/svg><\/div><div class=\"uagb-timeline__day-new uagb-timeline__day-left uagb-timeline__events-inner-new\"><div class=\"uagb-timeline__events-inner--content\"><div class=\"uagb-timeline__date-hide uagb-timeline__inner-date-new\">1999<\/div><p class=\"uagb-timeline__heading\"><\/p><p class=\"uagb-timeline-desc-content\">V-Label \u0111\u00e3 \u0111\u01b0\u1ee3c gi\u1edbi thi\u1ec7u t\u1ea1i H\u1ed9i ngh\u1ecb EVU, \u0111\u01b0\u1ee3c t\u1ed5 ch\u1ee9c t\u1ea1i Th\u1ee5y S\u0129, \u0111\u1ec3 b\u1eaft \u0111\u1ea7u h\u1ee3p t\u00e1c ch\u00e2u \u00c2u.<\/p><div class=\"uagb-timeline__arrow\"><\/div><\/div><\/div><div class=\"uagb-timeline__date-new\">1999<\/div><\/article>\n\n\n\n<article class=\"wp-block-uagb-content-timeline-child uagb-timeline__field uagb-timeline-child-9f284d61-a4a9-4181-a753-33206d95e0f0 uagb-timeline__right\"><div class=\"uagb-timeline__marker out-view-uagb-timeline__icon\"><svg xmlns=\"https:\/\/www.w3.org\/2000\/svg\" viewbox=\"0 0 512 512\"><path d=\"M512 165.4c0 127.9-70.05 235.3-175.3 270.1c-20.04 7.938-41.83 12.46-64.69 12.46c-64.9 0-125.2-36.51-155.7-94.47c-54.13 49.93-68.71 107-68.96 108.1C44.72 472.6 34.87 480 24.02 480c-1.844 0-3.727-.2187-5.602-.6562c-12.89-3.098-20.84-16.08-17.75-28.96c9.598-39.5 90.47-226.4 335.3-226.4C344.8 224 352 216.8 352 208S344.8 192 336 192C228.6 192 151 226.6 96.29 267.6c.1934-10.82 1.242-21.84 3.535-33.05c13.47-65.81 66.04-119 131.4-134.2c28.33-6.562 55.68-6.013 80.93-.0054c56 13.32 118.2-7.412 149.3-61.24c5.664-9.828 20.02-9.516 24.66 .8282C502.7 76.76 512 121.9 512 165.4z\"><\/path><\/svg><\/div><div class=\"uagb-timeline__day-new uagb-timeline__day-right uagb-timeline__events-inner-new\"><div class=\"uagb-timeline__events-inner--content\"><div class=\"uagb-timeline__date-hide uagb-timeline__inner-date-new\">2019<\/div><p class=\"uagb-timeline__heading\"><\/p><p class=\"uagb-timeline-desc-content\">M\u1ea1ng l\u01b0\u1edbi \u0111\u00e3 tr\u1edf n\u00ean to\u00e0n c\u1ea7u nh\u1edd s\u1ef1 h\u1ee3p t\u00e1c c\u1ee7a V-Label GmbH v\u00e0 V-Label Italia.<\/p><div class=\"uagb-timeline__arrow\"><\/div><\/div><\/div><div class=\"uagb-timeline__date-new\">2019<\/div><\/article>\n<div class=\"uagb-timeline__line\"><div class=\"uagb-timeline__line__inner\"><\/div><\/div><\/div>\n\n<h2 class=\"wp-block-heading has-text-align-center\">S\u1ef1 ra \u0111\u1eddi c\u1ee7a bi\u1ec3u t\u01b0\u1ee3ng ch\u1eef V<\/h2>\n\n<p>Ngay t\u1eeb nh\u1eefng n\u0103m 1970, \u00fd t\u01b0\u1edfng ch\u1eef V v\u1edbi chi\u1ebfc l\u00e1 \u1edf g\u00f3c tr\u00ean b\u00ean ph\u1ea3i ng\u00e0y nay \u0111\u00e3 b\u1eaft \u0111\u1ea7u \u0111\u01b0\u1ee3c d\u00f9ng l\u00e0m bi\u1ec3u t\u01b0\u1ee3ng cho l\u1ed1i s\u1ed1ng \u0103n chay. Ch\u1eef \u201cV\u201d l\u1ea7n \u0111\u1ea7u ti\u00ean \u0111\u01b0\u1ee3c s\u1eed d\u1ee5ng \u1edf \u00dd t\u1eeb AVI l\u00e0m bi\u1ec3u t\u01b0\u1ee3ng c\u1ee7a t\u1ed5 ch\u1ee9c c\u1ee7a h\u1ecd. N\u00f3 \u0111\u01b0\u1ee3c qu\u1ed1c t\u1ebf bi\u1ebft \u0111\u1ebfn ch\u1ee7 y\u1ebfu th\u00f4ng qua vi\u1ec7c tr\u00ecnh b\u00e0y t\u1ea1i \u0110\u1ea1i h\u1ed9i \u0102n chay Ch\u00e2u \u00c2u l\u1ea7n \u0111\u1ea7u ti\u00ean v\u00e0o n\u0103m 1985. C\u00f9ng n\u0103m \u0111\u00f3, Li\u00ean minh \u0102n chay Ch\u00e2u \u00c2u (EVU) \u0111\u01b0\u1ee3c th\u00e0nh l\u1eadp v\u00e0 t\u1eeb \u0111\u00f3 ch\u1eef V tr\u1edf th\u00e0nh m\u1ed9t ph\u1ea7n kh\u00f4ng th\u1ec3 thi\u1ebfu trong logo c\u1ee7a t\u1ed5 ch\u1ee9c. Ng\u00e0y nay, ng\u00e0y c\u00e0ng nhi\u1ec1u t\u1ed5 ch\u1ee9c tr\u00ean kh\u1eafp th\u1ebf gi\u1edbi s\u1eed d\u1ee5ng n\u00f3 nh\u01b0 m\u1ed9t ph\u1ea7n bi\u1ec3u t\u01b0\u1ee3ng c\u1ee7a h\u1ecd, thi\u1ebft l\u1eadp v\u1eefng ch\u1eafc n\u00f3 trong b\u1ed1i c\u1ea3nh \u0103n chay v\u00e0 thu\u1ea7n chay.    <\/p>\n\n<h2 class=\"wp-block-heading has-text-align-center\">Ch\u1ee9ng nh\u1eadn \u0111\u1ea7u ti\u00ean<\/h2>\n\n<p>N\u0103m 1996, <a href=\"http:\/\/www.swissveg.ch\" target=\"_blank\" data-type=\"URL\" data-id=\"www.swissveg.ch\" rel=\"noreferrer noopener\">Swissveg<\/a> ng\u00e0y nay (l\u00fac \u0111\u00f3 v\u1eabn c\u00f3 t\u00ean Schweizerische Vereinigung f\u00fcr Vegetarismus SVV) \u0111\u00e3 th\u1ef1c hi\u1ec7n b\u01b0\u1edbc \u0111\u1ea7u ti\u00ean s\u1eed d\u1ee5ng ch\u1eef V \u0111\u1ec3 khai b\u00e1o s\u1ea3n ph\u1ea9m. V\u00e0o n\u0103m sau, d\u00f2ng s\u1ea3n ph\u1ea9m thay th\u1ebf th\u1ecbt \u0111\u1ea7u ti\u00ean mang nh\u00e3n V-Label \u0111\u00e3 c\u00f3 m\u1eb7t tr\u00ean th\u1ecb tr\u01b0\u1eddng Th\u1ee5y S\u0129. L\u00e0 th\u01b0\u01a1ng hi\u1ec7u n\u1ed9i b\u1ed9 c\u1ee7a Migros, nh\u00e0 b\u00e1n l\u1ebb l\u1edbn nh\u1ea5t Th\u1ee5y S\u0129, d\u00f2ng s\u1ea3n ph\u1ea9m Cornatur \u0111\u00e3 th\u00e0nh c\u00f4ng r\u1ef1c r\u1ee1 v\u1edbi s\u1ef1 h\u1ed7 tr\u1ee3 c\u1ee7a Swissveg. <\/p>\n\n<h2 class=\"wp-block-heading has-text-align-center\">Qu\u1ed1c t\u1ebf h\u00f3a<\/h2>\n\n<p>V\u1edbi t\u01b0 c\u00e1ch l\u00e0 Ch\u1ee7 t\u1ecbch c\u1ee7a c\u1ea3 Swissveg v\u00e0 EVU, \u0111\u1ed3ng th\u1eddi l\u00e0 ng\u01b0\u1eddi kh\u1edfi x\u01b0\u1edbng V-Label, Renato Pichler \u0111\u00e3 tr\u00ecnh b\u00e0y d\u1ef1 \u00e1n t\u1ea1i \u0110\u1ea1i h\u1ed9i \u0102n chay Ch\u00e2u \u00c2u \u1edf Th\u1ee5y S\u0129 v\u00e0o n\u0103m 1999. T\u1ea5t c\u1ea3 c\u00e1c t\u1ed5 ch\u1ee9c \u0111\u1ec1u \u0111\u01b0\u1ee3c m\u1eddi gi\u1edbi thi\u1ec7u d\u1ef1 \u00e1n chung v\u00e0o qu\u1ed1c gia c\u1ee7a h\u1ecd. K\u1ec3 t\u1eeb \u0111\u00f3, ng\u00e0y c\u00e0ng c\u00f3 nhi\u1ec1u t\u1ed5 ch\u1ee9c ch\u1ee9ng nh\u1eadn qu\u1ed1c gia tr\u00ean kh\u1eafp Ch\u00e2u \u00c2u. H\u1ea7u nh\u01b0 t\u1ea5t c\u1ea3 c\u00e1c t\u1ed5 ch\u1ee9c n\u00e0y hi\u1ec7n \u0111\u00e3 tham gia d\u1ef1 \u00e1n V-Label.   <\/p>\n\n<p>\u0110\u1ec3 nh\u1ea5n m\u1ea1nh t\u00ednh ch\u1ea5t \u0111\u1ed9c l\u1eadp c\u1ee7a V-Label, gi\u1ea3m thi\u1ec3u r\u1ee7i ro kinh t\u1ebf v\u00e0 gi\u00fap d\u1ef1 \u00e1n b\u1ec1n v\u1eefng v\u1ec1 l\u00e2u d\u00e0i, k\u1ec3 t\u1eeb n\u0103m 2008, quy\u1ec1n nh\u00e3n hi\u1ec7u \u0111\u00e3 \u0111\u01b0\u1ee3c qu\u1ea3n l\u00fd b\u1edfi V-Label GmbH \u1edf Th\u1ee5y S\u0129, \u0111\u01b0\u1ee3c th\u00e0nh l\u1eadp \u0111\u1eb7c bi\u1ec7t cho m\u1ee5c \u0111\u00edch n\u00e0y. m\u1ee5c \u0111\u00edch. \u0110i\u1ec1u n\u00e0y c\u0169ng c\u1ea7n thi\u1ebft \u0111\u1ec3 c\u00e1c t\u1ed5 ch\u1ee9c phi l\u1ee3i nhu\u1eadn c\u00f3 th\u1ec3 tham gia d\u1ef1 \u00e1n t\u1ed1t h\u01a1n (\u1edf nhi\u1ec1u qu\u1ed1c gia, c\u00e1c quy \u0111\u1ecbnh ph\u00e1p l\u00fd v\u00e0\/ho\u1eb7c thu\u1ebf c\u1ea5m c\u00e1c t\u1ed5 ch\u1ee9c phi l\u1ee3i nhu\u1eadn qu\u1ea3n l\u00fd con d\u1ea5u ch\u1ea5t l\u01b0\u1ee3ng). Do \u0111\u00f3, l\u0129nh v\u1ef1c b\u1ea3o h\u1ed9 nh\u00e3n hi\u1ec7u qu\u1ed1c t\u1ebf r\u1ea5t ph\u1ee9c t\u1ea1p (v\u00e0 t\u1ed1n k\u00e9m) c\u00f3 th\u1ec3 \u0111\u01b0\u1ee3c thu\u00ea ngo\u00e0i.  <\/p>\n\n<p>V\u00e0 k\u1ec3 t\u1eeb n\u0103m 2019, ch\u00fang t\u00f4i \u0111\u00e3 h\u1ee3p t\u00e1c v\u1edbi V-Label Italia.<\/p>\n\n<h2 class=\"wp-block-heading has-text-align-center\">T\u00ecnh h\u00ecnh hi\u1ec7n t\u1ea1i<\/h2>\n\n<p>Nh\u00e3n hi\u1ec7u V-Label kh\u00f4ng ng\u1eebng ph\u00e1t tri\u1ec3n. M\u1ecdi quy\u1ebft \u0111\u1ecbnh \u0111\u1ec1u \u0111\u01b0\u1ee3c \u0111\u01b0a ra v\u1edbi s\u1ef1 h\u1ee3p t\u00e1c c\u1ee7a c\u00e1c t\u1ed5 ch\u1ee9c \u0103n chay v\u00e0 thu\u1ea7n chay tham gia (v\u00ed d\u1ee5: Swissveg, ProVeg International, Vegan Society Austria, \u2026). V\u00ec h\u1ea7u h\u1ebft c\u00f4ng vi\u1ec7c ch\u1ee9ng nh\u1eadn \u0111\u1ec1u di\u1ec5n ra t\u1ea1i \u0111\u1ecba ph\u01b0\u01a1ng \u1edf t\u1eebng qu\u1ed1c gia n\u00ean ph\u1ea7n l\u1edbn thu nh\u1eadp v\u1eabn l\u00e0 \u0111\u1ecba ph\u01b0\u01a1ng (th\u01b0\u1eddng l\u00e0 kho\u1ea3ng 90%). B\u1eb1ng c\u00e1ch n\u00e0y, c\u00f4ng vi\u1ec7c ki\u1ec3m tra c\u00f3 th\u1ec3 \u0111\u01b0\u1ee3c th\u1ef1c hi\u1ec7n m\u1ed9t c\u00e1ch chuy\u00ean nghi\u1ec7p v\u00e0 \u0111\u01b0\u1ee3c c\u00e1c t\u1ed5 ch\u1ee9c \u0111\u1ecba ph\u01b0\u01a1ng h\u1ed7 tr\u1ee3. M\u1ed9t ph\u1ea7n nh\u1ecf doanh thu \u0111\u01b0\u1ee3c chuy\u1ec3n \u0111\u1ebfn V-Label GmbH \u1edf Winterthur \u0111\u1ec3 duy tr\u00ec vi\u1ec7c b\u1ea3o v\u1ec7 th\u01b0\u01a1ng hi\u1ec7u v\u00e0 m\u1edf r\u1ed9ng ph\u1ea1m vi n\u00e0y sang c\u00e1c qu\u1ed1c gia v\u00e0 danh m\u1ee5c s\u1ea3n ph\u1ea9m kh\u00e1c. Ngo\u00e0i ra, doanh thu t\u1eeb V-Label t\u00e0i tr\u1ee3 cho qu\u1ea3ng c\u00e1o qu\u1ed1c t\u1ebf v\u00e0 ho\u1ea1t \u0111\u1ed9ng c\u1ee7a trang web v\u00e0 c\u01a1 s\u1edf d\u1eef li\u1ec7u qu\u1ed1c t\u1ebf, c\u0169ng nh\u01b0 s\u1ef1 ph\u1ed1i h\u1ee3p c\u1ea7n thi\u1ebft \u0111\u1ec3 \u0111\u1ea3m b\u1ea3o r\u1eb1ng vi\u1ec7c ki\u1ec3m so\u00e1t ch\u1ea5t l\u01b0\u1ee3ng \u0111\u1ec1u nghi\u00eam ng\u1eb7t nh\u01b0 nhau \u1edf t\u1ea5t c\u1ea3 c\u00e1c qu\u1ed1c gia. H\u1ee3p \u0111\u1ed3ng v\u1edbi EVU \u0111\u1ea3m b\u1ea3o r\u1eb1ng m\u1ea1ng l\u01b0\u1edbi v\u00e0 quan h\u1ec7 c\u00f4ng ch\u00fang qu\u1ed1c t\u1ebf c\u1ee7a t\u1ed5 ch\u1ee9c c\u0169ng \u0111\u01b0\u1ee3c h\u01b0\u1edfng l\u1ee3i t\u1eeb V-Label.      <\/p>\n\n<h2 class=\"wp-block-heading has-text-align-center\">T\u01b0\u01a1ng lai c\u1ee7a V-Label<\/h2>\n\n<p>\u1ede Ch\u00e2u \u00c2u, V-Label ch\u1ee7 y\u1ebfu ho\u1ea1t \u0111\u1ed9ng trong l\u0129nh v\u1ef1c th\u1ef1c ph\u1ea9m. Theo kh\u1ea3o s\u00e1t t\u1eeb Th\u1ee5y S\u0129 v\u00e0 \u0110\u1ee9c, \u0111\u00e2y l\u00e0 nh\u00e3n hi\u1ec7u n\u1ed5i ti\u1ebfng nh\u1ea5t trong l\u0129nh v\u1ef1c n\u00e0y trong nhi\u1ec1u n\u0103m. V-Label hi\u1ec7n c\u0169ng \u0111ang \u0111\u01b0\u1ee3c gi\u1edbi thi\u1ec7u trong l\u0129nh v\u1ef1c \u1ea9m th\u1ef1c v\u00e0 m\u1ef9 ph\u1ea9m, ch\u1ea5t t\u1ea9y r\u1eeda v\u00e0 c\u00e1c s\u1ea3n ph\u1ea9m phi th\u1ef1c ph\u1ea9m kh\u00e1c s\u1ebd theo sau.   <\/p>\n\n<p>\u0110\u1ed3ng th\u1eddi, nh\u00e3n hi\u1ec7u n\u00e0y c\u0169ng \u0111ang m\u1edf r\u1ed9ng ra ngo\u00e0i Ch\u00e2u \u00c2u, v\u1edbi nhu c\u1ea7u v\u1ec1 b\u1ea3o h\u1ed9 nh\u00e3n hi\u1ec7u \u0111\u1eb7c bi\u1ec7t cao \u1edf Ch\u00e2u M\u1ef9 Latinh v\u00e0 Ch\u00e2u \u00c1.<\/p>\n\n<h2 class=\"wp-block-heading has-text-align-center\">T\u00ecnh hu\u1ed1ng \u0111\u00f4i b\u00ean c\u00f9ng c\u00f3 l\u1ee3i<\/h2>\n\n<p>V-Label th\u00fac \u0111\u1ea9y c\u00e1c t\u1ed5 ch\u1ee9c \u0111\u1ecbnh h\u01b0\u1edbng thu\u1ea7n chay t\u1ea1i \u0111\u1ecba ph\u01b0\u01a1ng, c\u00e1c nh\u00e0 s\u1ea3n xu\u1ea5t s\u00e1ng t\u1ea1o c\u0169ng nh\u01b0 phong tr\u00e0o ch\u00e2u \u00c2u v\u00e0 qu\u1ed1c t\u1ebf h\u01b0\u1edbng t\u1edbi l\u1ed1i s\u1ed1ng d\u1ef1a v\u00e0o th\u1ef1c v\u1eadt, \u0111\u1ed3ng th\u1eddi c\u1ea3i thi\u1ec7n cu\u1ed9c s\u1ed1ng c\u1ee7a t\u1ea5t c\u1ea3 nh\u1eefng ng\u01b0\u1eddi \u0103n chay v\u00e0 thu\u1ea7n chay th\u00f4ng qua quy tr\u00ecnh ch\u1ee9ng nh\u1eadn minh b\u1ea1ch v\u00e0 \u0111\u01b0\u1ee3c ki\u1ec3m so\u00e1t. \u0110i\u1ec1u n\u00e0y c\u0169ng th\u00fac \u0111\u1ea9y h\u1ee3p t\u00e1c qu\u1ed1c t\u1ebf gi\u1eefa c\u00e1c t\u1ed5 ch\u1ee9c. Nh\u01b0 v\u1eady, V-Label l\u00e0 m\u1ed9t trong nh\u1eefng d\u1ef1 \u00e1n c\u00f3 gi\u00e1 tr\u1ecb v\u00e0 th\u00e0nh c\u00f4ng nh\u1ea5t c\u1ee7a phong tr\u00e0o \u0103n chay\/thu\u1ea7n chay tr\u00ean to\u00e0n th\u1ebf gi\u1edbi.  <\/p>\n\n<p>Theo m\u1ed9t s\u1ed1 cu\u1ed9c kh\u1ea3o s\u00e1t \u0111\u01b0\u1ee3c th\u1ef1c hi\u1ec7n trong nh\u1eefng n\u0103m g\u1ea7n \u0111\u00e2y \u1edf Trung \u00c2u, V-Label hi\u1ec7n l\u00e0 nh\u00e3n hi\u1ec7u n\u1ed5i ti\u1ebfng nh\u1ea5t cho c\u00e1c s\u1ea3n ph\u1ea9m chay v\u00e0 thu\u1ea7n chay. \u1ede Th\u1ee5y S\u0129, 97% ng\u01b0\u1eddi \u0103n chay v\u00e0 50% d\u00e2n s\u1ed1 n\u00f3i chung nh\u1eadn ra nh\u00e3n hi\u1ec7u V-Label (\u0111\u1ec3 so s\u00e1nh: hoa thu\u1ea7n chay ch\u1ec9 \u0111\u01b0\u1ee3c 15% d\u00e2n s\u1ed1 c\u00f4ng nh\u1eadn). <\/p>\n","protected":false},"excerpt":{"rendered":"<p>Ng\u00e0y nay, V-Label d\u00e0nh cho c\u00e1c s\u1ea3n ph\u1ea9m v\u00e0 d\u1ecbch v\u1ee5 chay v\u00e0 thu\u1ea7n chay l\u00e0 nh\u00e3n hi\u1ec7u n\u1ed5i ti\u1ebfng nh\u1ea5t trong l\u0129nh v\u1ef1c b\u1ea3o h\u1ed9. Vi\u1ec7c n\u00e0y x\u1ea3y ra nh\u01b0 th\u1ebf n\u00e0o? S\u1ef1 ra \u0111\u1eddi c\u1ee7a bi\u1ec3u t\u01b0\u1ee3ng ch\u1eef V Ngay t\u1eeb nh\u1eefng n\u0103m 1970, \u00fd t\u01b0\u1edfng ch\u1eef V v\u1edbi chi\u1ebfc l\u00e1 \u1edf g\u00f3c [&hellip;]<\/p>\n","protected":false},"author":5,"featured_media":75947,"parent":73482,"menu_order":0,"comment_status":"closed","ping_status":"closed","template":"","meta":{"_acf_changed":false,"_editorskit_title_hidden":false,"_editorskit_reading_time":0,"_editorskit_is_block_options_detached":false,"_editorskit_block_options_position":"{}","inline_featured_image":false,"_uag_custom_page_level_css":"","footnotes":""},"categories":[],"tags":[],"class_list":["post-75946","page","type-page","status-publish","has-post-thumbnail","hentry"],"acf":[],"uagb_featured_image_src":{"full":["https:\/\/www.v-label.com\/wp-content\/uploads\/2022\/09\/shutterstock-554080540-2000x600-1.jpeg",2000,600,false],"thumbnail":["https:\/\/www.v-label.com\/wp-content\/uploads\/2022\/09\/shutterstock-554080540-2000x600-1-500x150.jpeg",500,150,true],"medium":["https:\/\/www.v-label.com\/wp-content\/uploads\/2022\/09\/shutterstock-554080540-2000x600-1-300x90.jpeg",300,90,true],"medium_large":["https:\/\/www.v-label.com\/wp-content\/uploads\/2022\/09\/shutterstock-554080540-2000x600-1-768x230.jpeg",768,230,true],"large":["https:\/\/www.v-label.com\/wp-content\/uploads\/2022\/09\/shutterstock-554080540-2000x600-1-1024x307.jpeg",1024,307,true],"1536x1536":["https:\/\/www.v-label.com\/wp-content\/uploads\/2022\/09\/shutterstock-554080540-2000x600-1-1536x461.jpeg",1536,461,true],"2048x2048":["https:\/\/www.v-label.com\/wp-content\/uploads\/2022\/09\/shutterstock-554080540-2000x600-1.jpeg",2000,600,false],"preview":["https:\/\/www.v-label.com\/wp-content\/uploads\/2022\/09\/shutterstock-554080540-2000x600-1-904x600.jpeg",904,600,true],"header":["https:\/\/www.v-label.com\/wp-content\/uploads\/2022\/09\/shutterstock-554080540-2000x600-1-2000x720.jpeg",2000,720,true],"gform-image-choice-sm":["https:\/\/www.v-label.com\/wp-content\/uploads\/2022\/09\/shutterstock-554080540-2000x600-1.jpeg",300,90,false],"gform-image-choice-md":["https:\/\/www.v-label.com\/wp-content\/uploads\/2022\/09\/shutterstock-554080540-2000x600-1.jpeg",400,120,false],"gform-image-choice-lg":["https:\/\/www.v-label.com\/wp-content\/uploads\/2022\/09\/shutterstock-554080540-2000x600-1.jpeg",600,180,false]},"uagb_author_info":{"display_name":"Can Aslan","author_link":"https:\/\/www.v-label.com\/vi"},"uagb_comment_info":0,"uagb_excerpt":"Ng\u00e0y nay, V-Label d\u00e0nh cho c\u00e1c s\u1ea3n ph\u1ea9m v\u00e0 d\u1ecbch v\u1ee5 chay v\u00e0 thu\u1ea7n chay l\u00e0 nh\u00e3n hi\u1ec7u n\u1ed5i ti\u1ebfng nh\u1ea5t trong l\u0129nh v\u1ef1c b\u1ea3o h\u1ed9. Vi\u1ec7c n\u00e0y x\u1ea3y ra nh\u01b0 th\u1ebf n\u00e0o? S\u1ef1 ra \u0111\u1eddi c\u1ee7a bi\u1ec3u t\u01b0\u1ee3ng ch\u1eef V Ngay t\u1eeb nh\u1eefng n\u0103m 1970, \u00fd t\u01b0\u1edfng ch\u1eef V v\u1edbi chi\u1ebfc l\u00e1 \u1edf g\u00f3c&hellip;","_links":{"self":[{"href":"https:\/\/www.v-label.com\/vi\/wp-json\/wp\/v2\/pages\/75946","targetHints":{"allow":["GET"]}}],"collection":[{"href":"https:\/\/www.v-label.com\/vi\/wp-json\/wp\/v2\/pages"}],"about":[{"href":"https:\/\/www.v-label.com\/vi\/wp-json\/wp\/v2\/types\/page"}],"author":[{"embeddable":true,"href":"https:\/\/www.v-label.com\/vi\/wp-json\/wp\/v2\/users\/5"}],"replies":[{"embeddable":true,"href":"https:\/\/www.v-label.com\/vi\/wp-json\/wp\/v2\/comments?post=75946"}],"version-history":[{"count":3,"href":"https:\/\/www.v-label.com\/vi\/wp-json\/wp\/v2\/pages\/75946\/revisions"}],"predecessor-version":[{"id":111582,"href":"https:\/\/www.v-label.com\/vi\/wp-json\/wp\/v2\/pages\/75946\/revisions\/111582"}],"up":[{"embeddable":true,"href":"https:\/\/www.v-label.com\/vi\/wp-json\/wp\/v2\/pages\/73482"}],"wp:featuredmedia":[{"embeddable":true,"href":"https:\/\/www.v-label.com\/vi\/wp-json\/wp\/v2\/media\/75947"}],"wp:attachment":[{"href":"https:\/\/www.v-label.com\/vi\/wp-json\/wp\/v2\/media?parent=75946"}],"wp:term":[{"taxonomy":"category","embeddable":true,"href":"https:\/\/www.v-label.com\/vi\/wp-json\/wp\/v2\/categories?post=75946"},{"taxonomy":"post_tag","embeddable":true,"href":"https:\/\/www.v-label.com\/vi\/wp-json\/wp\/v2\/tags?post=75946"}],"curies":[{"name":"wp","href":"https:\/\/api.w.org\/{rel}","templated":true}]}}