{"id":80762,"date":"2022-09-09T10:47:40","date_gmt":"2022-09-09T08:47:40","guid":{"rendered":"https:\/\/www.v-label.com\/?page_id=80762"},"modified":"2024-07-11T11:13:32","modified_gmt":"2024-07-11T09:13:32","slug":"san-pham-duoc-chung-nhan","status":"publish","type":"page","link":"https:\/\/www.v-label.com\/vi\/thong-tin-chung\/san-pham-duoc-chung-nhan\/","title":{"rendered":"S\u1ea3n ph\u1ea9m \u0111\u01b0\u1ee3c ch\u1ee9ng nh\u1eadn"},"content":{"rendered":"\n<p>V\u1edbi s\u1ea3n xu\u1ea5t th\u1ef1c ph\u1ea9m ch\u1ecbu tr\u00e1ch nhi\u1ec7m cho 1\/4 l\u01b0\u1ee3ng kh\u00ed th\u1ea3i nh\u00e0 k\u00ednh tr\u00ean th\u1ebf gi\u1edbi, v\u00e0 ng\u00e0y c\u00e0ng c\u00f3 nhi\u1ec1u ng\u01b0\u1eddi quan t\u00e2m \u0111\u1ebfn bi\u1ebfn \u0111\u1ed5i kh\u00ed h\u1eadu, c\u00e1c nghi\u00ean c\u1ee9u g\u1ea7n \u0111\u00e2y cho th\u1ea5y n\u1ebfu b\u1ea1n mu\u1ed1n gi\u1ea3m l\u01b0\u1ee3ng kh\u00ed th\u1ea3i nh\u00e0 k\u00ednh c\u00e1 nh\u00e2n, b\u1ea1n n\u00ean t\u1eadp trung v\u00e0o nh\u1eefng g\u00ec b\u1ea1n \u0103n h\u01a1n l\u00e0 li\u1ec7u th\u1ef1c ph\u1ea9m c\u1ee7a b\u1ea1n \u0111\u1ebfn t\u1eeb \u0111\u1ecba ph\u01b0\u01a1ng n\u00e0o.<a href=\"https:\/\/ourworldindata.org\/food-choice-vs-eating-local#licence\" target=\"_blank\" rel=\"noopener\"><sup>1<\/sup><\/a><\/p>\n\n\n\n<p>B\u1ea1n c\u00f3 th\u1ec3, nh\u01b0ng kh\u00f4ng nh\u1ea5t thi\u1ebft ph\u1ea3i, ho\u00e0n to\u00e0n chuy\u1ec3n sang \u0103n chay \u0111\u1ec3 t\u1eadn h\u01b0\u1edfng s\u1ef1 \u0111a d\u1ea1ng b\u00f9ng n\u1ed5 c\u1ee7a c\u00e1c l\u1ef1a ch\u1ecdn th\u1ef1c ph\u1ea9m d\u1ef1a tr\u00ean th\u1ef1c v\u1eadt. Th\u1ef1c ph\u1ea9m chay v\u00e0 th\u1ef1c ph\u1ea9m chay tr\u01b0\u1eddng r\u1ea5t t\u1ed1t cho s\u1ee9c kh\u1ecfe, no l\u00e2u, ti\u1ec7n l\u1ee3i, d\u1ec5 chu\u1ea9n b\u1ecb v\u00e0 h\u1ea5p d\u1eabn. Ngo\u00e0i vi\u1ec7c c\u00f3 t\u00ednh \u0111\u1ea1o \u0111\u1ee9c v\u00e0 b\u1ec1n v\u1eefng, n\u00f3 c\u00f2n l\u00e0 m\u1ed9t c\u00e1ch th\u1ec3 hi\u1ec7n b\u1ea3n th\u00e2n.<\/p>\n\n\n\n<p>Nh\u00e3n V-Label hi\u1ec7n \u0111ang c\u00f3 tr\u00ean h\u01a1n 70.000 s\u1ea3n ph\u1ea9m. D\u01b0\u1edbi \u0111\u00e2y l\u00e0 m\u1ed9t s\u1ed1 s\u1ea3n ph\u1ea9m \u0111\u01b0\u1ee3c ch\u1ee9ng nh\u1eadn \u0111\u1ec3 truy\u1ec1n c\u1ea3m h\u1ee9ng cho l\u1ea7n mua s\u1eafm ti\u1ebfp theo c\u1ee7a b\u1ea1n.<\/p>\n\n\n\n<h3 class=\"wp-block-heading has-text-align-center\">H\u00e3y khi\u1ebfn m\u1ed7i l\u1ef1a ch\u1ecdn mua s\u1eafm c\u1ee7a b\u1ea1n tr\u1edf n\u00ean c\u00f3 \u00edch v\u1edbi h\u00e0nh tinh n\u00e0y!<\/h3>\n\n\n\n<div class=\"wp-block-group alignwide is-content-justification-center is-nowrap is-layout-flex wp-container-core-group-is-layout-499140ed wp-block-group-is-layout-flex\">\n<figure class=\"wp-block-image size-thumbnail is-resized\"><img decoding=\"async\" width=\"500\" height=\"500\" src=\"https:\/\/www.v-label.com\/wp-content\/uploads\/2022\/07\/logo-vlabel-favicon-500x500.png\" alt=\"\" class=\"wp-image-331\" style=\"width:50px;height:50px\" srcset=\"https:\/\/www.v-label.com\/wp-content\/uploads\/2022\/07\/logo-vlabel-favicon-500x500.png 500w, https:\/\/www.v-label.com\/wp-content\/uploads\/2022\/07\/logo-vlabel-favicon-300x300.png 300w, https:\/\/www.v-label.com\/wp-content\/uploads\/2022\/07\/logo-vlabel-favicon-768x768.png 768w, https:\/\/www.v-label.com\/wp-content\/uploads\/2022\/07\/logo-vlabel-favicon.png 852w\" sizes=\"(max-width: 500px) 100vw, 500px\" \/><\/figure>\n<\/div>\n\n\n\n<div class=\"wp-block-columns is-layout-flex wp-container-core-columns-is-layout-9d6595d7 wp-block-columns-is-layout-flex\">\n<div class=\"wp-block-column is-layout-flow wp-block-column-is-layout-flow\">\n<figure class=\"wp-block-image size-full\"><img decoding=\"async\" width=\"1280\" height=\"853\" src=\"https:\/\/www.v-label.com\/wp-content\/uploads\/2022\/12\/sweets-1280.jpg\" alt=\"\" class=\"wp-image-17311\" srcset=\"https:\/\/www.v-label.com\/wp-content\/uploads\/2022\/12\/sweets-1280.jpg 1280w, https:\/\/www.v-label.com\/wp-content\/uploads\/2022\/12\/sweets-1280-300x200.jpg 300w, https:\/\/www.v-label.com\/wp-content\/uploads\/2022\/12\/sweets-1280-1024x682.jpg 1024w, https:\/\/www.v-label.com\/wp-content\/uploads\/2022\/12\/sweets-1280-500x333.jpg 500w, https:\/\/www.v-label.com\/wp-content\/uploads\/2022\/12\/sweets-1280-768x512.jpg 768w\" sizes=\"(max-width: 1280px) 100vw, 1280px\" \/><\/figure>\n\n\n\n<h2 class=\"wp-block-heading\"><a href=\"https:\/\/www.v-label.com\/vi\/general-information\/certified-products\/sweets\/\" class=\"ek-link\">K\u1eb9o<\/a><\/h2>\n\n\n\n<p>Ki\u1ec3m tra xem m\u00f3n \u0103n nh\u1eb9 y\u00eau th\u00edch c\u1ee7a b\u1ea1n c\u00f3 th\u1ef1c s\u1ef1 l\u00e0 m\u00f3n chay hay thu\u1ea7n chay hay kh\u00f4ng v\u00e0 d\u1ef1 tr\u1eef trong t\u1ee7 \u0111\u1ef1ng th\u1ee9c \u0103n c\u1ee7a b\u1ea1n s\u00f4 c\u00f4 la, b\u00e1nh quy, khoai t\u00e2y chi\u00ean v\u00e0 thanh l\u00e0m t\u1eeb th\u1ef1c v\u1eadt! V\u00e0 ch\u1edd \u0111\u00e3, c\u00f2n h\u01a1n th\u1ebf n\u1eefa: th\u1ecb tr\u01b0\u1eddng \u0111\u1ed3 n\u01b0\u1edbng l\u00e0 n\u01a1i \u0111\u00e1ng \u0111\u1ec3 xem, v\u1edbi b\u00e1nh thu\u1ea7n chay, b\u00e1nh s\u1eebng b\u00f2 ho\u1eb7c th\u1eadm ch\u00ed c\u1ea3 x\u00fac x\u00edch cu\u1ed9n c\u00f3 h\u01b0\u01a1ng v\u1ecb nh\u01b0 h\u00e0ng th\u1eadt.<\/p>\n\n\n\n<p><strong>C\u00e1c lo\u1ea1i s\u1ea3n ph\u1ea9m:<\/strong> S\u00f4c\u00f4la, k\u1eb9o, b\u00e1nh quy\/b\u00e1nh quy, b\u00e1nh ng\u1ecdt<\/p>\n<\/div>\n\n\n\n<div class=\"wp-block-column is-layout-flow wp-block-column-is-layout-flow\">\n<figure class=\"wp-block-image size-full\"><img decoding=\"async\" width=\"1280\" height=\"852\" src=\"https:\/\/www.v-label.com\/wp-content\/uploads\/2022\/12\/ready-meals-1280.jpg\" alt=\"\" class=\"wp-image-75899\" srcset=\"https:\/\/www.v-label.com\/wp-content\/uploads\/2022\/12\/ready-meals-1280.jpg 1280w, https:\/\/www.v-label.com\/wp-content\/uploads\/2022\/12\/ready-meals-1280-300x200.jpg 300w, https:\/\/www.v-label.com\/wp-content\/uploads\/2022\/12\/ready-meals-1280-1024x682.jpg 1024w, https:\/\/www.v-label.com\/wp-content\/uploads\/2022\/12\/ready-meals-1280-500x333.jpg 500w, https:\/\/www.v-label.com\/wp-content\/uploads\/2022\/12\/ready-meals-1280-768x511.jpg 768w\" sizes=\"(max-width: 1280px) 100vw, 1280px\" \/><\/figure>\n\n\n\n<h2 class=\"wp-block-heading\"><a href=\"https:\/\/www.v-label.com\/vi\/general-information\/certified-products\/ready-made-meals\/\" class=\"ek-link\">C\u00e1c B\u1eefa \u0102n S\u1eb5n<\/a><\/h2>\n\n\n\n<p>\u0110\u1ec3 b\u1eefa \u0103n nhanh ch\u00f3ng v\u00e0 ti\u1ec7n l\u1ee3i h\u01a1n. Ch\u00fang t\u00f4i c\u00f3 c\u00e1c s\u1ea3n ph\u1ea9m \u0103n li\u1ec1n \u0111\u1ec3 b\u1eefa \u0103n chay c\u1ee7a b\u1ea1n nhanh ch\u00f3ng, ti\u1ec7n l\u1ee3i v\u00e0 l\u00e0nh m\u1ea1nh, t\u1ea5t c\u1ea3 \u0111\u00e3 \u0111\u01b0\u1ee3c ki\u1ec3m nghi\u1ec7m v\u00e0 danh s\u00e1ch c\u00e1c s\u1ea3n ph\u1ea9m \u0111\u1ea1t ti\u00eau chu\u1ea9n \u0111\u01b0\u1ee3c th\u1ec3 hi\u1ec7n d\u01b0\u1edbi \u0111\u00e2y.<\/p>\n\n\n\n<p><strong>C\u00e1c lo\u1ea1i s\u1ea3n ph\u1ea9m:<\/strong> Pizza, sandwich, cu\u1ed1n, ph\u1edf, mi\u1ebfn, m\u00ec, ch\u00e1o, th\u1ee9c u\u1ed1ng \u0103n li\u1ec1n.<\/p>\n<\/div>\n<\/div>\n","protected":false},"excerpt":{"rendered":"<p>V\u1edbi s\u1ea3n xu\u1ea5t th\u1ef1c ph\u1ea9m ch\u1ecbu tr\u00e1ch nhi\u1ec7m cho 1\/4 l\u01b0\u1ee3ng kh\u00ed th\u1ea3i nh\u00e0 k\u00ednh tr\u00ean th\u1ebf gi\u1edbi, v\u00e0 ng\u00e0y c\u00e0ng c\u00f3 nhi\u1ec1u ng\u01b0\u1eddi quan t\u00e2m \u0111\u1ebfn bi\u1ebfn \u0111\u1ed5i kh\u00ed h\u1eadu, c\u00e1c nghi\u00ean c\u1ee9u g\u1ea7n \u0111\u00e2y cho th\u1ea5y n\u1ebfu b\u1ea1n mu\u1ed1n gi\u1ea3m l\u01b0\u1ee3ng kh\u00ed th\u1ea3i nh\u00e0 k\u00ednh c\u00e1 nh\u00e2n, b\u1ea1n n\u00ean t\u1eadp trung v\u00e0o nh\u1eefng [&hellip;]<\/p>\n","protected":false},"author":5,"featured_media":75850,"parent":75804,"menu_order":0,"comment_status":"closed","ping_status":"closed","template":"","meta":{"_acf_changed":false,"_editorskit_title_hidden":false,"_editorskit_reading_time":0,"_editorskit_is_block_options_detached":false,"_editorskit_block_options_position":"{}","inline_featured_image":false,"_uag_custom_page_level_css":"","footnotes":""},"categories":[],"tags":[],"class_list":["post-80762","page","type-page","status-publish","has-post-thumbnail","hentry"],"acf":[],"uagb_featured_image_src":{"full":["https:\/\/www.v-label.com\/wp-content\/uploads\/2022\/12\/v-label-cert-products.jpg",2000,1339,false],"thumbnail":["https:\/\/www.v-label.com\/wp-content\/uploads\/2022\/12\/v-label-cert-products-500x335.jpg",500,335,true],"medium":["https:\/\/www.v-label.com\/wp-content\/uploads\/2022\/12\/v-label-cert-products-300x201.jpg",300,201,true],"medium_large":["https:\/\/www.v-label.com\/wp-content\/uploads\/2022\/12\/v-label-cert-products-768x514.jpg",768,514,true],"large":["https:\/\/www.v-label.com\/wp-content\/uploads\/2022\/12\/v-label-cert-products-1024x686.jpg",1024,686,true],"1536x1536":["https:\/\/www.v-label.com\/wp-content\/uploads\/2022\/12\/v-label-cert-products-1536x1028.jpg",1536,1028,true],"2048x2048":["https:\/\/www.v-label.com\/wp-content\/uploads\/2022\/12\/v-label-cert-products.jpg",2000,1339,false],"preview":["https:\/\/www.v-label.com\/wp-content\/uploads\/2022\/12\/v-label-cert-products-904x720.jpg",904,720,true],"header":["https:\/\/www.v-label.com\/wp-content\/uploads\/2022\/12\/v-label-cert-products-2000x720.jpg",2000,720,true],"gform-image-choice-sm":["https:\/\/www.v-label.com\/wp-content\/uploads\/2022\/12\/v-label-cert-products.jpg",300,201,false],"gform-image-choice-md":["https:\/\/www.v-label.com\/wp-content\/uploads\/2022\/12\/v-label-cert-products.jpg",400,268,false],"gform-image-choice-lg":["https:\/\/www.v-label.com\/wp-content\/uploads\/2022\/12\/v-label-cert-products.jpg",600,402,false]},"uagb_author_info":{"display_name":"Can Aslan","author_link":"https:\/\/www.v-label.com\/vi"},"uagb_comment_info":0,"uagb_excerpt":"V\u1edbi s\u1ea3n xu\u1ea5t th\u1ef1c ph\u1ea9m ch\u1ecbu tr\u00e1ch nhi\u1ec7m cho 1\/4 l\u01b0\u1ee3ng kh\u00ed th\u1ea3i nh\u00e0 k\u00ednh tr\u00ean th\u1ebf gi\u1edbi, v\u00e0 ng\u00e0y c\u00e0ng c\u00f3 nhi\u1ec1u ng\u01b0\u1eddi quan t\u00e2m \u0111\u1ebfn bi\u1ebfn \u0111\u1ed5i kh\u00ed h\u1eadu, c\u00e1c nghi\u00ean c\u1ee9u g\u1ea7n \u0111\u00e2y cho th\u1ea5y n\u1ebfu b\u1ea1n mu\u1ed1n gi\u1ea3m l\u01b0\u1ee3ng kh\u00ed th\u1ea3i nh\u00e0 k\u00ednh c\u00e1 nh\u00e2n, b\u1ea1n n\u00ean t\u1eadp trung v\u00e0o nh\u1eefng&hellip;","_links":{"self":[{"href":"https:\/\/www.v-label.com\/vi\/wp-json\/wp\/v2\/pages\/80762","targetHints":{"allow":["GET"]}}],"collection":[{"href":"https:\/\/www.v-label.com\/vi\/wp-json\/wp\/v2\/pages"}],"about":[{"href":"https:\/\/www.v-label.com\/vi\/wp-json\/wp\/v2\/types\/page"}],"author":[{"embeddable":true,"href":"https:\/\/www.v-label.com\/vi\/wp-json\/wp\/v2\/users\/5"}],"replies":[{"embeddable":true,"href":"https:\/\/www.v-label.com\/vi\/wp-json\/wp\/v2\/comments?post=80762"}],"version-history":[{"count":5,"href":"https:\/\/www.v-label.com\/vi\/wp-json\/wp\/v2\/pages\/80762\/revisions"}],"predecessor-version":[{"id":83975,"href":"https:\/\/www.v-label.com\/vi\/wp-json\/wp\/v2\/pages\/80762\/revisions\/83975"}],"up":[{"embeddable":true,"href":"https:\/\/www.v-label.com\/vi\/wp-json\/wp\/v2\/pages\/75804"}],"wp:featuredmedia":[{"embeddable":true,"href":"https:\/\/www.v-label.com\/vi\/wp-json\/wp\/v2\/media\/75850"}],"wp:attachment":[{"href":"https:\/\/www.v-label.com\/vi\/wp-json\/wp\/v2\/media?parent=80762"}],"wp:term":[{"taxonomy":"category","embeddable":true,"href":"https:\/\/www.v-label.com\/vi\/wp-json\/wp\/v2\/categories?post=80762"},{"taxonomy":"post_tag","embeddable":true,"href":"https:\/\/www.v-label.com\/vi\/wp-json\/wp\/v2\/tags?post=80762"}],"curies":[{"name":"wp","href":"https:\/\/api.w.org\/{rel}","templated":true}]}}