{"id":80764,"date":"2022-09-13T11:06:38","date_gmt":"2022-09-13T09:06:38","guid":{"rendered":"https:\/\/www.v-label.com\/?page_id=80764"},"modified":"2024-06-21T17:55:46","modified_gmt":"2024-06-21T15:55:46","slug":"keo","status":"publish","type":"page","link":"https:\/\/www.v-label.com\/vi\/thong-tin-chung\/san-pham-duoc-chung-nhan\/keo\/","title":{"rendered":"K\u1eb9o"},"content":{"rendered":"\n<p>Ki\u1ec3m tra xem m\u00f3n \u0103n nh\u1eb9 y\u00eau th\u00edch c\u1ee7a b\u1ea1n c\u00f3 th\u1ef1c s\u1ef1 l\u00e0 m\u00f3n chay hay thu\u1ea7n chay hay kh\u00f4ng v\u00e0 d\u1ef1 tr\u1eef trong t\u1ee7 \u0111\u1ef1ng th\u1ee9c \u0103n c\u1ee7a b\u1ea1n s\u00f4 c\u00f4 la, b\u00e1nh quy, khoai t\u00e2y chi\u00ean v\u00e0 thanh l\u00e0m t\u1eeb th\u1ef1c v\u1eadt! V\u00e0 ch\u1edd \u0111\u00e3, c\u00f2n h\u01a1n th\u1ebf n\u1eefa: th\u1ecb tr\u01b0\u1eddng \u0111\u1ed3 n\u01b0\u1edbng l\u00e0 n\u01a1i \u0111\u00e1ng \u0111\u1ec3 xem, v\u1edbi b\u00e1nh thu\u1ea7n chay, b\u00e1nh s\u1eebng b\u00f2 ho\u1eb7c th\u1eadm ch\u00ed c\u1ea3 x\u00fac x\u00edch cu\u1ed9n c\u00f3 h\u01b0\u01a1ng v\u1ecb nh\u01b0 h\u00e0ng th\u1eadt.<\/p>\n\n\n\n<div class=\"wp-block-columns are-vertically-aligned-center is-layout-flex wp-container-core-columns-is-layout-9d6595d7 wp-block-columns-is-layout-flex\">\n<div class=\"wp-block-column is-vertically-aligned-center is-layout-flow wp-block-column-is-layout-flow\">\n<figure class=\"wp-block-image aligncenter size-medium\"><a href=\"https:\/\/legendary.com.vn\/en\/product\/chocolate-single-origin-vietnam\/\" target=\"_blank\" rel=\"noreferrer noopener\"><img decoding=\"async\" width=\"300\" height=\"283\" src=\"https:\/\/www.v-label.com\/wp-content\/uploads\/2024\/06\/legendary-300x283.jpg\" alt=\"\" class=\"wp-image-80765\" srcset=\"https:\/\/www.v-label.com\/wp-content\/uploads\/2024\/06\/legendary-300x283.jpg 300w, https:\/\/www.v-label.com\/wp-content\/uploads\/2024\/06\/legendary-500x471.jpg 500w, https:\/\/www.v-label.com\/wp-content\/uploads\/2024\/06\/legendary.jpg 609w\" sizes=\"(max-width: 300px) 100vw, 300px\" \/><\/a><\/figure>\n<\/div>\n<\/div>\n","protected":false},"excerpt":{"rendered":"<p>Ki\u1ec3m tra xem m\u00f3n \u0103n nh\u1eb9 y\u00eau th\u00edch c\u1ee7a b\u1ea1n c\u00f3 th\u1ef1c s\u1ef1 l\u00e0 m\u00f3n chay hay thu\u1ea7n chay hay kh\u00f4ng v\u00e0 d\u1ef1 tr\u1eef trong t\u1ee7 \u0111\u1ef1ng th\u1ee9c \u0103n c\u1ee7a b\u1ea1n s\u00f4 c\u00f4 la, b\u00e1nh quy, khoai t\u00e2y chi\u00ean v\u00e0 thanh l\u00e0m t\u1eeb th\u1ef1c v\u1eadt! V\u00e0 ch\u1edd \u0111\u00e3, c\u00f2n h\u01a1n th\u1ebf n\u1eefa: th\u1ecb tr\u01b0\u1eddng \u0111\u1ed3 [&hellip;]<\/p>\n","protected":false},"author":5,"featured_media":75901,"parent":80762,"menu_order":0,"comment_status":"closed","ping_status":"closed","template":"","meta":{"_acf_changed":false,"_editorskit_title_hidden":false,"_editorskit_reading_time":0,"_editorskit_is_block_options_detached":false,"_editorskit_block_options_position":"{}","inline_featured_image":false,"_uag_custom_page_level_css":"","footnotes":""},"categories":[],"tags":[],"class_list":["post-80764","page","type-page","status-publish","has-post-thumbnail","hentry"],"acf":[],"uagb_featured_image_src":{"full":["https:\/\/www.v-label.com\/wp-content\/uploads\/2022\/12\/sweets-1280.jpg",1280,853,false],"thumbnail":["https:\/\/www.v-label.com\/wp-content\/uploads\/2022\/12\/sweets-1280-500x333.jpg",500,333,true],"medium":["https:\/\/www.v-label.com\/wp-content\/uploads\/2022\/12\/sweets-1280-300x200.jpg",300,200,true],"medium_large":["https:\/\/www.v-label.com\/wp-content\/uploads\/2022\/12\/sweets-1280-768x512.jpg",768,512,true],"large":["https:\/\/www.v-label.com\/wp-content\/uploads\/2022\/12\/sweets-1280-1024x682.jpg",1024,682,true],"1536x1536":["https:\/\/www.v-label.com\/wp-content\/uploads\/2022\/12\/sweets-1280.jpg",1280,853,false],"2048x2048":["https:\/\/www.v-label.com\/wp-content\/uploads\/2022\/12\/sweets-1280.jpg",1280,853,false],"preview":["https:\/\/www.v-label.com\/wp-content\/uploads\/2022\/12\/sweets-1280-904x720.jpg",904,720,true],"header":["https:\/\/www.v-label.com\/wp-content\/uploads\/2022\/12\/sweets-1280-1280x720.jpg",1280,720,true],"gform-image-choice-sm":["https:\/\/www.v-label.com\/wp-content\/uploads\/2022\/12\/sweets-1280.jpg",300,200,false],"gform-image-choice-md":["https:\/\/www.v-label.com\/wp-content\/uploads\/2022\/12\/sweets-1280.jpg",400,267,false],"gform-image-choice-lg":["https:\/\/www.v-label.com\/wp-content\/uploads\/2022\/12\/sweets-1280.jpg",600,400,false]},"uagb_author_info":{"display_name":"Can Aslan","author_link":"https:\/\/www.v-label.com\/vi"},"uagb_comment_info":0,"uagb_excerpt":"Ki\u1ec3m tra xem m\u00f3n \u0103n nh\u1eb9 y\u00eau th\u00edch c\u1ee7a b\u1ea1n c\u00f3 th\u1ef1c s\u1ef1 l\u00e0 m\u00f3n chay hay thu\u1ea7n chay hay kh\u00f4ng v\u00e0 d\u1ef1 tr\u1eef trong t\u1ee7 \u0111\u1ef1ng th\u1ee9c \u0103n c\u1ee7a b\u1ea1n s\u00f4 c\u00f4 la, b\u00e1nh quy, khoai t\u00e2y chi\u00ean v\u00e0 thanh l\u00e0m t\u1eeb th\u1ef1c v\u1eadt! V\u00e0 ch\u1edd \u0111\u00e3, c\u00f2n h\u01a1n th\u1ebf n\u1eefa: th\u1ecb tr\u01b0\u1eddng \u0111\u1ed3&hellip;","_links":{"self":[{"href":"https:\/\/www.v-label.com\/vi\/wp-json\/wp\/v2\/pages\/80764","targetHints":{"allow":["GET"]}}],"collection":[{"href":"https:\/\/www.v-label.com\/vi\/wp-json\/wp\/v2\/pages"}],"about":[{"href":"https:\/\/www.v-label.com\/vi\/wp-json\/wp\/v2\/types\/page"}],"author":[{"embeddable":true,"href":"https:\/\/www.v-label.com\/vi\/wp-json\/wp\/v2\/users\/5"}],"replies":[{"embeddable":true,"href":"https:\/\/www.v-label.com\/vi\/wp-json\/wp\/v2\/comments?post=80764"}],"version-history":[{"count":1,"href":"https:\/\/www.v-label.com\/vi\/wp-json\/wp\/v2\/pages\/80764\/revisions"}],"predecessor-version":[{"id":80809,"href":"https:\/\/www.v-label.com\/vi\/wp-json\/wp\/v2\/pages\/80764\/revisions\/80809"}],"up":[{"embeddable":true,"href":"https:\/\/www.v-label.com\/vi\/wp-json\/wp\/v2\/pages\/80762"}],"wp:featuredmedia":[{"embeddable":true,"href":"https:\/\/www.v-label.com\/vi\/wp-json\/wp\/v2\/media\/75901"}],"wp:attachment":[{"href":"https:\/\/www.v-label.com\/vi\/wp-json\/wp\/v2\/media?parent=80764"}],"wp:term":[{"taxonomy":"category","embeddable":true,"href":"https:\/\/www.v-label.com\/vi\/wp-json\/wp\/v2\/categories?post=80764"},{"taxonomy":"post_tag","embeddable":true,"href":"https:\/\/www.v-label.com\/vi\/wp-json\/wp\/v2\/tags?post=80764"}],"curies":[{"name":"wp","href":"https:\/\/api.w.org\/{rel}","templated":true}]}}