{"id":81167,"date":"2022-09-13T11:06:00","date_gmt":"2022-09-13T09:06:00","guid":{"rendered":"https:\/\/www.v-label.com\/?page_id=81167"},"modified":"2024-07-03T11:23:22","modified_gmt":"2024-07-03T09:23:22","slug":"cac-bua-an-san","status":"publish","type":"page","link":"https:\/\/www.v-label.com\/vi\/thong-tin-chung\/san-pham-duoc-chung-nhan\/cac-bua-an-san\/","title":{"rendered":"C\u00e1c B\u1eefa \u0102n S\u1eb5n"},"content":{"rendered":"\n<p>\u0110\u1ec3 b\u1eefa \u0103n nhanh ch\u00f3ng v\u00e0 ti\u1ec7n l\u1ee3i h\u01a1n. Ch\u00fang t\u00f4i c\u00f3 c\u00e1c s\u1ea3n ph\u1ea9m \u0103n li\u1ec1n \u0111\u1ec3 b\u1eefa \u0103n chay c\u1ee7a b\u1ea1n nhanh ch\u00f3ng, ti\u1ec7n l\u1ee3i v\u00e0 l\u00e0nh m\u1ea1nh, t\u1ea5t c\u1ea3 \u0111\u00e3 \u0111\u01b0\u1ee3c ki\u1ec3m nghi\u1ec7m v\u00e0 danh s\u00e1ch c\u00e1c s\u1ea3n ph\u1ea9m \u0111\u1ea1t ti\u00eau chu\u1ea9n \u0111\u01b0\u1ee3c th\u1ec3 hi\u1ec7n d\u01b0\u1edbi \u0111\u00e2y.<\/p>\n\n\n\n<div class=\"wp-block-columns are-vertically-aligned-center is-layout-flex wp-container-core-columns-is-layout-9d6595d7 wp-block-columns-is-layout-flex\">\n<div class=\"wp-block-column is-vertically-aligned-center is-layout-flow wp-block-column-is-layout-flow\">\n<figure class=\"wp-block-image aligncenter size-medium\"><a href=\"http:\/\/excook.vn\/home\" target=\"_blank\" rel=\"noreferrer noopener\"><img decoding=\"async\" width=\"300\" height=\"178\" src=\"https:\/\/www.v-label.com\/wp-content\/uploads\/2024\/07\/excook-300x178.jpg\" alt=\"\" class=\"wp-image-81168\" srcset=\"https:\/\/www.v-label.com\/wp-content\/uploads\/2024\/07\/excook-300x178.jpg 300w, https:\/\/www.v-label.com\/wp-content\/uploads\/2024\/07\/excook-1024x608.jpg 1024w, https:\/\/www.v-label.com\/wp-content\/uploads\/2024\/07\/excook-500x297.jpg 500w, https:\/\/www.v-label.com\/wp-content\/uploads\/2024\/07\/excook-768x456.jpg 768w, https:\/\/www.v-label.com\/wp-content\/uploads\/2024\/07\/excook-1536x913.jpg 1536w, https:\/\/www.v-label.com\/wp-content\/uploads\/2024\/07\/excook.jpg 1683w\" sizes=\"(max-width: 300px) 100vw, 300px\" \/><\/a><\/figure>\n<\/div>\n<\/div>\n","protected":false},"excerpt":{"rendered":"<p>\u0110\u1ec3 b\u1eefa \u0103n nhanh ch\u00f3ng v\u00e0 ti\u1ec7n l\u1ee3i h\u01a1n. Ch\u00fang t\u00f4i c\u00f3 c\u00e1c s\u1ea3n ph\u1ea9m \u0103n li\u1ec1n \u0111\u1ec3 b\u1eefa \u0103n chay c\u1ee7a b\u1ea1n nhanh ch\u00f3ng, ti\u1ec7n l\u1ee3i v\u00e0 l\u00e0nh m\u1ea1nh, t\u1ea5t c\u1ea3 \u0111\u00e3 \u0111\u01b0\u1ee3c ki\u1ec3m nghi\u1ec7m v\u00e0 danh s\u00e1ch c\u00e1c s\u1ea3n ph\u1ea9m \u0111\u1ea1t ti\u00eau chu\u1ea9n \u0111\u01b0\u1ee3c th\u1ec3 hi\u1ec7n d\u01b0\u1edbi \u0111\u00e2y.<\/p>\n","protected":false},"author":5,"featured_media":75899,"parent":80762,"menu_order":0,"comment_status":"closed","ping_status":"closed","template":"","meta":{"_acf_changed":false,"_editorskit_title_hidden":false,"_editorskit_reading_time":0,"_editorskit_is_block_options_detached":false,"_editorskit_block_options_position":"{}","inline_featured_image":false,"_uag_custom_page_level_css":"","footnotes":""},"categories":[],"tags":[],"class_list":["post-81167","page","type-page","status-publish","has-post-thumbnail","hentry"],"acf":[],"uagb_featured_image_src":{"full":["https:\/\/www.v-label.com\/wp-content\/uploads\/2022\/12\/ready-meals-1280.jpg",1280,852,false],"thumbnail":["https:\/\/www.v-label.com\/wp-content\/uploads\/2022\/12\/ready-meals-1280-500x333.jpg",500,333,true],"medium":["https:\/\/www.v-label.com\/wp-content\/uploads\/2022\/12\/ready-meals-1280-300x200.jpg",300,200,true],"medium_large":["https:\/\/www.v-label.com\/wp-content\/uploads\/2022\/12\/ready-meals-1280-768x511.jpg",768,511,true],"large":["https:\/\/www.v-label.com\/wp-content\/uploads\/2022\/12\/ready-meals-1280-1024x682.jpg",1024,682,true],"1536x1536":["https:\/\/www.v-label.com\/wp-content\/uploads\/2022\/12\/ready-meals-1280.jpg",1280,852,false],"2048x2048":["https:\/\/www.v-label.com\/wp-content\/uploads\/2022\/12\/ready-meals-1280.jpg",1280,852,false],"preview":["https:\/\/www.v-label.com\/wp-content\/uploads\/2022\/12\/ready-meals-1280-904x720.jpg",904,720,true],"header":["https:\/\/www.v-label.com\/wp-content\/uploads\/2022\/12\/ready-meals-1280-1280x720.jpg",1280,720,true],"gform-image-choice-sm":["https:\/\/www.v-label.com\/wp-content\/uploads\/2022\/12\/ready-meals-1280.jpg",300,200,false],"gform-image-choice-md":["https:\/\/www.v-label.com\/wp-content\/uploads\/2022\/12\/ready-meals-1280.jpg",400,266,false],"gform-image-choice-lg":["https:\/\/www.v-label.com\/wp-content\/uploads\/2022\/12\/ready-meals-1280.jpg",600,399,false]},"uagb_author_info":{"display_name":"Can Aslan","author_link":"https:\/\/www.v-label.com\/vi"},"uagb_comment_info":0,"uagb_excerpt":"\u0110\u1ec3 b\u1eefa \u0103n nhanh ch\u00f3ng v\u00e0 ti\u1ec7n l\u1ee3i h\u01a1n. Ch\u00fang t\u00f4i c\u00f3 c\u00e1c s\u1ea3n ph\u1ea9m \u0103n li\u1ec1n \u0111\u1ec3 b\u1eefa \u0103n chay c\u1ee7a b\u1ea1n nhanh ch\u00f3ng, ti\u1ec7n l\u1ee3i v\u00e0 l\u00e0nh m\u1ea1nh, t\u1ea5t c\u1ea3 \u0111\u00e3 \u0111\u01b0\u1ee3c ki\u1ec3m nghi\u1ec7m v\u00e0 danh s\u00e1ch c\u00e1c s\u1ea3n ph\u1ea9m \u0111\u1ea1t ti\u00eau chu\u1ea9n \u0111\u01b0\u1ee3c th\u1ec3 hi\u1ec7n d\u01b0\u1edbi \u0111\u00e2y.","_links":{"self":[{"href":"https:\/\/www.v-label.com\/vi\/wp-json\/wp\/v2\/pages\/81167","targetHints":{"allow":["GET"]}}],"collection":[{"href":"https:\/\/www.v-label.com\/vi\/wp-json\/wp\/v2\/pages"}],"about":[{"href":"https:\/\/www.v-label.com\/vi\/wp-json\/wp\/v2\/types\/page"}],"author":[{"embeddable":true,"href":"https:\/\/www.v-label.com\/vi\/wp-json\/wp\/v2\/users\/5"}],"replies":[{"embeddable":true,"href":"https:\/\/www.v-label.com\/vi\/wp-json\/wp\/v2\/comments?post=81167"}],"version-history":[{"count":1,"href":"https:\/\/www.v-label.com\/vi\/wp-json\/wp\/v2\/pages\/81167\/revisions"}],"predecessor-version":[{"id":81212,"href":"https:\/\/www.v-label.com\/vi\/wp-json\/wp\/v2\/pages\/81167\/revisions\/81212"}],"up":[{"embeddable":true,"href":"https:\/\/www.v-label.com\/vi\/wp-json\/wp\/v2\/pages\/80762"}],"wp:featuredmedia":[{"embeddable":true,"href":"https:\/\/www.v-label.com\/vi\/wp-json\/wp\/v2\/media\/75899"}],"wp:attachment":[{"href":"https:\/\/www.v-label.com\/vi\/wp-json\/wp\/v2\/media?parent=81167"}],"wp:term":[{"taxonomy":"category","embeddable":true,"href":"https:\/\/www.v-label.com\/vi\/wp-json\/wp\/v2\/categories?post=81167"},{"taxonomy":"post_tag","embeddable":true,"href":"https:\/\/www.v-label.com\/vi\/wp-json\/wp\/v2\/tags?post=81167"}],"curies":[{"name":"wp","href":"https:\/\/api.w.org\/{rel}","templated":true}]}}